{"id":9,"date":"2014-08-26T20:51:04","date_gmt":"2014-08-26T20:51:04","guid":{"rendered":"http:\/\/experienciasxcaret.mx\/corporativo\/?page_id=9"},"modified":"2023-01-25T15:40:35","modified_gmt":"2023-01-25T15:40:35","slug":"historia","status":"publish","type":"page","link":"https:\/\/www.grupoxcaret.com\/es\/historia\/","title":{"rendered":"Historia"},"content":{"rendered":"<p>Nuestra historia est\u00e1 basada en el trabajo, el compromiso con hacer las cosas bien y, ante todo, una profunda admiraci\u00f3n por M\u00e9xico.<\/p>\n<p>En 1984, el arquitecto Miguel Quintana Pali adquiri\u00f3 cinco hect\u00e1reas en la Riviera Maya, en Quintana Roo, para construir su residencia. Al realizar la limpieza del terreno descubri\u00f3 cenotes y hermosos r\u00edos subterr\u00e1neos. Entonces, decidi\u00f3 crear un parque para que todas las personas pudieran apreciar las bellezas naturales de la regi\u00f3n. Junto con los hermanos Oscar, Marcos y Carlos Constandse, Quintana Pali concret\u00f3 este parque al que llam\u00f3 Xcaret. Desde su apertura, en diciembre de 1990, el Parque Xcaret es una de las atracciones m\u00e1s importantes de Canc\u00fan-Riviera Maya, un lugar donde se vive la naturaleza y la cultura de M\u00e9xico en todo su esplendor.<\/p>\n<p><img loading=\"lazy\" class=\"alignnone size-full wp-image-1537\" src=\"https:\/\/www.grupoxcaret.com\/es\/wp-content\/uploads\/2016\/01\/Scan-1.jpeg\" alt=\"\" width=\"1379\" height=\"1003\" srcset=\"https:\/\/www.grupoxcaret.com\/es\/wp-content\/uploads\/2016\/01\/Scan-1.jpeg 1379w, https:\/\/www.grupoxcaret.com\/es\/wp-content\/uploads\/2016\/01\/Scan-1-768x559.jpeg 768w, https:\/\/www.grupoxcaret.com\/es\/wp-content\/uploads\/2016\/01\/Scan-1-324x235.jpeg 324w, https:\/\/www.grupoxcaret.com\/es\/wp-content\/uploads\/2016\/01\/Scan-1-696x506.jpeg 696w, https:\/\/www.grupoxcaret.com\/es\/wp-content\/uploads\/2016\/01\/Scan-1-1068x777.jpeg 1068w, https:\/\/www.grupoxcaret.com\/es\/wp-content\/uploads\/2016\/01\/Scan-1-577x420.jpeg 577w, https:\/\/www.grupoxcaret.com\/es\/wp-content\/uploads\/2016\/01\/Scan-1-300x218.jpeg 300w, https:\/\/www.grupoxcaret.com\/es\/wp-content\/uploads\/2016\/01\/Scan-1-1024x745.jpeg 1024w\" sizes=\"(max-width: 1379px) 100vw, 1379px\" \/><\/p>\n<p>En 1995, el Gobierno del Estado de Quintana Roo otorg\u00f3 a los socios de Parque Xcaret el permiso para operar la maravilla natural Xel-H\u00e1 como un atractivo tur\u00edstico sin descuidar todos sus atributos naturales. Con estos parques, que constituyen la fortaleza de nuestra empresa, se dio origen al Grupo Xcaret.<\/p>\n<p>En 2009 abrimos las puertas de nuestro tercer parque denominado Xplor, un producto tur\u00edstico innovador que fue bien acogido por aquellos que tienen un esp\u00edritu aventurero.<\/p>\n<p>En 2010 iniciamos los tours a las zonas arqueol\u00f3gicas de la <span class=\"TextRun SCXW24396169 BCX0\" lang=\"ES-ES\" xml:lang=\"ES-ES\" data-contrast=\"auto\"><span class=\"NormalTextRun SCXW24396169 BCX0\">Pen\u00ednsula de Yucat\u00e1n<\/span><\/span>. El Tour Xich\u00e9n, que incluye una visita a Chichen Itz\u00e1 y al Pueblo M\u00e1gico de Valladolid, en Yucat\u00e1n. Para ofrecer m\u00e1s opciones, abrimos una unidad de negocio que incluye Tours a Tulum y Cob\u00e1 y combinaciones con nuestro parque Xel-h\u00e1.<\/p>\n<p>En ese mismo a\u00f1o unificamos la misi\u00f3n de los parques para generar experiencias \u00fanicas al estilo Xcaret. As\u00ed, unimos nuestros parques y tours en una sola empresa: Grupo Xcaret.<\/p>\n<p>En 2013, abrimos con gran \u00e9xito los parques Xplor Fuego y Xoximilco Canc\u00fan, as\u00ed como el Tour Xenotes en la ruta de los cenotes de Puerto Morelos, Quintana Roo.<\/p>\n<p>En 2016 te invitamos a vivir lo inimaginable y a estimular tus sentidos en nuestro nuevo parque Xenses. Y a finales de 2017, dimos nuestro siguiente paso natural de crecimiento e incursionamos en el sector hotelero, bajo un concepto \u00daNICO y diferente: el Hotel Xcaret M\u00e9xico <em>All-Fun Inclusive<\/em> \u00ae<\/p>\n<p>En 2018 Xcaret obtuvo el \u201cLiseberg Applause Award\u201d como Mejor Parque Mundial, que coronan casi 3 d\u00e9cadas de originalidad y excelencia en el servicio.<\/p>\n<p><img loading=\"lazy\" class=\"alignnone size-full wp-image-2826\" src=\"https:\/\/www.grupoxcaret.com\/es\/wp-content\/uploads\/2018\/11\/Miguel-Quintana-Pali-Presidente-de-Experiencias-Xcaret-recibe-el-Liseberg-Applause-Award-dedicado-a-Xcaret-como-Mejor-Parque-Mundial.-1.jpg\" alt=\"\" width=\"1800\" height=\"1200\" srcset=\"https:\/\/www.grupoxcaret.com\/es\/wp-content\/uploads\/2018\/11\/Miguel-Quintana-Pali-Presidente-de-Experiencias-Xcaret-recibe-el-Liseberg-Applause-Award-dedicado-a-Xcaret-como-Mejor-Parque-Mundial.-1.jpg 1800w, https:\/\/www.grupoxcaret.com\/es\/wp-content\/uploads\/2018\/11\/Miguel-Quintana-Pali-Presidente-de-Experiencias-Xcaret-recibe-el-Liseberg-Applause-Award-dedicado-a-Xcaret-como-Mejor-Parque-Mundial.-1-300x200.jpg 300w, https:\/\/www.grupoxcaret.com\/es\/wp-content\/uploads\/2018\/11\/Miguel-Quintana-Pali-Presidente-de-Experiencias-Xcaret-recibe-el-Liseberg-Applause-Award-dedicado-a-Xcaret-como-Mejor-Parque-Mundial.-1-768x512.jpg 768w, https:\/\/www.grupoxcaret.com\/es\/wp-content\/uploads\/2018\/11\/Miguel-Quintana-Pali-Presidente-de-Experiencias-Xcaret-recibe-el-Liseberg-Applause-Award-dedicado-a-Xcaret-como-Mejor-Parque-Mundial.-1-1024x683.jpg 1024w, https:\/\/www.grupoxcaret.com\/es\/wp-content\/uploads\/2018\/11\/Miguel-Quintana-Pali-Presidente-de-Experiencias-Xcaret-recibe-el-Liseberg-Applause-Award-dedicado-a-Xcaret-como-Mejor-Parque-Mundial.-1-696x464.jpg 696w, https:\/\/www.grupoxcaret.com\/es\/wp-content\/uploads\/2018\/11\/Miguel-Quintana-Pali-Presidente-de-Experiencias-Xcaret-recibe-el-Liseberg-Applause-Award-dedicado-a-Xcaret-como-Mejor-Parque-Mundial.-1-1068x712.jpg 1068w, https:\/\/www.grupoxcaret.com\/es\/wp-content\/uploads\/2018\/11\/Miguel-Quintana-Pali-Presidente-de-Experiencias-Xcaret-recibe-el-Liseberg-Applause-Award-dedicado-a-Xcaret-como-Mejor-Parque-Mundial.-1-630x420.jpg 630w\" sizes=\"(max-width: 1800px) 100vw, 1800px\" \/><\/p>\n<p>En 2019 se tom\u00f3 la decisi\u00f3n de cambiar el nombre de la organizaci\u00f3n a Grupo Xcaret para que, en definitiva, \u00e9ste sea el nombre que cobije a todo lo que somos actualmente, y lo que seremos en los a\u00f1os por venir. En este a\u00f1o, retamos tu audacia y rompemos nuevamente todos los paradigmas con la apertura del parque Xavage.<\/p>\n<p>Cada uno de estos logros nos ha ayudado a equilibrar experiencias de clase mundial, basadas en la cultura y la naturaleza de M\u00e9xico gracias al respaldo de cada uno de nuestros socios, hu\u00e9spedes y visitantes.<\/p>\n<p><iframe loading=\"lazy\" title=\"Grupo Xcaret Evolucio\u0301n - 1m\" src=\"https:\/\/player.vimeo.com\/video\/399456959?h=375a5e9737&amp;dnt=1&amp;app_id=122963\" width=\"696\" height=\"392\" frameborder=\"0\" allow=\"autoplay; fullscreen; picture-in-picture\" allowfullscreen><\/iframe><\/p>\n","protected":false},"excerpt":{"rendered":"<p>Nuestra historia est\u00e1 basada en el trabajo, el compromiso con hacer las cosas bien y, ante todo, una profunda admiraci\u00f3n por M\u00e9xico. En 1984, el arquitecto Miguel Quintana Pali adquiri\u00f3 cinco hect\u00e1reas en la Riviera Maya, en Quintana Roo, para construir su residencia. Al realizar la limpieza del terreno descubri\u00f3 cenotes y hermosos r\u00edos subterr\u00e1neos. [&hellip;]<\/p>\n","protected":false},"author":1,"featured_media":1050,"parent":0,"menu_order":0,"comment_status":"open","ping_status":"closed","template":"","meta":[],"yoast_head":"<!-- This site is optimized with the Yoast SEO plugin v17.6 - https:\/\/yoast.com\/wordpress\/plugins\/seo\/ -->\n<meta name=\"description\" content=\"La historia de Grupo Xcaret es una de profunda admiraci\u00f3n por M\u00e9xico, donde el arquitecto Miguel Quintana, aprovech\u00f3 la oportunidad de compartir la belleza y cultura de todo un pa\u00eds, a trav\u00e9s de parques naturales. Entra para saber m\u00e1s.\" \/>\n<meta name=\"robots\" content=\"index, follow, max-snippet:-1, max-image-preview:large, max-video-preview:-1\" \/>\n<link rel=\"canonical\" href=\"https:\/\/www.grupoxcaret.com\/es\/historia\/\" \/>\n<meta property=\"og:locale\" content=\"es_ES\" \/>\n<meta property=\"og:type\" content=\"article\" \/>\n<meta property=\"og:title\" content=\"Historia | Grupo Xcaret Sitio Corporativo\" \/>\n<meta property=\"og:description\" content=\"La historia de Grupo Xcaret es una de profunda admiraci\u00f3n por M\u00e9xico, donde el arquitecto Miguel Quintana, aprovech\u00f3 la oportunidad de compartir la belleza y cultura de todo un pa\u00eds, a trav\u00e9s de parques naturales. Entra para saber m\u00e1s.\" \/>\n<meta property=\"og:url\" content=\"https:\/\/www.grupoxcaret.com\/es\/historia\/\" \/>\n<meta property=\"og:site_name\" content=\"Grupo Xcaret Sitio Corporativo\" \/>\n<meta property=\"article:modified_time\" content=\"2023-01-25T15:40:35+00:00\" \/>\n<meta property=\"og:image\" content=\"https:\/\/www.grupoxcaret.com\/es\/wp-content\/uploads\/2015\/01\/historia-xcaret.jpg\" \/>\n\t<meta property=\"og:image:width\" content=\"768\" \/>\n\t<meta property=\"og:image:height\" content=\"512\" \/>\n<meta name=\"twitter:card\" content=\"summary_large_image\" \/>\n<meta name=\"twitter:label1\" content=\"Tiempo de lectura\" \/>\n\t<meta name=\"twitter:data1\" content=\"3 minutos\" \/>\n<script type=\"application\/ld+json\" class=\"yoast-schema-graph\">{\"@context\":\"https:\/\/schema.org\",\"@graph\":[{\"@type\":\"Organization\",\"@id\":\"https:\/\/www.grupoxcaret.com\/es\/#organization\",\"name\":\"Grupo Xcaret\",\"url\":\"https:\/\/www.grupoxcaret.com\/es\/\",\"sameAs\":[],\"logo\":{\"@type\":\"ImageObject\",\"@id\":\"https:\/\/www.grupoxcaret.com\/es\/#logo\",\"inLanguage\":\"es\",\"url\":\"https:\/\/www.grupoxcaret.com\/es\/wp-content\/uploads\/2015\/04\/exx.png\",\"contentUrl\":\"https:\/\/www.grupoxcaret.com\/es\/wp-content\/uploads\/2015\/04\/exx.png\",\"width\":400,\"height\":136,\"caption\":\"Grupo Xcaret\"},\"image\":{\"@id\":\"https:\/\/www.grupoxcaret.com\/es\/#logo\"}},{\"@type\":\"WebSite\",\"@id\":\"https:\/\/www.grupoxcaret.com\/es\/#website\",\"url\":\"https:\/\/www.grupoxcaret.com\/es\/\",\"name\":\"Grupo Xcaret Sitio Corporativo\",\"description\":\"Conoce el sitio corporativo de Grupo Xcaret. Encuentra informaci\\u00f3n relevante acerca de nuestra historia, marcas, filosof\\u00eda empresarial, pol\\u00edtica de sostenibilidad y mucho m\\u00e1s.\",\"publisher\":{\"@id\":\"https:\/\/www.grupoxcaret.com\/es\/#organization\"},\"potentialAction\":[{\"@type\":\"SearchAction\",\"target\":{\"@type\":\"EntryPoint\",\"urlTemplate\":\"https:\/\/www.grupoxcaret.com\/es\/?s={search_term_string}\"},\"query-input\":\"required name=search_term_string\"}],\"inLanguage\":\"es\"},{\"@type\":\"ImageObject\",\"@id\":\"https:\/\/www.grupoxcaret.com\/es\/historia\/#primaryimage\",\"inLanguage\":\"es\",\"url\":\"https:\/\/www.grupoxcaret.com\/es\/wp-content\/uploads\/2015\/01\/historia-xcaret.jpg\",\"contentUrl\":\"https:\/\/www.grupoxcaret.com\/es\/wp-content\/uploads\/2015\/01\/historia-xcaret.jpg\",\"width\":768,\"height\":512},{\"@type\":\"WebPage\",\"@id\":\"https:\/\/www.grupoxcaret.com\/es\/historia\/#webpage\",\"url\":\"https:\/\/www.grupoxcaret.com\/es\/historia\/\",\"name\":\"Historia | Grupo Xcaret Sitio Corporativo\",\"isPartOf\":{\"@id\":\"https:\/\/www.grupoxcaret.com\/es\/#website\"},\"primaryImageOfPage\":{\"@id\":\"https:\/\/www.grupoxcaret.com\/es\/historia\/#primaryimage\"},\"datePublished\":\"2014-08-26T20:51:04+00:00\",\"dateModified\":\"2023-01-25T15:40:35+00:00\",\"description\":\"La historia de Grupo Xcaret es una de profunda admiraci\\u00f3n por M\\u00e9xico, donde el arquitecto Miguel Quintana, aprovech\\u00f3 la oportunidad de compartir la belleza y cultura de todo un pa\\u00eds, a trav\\u00e9s de parques naturales. Entra para saber m\\u00e1s.\",\"breadcrumb\":{\"@id\":\"https:\/\/www.grupoxcaret.com\/es\/historia\/#breadcrumb\"},\"inLanguage\":\"es\",\"potentialAction\":[{\"@type\":\"ReadAction\",\"target\":[\"https:\/\/www.grupoxcaret.com\/es\/historia\/\"]}]},{\"@type\":\"BreadcrumbList\",\"@id\":\"https:\/\/www.grupoxcaret.com\/es\/historia\/#breadcrumb\",\"itemListElement\":[{\"@type\":\"ListItem\",\"position\":1,\"name\":\"Inicio\",\"item\":\"https:\/\/www.grupoxcaret.com\/es\/\"},{\"@type\":\"ListItem\",\"position\":2,\"name\":\"Historia\"}]}]}<\/script>\n<!-- \/ Yoast SEO plugin. -->","yoast_head_json":{"description":"La historia de Grupo Xcaret es una de profunda admiraci\u00f3n por M\u00e9xico, donde el arquitecto Miguel Quintana, aprovech\u00f3 la oportunidad de compartir la belleza y cultura de todo un pa\u00eds, a trav\u00e9s de parques naturales. Entra para saber m\u00e1s.","robots":{"index":"index","follow":"follow","max-snippet":"max-snippet:-1","max-image-preview":"max-image-preview:large","max-video-preview":"max-video-preview:-1"},"canonical":"https:\/\/www.grupoxcaret.com\/es\/historia\/","og_locale":"es_ES","og_type":"article","og_title":"Historia | Grupo Xcaret Sitio Corporativo","og_description":"La historia de Grupo Xcaret es una de profunda admiraci\u00f3n por M\u00e9xico, donde el arquitecto Miguel Quintana, aprovech\u00f3 la oportunidad de compartir la belleza y cultura de todo un pa\u00eds, a trav\u00e9s de parques naturales. Entra para saber m\u00e1s.","og_url":"https:\/\/www.grupoxcaret.com\/es\/historia\/","og_site_name":"Grupo Xcaret Sitio Corporativo","article_modified_time":"2023-01-25T15:40:35+00:00","og_image":[{"width":768,"height":512,"url":"https:\/\/www.grupoxcaret.com\/es\/wp-content\/uploads\/2015\/01\/historia-xcaret.jpg","type":"image\/jpeg"}],"twitter_card":"summary_large_image","twitter_misc":{"Tiempo de lectura":"3 minutos"},"schema":{"@context":"https:\/\/schema.org","@graph":[{"@type":"Organization","@id":"https:\/\/www.grupoxcaret.com\/es\/#organization","name":"Grupo Xcaret","url":"https:\/\/www.grupoxcaret.com\/es\/","sameAs":[],"logo":{"@type":"ImageObject","@id":"https:\/\/www.grupoxcaret.com\/es\/#logo","inLanguage":"es","url":"https:\/\/www.grupoxcaret.com\/es\/wp-content\/uploads\/2015\/04\/exx.png","contentUrl":"https:\/\/www.grupoxcaret.com\/es\/wp-content\/uploads\/2015\/04\/exx.png","width":400,"height":136,"caption":"Grupo Xcaret"},"image":{"@id":"https:\/\/www.grupoxcaret.com\/es\/#logo"}},{"@type":"WebSite","@id":"https:\/\/www.grupoxcaret.com\/es\/#website","url":"https:\/\/www.grupoxcaret.com\/es\/","name":"Grupo Xcaret Sitio Corporativo","description":"Conoce el sitio corporativo de Grupo Xcaret. Encuentra informaci\u00f3n relevante acerca de nuestra historia, marcas, filosof\u00eda empresarial, pol\u00edtica de sostenibilidad y mucho m\u00e1s.","publisher":{"@id":"https:\/\/www.grupoxcaret.com\/es\/#organization"},"potentialAction":[{"@type":"SearchAction","target":{"@type":"EntryPoint","urlTemplate":"https:\/\/www.grupoxcaret.com\/es\/?s={search_term_string}"},"query-input":"required name=search_term_string"}],"inLanguage":"es"},{"@type":"ImageObject","@id":"https:\/\/www.grupoxcaret.com\/es\/historia\/#primaryimage","inLanguage":"es","url":"https:\/\/www.grupoxcaret.com\/es\/wp-content\/uploads\/2015\/01\/historia-xcaret.jpg","contentUrl":"https:\/\/www.grupoxcaret.com\/es\/wp-content\/uploads\/2015\/01\/historia-xcaret.jpg","width":768,"height":512},{"@type":"WebPage","@id":"https:\/\/www.grupoxcaret.com\/es\/historia\/#webpage","url":"https:\/\/www.grupoxcaret.com\/es\/historia\/","name":"Historia | Grupo Xcaret Sitio Corporativo","isPartOf":{"@id":"https:\/\/www.grupoxcaret.com\/es\/#website"},"primaryImageOfPage":{"@id":"https:\/\/www.grupoxcaret.com\/es\/historia\/#primaryimage"},"datePublished":"2014-08-26T20:51:04+00:00","dateModified":"2023-01-25T15:40:35+00:00","description":"La historia de Grupo Xcaret es una de profunda admiraci\u00f3n por M\u00e9xico, donde el arquitecto Miguel Quintana, aprovech\u00f3 la oportunidad de compartir la belleza y cultura de todo un pa\u00eds, a trav\u00e9s de parques naturales. Entra para saber m\u00e1s.","breadcrumb":{"@id":"https:\/\/www.grupoxcaret.com\/es\/historia\/#breadcrumb"},"inLanguage":"es","potentialAction":[{"@type":"ReadAction","target":["https:\/\/www.grupoxcaret.com\/es\/historia\/"]}]},{"@type":"BreadcrumbList","@id":"https:\/\/www.grupoxcaret.com\/es\/historia\/#breadcrumb","itemListElement":[{"@type":"ListItem","position":1,"name":"Inicio","item":"https:\/\/www.grupoxcaret.com\/es\/"},{"@type":"ListItem","position":2,"name":"Historia"}]}]}},"_links":{"self":[{"href":"https:\/\/www.grupoxcaret.com\/es\/wp-json\/wp\/v2\/pages\/9"}],"collection":[{"href":"https:\/\/www.grupoxcaret.com\/es\/wp-json\/wp\/v2\/pages"}],"about":[{"href":"https:\/\/www.grupoxcaret.com\/es\/wp-json\/wp\/v2\/types\/page"}],"author":[{"embeddable":true,"href":"https:\/\/www.grupoxcaret.com\/es\/wp-json\/wp\/v2\/users\/1"}],"replies":[{"embeddable":true,"href":"https:\/\/www.grupoxcaret.com\/es\/wp-json\/wp\/v2\/comments?post=9"}],"version-history":[{"count":5,"href":"https:\/\/www.grupoxcaret.com\/es\/wp-json\/wp\/v2\/pages\/9\/revisions"}],"predecessor-version":[{"id":5367,"href":"https:\/\/www.grupoxcaret.com\/es\/wp-json\/wp\/v2\/pages\/9\/revisions\/5367"}],"wp:featuredmedia":[{"embeddable":true,"href":"https:\/\/www.grupoxcaret.com\/es\/wp-json\/wp\/v2\/media\/1050"}],"wp:attachment":[{"href":"https:\/\/www.grupoxcaret.com\/es\/wp-json\/wp\/v2\/media?parent=9"}],"curies":[{"name":"wp","href":"https:\/\/api.w.org\/{rel}","templated":true}]}}