{"id":59,"date":"2014-08-28T15:20:42","date_gmt":"2014-08-28T15:20:42","guid":{"rendered":"http:\/\/experienciasxcaret.mx\/corporativo\/?page_id=59"},"modified":"2015-05-25T23:05:05","modified_gmt":"2015-05-25T23:05:05","slug":"beneficios-a-colaboradores","status":"publish","type":"page","link":"https:\/\/www.grupoxcaret.com\/es\/beneficios-a-colaboradores\/","title":{"rendered":"Beneficios a Colaboradores"},"content":{"rendered":"<p><img class=\"alignnone\" src=\"https:\/\/www.grupoxcaret.com\/es\/wp-content\/themes\/wpexxcorp\/images\/bolsa-de-trabajo-xcaret.jpg\" alt=\"Screen Shot 2015-01-21 at 10.14.12 AM\" \/><\/p>\n<p>Para <strong>Grupo Experiencias Xcaret<\/strong> es muy importante el bienestar y satisfacci\u00f3n de sus colaboradores, por ello ha creado un ambiente en el cual te brinda tranquilidad laboral y calidad de vida ofreci\u00e9ndote:<\/p>\n<p><img class=\"alignnone\" src=\"https:\/\/www.grupoxcaret.com\/es\/wp-content\/themes\/wpexxcorp\/images\/beneficios_r1_c1.jpg\" alt=\"\" \/><br \/>\n<img class=\"alignnone\" src=\"https:\/\/www.grupoxcaret.com\/es\/wp-content\/themes\/wpexxcorp\/images\/beneficios_r2_c1.png\" alt=\"\" \/><br \/>\n<img class=\"alignnone\" src=\"https:\/\/www.grupoxcaret.com\/es\/wp-content\/themes\/wpexxcorp\/images\/beneficios_r4_c1.jpg\" alt=\"\" \/><br \/>\n<img class=\"alignnone\" src=\"https:\/\/www.grupoxcaret.com\/es\/wp-content\/themes\/wpexxcorp\/images\/beneficios_r5_c1.png\" alt=\"\" \/><br \/>\n<img class=\"alignnone\" src=\"https:\/\/www.grupoxcaret.com\/es\/wp-content\/themes\/wpexxcorp\/images\/beneficios_r6_c1.jpg\" alt=\"\" \/><br \/>\n<img class=\"alignnone\" src=\"https:\/\/www.grupoxcaret.com\/es\/wp-content\/themes\/wpexxcorp\/images\/beneficios_r7_c1.jpg\" alt=\"\" \/><\/p>\n","protected":false},"excerpt":{"rendered":"<p>Para Grupo Experiencias Xcaret es muy importante el bienestar y satisfacci\u00f3n de sus colaboradores, por ello ha creado un ambiente en el cual te brinda tranquilidad laboral y calidad de vida ofreci\u00e9ndote:<\/p>\n","protected":false},"author":1,"featured_media":0,"parent":0,"menu_order":0,"comment_status":"open","ping_status":"open","template":"page-fullwidth.php","meta":[],"yoast_head":"<!-- This site is optimized with the Yoast SEO plugin v17.6 - https:\/\/yoast.com\/wordpress\/plugins\/seo\/ -->\n<meta name=\"description\" content=\"En Grupo Experiencias Xcaret es muy importante el bienestar de sus colaboradores, por ello brinda el siguiente programa de Beneficios a Colaboradores\" \/>\n<meta name=\"robots\" content=\"index, follow, max-snippet:-1, max-image-preview:large, max-video-preview:-1\" \/>\n<link rel=\"canonical\" href=\"https:\/\/www.grupoxcaret.com\/es\/beneficios-a-colaboradores\/\" \/>\n<meta property=\"og:locale\" content=\"es_ES\" \/>\n<meta property=\"og:type\" content=\"article\" \/>\n<meta property=\"og:title\" content=\"Beneficios a Colaboradores\" \/>\n<meta property=\"og:description\" content=\"En Grupo Experiencias Xcaret es muy importante el bienestar de sus colaboradores, por ello brinda el siguiente programa de Beneficios a Colaboradores\" \/>\n<meta property=\"og:url\" content=\"https:\/\/www.grupoxcaret.com\/es\/beneficios-a-colaboradores\/\" \/>\n<meta property=\"og:site_name\" content=\"Grupo Xcaret Sitio Corporativo\" \/>\n<meta property=\"article:modified_time\" content=\"2015-05-25T23:05:05+00:00\" \/>\n<meta property=\"og:image\" content=\"https:\/\/www.grupoxcaret.com\/es\/wp-content\/themes\/wpexxcorp\/images\/bolsa-de-trabajo-xcaret.jpg\" \/>\n<meta name=\"twitter:card\" content=\"summary_large_image\" \/>\n<script type=\"application\/ld+json\" class=\"yoast-schema-graph\">{\"@context\":\"https:\/\/schema.org\",\"@graph\":[{\"@type\":\"Organization\",\"@id\":\"https:\/\/www.grupoxcaret.com\/es\/#organization\",\"name\":\"Grupo Xcaret\",\"url\":\"https:\/\/www.grupoxcaret.com\/es\/\",\"sameAs\":[],\"logo\":{\"@type\":\"ImageObject\",\"@id\":\"https:\/\/www.grupoxcaret.com\/es\/#logo\",\"inLanguage\":\"es\",\"url\":\"https:\/\/www.grupoxcaret.com\/es\/wp-content\/uploads\/2015\/04\/exx.png\",\"contentUrl\":\"https:\/\/www.grupoxcaret.com\/es\/wp-content\/uploads\/2015\/04\/exx.png\",\"width\":400,\"height\":136,\"caption\":\"Grupo Xcaret\"},\"image\":{\"@id\":\"https:\/\/www.grupoxcaret.com\/es\/#logo\"}},{\"@type\":\"WebSite\",\"@id\":\"https:\/\/www.grupoxcaret.com\/es\/#website\",\"url\":\"https:\/\/www.grupoxcaret.com\/es\/\",\"name\":\"Grupo Xcaret Sitio Corporativo\",\"description\":\"Conoce el sitio corporativo de Grupo Xcaret. Encuentra informaci\\u00f3n relevante acerca de nuestra historia, marcas, filosof\\u00eda empresarial, pol\\u00edtica de sostenibilidad y mucho m\\u00e1s.\",\"publisher\":{\"@id\":\"https:\/\/www.grupoxcaret.com\/es\/#organization\"},\"potentialAction\":[{\"@type\":\"SearchAction\",\"target\":{\"@type\":\"EntryPoint\",\"urlTemplate\":\"https:\/\/www.grupoxcaret.com\/es\/?s={search_term_string}\"},\"query-input\":\"required name=search_term_string\"}],\"inLanguage\":\"es\"},{\"@type\":\"ImageObject\",\"@id\":\"https:\/\/www.grupoxcaret.com\/es\/beneficios-a-colaboradores\/#primaryimage\",\"inLanguage\":\"es\",\"url\":\"https:\/\/www.grupoxcaret.com\/es\/wp-content\/themes\/wpexxcorp\/images\/bolsa-de-trabajo-xcaret.jpg\",\"contentUrl\":\"https:\/\/www.grupoxcaret.com\/es\/wp-content\/themes\/wpexxcorp\/images\/bolsa-de-trabajo-xcaret.jpg\"},{\"@type\":\"WebPage\",\"@id\":\"https:\/\/www.grupoxcaret.com\/es\/beneficios-a-colaboradores\/#webpage\",\"url\":\"https:\/\/www.grupoxcaret.com\/es\/beneficios-a-colaboradores\/\",\"name\":\"Beneficios a Colaboradores\",\"isPartOf\":{\"@id\":\"https:\/\/www.grupoxcaret.com\/es\/#website\"},\"primaryImageOfPage\":{\"@id\":\"https:\/\/www.grupoxcaret.com\/es\/beneficios-a-colaboradores\/#primaryimage\"},\"datePublished\":\"2014-08-28T15:20:42+00:00\",\"dateModified\":\"2015-05-25T23:05:05+00:00\",\"description\":\"En Grupo Experiencias Xcaret es muy importante el bienestar de sus colaboradores, por ello brinda el siguiente programa de Beneficios a Colaboradores\",\"breadcrumb\":{\"@id\":\"https:\/\/www.grupoxcaret.com\/es\/beneficios-a-colaboradores\/#breadcrumb\"},\"inLanguage\":\"es\",\"potentialAction\":[{\"@type\":\"ReadAction\",\"target\":[\"https:\/\/www.grupoxcaret.com\/es\/beneficios-a-colaboradores\/\"]}]},{\"@type\":\"BreadcrumbList\",\"@id\":\"https:\/\/www.grupoxcaret.com\/es\/beneficios-a-colaboradores\/#breadcrumb\",\"itemListElement\":[{\"@type\":\"ListItem\",\"position\":1,\"name\":\"Inicio\",\"item\":\"https:\/\/www.grupoxcaret.com\/es\/\"},{\"@type\":\"ListItem\",\"position\":2,\"name\":\"Beneficios a Colaboradores\"}]}]}<\/script>\n<!-- \/ Yoast SEO plugin. -->","yoast_head_json":{"description":"En Grupo Experiencias Xcaret es muy importante el bienestar de sus colaboradores, por ello brinda el siguiente programa de Beneficios a Colaboradores","robots":{"index":"index","follow":"follow","max-snippet":"max-snippet:-1","max-image-preview":"max-image-preview:large","max-video-preview":"max-video-preview:-1"},"canonical":"https:\/\/www.grupoxcaret.com\/es\/beneficios-a-colaboradores\/","og_locale":"es_ES","og_type":"article","og_title":"Beneficios a Colaboradores","og_description":"En Grupo Experiencias Xcaret es muy importante el bienestar de sus colaboradores, por ello brinda el siguiente programa de Beneficios a Colaboradores","og_url":"https:\/\/www.grupoxcaret.com\/es\/beneficios-a-colaboradores\/","og_site_name":"Grupo Xcaret Sitio Corporativo","article_modified_time":"2015-05-25T23:05:05+00:00","og_image":[{"url":"https:\/\/www.grupoxcaret.com\/es\/wp-content\/themes\/wpexxcorp\/images\/bolsa-de-trabajo-xcaret.jpg"}],"twitter_card":"summary_large_image","schema":{"@context":"https:\/\/schema.org","@graph":[{"@type":"Organization","@id":"https:\/\/www.grupoxcaret.com\/es\/#organization","name":"Grupo Xcaret","url":"https:\/\/www.grupoxcaret.com\/es\/","sameAs":[],"logo":{"@type":"ImageObject","@id":"https:\/\/www.grupoxcaret.com\/es\/#logo","inLanguage":"es","url":"https:\/\/www.grupoxcaret.com\/es\/wp-content\/uploads\/2015\/04\/exx.png","contentUrl":"https:\/\/www.grupoxcaret.com\/es\/wp-content\/uploads\/2015\/04\/exx.png","width":400,"height":136,"caption":"Grupo Xcaret"},"image":{"@id":"https:\/\/www.grupoxcaret.com\/es\/#logo"}},{"@type":"WebSite","@id":"https:\/\/www.grupoxcaret.com\/es\/#website","url":"https:\/\/www.grupoxcaret.com\/es\/","name":"Grupo Xcaret Sitio Corporativo","description":"Conoce el sitio corporativo de Grupo Xcaret. Encuentra informaci\u00f3n relevante acerca de nuestra historia, marcas, filosof\u00eda empresarial, pol\u00edtica de sostenibilidad y mucho m\u00e1s.","publisher":{"@id":"https:\/\/www.grupoxcaret.com\/es\/#organization"},"potentialAction":[{"@type":"SearchAction","target":{"@type":"EntryPoint","urlTemplate":"https:\/\/www.grupoxcaret.com\/es\/?s={search_term_string}"},"query-input":"required name=search_term_string"}],"inLanguage":"es"},{"@type":"ImageObject","@id":"https:\/\/www.grupoxcaret.com\/es\/beneficios-a-colaboradores\/#primaryimage","inLanguage":"es","url":"https:\/\/www.grupoxcaret.com\/es\/wp-content\/themes\/wpexxcorp\/images\/bolsa-de-trabajo-xcaret.jpg","contentUrl":"https:\/\/www.grupoxcaret.com\/es\/wp-content\/themes\/wpexxcorp\/images\/bolsa-de-trabajo-xcaret.jpg"},{"@type":"WebPage","@id":"https:\/\/www.grupoxcaret.com\/es\/beneficios-a-colaboradores\/#webpage","url":"https:\/\/www.grupoxcaret.com\/es\/beneficios-a-colaboradores\/","name":"Beneficios a Colaboradores","isPartOf":{"@id":"https:\/\/www.grupoxcaret.com\/es\/#website"},"primaryImageOfPage":{"@id":"https:\/\/www.grupoxcaret.com\/es\/beneficios-a-colaboradores\/#primaryimage"},"datePublished":"2014-08-28T15:20:42+00:00","dateModified":"2015-05-25T23:05:05+00:00","description":"En Grupo Experiencias Xcaret es muy importante el bienestar de sus colaboradores, por ello brinda el siguiente programa de Beneficios a Colaboradores","breadcrumb":{"@id":"https:\/\/www.grupoxcaret.com\/es\/beneficios-a-colaboradores\/#breadcrumb"},"inLanguage":"es","potentialAction":[{"@type":"ReadAction","target":["https:\/\/www.grupoxcaret.com\/es\/beneficios-a-colaboradores\/"]}]},{"@type":"BreadcrumbList","@id":"https:\/\/www.grupoxcaret.com\/es\/beneficios-a-colaboradores\/#breadcrumb","itemListElement":[{"@type":"ListItem","position":1,"name":"Inicio","item":"https:\/\/www.grupoxcaret.com\/es\/"},{"@type":"ListItem","position":2,"name":"Beneficios a Colaboradores"}]}]}},"_links":{"self":[{"href":"https:\/\/www.grupoxcaret.com\/es\/wp-json\/wp\/v2\/pages\/59"}],"collection":[{"href":"https:\/\/www.grupoxcaret.com\/es\/wp-json\/wp\/v2\/pages"}],"about":[{"href":"https:\/\/www.grupoxcaret.com\/es\/wp-json\/wp\/v2\/types\/page"}],"author":[{"embeddable":true,"href":"https:\/\/www.grupoxcaret.com\/es\/wp-json\/wp\/v2\/users\/1"}],"replies":[{"embeddable":true,"href":"https:\/\/www.grupoxcaret.com\/es\/wp-json\/wp\/v2\/comments?post=59"}],"version-history":[{"count":0,"href":"https:\/\/www.grupoxcaret.com\/es\/wp-json\/wp\/v2\/pages\/59\/revisions"}],"wp:attachment":[{"href":"https:\/\/www.grupoxcaret.com\/es\/wp-json\/wp\/v2\/media?parent=59"}],"curies":[{"name":"wp","href":"https:\/\/api.w.org\/{rel}","templated":true}]}}