{"id":57,"date":"2014-08-28T15:20:26","date_gmt":"2014-08-28T15:20:26","guid":{"rendered":"http:\/\/experienciasxcaret.mx\/corporativo\/?page_id=57"},"modified":"2020-06-24T17:51:44","modified_gmt":"2020-06-24T17:51:44","slug":"talento-grupo-xcaret","status":"publish","type":"page","link":"https:\/\/www.grupoxcaret.com\/es\/talento-grupo-xcaret\/","title":{"rendered":"Talento Grupo Xcaret"},"content":{"rendered":"<blockquote><p>Gracias al talento de cada uno de sus colaboradores, Grupo Xcaret se ha destacado en el \u00e1mbito nacional e internacional por ser una de las <b>mejores empresas para trabajar<\/b> en M\u00e9xico y un Grupo Socialmente Responsable, donde se brinda igualdad de oportunidades sin distinci\u00f3n de raza, g\u00e9nero, edad, religi\u00f3n, orientaci\u00f3n sexual o DISCAPACIDADES.<\/p><\/blockquote>\n<p>Por ello, te invitamos a unirte a \u00e9sta gran familia y desarrollarte con nosotros, para juntos seguir distingui\u00e9ndonos como una empresa con un alto nivel de servicio y producto \u00fanico, diferenciado y especializado.<\/p>\n<blockquote><p>Con tu sonrisa y actitud emprendedora estamos seguros que reforzaremos el esp\u00edritu de servicio y el amor por M\u00e9xico.<\/p><\/blockquote>\n<p>Nuestros programas de desarrollo est\u00e1n enfocados a proporcionar todas las herramientas para un mejor desempe\u00f1o en las funciones, as\u00ed como al desarrollo de colaboradores felices.<\/p>\n<h3 style=\"text-align: center;\">\u00a1Estamos orgullosos de que seas parte de este gran equipo!<\/h3>\n<p>\u00bfA\u00fan no lo eres?, da clic <a href=\"https:\/\/talentohumano.grupoxcaret.com\">Aqu\u00ed<\/a> o en el bot\u00f3n de \u201cTalento Xcaret\u201d y da el primer paso para<\/p>\n<h3 style=\"text-align: center;\">\u00a1Crear y Vivir Experiencias M\u00e1gicas con Nosotros!<\/h3>\n<blockquote><p><b>Nuestro amor por M\u00e9xico y convicci\u00f3n de Responsabilidad Social Empresarial nos comprometen con la excelencia, calidad, respeto por la naturaleza, nuestros colaboradores, proveedores y la sociedad en general.<\/b><\/p><\/blockquote>\n<h2>Valores<\/h2>\n<div class=\"clear25\"><strong>1.- Seguridad ante todo<\/strong>: Entendemos que la seguridad es primordial, lo priorizamos y damos la importancia por encima de cualquier otra cosa.<\/div>\n<div><\/div>\n<div class=\"clear25\"><strong>2.- Integridad absoluta:<\/strong> Para Grupo Xcaret la integridad del ser humano, no es la mejor forma de hacer las cosas, es la \u00fanica.<\/div>\n<div><\/div>\n<div class=\"clear25\"><strong>3.- Pasi\u00f3n por la innovaci\u00f3n:<\/strong> La innovaci\u00f3n es el motor que nos permite superar nuestros propios \u00e9xitos y nos impulsa a un futuro mejor.<\/div>\n<div><\/div>\n<div class=\"clear25\"><strong>4.- Alegr\u00eda por servir:<\/strong> Servir es nuestro ADN, entendemos el servicio como la oportunidad de dejar una huella en las personas.<\/div>\n<div><\/div>\n<div class=\"clear25\"><strong>5.- Evoluci\u00f3n Xostenible:<\/strong> El cuidado del planeta, los recursos y las personas es lo que hace fuerte nuestra cadena de valor, buscando constantemente en nuestras acciones la trascendencia de nuestras pr\u00f3ximas generaciones.<\/div>\n<h2>\u00bfTe identificas?&#8230; Entonces eres Grupo Xcaret.<\/h2>\n","protected":false},"excerpt":{"rendered":"<p>Gracias al talento de cada uno de sus colaboradores, Grupo Xcaret se ha destacado en el \u00e1mbito nacional e internacional por ser una de las mejores empresas para trabajar en M\u00e9xico y un Grupo Socialmente Responsable, donde se brinda igualdad de oportunidades sin distinci\u00f3n de raza, g\u00e9nero, edad, religi\u00f3n, orientaci\u00f3n sexual o DISCAPACIDADES. Por ello, [&hellip;]<\/p>\n","protected":false},"author":1,"featured_media":1022,"parent":0,"menu_order":0,"comment_status":"open","ping_status":"open","template":"","meta":[],"yoast_head":"<!-- This site is optimized with the Yoast SEO plugin v17.6 - https:\/\/yoast.com\/wordpress\/plugins\/seo\/ -->\n<meta name=\"description\" content=\"Nuestros colaboradores son el recurso m\u00e1s importante, por ellos contamos con programas de desarrollo que hagan de nuestra familia mejores trabajadores y mejores humanos. T\u00fa puedes formar parte de Grupo Xcaret, post\u00falate para nuestras vacantes.\" \/>\n<meta name=\"robots\" content=\"index, follow, max-snippet:-1, max-image-preview:large, max-video-preview:-1\" \/>\n<link rel=\"canonical\" href=\"https:\/\/www.grupoxcaret.com\/es\/talento-grupo-xcaret\/\" \/>\n<meta property=\"og:locale\" content=\"es_ES\" \/>\n<meta property=\"og:type\" content=\"article\" \/>\n<meta property=\"og:title\" content=\"Talento | Grupo Xcaret Sitio Corporativo\" \/>\n<meta property=\"og:description\" content=\"Nuestros colaboradores son el recurso m\u00e1s importante, por ellos contamos con programas de desarrollo que hagan de nuestra familia mejores trabajadores y mejores humanos. T\u00fa puedes formar parte de Grupo Xcaret, post\u00falate para nuestras vacantes.\" \/>\n<meta property=\"og:url\" content=\"https:\/\/www.grupoxcaret.com\/es\/talento-grupo-xcaret\/\" \/>\n<meta property=\"og:site_name\" content=\"Grupo Xcaret Sitio Corporativo\" \/>\n<meta property=\"article:modified_time\" content=\"2020-06-24T17:51:44+00:00\" \/>\n<meta property=\"og:image\" content=\"https:\/\/www.grupoxcaret.com\/es\/wp-content\/uploads\/2015\/01\/acerca-de-experiencias.jpg\" \/>\n\t<meta property=\"og:image:width\" content=\"768\" \/>\n\t<meta property=\"og:image:height\" content=\"512\" \/>\n<meta name=\"twitter:card\" content=\"summary_large_image\" \/>\n<meta name=\"twitter:label1\" content=\"Tiempo de lectura\" \/>\n\t<meta name=\"twitter:data1\" content=\"2 minutos\" \/>\n<script type=\"application\/ld+json\" class=\"yoast-schema-graph\">{\"@context\":\"https:\/\/schema.org\",\"@graph\":[{\"@type\":\"Organization\",\"@id\":\"https:\/\/www.grupoxcaret.com\/es\/#organization\",\"name\":\"Grupo Xcaret\",\"url\":\"https:\/\/www.grupoxcaret.com\/es\/\",\"sameAs\":[],\"logo\":{\"@type\":\"ImageObject\",\"@id\":\"https:\/\/www.grupoxcaret.com\/es\/#logo\",\"inLanguage\":\"es\",\"url\":\"https:\/\/www.grupoxcaret.com\/es\/wp-content\/uploads\/2015\/04\/exx.png\",\"contentUrl\":\"https:\/\/www.grupoxcaret.com\/es\/wp-content\/uploads\/2015\/04\/exx.png\",\"width\":400,\"height\":136,\"caption\":\"Grupo Xcaret\"},\"image\":{\"@id\":\"https:\/\/www.grupoxcaret.com\/es\/#logo\"}},{\"@type\":\"WebSite\",\"@id\":\"https:\/\/www.grupoxcaret.com\/es\/#website\",\"url\":\"https:\/\/www.grupoxcaret.com\/es\/\",\"name\":\"Grupo Xcaret Sitio Corporativo\",\"description\":\"Conoce el sitio corporativo de Grupo Xcaret. Encuentra informaci\\u00f3n relevante acerca de nuestra historia, marcas, filosof\\u00eda empresarial, pol\\u00edtica de sostenibilidad y mucho m\\u00e1s.\",\"publisher\":{\"@id\":\"https:\/\/www.grupoxcaret.com\/es\/#organization\"},\"potentialAction\":[{\"@type\":\"SearchAction\",\"target\":{\"@type\":\"EntryPoint\",\"urlTemplate\":\"https:\/\/www.grupoxcaret.com\/es\/?s={search_term_string}\"},\"query-input\":\"required name=search_term_string\"}],\"inLanguage\":\"es\"},{\"@type\":\"ImageObject\",\"@id\":\"https:\/\/www.grupoxcaret.com\/es\/talento-grupo-xcaret\/#primaryimage\",\"inLanguage\":\"es\",\"url\":\"https:\/\/www.grupoxcaret.com\/es\/wp-content\/uploads\/2015\/01\/acerca-de-experiencias.jpg\",\"contentUrl\":\"https:\/\/www.grupoxcaret.com\/es\/wp-content\/uploads\/2015\/01\/acerca-de-experiencias.jpg\",\"width\":768,\"height\":512},{\"@type\":\"WebPage\",\"@id\":\"https:\/\/www.grupoxcaret.com\/es\/talento-grupo-xcaret\/#webpage\",\"url\":\"https:\/\/www.grupoxcaret.com\/es\/talento-grupo-xcaret\/\",\"name\":\"Talento | Grupo Xcaret Sitio Corporativo\",\"isPartOf\":{\"@id\":\"https:\/\/www.grupoxcaret.com\/es\/#website\"},\"primaryImageOfPage\":{\"@id\":\"https:\/\/www.grupoxcaret.com\/es\/talento-grupo-xcaret\/#primaryimage\"},\"datePublished\":\"2014-08-28T15:20:26+00:00\",\"dateModified\":\"2020-06-24T17:51:44+00:00\",\"description\":\"Nuestros colaboradores son el recurso m\\u00e1s importante, por ellos contamos con programas de desarrollo que hagan de nuestra familia mejores trabajadores y mejores humanos. T\\u00fa puedes formar parte de Grupo Xcaret, post\\u00falate para nuestras vacantes.\",\"breadcrumb\":{\"@id\":\"https:\/\/www.grupoxcaret.com\/es\/talento-grupo-xcaret\/#breadcrumb\"},\"inLanguage\":\"es\",\"potentialAction\":[{\"@type\":\"ReadAction\",\"target\":[\"https:\/\/www.grupoxcaret.com\/es\/talento-grupo-xcaret\/\"]}]},{\"@type\":\"BreadcrumbList\",\"@id\":\"https:\/\/www.grupoxcaret.com\/es\/talento-grupo-xcaret\/#breadcrumb\",\"itemListElement\":[{\"@type\":\"ListItem\",\"position\":1,\"name\":\"Inicio\",\"item\":\"https:\/\/www.grupoxcaret.com\/es\/\"},{\"@type\":\"ListItem\",\"position\":2,\"name\":\"Talento Grupo Xcaret\"}]}]}<\/script>\n<!-- \/ Yoast SEO plugin. -->","yoast_head_json":{"description":"Nuestros colaboradores son el recurso m\u00e1s importante, por ellos contamos con programas de desarrollo que hagan de nuestra familia mejores trabajadores y mejores humanos. T\u00fa puedes formar parte de Grupo Xcaret, post\u00falate para nuestras vacantes.","robots":{"index":"index","follow":"follow","max-snippet":"max-snippet:-1","max-image-preview":"max-image-preview:large","max-video-preview":"max-video-preview:-1"},"canonical":"https:\/\/www.grupoxcaret.com\/es\/talento-grupo-xcaret\/","og_locale":"es_ES","og_type":"article","og_title":"Talento | Grupo Xcaret Sitio Corporativo","og_description":"Nuestros colaboradores son el recurso m\u00e1s importante, por ellos contamos con programas de desarrollo que hagan de nuestra familia mejores trabajadores y mejores humanos. T\u00fa puedes formar parte de Grupo Xcaret, post\u00falate para nuestras vacantes.","og_url":"https:\/\/www.grupoxcaret.com\/es\/talento-grupo-xcaret\/","og_site_name":"Grupo Xcaret Sitio Corporativo","article_modified_time":"2020-06-24T17:51:44+00:00","og_image":[{"width":768,"height":512,"url":"https:\/\/www.grupoxcaret.com\/es\/wp-content\/uploads\/2015\/01\/acerca-de-experiencias.jpg","type":"image\/jpeg"}],"twitter_card":"summary_large_image","twitter_misc":{"Tiempo de lectura":"2 minutos"},"schema":{"@context":"https:\/\/schema.org","@graph":[{"@type":"Organization","@id":"https:\/\/www.grupoxcaret.com\/es\/#organization","name":"Grupo Xcaret","url":"https:\/\/www.grupoxcaret.com\/es\/","sameAs":[],"logo":{"@type":"ImageObject","@id":"https:\/\/www.grupoxcaret.com\/es\/#logo","inLanguage":"es","url":"https:\/\/www.grupoxcaret.com\/es\/wp-content\/uploads\/2015\/04\/exx.png","contentUrl":"https:\/\/www.grupoxcaret.com\/es\/wp-content\/uploads\/2015\/04\/exx.png","width":400,"height":136,"caption":"Grupo Xcaret"},"image":{"@id":"https:\/\/www.grupoxcaret.com\/es\/#logo"}},{"@type":"WebSite","@id":"https:\/\/www.grupoxcaret.com\/es\/#website","url":"https:\/\/www.grupoxcaret.com\/es\/","name":"Grupo Xcaret Sitio Corporativo","description":"Conoce el sitio corporativo de Grupo Xcaret. Encuentra informaci\u00f3n relevante acerca de nuestra historia, marcas, filosof\u00eda empresarial, pol\u00edtica de sostenibilidad y mucho m\u00e1s.","publisher":{"@id":"https:\/\/www.grupoxcaret.com\/es\/#organization"},"potentialAction":[{"@type":"SearchAction","target":{"@type":"EntryPoint","urlTemplate":"https:\/\/www.grupoxcaret.com\/es\/?s={search_term_string}"},"query-input":"required name=search_term_string"}],"inLanguage":"es"},{"@type":"ImageObject","@id":"https:\/\/www.grupoxcaret.com\/es\/talento-grupo-xcaret\/#primaryimage","inLanguage":"es","url":"https:\/\/www.grupoxcaret.com\/es\/wp-content\/uploads\/2015\/01\/acerca-de-experiencias.jpg","contentUrl":"https:\/\/www.grupoxcaret.com\/es\/wp-content\/uploads\/2015\/01\/acerca-de-experiencias.jpg","width":768,"height":512},{"@type":"WebPage","@id":"https:\/\/www.grupoxcaret.com\/es\/talento-grupo-xcaret\/#webpage","url":"https:\/\/www.grupoxcaret.com\/es\/talento-grupo-xcaret\/","name":"Talento | Grupo Xcaret Sitio Corporativo","isPartOf":{"@id":"https:\/\/www.grupoxcaret.com\/es\/#website"},"primaryImageOfPage":{"@id":"https:\/\/www.grupoxcaret.com\/es\/talento-grupo-xcaret\/#primaryimage"},"datePublished":"2014-08-28T15:20:26+00:00","dateModified":"2020-06-24T17:51:44+00:00","description":"Nuestros colaboradores son el recurso m\u00e1s importante, por ellos contamos con programas de desarrollo que hagan de nuestra familia mejores trabajadores y mejores humanos. T\u00fa puedes formar parte de Grupo Xcaret, post\u00falate para nuestras vacantes.","breadcrumb":{"@id":"https:\/\/www.grupoxcaret.com\/es\/talento-grupo-xcaret\/#breadcrumb"},"inLanguage":"es","potentialAction":[{"@type":"ReadAction","target":["https:\/\/www.grupoxcaret.com\/es\/talento-grupo-xcaret\/"]}]},{"@type":"BreadcrumbList","@id":"https:\/\/www.grupoxcaret.com\/es\/talento-grupo-xcaret\/#breadcrumb","itemListElement":[{"@type":"ListItem","position":1,"name":"Inicio","item":"https:\/\/www.grupoxcaret.com\/es\/"},{"@type":"ListItem","position":2,"name":"Talento Grupo Xcaret"}]}]}},"_links":{"self":[{"href":"https:\/\/www.grupoxcaret.com\/es\/wp-json\/wp\/v2\/pages\/57"}],"collection":[{"href":"https:\/\/www.grupoxcaret.com\/es\/wp-json\/wp\/v2\/pages"}],"about":[{"href":"https:\/\/www.grupoxcaret.com\/es\/wp-json\/wp\/v2\/types\/page"}],"author":[{"embeddable":true,"href":"https:\/\/www.grupoxcaret.com\/es\/wp-json\/wp\/v2\/users\/1"}],"replies":[{"embeddable":true,"href":"https:\/\/www.grupoxcaret.com\/es\/wp-json\/wp\/v2\/comments?post=57"}],"version-history":[{"count":3,"href":"https:\/\/www.grupoxcaret.com\/es\/wp-json\/wp\/v2\/pages\/57\/revisions"}],"predecessor-version":[{"id":3532,"href":"https:\/\/www.grupoxcaret.com\/es\/wp-json\/wp\/v2\/pages\/57\/revisions\/3532"}],"wp:featuredmedia":[{"embeddable":true,"href":"https:\/\/www.grupoxcaret.com\/es\/wp-json\/wp\/v2\/media\/1022"}],"wp:attachment":[{"href":"https:\/\/www.grupoxcaret.com\/es\/wp-json\/wp\/v2\/media?parent=57"}],"curies":[{"name":"wp","href":"https:\/\/api.w.org\/{rel}","templated":true}]}}