{"id":5587,"date":"2024-01-30T18:44:14","date_gmt":"2024-01-30T18:44:14","guid":{"rendered":"https:\/\/www.grupoxcaret.com\/es\/?page_id=5587"},"modified":"2024-09-09T20:27:13","modified_gmt":"2024-09-09T20:27:13","slug":"obten-ingresos-xcaret","status":"publish","type":"page","link":"https:\/\/www.grupoxcaret.com\/es\/obten-ingresos-xcaret\/","title":{"rendered":"Obt\u00e9n ingresos con Xcaret | Grupo Xcaret\u00a0"},"content":{"rendered":"","protected":false},"excerpt":{"rendered":"","protected":false},"author":30,"featured_media":0,"parent":0,"menu_order":0,"comment_status":"closed","ping_status":"closed","template":"page-afiliates.php","meta":[],"yoast_head":"<!-- This site is optimized with the Yoast SEO plugin v17.6 - https:\/\/yoast.com\/wordpress\/plugins\/seo\/ -->\n<meta name=\"description\" content=\"\u00danete a alguno de nuestros programas y comienza a obtener ingresos al vender parques y tours de Xcaret, as\u00ed como estancias en Hoteles Xcaret, f\u00e1cil y r\u00e1pido.\" \/>\n<meta name=\"robots\" content=\"index, follow, max-snippet:-1, max-image-preview:large, max-video-preview:-1\" \/>\n<link rel=\"canonical\" href=\"https:\/\/www.grupoxcaret.com\/es\/obten-ingresos-xcaret\/\" \/>\n<meta property=\"og:locale\" content=\"es_ES\" \/>\n<meta property=\"og:type\" content=\"article\" \/>\n<meta property=\"og:title\" content=\"Obt\u00e9n ingresos con Xcaret | Grupo Xcaret\u00a0 - Grupo Xcaret Sitio Corporativo\" \/>\n<meta property=\"og:description\" content=\"\u00danete a alguno de nuestros programas y comienza a obtener ingresos al vender parques y tours de Xcaret, as\u00ed como estancias en Hoteles Xcaret, f\u00e1cil y r\u00e1pido.\" \/>\n<meta property=\"og:url\" content=\"https:\/\/www.grupoxcaret.com\/es\/obten-ingresos-xcaret\/\" \/>\n<meta property=\"og:site_name\" content=\"Grupo Xcaret Sitio Corporativo\" \/>\n<meta property=\"article:modified_time\" content=\"2024-09-09T20:27:13+00:00\" \/>\n<meta name=\"twitter:card\" content=\"summary_large_image\" \/>\n<script type=\"application\/ld+json\" class=\"yoast-schema-graph\">{\"@context\":\"https:\/\/schema.org\",\"@graph\":[{\"@type\":\"Organization\",\"@id\":\"https:\/\/www.grupoxcaret.com\/es\/#organization\",\"name\":\"Grupo Xcaret\",\"url\":\"https:\/\/www.grupoxcaret.com\/es\/\",\"sameAs\":[],\"logo\":{\"@type\":\"ImageObject\",\"@id\":\"https:\/\/www.grupoxcaret.com\/es\/#logo\",\"inLanguage\":\"es\",\"url\":\"https:\/\/www.grupoxcaret.com\/es\/wp-content\/uploads\/2015\/04\/exx.png\",\"contentUrl\":\"https:\/\/www.grupoxcaret.com\/es\/wp-content\/uploads\/2015\/04\/exx.png\",\"width\":400,\"height\":136,\"caption\":\"Grupo Xcaret\"},\"image\":{\"@id\":\"https:\/\/www.grupoxcaret.com\/es\/#logo\"}},{\"@type\":\"WebSite\",\"@id\":\"https:\/\/www.grupoxcaret.com\/es\/#website\",\"url\":\"https:\/\/www.grupoxcaret.com\/es\/\",\"name\":\"Grupo Xcaret Sitio Corporativo\",\"description\":\"Conoce el sitio corporativo de Grupo Xcaret. Encuentra informaci\\u00f3n relevante acerca de nuestra historia, marcas, filosof\\u00eda empresarial, pol\\u00edtica de sostenibilidad y mucho m\\u00e1s.\",\"publisher\":{\"@id\":\"https:\/\/www.grupoxcaret.com\/es\/#organization\"},\"potentialAction\":[{\"@type\":\"SearchAction\",\"target\":{\"@type\":\"EntryPoint\",\"urlTemplate\":\"https:\/\/www.grupoxcaret.com\/es\/?s={search_term_string}\"},\"query-input\":\"required name=search_term_string\"}],\"inLanguage\":\"es\"},{\"@type\":\"WebPage\",\"@id\":\"https:\/\/www.grupoxcaret.com\/es\/obten-ingresos-xcaret\/#webpage\",\"url\":\"https:\/\/www.grupoxcaret.com\/es\/obten-ingresos-xcaret\/\",\"name\":\"Obt\\u00e9n ingresos con Xcaret | Grupo Xcaret\\u00a0 - Grupo Xcaret Sitio Corporativo\",\"isPartOf\":{\"@id\":\"https:\/\/www.grupoxcaret.com\/es\/#website\"},\"datePublished\":\"2024-01-30T18:44:14+00:00\",\"dateModified\":\"2024-09-09T20:27:13+00:00\",\"description\":\"\\u00danete a alguno de nuestros programas y comienza a obtener ingresos al vender parques y tours de Xcaret, as\\u00ed como estancias en Hoteles Xcaret, f\\u00e1cil y r\\u00e1pido.\",\"breadcrumb\":{\"@id\":\"https:\/\/www.grupoxcaret.com\/es\/obten-ingresos-xcaret\/#breadcrumb\"},\"inLanguage\":\"es\",\"potentialAction\":[{\"@type\":\"ReadAction\",\"target\":[\"https:\/\/www.grupoxcaret.com\/es\/obten-ingresos-xcaret\/\"]}]},{\"@type\":\"BreadcrumbList\",\"@id\":\"https:\/\/www.grupoxcaret.com\/es\/obten-ingresos-xcaret\/#breadcrumb\",\"itemListElement\":[{\"@type\":\"ListItem\",\"position\":1,\"name\":\"Inicio\",\"item\":\"https:\/\/www.grupoxcaret.com\/es\/\"},{\"@type\":\"ListItem\",\"position\":2,\"name\":\"Obt\\u00e9n ingresos con Xcaret | Grupo Xcaret\\u00a0\"}]}]}<\/script>\n<!-- \/ Yoast SEO plugin. -->","yoast_head_json":{"description":"\u00danete a alguno de nuestros programas y comienza a obtener ingresos al vender parques y tours de Xcaret, as\u00ed como estancias en Hoteles Xcaret, f\u00e1cil y r\u00e1pido.","robots":{"index":"index","follow":"follow","max-snippet":"max-snippet:-1","max-image-preview":"max-image-preview:large","max-video-preview":"max-video-preview:-1"},"canonical":"https:\/\/www.grupoxcaret.com\/es\/obten-ingresos-xcaret\/","og_locale":"es_ES","og_type":"article","og_title":"Obt\u00e9n ingresos con Xcaret | Grupo Xcaret\u00a0 - Grupo Xcaret Sitio Corporativo","og_description":"\u00danete a alguno de nuestros programas y comienza a obtener ingresos al vender parques y tours de Xcaret, as\u00ed como estancias en Hoteles Xcaret, f\u00e1cil y r\u00e1pido.","og_url":"https:\/\/www.grupoxcaret.com\/es\/obten-ingresos-xcaret\/","og_site_name":"Grupo Xcaret Sitio Corporativo","article_modified_time":"2024-09-09T20:27:13+00:00","twitter_card":"summary_large_image","schema":{"@context":"https:\/\/schema.org","@graph":[{"@type":"Organization","@id":"https:\/\/www.grupoxcaret.com\/es\/#organization","name":"Grupo Xcaret","url":"https:\/\/www.grupoxcaret.com\/es\/","sameAs":[],"logo":{"@type":"ImageObject","@id":"https:\/\/www.grupoxcaret.com\/es\/#logo","inLanguage":"es","url":"https:\/\/www.grupoxcaret.com\/es\/wp-content\/uploads\/2015\/04\/exx.png","contentUrl":"https:\/\/www.grupoxcaret.com\/es\/wp-content\/uploads\/2015\/04\/exx.png","width":400,"height":136,"caption":"Grupo Xcaret"},"image":{"@id":"https:\/\/www.grupoxcaret.com\/es\/#logo"}},{"@type":"WebSite","@id":"https:\/\/www.grupoxcaret.com\/es\/#website","url":"https:\/\/www.grupoxcaret.com\/es\/","name":"Grupo Xcaret Sitio Corporativo","description":"Conoce el sitio corporativo de Grupo Xcaret. Encuentra informaci\u00f3n relevante acerca de nuestra historia, marcas, filosof\u00eda empresarial, pol\u00edtica de sostenibilidad y mucho m\u00e1s.","publisher":{"@id":"https:\/\/www.grupoxcaret.com\/es\/#organization"},"potentialAction":[{"@type":"SearchAction","target":{"@type":"EntryPoint","urlTemplate":"https:\/\/www.grupoxcaret.com\/es\/?s={search_term_string}"},"query-input":"required name=search_term_string"}],"inLanguage":"es"},{"@type":"WebPage","@id":"https:\/\/www.grupoxcaret.com\/es\/obten-ingresos-xcaret\/#webpage","url":"https:\/\/www.grupoxcaret.com\/es\/obten-ingresos-xcaret\/","name":"Obt\u00e9n ingresos con Xcaret | Grupo Xcaret\u00a0 - Grupo Xcaret Sitio Corporativo","isPartOf":{"@id":"https:\/\/www.grupoxcaret.com\/es\/#website"},"datePublished":"2024-01-30T18:44:14+00:00","dateModified":"2024-09-09T20:27:13+00:00","description":"\u00danete a alguno de nuestros programas y comienza a obtener ingresos al vender parques y tours de Xcaret, as\u00ed como estancias en Hoteles Xcaret, f\u00e1cil y r\u00e1pido.","breadcrumb":{"@id":"https:\/\/www.grupoxcaret.com\/es\/obten-ingresos-xcaret\/#breadcrumb"},"inLanguage":"es","potentialAction":[{"@type":"ReadAction","target":["https:\/\/www.grupoxcaret.com\/es\/obten-ingresos-xcaret\/"]}]},{"@type":"BreadcrumbList","@id":"https:\/\/www.grupoxcaret.com\/es\/obten-ingresos-xcaret\/#breadcrumb","itemListElement":[{"@type":"ListItem","position":1,"name":"Inicio","item":"https:\/\/www.grupoxcaret.com\/es\/"},{"@type":"ListItem","position":2,"name":"Obt\u00e9n ingresos con Xcaret | Grupo Xcaret\u00a0"}]}]}},"_links":{"self":[{"href":"https:\/\/www.grupoxcaret.com\/es\/wp-json\/wp\/v2\/pages\/5587"}],"collection":[{"href":"https:\/\/www.grupoxcaret.com\/es\/wp-json\/wp\/v2\/pages"}],"about":[{"href":"https:\/\/www.grupoxcaret.com\/es\/wp-json\/wp\/v2\/types\/page"}],"author":[{"embeddable":true,"href":"https:\/\/www.grupoxcaret.com\/es\/wp-json\/wp\/v2\/users\/30"}],"replies":[{"embeddable":true,"href":"https:\/\/www.grupoxcaret.com\/es\/wp-json\/wp\/v2\/comments?post=5587"}],"version-history":[{"count":2,"href":"https:\/\/www.grupoxcaret.com\/es\/wp-json\/wp\/v2\/pages\/5587\/revisions"}],"predecessor-version":[{"id":5907,"href":"https:\/\/www.grupoxcaret.com\/es\/wp-json\/wp\/v2\/pages\/5587\/revisions\/5907"}],"wp:attachment":[{"href":"https:\/\/www.grupoxcaret.com\/es\/wp-json\/wp\/v2\/media?parent=5587"}],"curies":[{"name":"wp","href":"https:\/\/api.w.org\/{rel}","templated":true}]}}