{"id":51,"date":"2014-08-28T15:19:01","date_gmt":"2014-08-28T15:19:01","guid":{"rendered":"http:\/\/experienciasxcaret.mx\/corporativo\/?page_id=51"},"modified":"2023-01-25T15:47:05","modified_gmt":"2023-01-25T15:47:05","slug":"xenotes","status":"publish","type":"page","link":"https:\/\/www.grupoxcaret.com\/es\/xenotes\/","title":{"rendered":"Xenotes"},"content":{"rendered":"<h2><\/h2>\n<blockquote><p>Abraza la naturaleza y protagoniza una aventura \u00fanica en majestuosos cenotes, siente el misterio de la selva, vive la herencia del pasado.<\/p><\/blockquote>\n<p><strong>Xenotes<\/strong> es un magn\u00edfico tour para visitar cuatro diferentes tipos de cenotes en un mismo d\u00eda, adentrarse en las leyendas y el misterio de la selva, practicar kayak, rapel, snorquel y tirolesas, en una experiencia inolvidable.<\/p>\n<div class=\"panel panel-default\">\n<div class=\"panel-heading\">\n<h3 class=\"panel-title\">Xenotes en N\u00fameros<\/h3>\n<\/div>\n<div class=\"panel-body\">\n<p><strong>Fecha de Apertura<\/strong>: Julio 2013<strong>N\u00famero de cenotes que incluye el tour:<\/strong> 4 diferentes tipos<strong>Tiempo de estancia en cada cenote:<\/strong> 1 hora aproximadamente<\/p>\n<p><strong>Ubicaci\u00f3n:<\/strong> 35 Km de Canc\u00fan<\/p>\n<p><strong>Empleos directos:<\/strong> 55<\/p>\n<p><strong>Empleos indirectos:<\/strong> 220<\/p>\n<p><strong>Inversi\u00f3n:<\/strong> $ 35\u00b4000,000 MXN<\/p>\n<p><strong>Sitio Web:<\/strong>&nbsp;<a title=\"Xenotes\" href=\"http:\/\/www.xenotes.com.mx\/\" target=\"_blank\" rel=\"noopener noreferrer\">www.xenotes.com.mx<\/a><\/p>\n<p><strong>Fact:<\/strong> Es el \u00fanico tour en Canc\u00fan y la Riviera Maya que integra cuatro diferentes tipos de cenotes en una experiencia singular: adentra al visitante a los m\u00edticos parajes naturales y su profundo significado cultural.<\/p>\n<p><strong>Actividades:<\/strong> Circuito de aventura en cuatro diferentes tipos de cenotes con actividades en cada uno.<\/p>\n<p><strong>Historia: Tour Xenotes<\/strong> es un circuito en donde los visitantes tienen la oportunidad de conocer cuatro diferentes tipos de cenotes: uno antiguo, uno semi abierto, uno abierto y otro tipo caverna. En cada uno se realiza una actividad distinta: rappel, tirolesas, kayak y esn\u00f3rquel.<\/p>\n<\/div>\n<\/div>\n<p>El circuito incluye transportaci\u00f3n en viaje redondo, frutas y bebidas sin alcohol al finalizar el primer cenote, Glam Picnic al final de todo el recorrido, dos toallas y equipo completo de esn\u00f3rquel.<\/p>\n<p>M\u00e1s all\u00e1 de deportes extremos o un d\u00eda en la naturaleza, el <strong>Tour Xenotes<\/strong>&nbsp;ofrece momentos de verdadera convivencia, con atenci\u00f3n personalizada a grupos de 19 aventureros, quienes guiados por expertos conocedores de este entorno virgen, ser\u00e1n instruidos sobre las actividades, an\u00e9cdotas y leyendas de la regi\u00f3n.<\/p>\n","protected":false},"excerpt":{"rendered":"<p>Abraza la naturaleza y protagoniza una aventura \u00fanica en majestuosos cenotes, siente el misterio de la selva, vive la herencia del pasado. Xenotes es un magn\u00edfico tour para visitar cuatro diferentes tipos de cenotes en un mismo d\u00eda, adentrarse en las leyendas y el misterio de la selva, practicar kayak, rapel, snorquel y tirolesas, en [&hellip;]<\/p>\n","protected":false},"author":1,"featured_media":1029,"parent":0,"menu_order":0,"comment_status":"open","ping_status":"open","template":"","meta":[],"yoast_head":"<!-- This site is optimized with the Yoast SEO plugin v17.6 - https:\/\/yoast.com\/wordpress\/plugins\/seo\/ -->\n<meta name=\"description\" content=\"\u00bfSabes qu\u00e9 hace tan especial el Tour Xenotes? Qu\u00e9 es el \u00fanico tour que te lleva a conocer los cuatro tipos de cenotes que existen, entre otros datos que podr\u00e1s conocer aqu\u00ed.\" \/>\n<meta name=\"robots\" content=\"index, follow, max-snippet:-1, max-image-preview:large, max-video-preview:-1\" \/>\n<link rel=\"canonical\" href=\"https:\/\/www.grupoxcaret.com\/es\/xenotes\/\" \/>\n<meta property=\"og:locale\" content=\"es_ES\" \/>\n<meta property=\"og:type\" content=\"article\" \/>\n<meta property=\"og:title\" content=\"Tour Xenotes | Grupo Xcaret Sitio Corporativo\" \/>\n<meta property=\"og:description\" content=\"\u00bfSabes qu\u00e9 hace tan especial el Tour Xenotes? Qu\u00e9 es el \u00fanico tour que te lleva a conocer los cuatro tipos de cenotes que existen, entre otros datos que podr\u00e1s conocer aqu\u00ed.\" \/>\n<meta property=\"og:url\" content=\"https:\/\/www.grupoxcaret.com\/es\/xenotes\/\" \/>\n<meta property=\"og:site_name\" content=\"Grupo Xcaret Sitio Corporativo\" \/>\n<meta property=\"article:modified_time\" content=\"2023-01-25T15:47:05+00:00\" \/>\n<meta property=\"og:image\" content=\"https:\/\/www.grupoxcaret.com\/es\/wp-content\/uploads\/2015\/01\/xenotes.jpg\" \/>\n\t<meta property=\"og:image:width\" content=\"768\" \/>\n\t<meta property=\"og:image:height\" content=\"512\" \/>\n<meta name=\"twitter:card\" content=\"summary_large_image\" \/>\n<meta name=\"twitter:label1\" content=\"Tiempo de lectura\" \/>\n\t<meta name=\"twitter:data1\" content=\"2 minutos\" \/>\n<script type=\"application\/ld+json\" class=\"yoast-schema-graph\">{\"@context\":\"https:\/\/schema.org\",\"@graph\":[{\"@type\":\"Organization\",\"@id\":\"https:\/\/www.grupoxcaret.com\/es\/#organization\",\"name\":\"Grupo Xcaret\",\"url\":\"https:\/\/www.grupoxcaret.com\/es\/\",\"sameAs\":[],\"logo\":{\"@type\":\"ImageObject\",\"@id\":\"https:\/\/www.grupoxcaret.com\/es\/#logo\",\"inLanguage\":\"es\",\"url\":\"https:\/\/www.grupoxcaret.com\/es\/wp-content\/uploads\/2015\/04\/exx.png\",\"contentUrl\":\"https:\/\/www.grupoxcaret.com\/es\/wp-content\/uploads\/2015\/04\/exx.png\",\"width\":400,\"height\":136,\"caption\":\"Grupo Xcaret\"},\"image\":{\"@id\":\"https:\/\/www.grupoxcaret.com\/es\/#logo\"}},{\"@type\":\"WebSite\",\"@id\":\"https:\/\/www.grupoxcaret.com\/es\/#website\",\"url\":\"https:\/\/www.grupoxcaret.com\/es\/\",\"name\":\"Grupo Xcaret Sitio Corporativo\",\"description\":\"Conoce el sitio corporativo de Grupo Xcaret. Encuentra informaci\\u00f3n relevante acerca de nuestra historia, marcas, filosof\\u00eda empresarial, pol\\u00edtica de sostenibilidad y mucho m\\u00e1s.\",\"publisher\":{\"@id\":\"https:\/\/www.grupoxcaret.com\/es\/#organization\"},\"potentialAction\":[{\"@type\":\"SearchAction\",\"target\":{\"@type\":\"EntryPoint\",\"urlTemplate\":\"https:\/\/www.grupoxcaret.com\/es\/?s={search_term_string}\"},\"query-input\":\"required name=search_term_string\"}],\"inLanguage\":\"es\"},{\"@type\":\"ImageObject\",\"@id\":\"https:\/\/www.grupoxcaret.com\/es\/xenotes\/#primaryimage\",\"inLanguage\":\"es\",\"url\":\"https:\/\/www.grupoxcaret.com\/es\/wp-content\/uploads\/2015\/01\/xenotes.jpg\",\"contentUrl\":\"https:\/\/www.grupoxcaret.com\/es\/wp-content\/uploads\/2015\/01\/xenotes.jpg\",\"width\":768,\"height\":512},{\"@type\":\"WebPage\",\"@id\":\"https:\/\/www.grupoxcaret.com\/es\/xenotes\/#webpage\",\"url\":\"https:\/\/www.grupoxcaret.com\/es\/xenotes\/\",\"name\":\"Tour Xenotes | Grupo Xcaret Sitio Corporativo\",\"isPartOf\":{\"@id\":\"https:\/\/www.grupoxcaret.com\/es\/#website\"},\"primaryImageOfPage\":{\"@id\":\"https:\/\/www.grupoxcaret.com\/es\/xenotes\/#primaryimage\"},\"datePublished\":\"2014-08-28T15:19:01+00:00\",\"dateModified\":\"2023-01-25T15:47:05+00:00\",\"description\":\"\\u00bfSabes qu\\u00e9 hace tan especial el Tour Xenotes? Qu\\u00e9 es el \\u00fanico tour que te lleva a conocer los cuatro tipos de cenotes que existen, entre otros datos que podr\\u00e1s conocer aqu\\u00ed.\",\"breadcrumb\":{\"@id\":\"https:\/\/www.grupoxcaret.com\/es\/xenotes\/#breadcrumb\"},\"inLanguage\":\"es\",\"potentialAction\":[{\"@type\":\"ReadAction\",\"target\":[\"https:\/\/www.grupoxcaret.com\/es\/xenotes\/\"]}]},{\"@type\":\"BreadcrumbList\",\"@id\":\"https:\/\/www.grupoxcaret.com\/es\/xenotes\/#breadcrumb\",\"itemListElement\":[{\"@type\":\"ListItem\",\"position\":1,\"name\":\"Inicio\",\"item\":\"https:\/\/www.grupoxcaret.com\/es\/\"},{\"@type\":\"ListItem\",\"position\":2,\"name\":\"Xenotes\"}]}]}<\/script>\n<!-- \/ Yoast SEO plugin. -->","yoast_head_json":{"description":"\u00bfSabes qu\u00e9 hace tan especial el Tour Xenotes? Qu\u00e9 es el \u00fanico tour que te lleva a conocer los cuatro tipos de cenotes que existen, entre otros datos que podr\u00e1s conocer aqu\u00ed.","robots":{"index":"index","follow":"follow","max-snippet":"max-snippet:-1","max-image-preview":"max-image-preview:large","max-video-preview":"max-video-preview:-1"},"canonical":"https:\/\/www.grupoxcaret.com\/es\/xenotes\/","og_locale":"es_ES","og_type":"article","og_title":"Tour Xenotes | Grupo Xcaret Sitio Corporativo","og_description":"\u00bfSabes qu\u00e9 hace tan especial el Tour Xenotes? Qu\u00e9 es el \u00fanico tour que te lleva a conocer los cuatro tipos de cenotes que existen, entre otros datos que podr\u00e1s conocer aqu\u00ed.","og_url":"https:\/\/www.grupoxcaret.com\/es\/xenotes\/","og_site_name":"Grupo Xcaret Sitio Corporativo","article_modified_time":"2023-01-25T15:47:05+00:00","og_image":[{"width":768,"height":512,"url":"https:\/\/www.grupoxcaret.com\/es\/wp-content\/uploads\/2015\/01\/xenotes.jpg","type":"image\/jpeg"}],"twitter_card":"summary_large_image","twitter_misc":{"Tiempo de lectura":"2 minutos"},"schema":{"@context":"https:\/\/schema.org","@graph":[{"@type":"Organization","@id":"https:\/\/www.grupoxcaret.com\/es\/#organization","name":"Grupo Xcaret","url":"https:\/\/www.grupoxcaret.com\/es\/","sameAs":[],"logo":{"@type":"ImageObject","@id":"https:\/\/www.grupoxcaret.com\/es\/#logo","inLanguage":"es","url":"https:\/\/www.grupoxcaret.com\/es\/wp-content\/uploads\/2015\/04\/exx.png","contentUrl":"https:\/\/www.grupoxcaret.com\/es\/wp-content\/uploads\/2015\/04\/exx.png","width":400,"height":136,"caption":"Grupo Xcaret"},"image":{"@id":"https:\/\/www.grupoxcaret.com\/es\/#logo"}},{"@type":"WebSite","@id":"https:\/\/www.grupoxcaret.com\/es\/#website","url":"https:\/\/www.grupoxcaret.com\/es\/","name":"Grupo Xcaret Sitio Corporativo","description":"Conoce el sitio corporativo de Grupo Xcaret. Encuentra informaci\u00f3n relevante acerca de nuestra historia, marcas, filosof\u00eda empresarial, pol\u00edtica de sostenibilidad y mucho m\u00e1s.","publisher":{"@id":"https:\/\/www.grupoxcaret.com\/es\/#organization"},"potentialAction":[{"@type":"SearchAction","target":{"@type":"EntryPoint","urlTemplate":"https:\/\/www.grupoxcaret.com\/es\/?s={search_term_string}"},"query-input":"required name=search_term_string"}],"inLanguage":"es"},{"@type":"ImageObject","@id":"https:\/\/www.grupoxcaret.com\/es\/xenotes\/#primaryimage","inLanguage":"es","url":"https:\/\/www.grupoxcaret.com\/es\/wp-content\/uploads\/2015\/01\/xenotes.jpg","contentUrl":"https:\/\/www.grupoxcaret.com\/es\/wp-content\/uploads\/2015\/01\/xenotes.jpg","width":768,"height":512},{"@type":"WebPage","@id":"https:\/\/www.grupoxcaret.com\/es\/xenotes\/#webpage","url":"https:\/\/www.grupoxcaret.com\/es\/xenotes\/","name":"Tour Xenotes | Grupo Xcaret Sitio Corporativo","isPartOf":{"@id":"https:\/\/www.grupoxcaret.com\/es\/#website"},"primaryImageOfPage":{"@id":"https:\/\/www.grupoxcaret.com\/es\/xenotes\/#primaryimage"},"datePublished":"2014-08-28T15:19:01+00:00","dateModified":"2023-01-25T15:47:05+00:00","description":"\u00bfSabes qu\u00e9 hace tan especial el Tour Xenotes? Qu\u00e9 es el \u00fanico tour que te lleva a conocer los cuatro tipos de cenotes que existen, entre otros datos que podr\u00e1s conocer aqu\u00ed.","breadcrumb":{"@id":"https:\/\/www.grupoxcaret.com\/es\/xenotes\/#breadcrumb"},"inLanguage":"es","potentialAction":[{"@type":"ReadAction","target":["https:\/\/www.grupoxcaret.com\/es\/xenotes\/"]}]},{"@type":"BreadcrumbList","@id":"https:\/\/www.grupoxcaret.com\/es\/xenotes\/#breadcrumb","itemListElement":[{"@type":"ListItem","position":1,"name":"Inicio","item":"https:\/\/www.grupoxcaret.com\/es\/"},{"@type":"ListItem","position":2,"name":"Xenotes"}]}]}},"_links":{"self":[{"href":"https:\/\/www.grupoxcaret.com\/es\/wp-json\/wp\/v2\/pages\/51"}],"collection":[{"href":"https:\/\/www.grupoxcaret.com\/es\/wp-json\/wp\/v2\/pages"}],"about":[{"href":"https:\/\/www.grupoxcaret.com\/es\/wp-json\/wp\/v2\/types\/page"}],"author":[{"embeddable":true,"href":"https:\/\/www.grupoxcaret.com\/es\/wp-json\/wp\/v2\/users\/1"}],"replies":[{"embeddable":true,"href":"https:\/\/www.grupoxcaret.com\/es\/wp-json\/wp\/v2\/comments?post=51"}],"version-history":[{"count":3,"href":"https:\/\/www.grupoxcaret.com\/es\/wp-json\/wp\/v2\/pages\/51\/revisions"}],"predecessor-version":[{"id":5373,"href":"https:\/\/www.grupoxcaret.com\/es\/wp-json\/wp\/v2\/pages\/51\/revisions\/5373"}],"wp:featuredmedia":[{"embeddable":true,"href":"https:\/\/www.grupoxcaret.com\/es\/wp-json\/wp\/v2\/media\/1029"}],"wp:attachment":[{"href":"https:\/\/www.grupoxcaret.com\/es\/wp-json\/wp\/v2\/media?parent=51"}],"curies":[{"name":"wp","href":"https:\/\/api.w.org\/{rel}","templated":true}]}}