{"id":45,"date":"2014-08-28T15:18:16","date_gmt":"2014-08-28T15:18:16","guid":{"rendered":"http:\/\/experienciasxcaret.mx\/corporativo\/?page_id=45"},"modified":"2020-04-24T18:57:11","modified_gmt":"2020-04-24T18:57:11","slug":"xel-ha","status":"publish","type":"page","link":"https:\/\/www.grupoxcaret.com\/es\/xel-ha\/","title":{"rendered":"Parque Xel-H\u00e1"},"content":{"rendered":"<h2><\/h2>\n<blockquote><p>D\u00e9jate cautivar por la belleza de sus aguas multicolores, vuela sin alas y descubre este para\u00edso labrado por la madre naturaleza.<\/p><\/blockquote>\n<p><strong>Xel-H\u00e1<\/strong> es una maravilla natural frente al mar Caribe, con una magn\u00edfica caleta para practicar esn\u00f3rquel y descubrir la vida marina; con extraordinarios recorridos para conocer los secretos de la selva y el manglar; y restaurantes de excelencia para vivir una gran experiencia gastron\u00f3mica.<\/p>\n<div class=\"panel panel-default\">\n<div class=\"panel-heading\">\n<h3 class=\"panel-title\">Xel-H\u00e1 en N\u00fameros<\/h3>\n<\/div>\n<div class=\"panel-body\">\n<p><strong>Inicio de operaci\u00f3n a cargo de Experiencias Xcaret:<\/strong> Noviembre 1994<strong>Inicio del proyecto:<\/strong>: Hace 250,000 a\u00f1os<\/p>\n<p><strong>Extensi\u00f3n:<\/strong> 70 hect\u00e1reas de tierra y 14 de agua<\/p>\n<p><strong>Visitas Totales al A\u00f1o:<\/strong> 750,000<\/p>\n<p><strong>Significado de la palabra Xel-H\u00e1:<\/strong> Donde nace el agua<\/p>\n<p><strong>Ubicaci\u00f3n geogr\u00e1fica:<\/strong> 45 Km al sur de Playa del Carmen y 15 Km al norte de Tulum<\/p>\n<p><strong>Empleos directos:<\/strong> 600<\/p>\n<p><strong>Empleos indirectos:<\/strong> 2,400<\/p>\n<p><strong>Porcentaje de residuos reciclados anualmente:<\/strong> 80%<\/p>\n<p><strong>Huella de carbono:<\/strong> 0.5 toneladas de CO2 por visitante al a\u00f1o<\/p>\n<p><strong>Sitio Web<\/strong>: <a title=\"Xel-H\u00e1\" href=\"http:\/\/es.xelha.com\/\" target=\"_blank\" rel=\"noopener noreferrer\">www.xelha.com<\/a><\/p>\n<p><strong>Actividades<\/strong>: Parque natural con servicio \u00abTodo Incluido\u00bb -consta de alimentos y bebidas ilimitadas- , ideal para practicar esn\u00f3rquel y disfrutar actividades acu\u00e1ticas en caletas y r\u00edos con toda la familia.<\/p>\n<p><strong>Ubicaci\u00f3n<\/strong>: En la Riviera Maya a 45 km al sur de Playa del Carmen y a 15 km al norte de Tulum.<\/p>\n<p><strong>Historia:\u00a0<\/strong>Xel-H\u00e1 abri\u00f3 sus puertas en 1995, recibiendo a partir de esa fecha un aproximado de 650,000 visitantes al a\u00f1o.<\/p>\n<\/div>\n<\/div>\n<p>El <strong>Parque Xel-H\u00e1<\/strong>, tambi\u00e9n conocido como la <em>maravilla natural de M\u00e9xico<\/em>, se encuentra ubicado en un paisaje enmarcado por r\u00edos, caletas y pasajes en la jungla. Aqu\u00ed las actividades son principalmente acu\u00e1ticas, siendo la m\u00e1s famosa la del esn\u00f3rquel, por la amplia variedad de fauna marina que habita en sus aguas. Los visitantes tambi\u00e9n pueden realizar paseos en bicicleta o deslizarse en tirolesas. La admisi\u00f3n incluye adem\u00e1s alimentos y bebidas ilimitados en cualquiera de sus cuatro restaurantes.<\/p>\n<p>Como parque natural, en Xel-H\u00e1 se promueve el amor y la interacci\u00f3n con la naturaleza, por medio de eventos especiales como las ceremonias de la Abeja Melipona y el Jard\u00edn de los Chacahs; as\u00ed como el <a title=\"Triatl\u00f3n Xel-H\u00e1\" href=\"http:\/\/www.triatlonxelha.com\/\" target=\"_blank\" rel=\"noopener noreferrer\">Triatl\u00f3n Xel-H\u00e1<\/a>, que por su importancia ya ha sido elegido por la <em>Federaci\u00f3n Mexicana de Triatl\u00f3n<\/em> como sede del <em>Campeonato Nacional de Categor\u00edas<\/em>.<\/p>\n<p>Entre los reconocimientos que el parque Xel-H\u00e1 ha recibido se encuentra la\u00a0<strong>Certificaci\u00f3n Internacional para el Turismo Sustentable EarthCheck Oro<\/strong>, siendo el primer Parque en el mundo en obtener la categor\u00eda \u00aboro\u00bb en el a\u00f1o 2014, el\u00a0<strong>Distintivo de Empresa Socialmente Responsable<\/strong>, el <strong>Certificado de Excelencia por Trip Advisor<\/strong> y el <strong>Premio a las Mejores Pr\u00e1cticas Empresariales por la Preservaci\u00f3n y Conservaci\u00f3n de una Especie Amenazada: el Caracol Rosa<\/strong>.<\/p>\n","protected":false},"excerpt":{"rendered":"<p>D\u00e9jate cautivar por la belleza de sus aguas multicolores, vuela sin alas y descubre este para\u00edso labrado por la madre naturaleza. Xel-H\u00e1 es una maravilla natural frente al mar Caribe, con una magn\u00edfica caleta para practicar esn\u00f3rquel y descubrir la vida marina; con extraordinarios recorridos para conocer los secretos de la selva y el manglar; [&hellip;]<\/p>\n","protected":false},"author":1,"featured_media":1034,"parent":0,"menu_order":0,"comment_status":"open","ping_status":"open","template":"","meta":[],"yoast_head":"<!-- This site is optimized with the Yoast SEO plugin v17.6 - https:\/\/yoast.com\/wordpress\/plugins\/seo\/ -->\n<meta name=\"description\" content=\"Si busas informaci\u00f3n relevante e interesante de Xel-H\u00e1, est\u00e1s en el lugar correcto. Historia, certificaciones, reconocimientos y m\u00e1s datos de inter\u00e9s.\" \/>\n<meta name=\"robots\" content=\"index, follow, max-snippet:-1, max-image-preview:large, max-video-preview:-1\" \/>\n<link rel=\"canonical\" href=\"https:\/\/www.grupoxcaret.com\/es\/xel-ha\/\" \/>\n<meta property=\"og:locale\" content=\"es_ES\" \/>\n<meta property=\"og:type\" content=\"article\" \/>\n<meta property=\"og:title\" content=\"Parque Xel-H\u00e1 | Grupo Xcaret Sitio Corporativo\" \/>\n<meta property=\"og:description\" content=\"Si busas informaci\u00f3n relevante e interesante de Xel-H\u00e1, est\u00e1s en el lugar correcto. Historia, certificaciones, reconocimientos y m\u00e1s datos de inter\u00e9s.\" \/>\n<meta property=\"og:url\" content=\"https:\/\/www.grupoxcaret.com\/es\/xel-ha\/\" \/>\n<meta property=\"og:site_name\" content=\"Grupo Xcaret Sitio Corporativo\" \/>\n<meta property=\"article:modified_time\" content=\"2020-04-24T18:57:11+00:00\" \/>\n<meta property=\"og:image\" content=\"https:\/\/www.grupoxcaret.com\/es\/wp-content\/uploads\/2015\/01\/xelha.jpg\" \/>\n\t<meta property=\"og:image:width\" content=\"768\" \/>\n\t<meta property=\"og:image:height\" content=\"512\" \/>\n<meta name=\"twitter:card\" content=\"summary_large_image\" \/>\n<meta name=\"twitter:label1\" content=\"Tiempo de lectura\" \/>\n\t<meta name=\"twitter:data1\" content=\"2 minutos\" \/>\n<script type=\"application\/ld+json\" class=\"yoast-schema-graph\">{\"@context\":\"https:\/\/schema.org\",\"@graph\":[{\"@type\":\"Organization\",\"@id\":\"https:\/\/www.grupoxcaret.com\/es\/#organization\",\"name\":\"Grupo Xcaret\",\"url\":\"https:\/\/www.grupoxcaret.com\/es\/\",\"sameAs\":[],\"logo\":{\"@type\":\"ImageObject\",\"@id\":\"https:\/\/www.grupoxcaret.com\/es\/#logo\",\"inLanguage\":\"es\",\"url\":\"https:\/\/www.grupoxcaret.com\/es\/wp-content\/uploads\/2015\/04\/exx.png\",\"contentUrl\":\"https:\/\/www.grupoxcaret.com\/es\/wp-content\/uploads\/2015\/04\/exx.png\",\"width\":400,\"height\":136,\"caption\":\"Grupo Xcaret\"},\"image\":{\"@id\":\"https:\/\/www.grupoxcaret.com\/es\/#logo\"}},{\"@type\":\"WebSite\",\"@id\":\"https:\/\/www.grupoxcaret.com\/es\/#website\",\"url\":\"https:\/\/www.grupoxcaret.com\/es\/\",\"name\":\"Grupo Xcaret Sitio Corporativo\",\"description\":\"Conoce el sitio corporativo de Grupo Xcaret. Encuentra informaci\\u00f3n relevante acerca de nuestra historia, marcas, filosof\\u00eda empresarial, pol\\u00edtica de sostenibilidad y mucho m\\u00e1s.\",\"publisher\":{\"@id\":\"https:\/\/www.grupoxcaret.com\/es\/#organization\"},\"potentialAction\":[{\"@type\":\"SearchAction\",\"target\":{\"@type\":\"EntryPoint\",\"urlTemplate\":\"https:\/\/www.grupoxcaret.com\/es\/?s={search_term_string}\"},\"query-input\":\"required name=search_term_string\"}],\"inLanguage\":\"es\"},{\"@type\":\"ImageObject\",\"@id\":\"https:\/\/www.grupoxcaret.com\/es\/xel-ha\/#primaryimage\",\"inLanguage\":\"es\",\"url\":\"https:\/\/www.grupoxcaret.com\/es\/wp-content\/uploads\/2015\/01\/xelha.jpg\",\"contentUrl\":\"https:\/\/www.grupoxcaret.com\/es\/wp-content\/uploads\/2015\/01\/xelha.jpg\",\"width\":768,\"height\":512},{\"@type\":\"WebPage\",\"@id\":\"https:\/\/www.grupoxcaret.com\/es\/xel-ha\/#webpage\",\"url\":\"https:\/\/www.grupoxcaret.com\/es\/xel-ha\/\",\"name\":\"Parque Xel-H\\u00e1 | Grupo Xcaret Sitio Corporativo\",\"isPartOf\":{\"@id\":\"https:\/\/www.grupoxcaret.com\/es\/#website\"},\"primaryImageOfPage\":{\"@id\":\"https:\/\/www.grupoxcaret.com\/es\/xel-ha\/#primaryimage\"},\"datePublished\":\"2014-08-28T15:18:16+00:00\",\"dateModified\":\"2020-04-24T18:57:11+00:00\",\"description\":\"Si busas informaci\\u00f3n relevante e interesante de Xel-H\\u00e1, est\\u00e1s en el lugar correcto. Historia, certificaciones, reconocimientos y m\\u00e1s datos de inter\\u00e9s.\",\"breadcrumb\":{\"@id\":\"https:\/\/www.grupoxcaret.com\/es\/xel-ha\/#breadcrumb\"},\"inLanguage\":\"es\",\"potentialAction\":[{\"@type\":\"ReadAction\",\"target\":[\"https:\/\/www.grupoxcaret.com\/es\/xel-ha\/\"]}]},{\"@type\":\"BreadcrumbList\",\"@id\":\"https:\/\/www.grupoxcaret.com\/es\/xel-ha\/#breadcrumb\",\"itemListElement\":[{\"@type\":\"ListItem\",\"position\":1,\"name\":\"Inicio\",\"item\":\"https:\/\/www.grupoxcaret.com\/es\/\"},{\"@type\":\"ListItem\",\"position\":2,\"name\":\"Parque Xel-H\\u00e1\"}]}]}<\/script>\n<!-- \/ Yoast SEO plugin. -->","yoast_head_json":{"description":"Si busas informaci\u00f3n relevante e interesante de Xel-H\u00e1, est\u00e1s en el lugar correcto. Historia, certificaciones, reconocimientos y m\u00e1s datos de inter\u00e9s.","robots":{"index":"index","follow":"follow","max-snippet":"max-snippet:-1","max-image-preview":"max-image-preview:large","max-video-preview":"max-video-preview:-1"},"canonical":"https:\/\/www.grupoxcaret.com\/es\/xel-ha\/","og_locale":"es_ES","og_type":"article","og_title":"Parque Xel-H\u00e1 | Grupo Xcaret Sitio Corporativo","og_description":"Si busas informaci\u00f3n relevante e interesante de Xel-H\u00e1, est\u00e1s en el lugar correcto. Historia, certificaciones, reconocimientos y m\u00e1s datos de inter\u00e9s.","og_url":"https:\/\/www.grupoxcaret.com\/es\/xel-ha\/","og_site_name":"Grupo Xcaret Sitio Corporativo","article_modified_time":"2020-04-24T18:57:11+00:00","og_image":[{"width":768,"height":512,"url":"https:\/\/www.grupoxcaret.com\/es\/wp-content\/uploads\/2015\/01\/xelha.jpg","type":"image\/jpeg"}],"twitter_card":"summary_large_image","twitter_misc":{"Tiempo de lectura":"2 minutos"},"schema":{"@context":"https:\/\/schema.org","@graph":[{"@type":"Organization","@id":"https:\/\/www.grupoxcaret.com\/es\/#organization","name":"Grupo Xcaret","url":"https:\/\/www.grupoxcaret.com\/es\/","sameAs":[],"logo":{"@type":"ImageObject","@id":"https:\/\/www.grupoxcaret.com\/es\/#logo","inLanguage":"es","url":"https:\/\/www.grupoxcaret.com\/es\/wp-content\/uploads\/2015\/04\/exx.png","contentUrl":"https:\/\/www.grupoxcaret.com\/es\/wp-content\/uploads\/2015\/04\/exx.png","width":400,"height":136,"caption":"Grupo Xcaret"},"image":{"@id":"https:\/\/www.grupoxcaret.com\/es\/#logo"}},{"@type":"WebSite","@id":"https:\/\/www.grupoxcaret.com\/es\/#website","url":"https:\/\/www.grupoxcaret.com\/es\/","name":"Grupo Xcaret Sitio Corporativo","description":"Conoce el sitio corporativo de Grupo Xcaret. Encuentra informaci\u00f3n relevante acerca de nuestra historia, marcas, filosof\u00eda empresarial, pol\u00edtica de sostenibilidad y mucho m\u00e1s.","publisher":{"@id":"https:\/\/www.grupoxcaret.com\/es\/#organization"},"potentialAction":[{"@type":"SearchAction","target":{"@type":"EntryPoint","urlTemplate":"https:\/\/www.grupoxcaret.com\/es\/?s={search_term_string}"},"query-input":"required name=search_term_string"}],"inLanguage":"es"},{"@type":"ImageObject","@id":"https:\/\/www.grupoxcaret.com\/es\/xel-ha\/#primaryimage","inLanguage":"es","url":"https:\/\/www.grupoxcaret.com\/es\/wp-content\/uploads\/2015\/01\/xelha.jpg","contentUrl":"https:\/\/www.grupoxcaret.com\/es\/wp-content\/uploads\/2015\/01\/xelha.jpg","width":768,"height":512},{"@type":"WebPage","@id":"https:\/\/www.grupoxcaret.com\/es\/xel-ha\/#webpage","url":"https:\/\/www.grupoxcaret.com\/es\/xel-ha\/","name":"Parque Xel-H\u00e1 | Grupo Xcaret Sitio Corporativo","isPartOf":{"@id":"https:\/\/www.grupoxcaret.com\/es\/#website"},"primaryImageOfPage":{"@id":"https:\/\/www.grupoxcaret.com\/es\/xel-ha\/#primaryimage"},"datePublished":"2014-08-28T15:18:16+00:00","dateModified":"2020-04-24T18:57:11+00:00","description":"Si busas informaci\u00f3n relevante e interesante de Xel-H\u00e1, est\u00e1s en el lugar correcto. Historia, certificaciones, reconocimientos y m\u00e1s datos de inter\u00e9s.","breadcrumb":{"@id":"https:\/\/www.grupoxcaret.com\/es\/xel-ha\/#breadcrumb"},"inLanguage":"es","potentialAction":[{"@type":"ReadAction","target":["https:\/\/www.grupoxcaret.com\/es\/xel-ha\/"]}]},{"@type":"BreadcrumbList","@id":"https:\/\/www.grupoxcaret.com\/es\/xel-ha\/#breadcrumb","itemListElement":[{"@type":"ListItem","position":1,"name":"Inicio","item":"https:\/\/www.grupoxcaret.com\/es\/"},{"@type":"ListItem","position":2,"name":"Parque Xel-H\u00e1"}]}]}},"_links":{"self":[{"href":"https:\/\/www.grupoxcaret.com\/es\/wp-json\/wp\/v2\/pages\/45"}],"collection":[{"href":"https:\/\/www.grupoxcaret.com\/es\/wp-json\/wp\/v2\/pages"}],"about":[{"href":"https:\/\/www.grupoxcaret.com\/es\/wp-json\/wp\/v2\/types\/page"}],"author":[{"embeddable":true,"href":"https:\/\/www.grupoxcaret.com\/es\/wp-json\/wp\/v2\/users\/1"}],"replies":[{"embeddable":true,"href":"https:\/\/www.grupoxcaret.com\/es\/wp-json\/wp\/v2\/comments?post=45"}],"version-history":[{"count":2,"href":"https:\/\/www.grupoxcaret.com\/es\/wp-json\/wp\/v2\/pages\/45\/revisions"}],"predecessor-version":[{"id":3390,"href":"https:\/\/www.grupoxcaret.com\/es\/wp-json\/wp\/v2\/pages\/45\/revisions\/3390"}],"wp:featuredmedia":[{"embeddable":true,"href":"https:\/\/www.grupoxcaret.com\/es\/wp-json\/wp\/v2\/media\/1034"}],"wp:attachment":[{"href":"https:\/\/www.grupoxcaret.com\/es\/wp-json\/wp\/v2\/media?parent=45"}],"curies":[{"name":"wp","href":"https:\/\/api.w.org\/{rel}","templated":true}]}}