{"id":43,"date":"2014-08-28T15:18:06","date_gmt":"2014-08-28T15:18:06","guid":{"rendered":"http:\/\/experienciasxcaret.mx\/corporativo\/?page_id=43"},"modified":"2023-01-25T15:44:18","modified_gmt":"2023-01-25T15:44:18","slug":"xcaret","status":"publish","type":"page","link":"https:\/\/www.grupoxcaret.com\/es\/xcaret\/","title":{"rendered":"Parque Xcaret"},"content":{"rendered":"<h2><\/h2>\n<blockquote><p>Celebra M\u00e9xico, disfrutando su riqueza natural y cultural envuelta en risas, m\u00fasica, colores y sabores.<\/p><\/blockquote>\n<p><strong>Xcaret<\/strong> es un majestuoso parque a la orilla del mar, con actividades \u00fanicas en medio de la selva, en donde sus visitantes se divierten descubriendo el patrimonio natural y cultural de M\u00e9xico, a trav\u00e9s de asombrosos r\u00edos subterr\u00e1neos, su sorprendente fauna terrestre y acu\u00e1tica, los valores de su gastronom\u00eda y m\u00faltiples expresiones art\u00edsticas.<\/p>\n<div class=\"panel panel-default\">\n<div class=\"panel-heading\">\n<h3 class=\"panel-title\">Xcaret en n\u00fameros:<\/h3>\n<\/div>\n<div class=\"panel-body\">\n<p><strong>Fecha de Apertura: <\/strong>Diciembre 1990.<strong>Inicio del Proyecto:<\/strong> 1985<\/p>\n<p><strong>Extensi\u00f3n:<\/strong> 80 hect\u00e1reas<\/p>\n<p><strong>Visitantes al a\u00f1o:<\/strong> 1 mill\u00f3n, 200 mil<\/p>\n<p><strong>Significado de la Palabra \u00abXcaret\u00bb:<\/strong> Peque\u00f1a Caleta<\/p>\n<p><strong>Distancia de Canc\u00fan:<\/strong> 56 Kil\u00f3metros al sur del aeropuerto<\/p>\n<p><strong>Empleos directos:<\/strong> 1,600<\/p>\n<p><strong>Empleos indirectos:<\/strong> 6,400<\/p>\n<p><strong>Sitio Web:<\/strong> <a title=\"Parque Xcaret\" href=\"http:\/\/www.xcaret.com.mx\/\" target=\"_blank\" rel=\"noopener noreferrer\">www.xcaret.com.mx<\/a><\/p>\n<p><strong>Fact:<\/strong>\u00a0Es la \u00fanica empresa en el mundo con un R\u00e9cord Mundial Guinness por el cuidado de una especie en peligro de extinci\u00f3n: la Guacamaya Roja.<\/p>\n<p><strong>Actividades:<\/strong> Parque natural con m\u00e1s de 40 atractivos en la selva, caletas, r\u00edos subterr\u00e1neos y emocionantes espect\u00e1culos, adem\u00e1s de actividades culturales que promueven las tradiciones mexicanas.<\/p>\n<p><strong>Ubicaci\u00f3n:<\/strong> En el km 282 Carr. Chetumal \u2013 Puerto Ju\u00e1rez en la Riviera Maya, a 74 km al sur de Canc\u00fan.<\/p>\n<p><strong>Historia:<\/strong> El proyecto inicia en el a\u00f1o de 1985, cuando el Arquitecto <em>Miguel Quintana Pali<\/em>, junto con los hermanos <em>Oscar<\/em>, <em>Marcos<\/em> y <em>Carlos<\/em> <em>Constandse<\/em>, cristaliza su sue\u00f1o de compartir la belleza de los r\u00edos subterr\u00e1neos y cenotes descubiertos durante los trabajos de limpieza en su propiedad de la Riviera Maya.<\/p>\n<\/div>\n<\/div>\n<p>Este sue\u00f1o se convirti\u00f3 en una realidad llamada <strong>Parque Xcaret<\/strong>, que abri\u00f3 sus puertas en diciembre de 1990. Desde entonces, este majestuoso parque a la orilla del mar es visitado por un promedio de 1, 000,000 de personas al a\u00f1o y se ha convertido en el \u00edcono de los parques naturales del destino.<\/p>\n<p>El Parque Xcaret est\u00e1 conformado por una amplia extensi\u00f3n de selva, tres r\u00edos subterr\u00e1neos, una caleta, playas y zonas arqueol\u00f3gicas. Aqu\u00ed los visitantes disfrutan de m\u00e1s de 40 atractivos naturales, as\u00ed como de las manifestaciones culturales m\u00e1s representativas de M\u00e9xico a trav\u00e9s de la danza, la charrer\u00eda, la m\u00fasica y la presentaci\u00f3n de<strong> Xcaret M\u00e9xico Espectacular<\/strong>, con m\u00e1s de 300 artistas en escena. El Parque cuenta con cinco restaurantes que dan servicio todos los d\u00edas, adem\u00e1s de varios escenarios que son el marco ideal para grupos.<\/p>\n<p>Como promotor de nuestras tradiciones, en el <strong>Parque Xcaret<\/strong> se realizan dos eventos especiales al a\u00f1o, la <a href=\"https:\/\/www.travesiasagradamaya.com\/es\/\">Travesia Sagrada<\/a> y el<a title=\"Festival de Tradiciones de Vida y Muerte\" href=\"http:\/\/www.festivaldevidaymuerte.com\/\" target=\"_blank\" rel=\"noopener noreferrer\"> Festival de Tradiciones de Vida y Muerte<\/a>. En ellos se involucran las comunidades cercanas, la sociedad en general y los turistas de todas partes del mundo.<\/p>\n<p>Entre los m\u00faltiples reconocimientos y distintivos que el Parque Xcaret ha recibido, se encuentra la <strong>Certificaci\u00f3n Internacional de Turismo Sustentable Earthcheck<\/strong>, el <strong>Certificado de Excelencia por TripAdvisor<\/strong>, el premio al<strong> Programa de Reproducci\u00f3n de la Guacamaya Roja<\/strong> y el <strong>Distintivo H<\/strong> en todos nuestros restaurantes, por la limpieza e higiene de los alimentos.<\/p>\n","protected":false},"excerpt":{"rendered":"<p>Celebra M\u00e9xico, disfrutando su riqueza natural y cultural envuelta en risas, m\u00fasica, colores y sabores. Xcaret es un majestuoso parque a la orilla del mar, con actividades \u00fanicas en medio de la selva, en donde sus visitantes se divierten descubriendo el patrimonio natural y cultural de M\u00e9xico, a trav\u00e9s de asombrosos r\u00edos subterr\u00e1neos, su sorprendente [&hellip;]<\/p>\n","protected":false},"author":1,"featured_media":1027,"parent":0,"menu_order":0,"comment_status":"open","ping_status":"open","template":"","meta":[],"yoast_head":"<!-- This site is optimized with the Yoast SEO plugin v17.6 - https:\/\/yoast.com\/wordpress\/plugins\/seo\/ -->\n<meta name=\"description\" content=\"Conoce acerca de Xcaret, el Majestuoso Para\u00edso de M\u00e9xico, con datos e informaci\u00f3n interesante que solo podr\u00e1s encontrar aqu\u00ed.\" \/>\n<meta name=\"robots\" content=\"index, follow, max-snippet:-1, max-image-preview:large, max-video-preview:-1\" \/>\n<link rel=\"canonical\" href=\"https:\/\/www.grupoxcaret.com\/es\/xcaret\/\" \/>\n<meta property=\"og:locale\" content=\"es_ES\" \/>\n<meta property=\"og:type\" content=\"article\" \/>\n<meta property=\"og:title\" content=\"Parque Xcaret | Grupo Xcaret Sitio Corporativo\" \/>\n<meta property=\"og:description\" content=\"Conoce acerca de Xcaret, el Majestuoso Para\u00edso de M\u00e9xico, con datos e informaci\u00f3n interesante que solo podr\u00e1s encontrar aqu\u00ed.\" \/>\n<meta property=\"og:url\" content=\"https:\/\/www.grupoxcaret.com\/es\/xcaret\/\" \/>\n<meta property=\"og:site_name\" content=\"Grupo Xcaret Sitio Corporativo\" \/>\n<meta property=\"article:modified_time\" content=\"2023-01-25T15:44:18+00:00\" \/>\n<meta property=\"og:image\" content=\"https:\/\/www.grupoxcaret.com\/es\/wp-content\/uploads\/2015\/01\/xcaret.jpg\" \/>\n\t<meta property=\"og:image:width\" content=\"768\" \/>\n\t<meta property=\"og:image:height\" content=\"512\" \/>\n<meta name=\"twitter:card\" content=\"summary_large_image\" \/>\n<meta name=\"twitter:label1\" content=\"Tiempo de lectura\" \/>\n\t<meta name=\"twitter:data1\" content=\"3 minutos\" \/>\n<script type=\"application\/ld+json\" class=\"yoast-schema-graph\">{\"@context\":\"https:\/\/schema.org\",\"@graph\":[{\"@type\":\"Organization\",\"@id\":\"https:\/\/www.grupoxcaret.com\/es\/#organization\",\"name\":\"Grupo Xcaret\",\"url\":\"https:\/\/www.grupoxcaret.com\/es\/\",\"sameAs\":[],\"logo\":{\"@type\":\"ImageObject\",\"@id\":\"https:\/\/www.grupoxcaret.com\/es\/#logo\",\"inLanguage\":\"es\",\"url\":\"https:\/\/www.grupoxcaret.com\/es\/wp-content\/uploads\/2015\/04\/exx.png\",\"contentUrl\":\"https:\/\/www.grupoxcaret.com\/es\/wp-content\/uploads\/2015\/04\/exx.png\",\"width\":400,\"height\":136,\"caption\":\"Grupo Xcaret\"},\"image\":{\"@id\":\"https:\/\/www.grupoxcaret.com\/es\/#logo\"}},{\"@type\":\"WebSite\",\"@id\":\"https:\/\/www.grupoxcaret.com\/es\/#website\",\"url\":\"https:\/\/www.grupoxcaret.com\/es\/\",\"name\":\"Grupo Xcaret Sitio Corporativo\",\"description\":\"Conoce el sitio corporativo de Grupo Xcaret. Encuentra informaci\\u00f3n relevante acerca de nuestra historia, marcas, filosof\\u00eda empresarial, pol\\u00edtica de sostenibilidad y mucho m\\u00e1s.\",\"publisher\":{\"@id\":\"https:\/\/www.grupoxcaret.com\/es\/#organization\"},\"potentialAction\":[{\"@type\":\"SearchAction\",\"target\":{\"@type\":\"EntryPoint\",\"urlTemplate\":\"https:\/\/www.grupoxcaret.com\/es\/?s={search_term_string}\"},\"query-input\":\"required name=search_term_string\"}],\"inLanguage\":\"es\"},{\"@type\":\"ImageObject\",\"@id\":\"https:\/\/www.grupoxcaret.com\/es\/xcaret\/#primaryimage\",\"inLanguage\":\"es\",\"url\":\"https:\/\/www.grupoxcaret.com\/es\/wp-content\/uploads\/2015\/01\/xcaret.jpg\",\"contentUrl\":\"https:\/\/www.grupoxcaret.com\/es\/wp-content\/uploads\/2015\/01\/xcaret.jpg\",\"width\":768,\"height\":512},{\"@type\":\"WebPage\",\"@id\":\"https:\/\/www.grupoxcaret.com\/es\/xcaret\/#webpage\",\"url\":\"https:\/\/www.grupoxcaret.com\/es\/xcaret\/\",\"name\":\"Parque Xcaret | Grupo Xcaret Sitio Corporativo\",\"isPartOf\":{\"@id\":\"https:\/\/www.grupoxcaret.com\/es\/#website\"},\"primaryImageOfPage\":{\"@id\":\"https:\/\/www.grupoxcaret.com\/es\/xcaret\/#primaryimage\"},\"datePublished\":\"2014-08-28T15:18:06+00:00\",\"dateModified\":\"2023-01-25T15:44:18+00:00\",\"description\":\"Conoce acerca de Xcaret, el Majestuoso Para\\u00edso de M\\u00e9xico, con datos e informaci\\u00f3n interesante que solo podr\\u00e1s encontrar aqu\\u00ed.\",\"breadcrumb\":{\"@id\":\"https:\/\/www.grupoxcaret.com\/es\/xcaret\/#breadcrumb\"},\"inLanguage\":\"es\",\"potentialAction\":[{\"@type\":\"ReadAction\",\"target\":[\"https:\/\/www.grupoxcaret.com\/es\/xcaret\/\"]}]},{\"@type\":\"BreadcrumbList\",\"@id\":\"https:\/\/www.grupoxcaret.com\/es\/xcaret\/#breadcrumb\",\"itemListElement\":[{\"@type\":\"ListItem\",\"position\":1,\"name\":\"Inicio\",\"item\":\"https:\/\/www.grupoxcaret.com\/es\/\"},{\"@type\":\"ListItem\",\"position\":2,\"name\":\"Parque Xcaret\"}]}]}<\/script>\n<!-- \/ Yoast SEO plugin. -->","yoast_head_json":{"description":"Conoce acerca de Xcaret, el Majestuoso Para\u00edso de M\u00e9xico, con datos e informaci\u00f3n interesante que solo podr\u00e1s encontrar aqu\u00ed.","robots":{"index":"index","follow":"follow","max-snippet":"max-snippet:-1","max-image-preview":"max-image-preview:large","max-video-preview":"max-video-preview:-1"},"canonical":"https:\/\/www.grupoxcaret.com\/es\/xcaret\/","og_locale":"es_ES","og_type":"article","og_title":"Parque Xcaret | Grupo Xcaret Sitio Corporativo","og_description":"Conoce acerca de Xcaret, el Majestuoso Para\u00edso de M\u00e9xico, con datos e informaci\u00f3n interesante que solo podr\u00e1s encontrar aqu\u00ed.","og_url":"https:\/\/www.grupoxcaret.com\/es\/xcaret\/","og_site_name":"Grupo Xcaret Sitio Corporativo","article_modified_time":"2023-01-25T15:44:18+00:00","og_image":[{"width":768,"height":512,"url":"https:\/\/www.grupoxcaret.com\/es\/wp-content\/uploads\/2015\/01\/xcaret.jpg","type":"image\/jpeg"}],"twitter_card":"summary_large_image","twitter_misc":{"Tiempo de lectura":"3 minutos"},"schema":{"@context":"https:\/\/schema.org","@graph":[{"@type":"Organization","@id":"https:\/\/www.grupoxcaret.com\/es\/#organization","name":"Grupo Xcaret","url":"https:\/\/www.grupoxcaret.com\/es\/","sameAs":[],"logo":{"@type":"ImageObject","@id":"https:\/\/www.grupoxcaret.com\/es\/#logo","inLanguage":"es","url":"https:\/\/www.grupoxcaret.com\/es\/wp-content\/uploads\/2015\/04\/exx.png","contentUrl":"https:\/\/www.grupoxcaret.com\/es\/wp-content\/uploads\/2015\/04\/exx.png","width":400,"height":136,"caption":"Grupo Xcaret"},"image":{"@id":"https:\/\/www.grupoxcaret.com\/es\/#logo"}},{"@type":"WebSite","@id":"https:\/\/www.grupoxcaret.com\/es\/#website","url":"https:\/\/www.grupoxcaret.com\/es\/","name":"Grupo Xcaret Sitio Corporativo","description":"Conoce el sitio corporativo de Grupo Xcaret. Encuentra informaci\u00f3n relevante acerca de nuestra historia, marcas, filosof\u00eda empresarial, pol\u00edtica de sostenibilidad y mucho m\u00e1s.","publisher":{"@id":"https:\/\/www.grupoxcaret.com\/es\/#organization"},"potentialAction":[{"@type":"SearchAction","target":{"@type":"EntryPoint","urlTemplate":"https:\/\/www.grupoxcaret.com\/es\/?s={search_term_string}"},"query-input":"required name=search_term_string"}],"inLanguage":"es"},{"@type":"ImageObject","@id":"https:\/\/www.grupoxcaret.com\/es\/xcaret\/#primaryimage","inLanguage":"es","url":"https:\/\/www.grupoxcaret.com\/es\/wp-content\/uploads\/2015\/01\/xcaret.jpg","contentUrl":"https:\/\/www.grupoxcaret.com\/es\/wp-content\/uploads\/2015\/01\/xcaret.jpg","width":768,"height":512},{"@type":"WebPage","@id":"https:\/\/www.grupoxcaret.com\/es\/xcaret\/#webpage","url":"https:\/\/www.grupoxcaret.com\/es\/xcaret\/","name":"Parque Xcaret | Grupo Xcaret Sitio Corporativo","isPartOf":{"@id":"https:\/\/www.grupoxcaret.com\/es\/#website"},"primaryImageOfPage":{"@id":"https:\/\/www.grupoxcaret.com\/es\/xcaret\/#primaryimage"},"datePublished":"2014-08-28T15:18:06+00:00","dateModified":"2023-01-25T15:44:18+00:00","description":"Conoce acerca de Xcaret, el Majestuoso Para\u00edso de M\u00e9xico, con datos e informaci\u00f3n interesante que solo podr\u00e1s encontrar aqu\u00ed.","breadcrumb":{"@id":"https:\/\/www.grupoxcaret.com\/es\/xcaret\/#breadcrumb"},"inLanguage":"es","potentialAction":[{"@type":"ReadAction","target":["https:\/\/www.grupoxcaret.com\/es\/xcaret\/"]}]},{"@type":"BreadcrumbList","@id":"https:\/\/www.grupoxcaret.com\/es\/xcaret\/#breadcrumb","itemListElement":[{"@type":"ListItem","position":1,"name":"Inicio","item":"https:\/\/www.grupoxcaret.com\/es\/"},{"@type":"ListItem","position":2,"name":"Parque Xcaret"}]}]}},"_links":{"self":[{"href":"https:\/\/www.grupoxcaret.com\/es\/wp-json\/wp\/v2\/pages\/43"}],"collection":[{"href":"https:\/\/www.grupoxcaret.com\/es\/wp-json\/wp\/v2\/pages"}],"about":[{"href":"https:\/\/www.grupoxcaret.com\/es\/wp-json\/wp\/v2\/types\/page"}],"author":[{"embeddable":true,"href":"https:\/\/www.grupoxcaret.com\/es\/wp-json\/wp\/v2\/users\/1"}],"replies":[{"embeddable":true,"href":"https:\/\/www.grupoxcaret.com\/es\/wp-json\/wp\/v2\/comments?post=43"}],"version-history":[{"count":3,"href":"https:\/\/www.grupoxcaret.com\/es\/wp-json\/wp\/v2\/pages\/43\/revisions"}],"predecessor-version":[{"id":5370,"href":"https:\/\/www.grupoxcaret.com\/es\/wp-json\/wp\/v2\/pages\/43\/revisions\/5370"}],"wp:featuredmedia":[{"embeddable":true,"href":"https:\/\/www.grupoxcaret.com\/es\/wp-json\/wp\/v2\/media\/1027"}],"wp:attachment":[{"href":"https:\/\/www.grupoxcaret.com\/es\/wp-json\/wp\/v2\/media?parent=43"}],"curies":[{"name":"wp","href":"https:\/\/api.w.org\/{rel}","templated":true}]}}