{"id":37,"date":"2014-08-28T15:14:31","date_gmt":"2014-08-28T15:14:31","guid":{"rendered":"http:\/\/experienciasxcaret.mx\/corporativo\/?page_id=37"},"modified":"2021-04-27T16:25:13","modified_gmt":"2021-04-27T16:25:13","slug":"planeta","status":"publish","type":"page","link":"https:\/\/www.grupoxcaret.com\/es\/planeta\/","title":{"rendered":"Planeta"},"content":{"rendered":"\n<p>Este pilar contempla los&nbsp;temas&nbsp;de biodiversidad, cuidado del agua, energ\u00eda limpia,&nbsp;gesti\u00f3n&nbsp;de residuos y bienestar animal, los cuales rigen las acciones encaminadas a la preservaci\u00f3n del medio ambiente y su conservaci\u00f3n.<\/p>\n\n\n\n<figure class=\"wp-block-image size-large is-resized\"><img loading=\"lazy\" src=\"https:\/\/www.grupoxcaret.com\/es\/wp-content\/uploads\/2021\/04\/2020MXGX-Compromiso-con-la-biodiversidad-1007x1024.png\" alt=\"\" class=\"wp-image-4229\" width=\"206\" height=\"233\"\/><\/figure>\n\n\n\n<p>La <strong>biodiversidad<\/strong> es la relaci\u00f3n que existe entre todas las formas de vida, entre s\u00ed y el lugar donde se encuentran; lo que vemos hoy es una especie de equilibrio como resultado de esa convivencia a lo largo de millones de a\u00f1os.\u202f\u00a0<\/p>\n\n\n\n<p>Si nos reconocemos como parte de esta diversidad, podemos entender la gran responsabilidad que tenemos para garantizar que todos los beneficios que est\u00e1n a nuestra disposici\u00f3n sigan presentes en el futuro; por lo tanto, asumimos nuestro compromiso por su conservaci\u00f3n.\u202f&nbsp;<\/p>\n\n\n\n<figure class=\"wp-block-image size-large is-resized\"><img loading=\"lazy\" src=\"https:\/\/www.grupoxcaret.com\/es\/wp-content\/uploads\/2021\/04\/2020MXGX-Cuidado-del-agua-1007x1024.png\" alt=\"\" class=\"wp-image-4230\" width=\"209\" height=\"232\"\/><\/figure>\n\n\n\n<p>El <strong>agua<\/strong> es un recurso vital para el ser vivo que desafortunadamente puede volverse escaso de no tomar las acciones necesarias.\u00a0Nuestras\u00a0unidades de negocio no podr\u00edan operar si no garantizamos el acceso seguro a este recurso, ello nos compromete a implementar acciones para su cuidado, como son el uso racional y consciente, velar por la salud de los cuerpos de agua y garantizar un tratamiento eficiente posterior a su utilizaci\u00f3n.\u00a0\u00a0<\/p>\n\n\n\n<p>En Grupo Xcaret somos conscientes de la importancia de contar con una gesti\u00f3n responsable del agua para garantizar el desarrollo sostenible de nuestra comunidad.<\/p>\n\n\n\n<figure class=\"wp-block-image size-large is-resized\"><img loading=\"lazy\" src=\"https:\/\/www.grupoxcaret.com\/es\/wp-content\/uploads\/2021\/04\/2020MXGX-Energi\u0301a-limpia-1005x1024.png\" alt=\"\" class=\"wp-image-4231\" width=\"206\" height=\"230\"\/><\/figure>\n\n\n\n<p>Las <strong>energ\u00edas limpias<\/strong> son aquellas que no producen residuos de dif\u00edcil eliminaci\u00f3n y que\u202fsu impacto ambiental es reducido, son una alternativa a la producci\u00f3n tradicional de generaci\u00f3n de energ\u00eda que impacta de mayor manera en los ecosistemas.\u00a0<\/p>\n\n\n\n<p>Como Grupo estamos comprometidos a incorporar energ\u00edas limpias que nos permitan reducir nuestras emisiones de gases de efecto invernadero y disminuir los riesgos del calentamiento global.\u202f\u202fA&nbsp;futuro, nos comprometemos a utilizar energ\u00eda limpia la cual, produce un m\u00ednimo o nulo impacto ecol\u00f3gico en el medio ambiente durante su proceso de producci\u00f3n.&nbsp;&nbsp;<\/p>\n\n\n\n<figure class=\"wp-block-image size-large is-resized\"><img loading=\"lazy\" src=\"https:\/\/www.grupoxcaret.com\/es\/wp-content\/uploads\/2021\/04\/2020MXGX-Gestio\u0301n-de-residuos-1006x1024.png\" alt=\"\" class=\"wp-image-4232\" width=\"208\" height=\"230\"\/><\/figure>\n\n\n\n<p>Llamamos residuo a aquellos objetos o materiales que han cumplido la funci\u00f3n para la que fueron destinados. La <strong>gesti\u00f3n de residuos<\/strong> engloba todas las acciones financieras,\u00a0operativas\u00a0y educativas\u00a0para darles un tratamiento adecuado que impacte de forma positiva al medio ambiente y\u00a0a la\u00a0sociedad.\u00a0<\/p>\n\n\n\n<p>En Grupo Xcaret estamos conscientes que la salud de nuestros ecosistemas depende en gran medida de la correcta disposici\u00f3n de los residuos. Por eso estamos comprometidos a un manejo responsable y eficiente, cumplir con la normativa vigente en esta materia desarrollando programas espec\u00edficos y promoviendo una cultura de gesti\u00f3n responsable en todos nuestros&nbsp;grupos de&nbsp;inter\u00e9s.&nbsp;<\/p>\n\n\n\n<figure class=\"wp-block-image size-large is-resized\"><img loading=\"lazy\" src=\"https:\/\/www.grupoxcaret.com\/es\/wp-content\/uploads\/2021\/04\/2020MXGX-Bienestar-animal-1006x1024.png\" alt=\"\" class=\"wp-image-4228\" width=\"207\" height=\"231\"\/><\/figure>\n\n\n\n<p>Sabemos que tenemos una gran responsabilidad con el <strong>bienestar<\/strong> de los ejemplares, los que est\u00e1n bajo nuestro cuidado y los que conviven en nuestro entorno. Para lograrlo,\u00a0trabajamos bajo los m\u00e1s altos est\u00e1ndares de Bienestar Animal, entendido como el estado en el que cualquier ejemplar se encuentra, incluyendo las sensaciones que experimenta como resultado de su salud f\u00edsica, mental, as\u00ed como los producidos por la relaci\u00f3n con su ambiente.\u00a0<\/p>\n\n\n\n<p>Trabajamos siguiendo un modelo internacional que se conoce como los&nbsp;<em>cinco dominios<\/em>;\u202fcuidamos su nutrici\u00f3n, estado de salud y&nbsp;el entorno en el que viven para asegurar que&nbsp;est\u00e9n en buen estado&nbsp;f\u00edsico,&nbsp;mental&nbsp;y&nbsp;que&nbsp;puedan&nbsp;mantener su comportamiento&nbsp;natural.&nbsp;&nbsp;<\/p>\n\n\n\n<p>Trabajamos bajo un Modelo Internacional llamado Los cinco dominios el cual, se encuentra representado por una pir\u00e1mide que cubre desde las necesidades m\u00e1s b\u00e1sicas como lo son nutrici\u00f3n, salud, y entorno, y necesidades m\u00e1s espec\u00edficas de la especie como espacios que promuevan conductas naturales y generen experiencias positivas y desafiantes, dando como resultado bienestar animal.&nbsp;<\/p>\n","protected":false},"excerpt":{"rendered":"<p>Este pilar contempla los&nbsp;temas&nbsp;de biodiversidad, cuidado del agua, energ\u00eda limpia,&nbsp;gesti\u00f3n&nbsp;de residuos y bienestar animal, los cuales rigen las acciones encaminadas a la preservaci\u00f3n del medio ambiente y su conservaci\u00f3n. La biodiversidad es la relaci\u00f3n que existe entre todas las formas de vida, entre s\u00ed y el lugar donde se encuentran; lo que vemos hoy es [&hellip;]<\/p>\n","protected":false},"author":1,"featured_media":1126,"parent":0,"menu_order":0,"comment_status":"open","ping_status":"open","template":"","meta":[],"yoast_head":"<!-- This site is optimized with the Yoast SEO plugin v17.6 - https:\/\/yoast.com\/wordpress\/plugins\/seo\/ -->\n<meta name=\"description\" content=\"Acciones emprendidas por el Grupo Xcaret para el Cuidado y Conservaci\u00f3n del Patrimonio Natural\" \/>\n<meta name=\"robots\" content=\"index, follow, max-snippet:-1, max-image-preview:large, max-video-preview:-1\" \/>\n<link rel=\"canonical\" href=\"https:\/\/www.grupoxcaret.com\/es\/planeta\/\" \/>\n<meta property=\"og:locale\" content=\"es_ES\" \/>\n<meta property=\"og:type\" content=\"article\" \/>\n<meta property=\"og:title\" content=\"Cuidado y Conservaci\u00f3n del Patrimonio Natural en Grupo Xcaret\" \/>\n<meta property=\"og:description\" content=\"Acciones emprendidas por el Grupo Xcaret para el Cuidado y Conservaci\u00f3n del Patrimonio Natural\" \/>\n<meta property=\"og:url\" content=\"https:\/\/www.grupoxcaret.com\/es\/planeta\/\" \/>\n<meta property=\"og:site_name\" content=\"Grupo Xcaret Sitio Corporativo\" \/>\n<meta property=\"article:modified_time\" content=\"2021-04-27T16:25:13+00:00\" \/>\n<meta property=\"og:image\" content=\"https:\/\/www.grupoxcaret.com\/es\/wp-content\/uploads\/2014\/08\/TORTUGA-MARINA.jpg\" \/>\n\t<meta property=\"og:image:width\" content=\"1200\" \/>\n\t<meta property=\"og:image:height\" content=\"799\" \/>\n<meta name=\"twitter:card\" content=\"summary_large_image\" \/>\n<meta name=\"twitter:label1\" content=\"Tiempo de lectura\" \/>\n\t<meta name=\"twitter:data1\" content=\"3 minutos\" \/>\n<script type=\"application\/ld+json\" class=\"yoast-schema-graph\">{\"@context\":\"https:\/\/schema.org\",\"@graph\":[{\"@type\":\"Organization\",\"@id\":\"https:\/\/www.grupoxcaret.com\/es\/#organization\",\"name\":\"Grupo Xcaret\",\"url\":\"https:\/\/www.grupoxcaret.com\/es\/\",\"sameAs\":[],\"logo\":{\"@type\":\"ImageObject\",\"@id\":\"https:\/\/www.grupoxcaret.com\/es\/#logo\",\"inLanguage\":\"es\",\"url\":\"https:\/\/www.grupoxcaret.com\/es\/wp-content\/uploads\/2015\/04\/exx.png\",\"contentUrl\":\"https:\/\/www.grupoxcaret.com\/es\/wp-content\/uploads\/2015\/04\/exx.png\",\"width\":400,\"height\":136,\"caption\":\"Grupo Xcaret\"},\"image\":{\"@id\":\"https:\/\/www.grupoxcaret.com\/es\/#logo\"}},{\"@type\":\"WebSite\",\"@id\":\"https:\/\/www.grupoxcaret.com\/es\/#website\",\"url\":\"https:\/\/www.grupoxcaret.com\/es\/\",\"name\":\"Grupo Xcaret Sitio Corporativo\",\"description\":\"Conoce el sitio corporativo de Grupo Xcaret. Encuentra informaci\\u00f3n relevante acerca de nuestra historia, marcas, filosof\\u00eda empresarial, pol\\u00edtica de sostenibilidad y mucho m\\u00e1s.\",\"publisher\":{\"@id\":\"https:\/\/www.grupoxcaret.com\/es\/#organization\"},\"potentialAction\":[{\"@type\":\"SearchAction\",\"target\":{\"@type\":\"EntryPoint\",\"urlTemplate\":\"https:\/\/www.grupoxcaret.com\/es\/?s={search_term_string}\"},\"query-input\":\"required name=search_term_string\"}],\"inLanguage\":\"es\"},{\"@type\":\"ImageObject\",\"@id\":\"https:\/\/www.grupoxcaret.com\/es\/planeta\/#primaryimage\",\"inLanguage\":\"es\",\"url\":\"https:\/\/www.grupoxcaret.com\/es\/wp-content\/uploads\/2014\/08\/TORTUGA-MARINA.jpg\",\"contentUrl\":\"https:\/\/www.grupoxcaret.com\/es\/wp-content\/uploads\/2014\/08\/TORTUGA-MARINA.jpg\",\"width\":1200,\"height\":799},{\"@type\":\"WebPage\",\"@id\":\"https:\/\/www.grupoxcaret.com\/es\/planeta\/#webpage\",\"url\":\"https:\/\/www.grupoxcaret.com\/es\/planeta\/\",\"name\":\"Cuidado y Conservaci\\u00f3n del Patrimonio Natural en Grupo Xcaret\",\"isPartOf\":{\"@id\":\"https:\/\/www.grupoxcaret.com\/es\/#website\"},\"primaryImageOfPage\":{\"@id\":\"https:\/\/www.grupoxcaret.com\/es\/planeta\/#primaryimage\"},\"datePublished\":\"2014-08-28T15:14:31+00:00\",\"dateModified\":\"2021-04-27T16:25:13+00:00\",\"description\":\"Acciones emprendidas por el Grupo Xcaret para el Cuidado y Conservaci\\u00f3n del Patrimonio Natural\",\"breadcrumb\":{\"@id\":\"https:\/\/www.grupoxcaret.com\/es\/planeta\/#breadcrumb\"},\"inLanguage\":\"es\",\"potentialAction\":[{\"@type\":\"ReadAction\",\"target\":[\"https:\/\/www.grupoxcaret.com\/es\/planeta\/\"]}]},{\"@type\":\"BreadcrumbList\",\"@id\":\"https:\/\/www.grupoxcaret.com\/es\/planeta\/#breadcrumb\",\"itemListElement\":[{\"@type\":\"ListItem\",\"position\":1,\"name\":\"Inicio\",\"item\":\"https:\/\/www.grupoxcaret.com\/es\/\"},{\"@type\":\"ListItem\",\"position\":2,\"name\":\"Planeta\"}]}]}<\/script>\n<!-- \/ Yoast SEO plugin. -->","yoast_head_json":{"description":"Acciones emprendidas por el Grupo Xcaret para el Cuidado y Conservaci\u00f3n del Patrimonio Natural","robots":{"index":"index","follow":"follow","max-snippet":"max-snippet:-1","max-image-preview":"max-image-preview:large","max-video-preview":"max-video-preview:-1"},"canonical":"https:\/\/www.grupoxcaret.com\/es\/planeta\/","og_locale":"es_ES","og_type":"article","og_title":"Cuidado y Conservaci\u00f3n del Patrimonio Natural en Grupo Xcaret","og_description":"Acciones emprendidas por el Grupo Xcaret para el Cuidado y Conservaci\u00f3n del Patrimonio Natural","og_url":"https:\/\/www.grupoxcaret.com\/es\/planeta\/","og_site_name":"Grupo Xcaret Sitio Corporativo","article_modified_time":"2021-04-27T16:25:13+00:00","og_image":[{"width":1200,"height":799,"url":"https:\/\/www.grupoxcaret.com\/es\/wp-content\/uploads\/2014\/08\/TORTUGA-MARINA.jpg","type":"image\/jpeg"}],"twitter_card":"summary_large_image","twitter_misc":{"Tiempo de lectura":"3 minutos"},"schema":{"@context":"https:\/\/schema.org","@graph":[{"@type":"Organization","@id":"https:\/\/www.grupoxcaret.com\/es\/#organization","name":"Grupo Xcaret","url":"https:\/\/www.grupoxcaret.com\/es\/","sameAs":[],"logo":{"@type":"ImageObject","@id":"https:\/\/www.grupoxcaret.com\/es\/#logo","inLanguage":"es","url":"https:\/\/www.grupoxcaret.com\/es\/wp-content\/uploads\/2015\/04\/exx.png","contentUrl":"https:\/\/www.grupoxcaret.com\/es\/wp-content\/uploads\/2015\/04\/exx.png","width":400,"height":136,"caption":"Grupo Xcaret"},"image":{"@id":"https:\/\/www.grupoxcaret.com\/es\/#logo"}},{"@type":"WebSite","@id":"https:\/\/www.grupoxcaret.com\/es\/#website","url":"https:\/\/www.grupoxcaret.com\/es\/","name":"Grupo Xcaret Sitio Corporativo","description":"Conoce el sitio corporativo de Grupo Xcaret. Encuentra informaci\u00f3n relevante acerca de nuestra historia, marcas, filosof\u00eda empresarial, pol\u00edtica de sostenibilidad y mucho m\u00e1s.","publisher":{"@id":"https:\/\/www.grupoxcaret.com\/es\/#organization"},"potentialAction":[{"@type":"SearchAction","target":{"@type":"EntryPoint","urlTemplate":"https:\/\/www.grupoxcaret.com\/es\/?s={search_term_string}"},"query-input":"required name=search_term_string"}],"inLanguage":"es"},{"@type":"ImageObject","@id":"https:\/\/www.grupoxcaret.com\/es\/planeta\/#primaryimage","inLanguage":"es","url":"https:\/\/www.grupoxcaret.com\/es\/wp-content\/uploads\/2014\/08\/TORTUGA-MARINA.jpg","contentUrl":"https:\/\/www.grupoxcaret.com\/es\/wp-content\/uploads\/2014\/08\/TORTUGA-MARINA.jpg","width":1200,"height":799},{"@type":"WebPage","@id":"https:\/\/www.grupoxcaret.com\/es\/planeta\/#webpage","url":"https:\/\/www.grupoxcaret.com\/es\/planeta\/","name":"Cuidado y Conservaci\u00f3n del Patrimonio Natural en Grupo Xcaret","isPartOf":{"@id":"https:\/\/www.grupoxcaret.com\/es\/#website"},"primaryImageOfPage":{"@id":"https:\/\/www.grupoxcaret.com\/es\/planeta\/#primaryimage"},"datePublished":"2014-08-28T15:14:31+00:00","dateModified":"2021-04-27T16:25:13+00:00","description":"Acciones emprendidas por el Grupo Xcaret para el Cuidado y Conservaci\u00f3n del Patrimonio Natural","breadcrumb":{"@id":"https:\/\/www.grupoxcaret.com\/es\/planeta\/#breadcrumb"},"inLanguage":"es","potentialAction":[{"@type":"ReadAction","target":["https:\/\/www.grupoxcaret.com\/es\/planeta\/"]}]},{"@type":"BreadcrumbList","@id":"https:\/\/www.grupoxcaret.com\/es\/planeta\/#breadcrumb","itemListElement":[{"@type":"ListItem","position":1,"name":"Inicio","item":"https:\/\/www.grupoxcaret.com\/es\/"},{"@type":"ListItem","position":2,"name":"Planeta"}]}]}},"_links":{"self":[{"href":"https:\/\/www.grupoxcaret.com\/es\/wp-json\/wp\/v2\/pages\/37"}],"collection":[{"href":"https:\/\/www.grupoxcaret.com\/es\/wp-json\/wp\/v2\/pages"}],"about":[{"href":"https:\/\/www.grupoxcaret.com\/es\/wp-json\/wp\/v2\/types\/page"}],"author":[{"embeddable":true,"href":"https:\/\/www.grupoxcaret.com\/es\/wp-json\/wp\/v2\/users\/1"}],"replies":[{"embeddable":true,"href":"https:\/\/www.grupoxcaret.com\/es\/wp-json\/wp\/v2\/comments?post=37"}],"version-history":[{"count":5,"href":"https:\/\/www.grupoxcaret.com\/es\/wp-json\/wp\/v2\/pages\/37\/revisions"}],"predecessor-version":[{"id":4240,"href":"https:\/\/www.grupoxcaret.com\/es\/wp-json\/wp\/v2\/pages\/37\/revisions\/4240"}],"wp:featuredmedia":[{"embeddable":true,"href":"https:\/\/www.grupoxcaret.com\/es\/wp-json\/wp\/v2\/media\/1126"}],"wp:attachment":[{"href":"https:\/\/www.grupoxcaret.com\/es\/wp-json\/wp\/v2\/media?parent=37"}],"curies":[{"name":"wp","href":"https:\/\/api.w.org\/{rel}","templated":true}]}}