{"id":3208,"date":"2019-05-31T22:11:24","date_gmt":"2019-05-31T22:11:24","guid":{"rendered":"https:\/\/www.grupoxcaret.com\/es\/?page_id=3208"},"modified":"2021-04-20T20:48:52","modified_gmt":"2021-04-20T20:48:52","slug":"correlacion","status":"publish","type":"page","link":"https:\/\/www.grupoxcaret.com\/es\/correlacion\/","title":{"rendered":"Innovaci\u00f3n"},"content":{"rendered":"\n<p>Es un proceso&nbsp;creativo&nbsp;que busca incorporar novedades a ideas, elementos o procesos&nbsp;para&nbsp;hacerlos&nbsp;mejores&nbsp;y&nbsp;m\u00e1s eficientes. A trav\u00e9s de la innovaci\u00f3n podemos encontrar soluciones a&nbsp;los&nbsp;nuevos retos y necesidades&nbsp;que se presentan en nuestro entorno,&nbsp;en cualquier pilar de la sostenibilidad sea en el \u00e1mbito social, ambiental o econ\u00f3mico.&nbsp;<\/p>\n\n\n\n<p>La innovaci\u00f3n le permite a la organizaci\u00f3n evolucionar y mantenerse a la vanguardia, as\u00ed como\u00a0incrementar continuamente\u00a0su valor.\u00a0\u00a0<\/p>\n\n\n\n<div class=\"wp-block-image\"><figure class=\"aligncenter size-large is-resized\"><img loading=\"lazy\" src=\"https:\/\/www.grupoxcaret.com\/es\/wp-content\/uploads\/2021\/04\/Mem-xostenibilidad-19-1-1024x993.png\" alt=\"\" class=\"wp-image-4218\" width=\"439\" height=\"426\" srcset=\"https:\/\/www.grupoxcaret.com\/es\/wp-content\/uploads\/2021\/04\/Mem-xostenibilidad-19-1-1024x993.png 1024w, https:\/\/www.grupoxcaret.com\/es\/wp-content\/uploads\/2021\/04\/Mem-xostenibilidad-19-1-300x291.png 300w, https:\/\/www.grupoxcaret.com\/es\/wp-content\/uploads\/2021\/04\/Mem-xostenibilidad-19-1-768x745.png 768w, https:\/\/www.grupoxcaret.com\/es\/wp-content\/uploads\/2021\/04\/Mem-xostenibilidad-19-1-696x675.png 696w, https:\/\/www.grupoxcaret.com\/es\/wp-content\/uploads\/2021\/04\/Mem-xostenibilidad-19-1-1068x1036.png 1068w, https:\/\/www.grupoxcaret.com\/es\/wp-content\/uploads\/2021\/04\/Mem-xostenibilidad-19-1-433x420.png 433w, https:\/\/www.grupoxcaret.com\/es\/wp-content\/uploads\/2021\/04\/Mem-xostenibilidad-19-1.png 1200w\" sizes=\"(max-width: 439px) 100vw, 439px\" \/><\/figure><\/div>\n","protected":false},"excerpt":{"rendered":"<p>Es un proceso&nbsp;creativo&nbsp;que busca incorporar novedades a ideas, elementos o procesos&nbsp;para&nbsp;hacerlos&nbsp;mejores&nbsp;y&nbsp;m\u00e1s eficientes. A trav\u00e9s de la innovaci\u00f3n podemos encontrar soluciones a&nbsp;los&nbsp;nuevos retos y necesidades&nbsp;que se presentan en nuestro entorno,&nbsp;en cualquier pilar de la sostenibilidad sea en el \u00e1mbito social, ambiental o econ\u00f3mico.&nbsp; La innovaci\u00f3n le permite a la organizaci\u00f3n evolucionar y mantenerse a la vanguardia, [&hellip;]<\/p>\n","protected":false},"author":8,"featured_media":0,"parent":0,"menu_order":0,"comment_status":"closed","ping_status":"closed","template":"","meta":[],"yoast_head":"<!-- This site is optimized with the Yoast SEO plugin v17.6 - https:\/\/yoast.com\/wordpress\/plugins\/seo\/ -->\n<meta name=\"robots\" content=\"index, follow, max-snippet:-1, max-image-preview:large, max-video-preview:-1\" \/>\n<link rel=\"canonical\" href=\"https:\/\/www.grupoxcaret.com\/es\/correlacion\/\" \/>\n<meta property=\"og:locale\" content=\"es_ES\" \/>\n<meta property=\"og:type\" content=\"article\" \/>\n<meta property=\"og:title\" content=\"Innovaci\u00f3n - Grupo Xcaret Sitio Corporativo\" \/>\n<meta property=\"og:description\" content=\"Es un proceso&nbsp;creativo&nbsp;que busca incorporar novedades a ideas, elementos o procesos&nbsp;para&nbsp;hacerlos&nbsp;mejores&nbsp;y&nbsp;m\u00e1s eficientes. A trav\u00e9s de la innovaci\u00f3n podemos encontrar soluciones a&nbsp;los&nbsp;nuevos retos y necesidades&nbsp;que se presentan en nuestro entorno,&nbsp;en cualquier pilar de la sostenibilidad sea en el \u00e1mbito social, ambiental o econ\u00f3mico.&nbsp; La innovaci\u00f3n le permite a la organizaci\u00f3n evolucionar y mantenerse a la vanguardia, [&hellip;]\" \/>\n<meta property=\"og:url\" content=\"https:\/\/www.grupoxcaret.com\/es\/correlacion\/\" \/>\n<meta property=\"og:site_name\" content=\"Grupo Xcaret Sitio Corporativo\" \/>\n<meta property=\"article:modified_time\" content=\"2021-04-20T20:48:52+00:00\" \/>\n<meta property=\"og:image\" content=\"https:\/\/www.grupoxcaret.com\/es\/wp-content\/uploads\/2021\/04\/Mem-xostenibilidad-19-1-1024x993.png\" \/>\n<meta name=\"twitter:card\" content=\"summary_large_image\" \/>\n<script type=\"application\/ld+json\" class=\"yoast-schema-graph\">{\"@context\":\"https:\/\/schema.org\",\"@graph\":[{\"@type\":\"Organization\",\"@id\":\"https:\/\/www.grupoxcaret.com\/es\/#organization\",\"name\":\"Grupo Xcaret\",\"url\":\"https:\/\/www.grupoxcaret.com\/es\/\",\"sameAs\":[],\"logo\":{\"@type\":\"ImageObject\",\"@id\":\"https:\/\/www.grupoxcaret.com\/es\/#logo\",\"inLanguage\":\"es\",\"url\":\"https:\/\/www.grupoxcaret.com\/es\/wp-content\/uploads\/2015\/04\/exx.png\",\"contentUrl\":\"https:\/\/www.grupoxcaret.com\/es\/wp-content\/uploads\/2015\/04\/exx.png\",\"width\":400,\"height\":136,\"caption\":\"Grupo Xcaret\"},\"image\":{\"@id\":\"https:\/\/www.grupoxcaret.com\/es\/#logo\"}},{\"@type\":\"WebSite\",\"@id\":\"https:\/\/www.grupoxcaret.com\/es\/#website\",\"url\":\"https:\/\/www.grupoxcaret.com\/es\/\",\"name\":\"Grupo Xcaret Sitio Corporativo\",\"description\":\"Conoce el sitio corporativo de Grupo Xcaret. Encuentra informaci\\u00f3n relevante acerca de nuestra historia, marcas, filosof\\u00eda empresarial, pol\\u00edtica de sostenibilidad y mucho m\\u00e1s.\",\"publisher\":{\"@id\":\"https:\/\/www.grupoxcaret.com\/es\/#organization\"},\"potentialAction\":[{\"@type\":\"SearchAction\",\"target\":{\"@type\":\"EntryPoint\",\"urlTemplate\":\"https:\/\/www.grupoxcaret.com\/es\/?s={search_term_string}\"},\"query-input\":\"required name=search_term_string\"}],\"inLanguage\":\"es\"},{\"@type\":\"ImageObject\",\"@id\":\"https:\/\/www.grupoxcaret.com\/es\/correlacion\/#primaryimage\",\"inLanguage\":\"es\",\"url\":\"https:\/\/www.grupoxcaret.com\/es\/wp-content\/uploads\/2021\/04\/Mem-xostenibilidad-19-1.png\",\"contentUrl\":\"https:\/\/www.grupoxcaret.com\/es\/wp-content\/uploads\/2021\/04\/Mem-xostenibilidad-19-1.png\",\"width\":1200,\"height\":1164},{\"@type\":\"WebPage\",\"@id\":\"https:\/\/www.grupoxcaret.com\/es\/correlacion\/#webpage\",\"url\":\"https:\/\/www.grupoxcaret.com\/es\/correlacion\/\",\"name\":\"Innovaci\\u00f3n - Grupo Xcaret Sitio Corporativo\",\"isPartOf\":{\"@id\":\"https:\/\/www.grupoxcaret.com\/es\/#website\"},\"primaryImageOfPage\":{\"@id\":\"https:\/\/www.grupoxcaret.com\/es\/correlacion\/#primaryimage\"},\"datePublished\":\"2019-05-31T22:11:24+00:00\",\"dateModified\":\"2021-04-20T20:48:52+00:00\",\"breadcrumb\":{\"@id\":\"https:\/\/www.grupoxcaret.com\/es\/correlacion\/#breadcrumb\"},\"inLanguage\":\"es\",\"potentialAction\":[{\"@type\":\"ReadAction\",\"target\":[\"https:\/\/www.grupoxcaret.com\/es\/correlacion\/\"]}]},{\"@type\":\"BreadcrumbList\",\"@id\":\"https:\/\/www.grupoxcaret.com\/es\/correlacion\/#breadcrumb\",\"itemListElement\":[{\"@type\":\"ListItem\",\"position\":1,\"name\":\"Inicio\",\"item\":\"https:\/\/www.grupoxcaret.com\/es\/\"},{\"@type\":\"ListItem\",\"position\":2,\"name\":\"Innovaci\\u00f3n\"}]}]}<\/script>\n<!-- \/ Yoast SEO plugin. -->","yoast_head_json":{"robots":{"index":"index","follow":"follow","max-snippet":"max-snippet:-1","max-image-preview":"max-image-preview:large","max-video-preview":"max-video-preview:-1"},"canonical":"https:\/\/www.grupoxcaret.com\/es\/correlacion\/","og_locale":"es_ES","og_type":"article","og_title":"Innovaci\u00f3n - Grupo Xcaret Sitio Corporativo","og_description":"Es un proceso&nbsp;creativo&nbsp;que busca incorporar novedades a ideas, elementos o procesos&nbsp;para&nbsp;hacerlos&nbsp;mejores&nbsp;y&nbsp;m\u00e1s eficientes. A trav\u00e9s de la innovaci\u00f3n podemos encontrar soluciones a&nbsp;los&nbsp;nuevos retos y necesidades&nbsp;que se presentan en nuestro entorno,&nbsp;en cualquier pilar de la sostenibilidad sea en el \u00e1mbito social, ambiental o econ\u00f3mico.&nbsp; La innovaci\u00f3n le permite a la organizaci\u00f3n evolucionar y mantenerse a la vanguardia, [&hellip;]","og_url":"https:\/\/www.grupoxcaret.com\/es\/correlacion\/","og_site_name":"Grupo Xcaret Sitio Corporativo","article_modified_time":"2021-04-20T20:48:52+00:00","og_image":[{"url":"https:\/\/www.grupoxcaret.com\/es\/wp-content\/uploads\/2021\/04\/Mem-xostenibilidad-19-1-1024x993.png"}],"twitter_card":"summary_large_image","schema":{"@context":"https:\/\/schema.org","@graph":[{"@type":"Organization","@id":"https:\/\/www.grupoxcaret.com\/es\/#organization","name":"Grupo Xcaret","url":"https:\/\/www.grupoxcaret.com\/es\/","sameAs":[],"logo":{"@type":"ImageObject","@id":"https:\/\/www.grupoxcaret.com\/es\/#logo","inLanguage":"es","url":"https:\/\/www.grupoxcaret.com\/es\/wp-content\/uploads\/2015\/04\/exx.png","contentUrl":"https:\/\/www.grupoxcaret.com\/es\/wp-content\/uploads\/2015\/04\/exx.png","width":400,"height":136,"caption":"Grupo Xcaret"},"image":{"@id":"https:\/\/www.grupoxcaret.com\/es\/#logo"}},{"@type":"WebSite","@id":"https:\/\/www.grupoxcaret.com\/es\/#website","url":"https:\/\/www.grupoxcaret.com\/es\/","name":"Grupo Xcaret Sitio Corporativo","description":"Conoce el sitio corporativo de Grupo Xcaret. Encuentra informaci\u00f3n relevante acerca de nuestra historia, marcas, filosof\u00eda empresarial, pol\u00edtica de sostenibilidad y mucho m\u00e1s.","publisher":{"@id":"https:\/\/www.grupoxcaret.com\/es\/#organization"},"potentialAction":[{"@type":"SearchAction","target":{"@type":"EntryPoint","urlTemplate":"https:\/\/www.grupoxcaret.com\/es\/?s={search_term_string}"},"query-input":"required name=search_term_string"}],"inLanguage":"es"},{"@type":"ImageObject","@id":"https:\/\/www.grupoxcaret.com\/es\/correlacion\/#primaryimage","inLanguage":"es","url":"https:\/\/www.grupoxcaret.com\/es\/wp-content\/uploads\/2021\/04\/Mem-xostenibilidad-19-1.png","contentUrl":"https:\/\/www.grupoxcaret.com\/es\/wp-content\/uploads\/2021\/04\/Mem-xostenibilidad-19-1.png","width":1200,"height":1164},{"@type":"WebPage","@id":"https:\/\/www.grupoxcaret.com\/es\/correlacion\/#webpage","url":"https:\/\/www.grupoxcaret.com\/es\/correlacion\/","name":"Innovaci\u00f3n - Grupo Xcaret Sitio Corporativo","isPartOf":{"@id":"https:\/\/www.grupoxcaret.com\/es\/#website"},"primaryImageOfPage":{"@id":"https:\/\/www.grupoxcaret.com\/es\/correlacion\/#primaryimage"},"datePublished":"2019-05-31T22:11:24+00:00","dateModified":"2021-04-20T20:48:52+00:00","breadcrumb":{"@id":"https:\/\/www.grupoxcaret.com\/es\/correlacion\/#breadcrumb"},"inLanguage":"es","potentialAction":[{"@type":"ReadAction","target":["https:\/\/www.grupoxcaret.com\/es\/correlacion\/"]}]},{"@type":"BreadcrumbList","@id":"https:\/\/www.grupoxcaret.com\/es\/correlacion\/#breadcrumb","itemListElement":[{"@type":"ListItem","position":1,"name":"Inicio","item":"https:\/\/www.grupoxcaret.com\/es\/"},{"@type":"ListItem","position":2,"name":"Innovaci\u00f3n"}]}]}},"_links":{"self":[{"href":"https:\/\/www.grupoxcaret.com\/es\/wp-json\/wp\/v2\/pages\/3208"}],"collection":[{"href":"https:\/\/www.grupoxcaret.com\/es\/wp-json\/wp\/v2\/pages"}],"about":[{"href":"https:\/\/www.grupoxcaret.com\/es\/wp-json\/wp\/v2\/types\/page"}],"author":[{"embeddable":true,"href":"https:\/\/www.grupoxcaret.com\/es\/wp-json\/wp\/v2\/users\/8"}],"replies":[{"embeddable":true,"href":"https:\/\/www.grupoxcaret.com\/es\/wp-json\/wp\/v2\/comments?post=3208"}],"version-history":[{"count":2,"href":"https:\/\/www.grupoxcaret.com\/es\/wp-json\/wp\/v2\/pages\/3208\/revisions"}],"predecessor-version":[{"id":4219,"href":"https:\/\/www.grupoxcaret.com\/es\/wp-json\/wp\/v2\/pages\/3208\/revisions\/4219"}],"wp:attachment":[{"href":"https:\/\/www.grupoxcaret.com\/es\/wp-json\/wp\/v2\/media?parent=3208"}],"curies":[{"name":"wp","href":"https:\/\/api.w.org\/{rel}","templated":true}]}}