{"id":320,"date":"2014-12-16T19:16:06","date_gmt":"2014-12-16T19:16:06","guid":{"rendered":"http:\/\/experienciasxcaret.mx\/corporativo\/?page_id=320"},"modified":"2020-05-08T17:58:15","modified_gmt":"2020-05-08T17:58:15","slug":"mapa-de-sitio","status":"publish","type":"page","link":"https:\/\/www.grupoxcaret.com\/es\/mapa-de-sitio\/","title":{"rendered":"Mapa de Sitio"},"content":{"rendered":"<div id=\"td_uid_1_69f30c62e181a\" class=\"tdc-zone\"><div class=\"tdc_zone td_uid_1_69f30c62e1824_rand  wpb_row td-pb-row\"  >\n<style scoped>\n\n\/* custom css *\/\n.td_uid_1_69f30c62e1824_rand {\r\n                    min-height: 0;\r\n                }\n<\/style><div id=\"td_uid_2_69f30c62e2d27\" class=\"tdc-row\"><div class=\"vc_row td_uid_2_69f30c62e2d2e_rand  wpb_row td-pb-row\" >\n<style scoped>\n\n\/* custom css *\/\n.td_uid_2_69f30c62e2d2e_rand {\r\n                    min-height: 0;\r\n                }\n<\/style><div class=\"vc_column td_uid_3_69f30c62e2f5b_rand  wpb_column vc_column_container tdc-column td-pb-span12\">\n<style scoped>\n\n\/* custom css *\/\n.td_uid_3_69f30c62e2f5b_rand {\r\n                    vertical-align: baseline;\r\n                }\n<\/style><div class=\"wpb_wrapper\"><div class=\"td_block_wrap td_block_list_menu td_uid_4_69f30c62e43d3_rand td-pb-border-top td_block_template_1 widget\"  data-td-block-uid=\"td_uid_4_69f30c62e43d3\" ><div class=\"td-block-title-wrap\"><h4 class=\"block-title td-block-title\"><span class=\"td-pulldown-size\">Secciones<\/span><\/h4><\/div><div id=td_uid_4_69f30c62e43d3 class=\"td_block_inner td-fix-index\"><div class=\"menu-2019-main-container\"><ul id=\"menu-2019-main\" class=\"menu\"><li id=\"menu-item-2829\" class=\"menu-item menu-item-type-custom menu-item-object-custom menu-item-has-children menu-item-2829\"><a href=\"#\">Nosotros<\/a>\n<ul class=\"sub-menu\">\n\t<li id=\"menu-item-2880\" class=\"menu-item menu-item-type-post_type menu-item-object-page menu-item-2880\"><a href=\"https:\/\/www.grupoxcaret.com\/es\/acerca-de-grupo-xcaret\/\">Acerca de Grupo Xcaret<\/a><\/li>\n\t<li id=\"menu-item-2881\" class=\"menu-item menu-item-type-post_type menu-item-object-page menu-item-2881\"><a href=\"https:\/\/www.grupoxcaret.com\/es\/historia\/\">Historia<\/a><\/li>\n\t<li id=\"menu-item-2882\" class=\"menu-item menu-item-type-post_type menu-item-object-page menu-item-2882\"><a href=\"https:\/\/www.grupoxcaret.com\/es\/mision-vision-y-valores\/\">Filosof\u00eda Corporativa<\/a><\/li>\n\t<li id=\"menu-item-4378\" class=\"menu-item menu-item-type-post_type menu-item-object-page menu-item-4378\"><a href=\"https:\/\/www.grupoxcaret.com\/es\/salud-y-seguridad\/\">Salud y Seguridad<\/a><\/li>\n\t<li id=\"menu-item-2883\" class=\"menu-item menu-item-type-post_type menu-item-object-page menu-item-2883\"><a href=\"https:\/\/www.grupoxcaret.com\/es\/talento-grupo-xcaret\/\">Talento Grupo Xcaret<\/a><\/li>\n\t<li id=\"menu-item-5920\" class=\"menu-item menu-item-type-post_type menu-item-object-page menu-item-5920\"><a href=\"https:\/\/www.grupoxcaret.com\/es\/obten-ingresos-xcaret\/\">Obt\u00e9n ingresos con Xcaret | Grupo Xcaret\u00a0<\/a><\/li>\n<\/ul>\n<\/li>\n<li id=\"menu-item-4422\" class=\"menu-item menu-item-type-post_type menu-item-object-page menu-item-4422\"><a href=\"https:\/\/www.grupoxcaret.com\/es\/nuestras-marcas\/\">Nuestras Marcas<\/a><\/li>\n<li id=\"menu-item-2833\" class=\"menu-item menu-item-type-custom menu-item-object-custom menu-item-has-children menu-item-2833\"><a href=\"#\">Sostenibilidad<\/a>\n<ul class=\"sub-menu\">\n\t<li id=\"menu-item-2895\" class=\"menu-item menu-item-type-post_type menu-item-object-page menu-item-2895\"><a href=\"https:\/\/www.grupoxcaret.com\/es\/sostenibilidad-corporativa\/\">Sostenibilidad Corporativa<\/a><\/li>\n\t<li id=\"menu-item-5578\" class=\"menu-item menu-item-type-post_type menu-item-object-page menu-item-5578\"><a href=\"https:\/\/www.grupoxcaret.com\/es\/memorias-de-sostenibilidad\/\">Memorias de sostenibilidad<\/a><\/li>\n\t<li id=\"menu-item-2979\" class=\"menu-item menu-item-type-post_type menu-item-object-page menu-item-2979\"><a href=\"https:\/\/www.grupoxcaret.com\/es\/personas\/\">Personas<\/a><\/li>\n\t<li id=\"menu-item-2892\" class=\"menu-item menu-item-type-post_type menu-item-object-page menu-item-2892\"><a href=\"https:\/\/www.grupoxcaret.com\/es\/planeta\/\">Planeta<\/a><\/li>\n\t<li id=\"menu-item-2980\" class=\"menu-item menu-item-type-post_type menu-item-object-page menu-item-2980\"><a href=\"https:\/\/www.grupoxcaret.com\/es\/prosperidad\/\">Prosperidad<\/a><\/li>\n\t<li id=\"menu-item-3210\" class=\"menu-item menu-item-type-post_type menu-item-object-page menu-item-3210\"><a href=\"https:\/\/www.grupoxcaret.com\/es\/correlacion\/\">Innovaci\u00f3n<\/a><\/li>\n\t<li id=\"menu-item-2977\" class=\"menu-item menu-item-type-post_type menu-item-object-page menu-item-2977\"><a href=\"https:\/\/www.grupoxcaret.com\/es\/grupos-de-interes\/\">Grupos de inter\u00e9s<\/a><\/li>\n<\/ul>\n<\/li>\n<li id=\"menu-item-3890\" class=\"menu-item menu-item-type-post_type menu-item-object-page menu-item-3890\"><a href=\"https:\/\/www.grupoxcaret.com\/es\/educacion\/\">Educaci\u00f3n<\/a><\/li>\n<li id=\"menu-item-5391\" class=\"menu-item menu-item-type-custom menu-item-object-custom menu-item-has-children menu-item-5391\"><a href=\"https:\/\/talentohumano.grupoxcaret.com\/\">Talento Xcaret<\/a>\n<ul class=\"sub-menu\">\n\t<li id=\"menu-item-5392\" class=\"menu-item menu-item-type-custom menu-item-object-custom menu-item-5392\"><a href=\"https:\/\/talentohumano.grupoxcaret.com\">Vacantes<\/a><\/li>\n\t<li id=\"menu-item-5393\" class=\"menu-item menu-item-type-custom menu-item-object-custom menu-item-5393\"><a href=\"https:\/\/talentohumano.grupoxcaret.com\/content\/Beneficios\/\">Beneficios a Colaboradores<\/a><\/li>\n<\/ul>\n<\/li>\n<\/ul><\/div><\/div><\/div> <!-- .\/block --><div class=\"td_block_wrap td_block_list_menu td_uid_5_69f30c6397f69_rand td-pb-border-top td_block_template_1 widget\"  data-td-block-uid=\"td_uid_5_69f30c6397f69\" >\n<style>\n\/* custom css *\/\n.td_uid_5_69f30c6397f69_rand li {\r\n\t\t\t\t\tdisplay: inline-block;\r\n\t\t\t\t}\r\n\t\t\t\t\r\n\t\t\t\t.td_uid_5_69f30c6397f69_rand ul li {\r\n\t\t\t\t\tmargin-right: 15px;\r\n\t\t\t\t}\n<\/style><div class=\"td-block-title-wrap\"><h4 class=\"block-title td-block-title\"><span class=\"td-pulldown-size\">Acerca de Nosotros<\/span><\/h4><\/div><div id=td_uid_5_69f30c6397f69 class=\"td_block_inner td-fix-index\"><div class=\"menu-acerca-de-nosotros-container\"><ul id=\"menu-acerca-de-nosotros\" class=\"menu\"><li id=\"menu-item-3065\" class=\"menu-item menu-item-type-custom menu-item-object-custom menu-item-3065\"><a href=\"https:\/\/blog.xcaret.com\/es\/\">Blog Xcaret<\/a><\/li>\n<li id=\"menu-item-3067\" class=\"menu-item menu-item-type-post_type menu-item-object-page menu-item-3067\"><a href=\"https:\/\/www.grupoxcaret.com\/es\/mapa-de-sitio\/\">Mapa de Sitio<\/a><\/li>\n<li id=\"menu-item-3068\" class=\"menu-item menu-item-type-custom menu-item-object-custom menu-item-3068\"><a href=\"https:\/\/www.xcaret.com\/es\/contactanos\/\">Contactanos<\/a><\/li>\n<li id=\"menu-item-3069\" class=\"menu-item menu-item-type-custom menu-item-object-custom menu-item-3069\"><a href=\"http:\/\/www.xcaretgrupos.com\/\">Grupos<\/a><\/li>\n<li id=\"menu-item-3070\" class=\"menu-item menu-item-type-custom menu-item-object-custom menu-item-3070\"><a href=\"https:\/\/www.grupoxcaret.com\/es\/obten-ingresos-xcaret\/\">Afiliados<\/a><\/li>\n<li id=\"menu-item-3071\" class=\"menu-item menu-item-type-custom menu-item-object-custom menu-item-3071\"><a href=\"https:\/\/www.aolxcaret.com\/\">Agencias Online<\/a><\/li>\n<li id=\"menu-item-3072\" class=\"menu-item menu-item-type-custom menu-item-object-custom menu-item-3072\"><a href=\"http:\/\/www.bodasxcaret.com\/\">Bodas Xcaret<\/a><\/li>\n<li id=\"menu-item-3073\" class=\"menu-item menu-item-type-post_type menu-item-object-page menu-item-3073\"><a href=\"https:\/\/www.grupoxcaret.com\/es\/sostenibilidad-corporativa\/\">Sostenibilidad Corporativa<\/a><\/li>\n<li id=\"menu-item-3074\" class=\"menu-item menu-item-type-custom menu-item-object-custom menu-item-3074\"><a target=\"_blank\" rel=\"noopener\" href=\"https:\/\/talentohumano.grupoxcaret.com\/\">Bolsa de trabajo<\/a><\/li>\n<li id=\"menu-item-5663\" class=\"menu-item menu-item-type-custom menu-item-object-custom menu-item-5663\"><a href=\"https:\/\/www.xcaret.com\/es\/protocolos-de-sanidad-grupo-xcaret\/\">Xeguridad 360\u00b0<\/a><\/li>\n<\/ul><\/div><\/div><\/div> <!-- .\/block --><div class=\"td_block_wrap td_block_list_menu td_uid_6_69f30c63d4566_rand td-pb-border-top td_block_template_1 widget\"  data-td-block-uid=\"td_uid_6_69f30c63d4566\" >\n<style>\n\/* custom css *\/\n.td_uid_6_69f30c63d4566_rand li {\r\n\t\t\t\t\tdisplay: inline-block;\r\n\t\t\t\t}\r\n\t\t\t\t\r\n\t\t\t\t.td_uid_6_69f30c63d4566_rand ul li {\r\n\t\t\t\t\tmargin-right: 15px;\r\n\t\t\t\t}\n<\/style><div class=\"td-block-title-wrap\"><h4 class=\"block-title td-block-title\"><span class=\"td-pulldown-size\">Comprar<\/span><\/h4><\/div><div id=td_uid_6_69f30c63d4566 class=\"td_block_inner td-fix-index\"><div class=\"menu-comprar-footer-container\"><ul id=\"menu-comprar-footer\" class=\"menu\"><li id=\"menu-item-3079\" class=\"menu-item menu-item-type-custom menu-item-object-custom menu-item-3079\"><a href=\"https:\/\/www.xcaret.com\/es\/comprar-mi-entrada\/\">Comprar Xcaret<\/a><\/li>\n<li id=\"menu-item-3080\" class=\"menu-item menu-item-type-custom menu-item-object-custom menu-item-3080\"><a href=\"https:\/\/www.xcaret.com\/es\/parques-y-tours\/entrada-xelha\/\">Comprar Xel-H\u00e1<\/a><\/li>\n<li id=\"menu-item-3081\" class=\"menu-item menu-item-type-custom menu-item-object-custom menu-item-3081\"><a href=\"https:\/\/www.xcaret.com\/es\/parques-y-tours\/entrada-xplor\/\">Comprar Xplor<\/a><\/li>\n<li id=\"menu-item-3082\" class=\"menu-item menu-item-type-custom menu-item-object-custom menu-item-3082\"><a href=\"https:\/\/www.xcaret.com\/es\/parques-y-tours\/entrada-xplor-fuego\/\">Comprar Xplor Fuego<\/a><\/li>\n<li id=\"menu-item-3083\" class=\"menu-item menu-item-type-custom menu-item-object-custom menu-item-3083\"><a href=\"https:\/\/www.xcaret.com\/es\/parques-y-tours\/entrada-xavage\/\">Comprar Xavage<\/a><\/li>\n<li id=\"menu-item-3084\" class=\"menu-item menu-item-type-custom menu-item-object-custom menu-item-3084\"><a href=\"https:\/\/www.xcaret.com\/es\/parques-y-tours\/entrada-xoximilco\/\">Comprar Xoximilco<\/a><\/li>\n<li id=\"menu-item-3085\" class=\"menu-item menu-item-type-custom menu-item-object-custom menu-item-3085\"><a href=\"https:\/\/www.xcaret.com\/es\/parques-y-tours\/entrada-xenses\/\">Comprar Xenses<\/a><\/li>\n<li id=\"menu-item-3086\" class=\"menu-item menu-item-type-custom menu-item-object-custom menu-item-3086\"><a href=\"https:\/\/www.xcaret.com\/es\/parques-y-tours\/tour-xenotes\/\">Comprar Xenotes<\/a><\/li>\n<li id=\"menu-item-3087\" class=\"menu-item menu-item-type-custom menu-item-object-custom menu-item-3087\"><a href=\"https:\/\/www.xcaret.com\/es\/parques-y-tours\/tour-xichen-deluxe\/\">Comprar Xichen<\/a><\/li>\n<li id=\"menu-item-5411\" class=\"menu-item menu-item-type-custom menu-item-object-custom menu-item-5411\"><a href=\"https:\/\/www.xailing.com\/es\/ferry-isla-mujeres\/\">Comprar Ferry<\/a><\/li>\n<\/ul><\/div><\/div><\/div> <!-- .\/block --><div class=\"td_block_wrap td_block_list_menu td_uid_7_69f30c6419b34_rand td-pb-border-top td_block_template_1 widget\"  data-td-block-uid=\"td_uid_7_69f30c6419b34\" >\n<style>\n\/* custom css *\/\n.td_uid_7_69f30c6419b34_rand li {\r\n\t\t\t\t\tdisplay: inline-block;\r\n\t\t\t\t}\r\n\t\t\t\t\r\n\t\t\t\t.td_uid_7_69f30c6419b34_rand ul li {\r\n\t\t\t\t\tmargin-right: 15px;\r\n\t\t\t\t}\n<\/style><div class=\"td-block-title-wrap\"><h4 class=\"block-title td-block-title\"><span class=\"td-pulldown-size\">Otros sitios<\/span><\/h4><\/div><div id=td_uid_7_69f30c6419b34 class=\"td_block_inner td-fix-index\"><div class=\"menu-otros-sitios-container\"><ul id=\"menu-otros-sitios\" class=\"menu\"><li id=\"menu-item-3076\" class=\"menu-item menu-item-type-custom menu-item-object-custom menu-item-3076\"><a href=\"http:\/\/www.tuexperiencia.travel\/ya-visite\/xcaret.php\">\u00bfYa nos visitaste?<\/a><\/li>\n<li id=\"menu-item-3077\" class=\"menu-item menu-item-type-custom menu-item-object-custom menu-item-3077\"><a href=\"http:\/\/www.tuexperiencia.travel\/proximo-a-visitar\/xcaret.php\">\u00bfA\u00fan no nos visitas?<\/a><\/li>\n<li id=\"menu-item-3075\" class=\"menu-item menu-item-type-taxonomy menu-item-object-category menu-item-3075\"><a href=\"https:\/\/www.grupoxcaret.com\/es\/seccion\/sala-de-prensa\/\">Sala de Prensa<\/a><\/li>\n<\/ul><\/div><\/div><\/div> <!-- .\/block --><\/div><\/div><\/div><\/div><\/div><\/div>","protected":false},"excerpt":{"rendered":"","protected":false},"author":1,"featured_media":0,"parent":0,"menu_order":0,"comment_status":"open","ping_status":"open","template":"page-sitemap.php","meta":[],"yoast_head":"<!-- This site is optimized with the Yoast SEO plugin v17.6 - https:\/\/yoast.com\/wordpress\/plugins\/seo\/ -->\n<meta name=\"robots\" content=\"index, follow, max-snippet:-1, max-image-preview:large, max-video-preview:-1\" \/>\n<link rel=\"canonical\" href=\"https:\/\/www.grupoxcaret.com\/es\/mapa-de-sitio\/\" \/>\n<meta property=\"og:locale\" content=\"es_ES\" \/>\n<meta property=\"og:type\" content=\"article\" \/>\n<meta property=\"og:title\" content=\"Mapa de Sitio - Grupo Xcaret Sitio Corporativo\" \/>\n<meta property=\"og:url\" content=\"https:\/\/www.grupoxcaret.com\/es\/mapa-de-sitio\/\" \/>\n<meta property=\"og:site_name\" content=\"Grupo Xcaret Sitio Corporativo\" \/>\n<meta property=\"article:modified_time\" content=\"2020-05-08T17:58:15+00:00\" \/>\n<meta name=\"twitter:card\" content=\"summary_large_image\" \/>\n<script type=\"application\/ld+json\" class=\"yoast-schema-graph\">{\"@context\":\"https:\/\/schema.org\",\"@graph\":[{\"@type\":\"Organization\",\"@id\":\"https:\/\/www.grupoxcaret.com\/es\/#organization\",\"name\":\"Grupo Xcaret\",\"url\":\"https:\/\/www.grupoxcaret.com\/es\/\",\"sameAs\":[],\"logo\":{\"@type\":\"ImageObject\",\"@id\":\"https:\/\/www.grupoxcaret.com\/es\/#logo\",\"inLanguage\":\"es\",\"url\":\"https:\/\/www.grupoxcaret.com\/es\/wp-content\/uploads\/2015\/04\/exx.png\",\"contentUrl\":\"https:\/\/www.grupoxcaret.com\/es\/wp-content\/uploads\/2015\/04\/exx.png\",\"width\":400,\"height\":136,\"caption\":\"Grupo Xcaret\"},\"image\":{\"@id\":\"https:\/\/www.grupoxcaret.com\/es\/#logo\"}},{\"@type\":\"WebSite\",\"@id\":\"https:\/\/www.grupoxcaret.com\/es\/#website\",\"url\":\"https:\/\/www.grupoxcaret.com\/es\/\",\"name\":\"Grupo Xcaret Sitio Corporativo\",\"description\":\"Conoce el sitio corporativo de Grupo Xcaret. Encuentra informaci\\u00f3n relevante acerca de nuestra historia, marcas, filosof\\u00eda empresarial, pol\\u00edtica de sostenibilidad y mucho m\\u00e1s.\",\"publisher\":{\"@id\":\"https:\/\/www.grupoxcaret.com\/es\/#organization\"},\"potentialAction\":[{\"@type\":\"SearchAction\",\"target\":{\"@type\":\"EntryPoint\",\"urlTemplate\":\"https:\/\/www.grupoxcaret.com\/es\/?s={search_term_string}\"},\"query-input\":\"required name=search_term_string\"}],\"inLanguage\":\"es\"},{\"@type\":\"WebPage\",\"@id\":\"https:\/\/www.grupoxcaret.com\/es\/mapa-de-sitio\/#webpage\",\"url\":\"https:\/\/www.grupoxcaret.com\/es\/mapa-de-sitio\/\",\"name\":\"Mapa de Sitio - Grupo Xcaret Sitio Corporativo\",\"isPartOf\":{\"@id\":\"https:\/\/www.grupoxcaret.com\/es\/#website\"},\"datePublished\":\"2014-12-16T19:16:06+00:00\",\"dateModified\":\"2020-05-08T17:58:15+00:00\",\"breadcrumb\":{\"@id\":\"https:\/\/www.grupoxcaret.com\/es\/mapa-de-sitio\/#breadcrumb\"},\"inLanguage\":\"es\",\"potentialAction\":[{\"@type\":\"ReadAction\",\"target\":[\"https:\/\/www.grupoxcaret.com\/es\/mapa-de-sitio\/\"]}]},{\"@type\":\"BreadcrumbList\",\"@id\":\"https:\/\/www.grupoxcaret.com\/es\/mapa-de-sitio\/#breadcrumb\",\"itemListElement\":[{\"@type\":\"ListItem\",\"position\":1,\"name\":\"Inicio\",\"item\":\"https:\/\/www.grupoxcaret.com\/es\/\"},{\"@type\":\"ListItem\",\"position\":2,\"name\":\"Mapa de Sitio\"}]}]}<\/script>\n<!-- \/ Yoast SEO plugin. -->","yoast_head_json":{"robots":{"index":"index","follow":"follow","max-snippet":"max-snippet:-1","max-image-preview":"max-image-preview:large","max-video-preview":"max-video-preview:-1"},"canonical":"https:\/\/www.grupoxcaret.com\/es\/mapa-de-sitio\/","og_locale":"es_ES","og_type":"article","og_title":"Mapa de Sitio - Grupo Xcaret Sitio Corporativo","og_url":"https:\/\/www.grupoxcaret.com\/es\/mapa-de-sitio\/","og_site_name":"Grupo Xcaret Sitio Corporativo","article_modified_time":"2020-05-08T17:58:15+00:00","twitter_card":"summary_large_image","schema":{"@context":"https:\/\/schema.org","@graph":[{"@type":"Organization","@id":"https:\/\/www.grupoxcaret.com\/es\/#organization","name":"Grupo Xcaret","url":"https:\/\/www.grupoxcaret.com\/es\/","sameAs":[],"logo":{"@type":"ImageObject","@id":"https:\/\/www.grupoxcaret.com\/es\/#logo","inLanguage":"es","url":"https:\/\/www.grupoxcaret.com\/es\/wp-content\/uploads\/2015\/04\/exx.png","contentUrl":"https:\/\/www.grupoxcaret.com\/es\/wp-content\/uploads\/2015\/04\/exx.png","width":400,"height":136,"caption":"Grupo Xcaret"},"image":{"@id":"https:\/\/www.grupoxcaret.com\/es\/#logo"}},{"@type":"WebSite","@id":"https:\/\/www.grupoxcaret.com\/es\/#website","url":"https:\/\/www.grupoxcaret.com\/es\/","name":"Grupo Xcaret Sitio Corporativo","description":"Conoce el sitio corporativo de Grupo Xcaret. Encuentra informaci\u00f3n relevante acerca de nuestra historia, marcas, filosof\u00eda empresarial, pol\u00edtica de sostenibilidad y mucho m\u00e1s.","publisher":{"@id":"https:\/\/www.grupoxcaret.com\/es\/#organization"},"potentialAction":[{"@type":"SearchAction","target":{"@type":"EntryPoint","urlTemplate":"https:\/\/www.grupoxcaret.com\/es\/?s={search_term_string}"},"query-input":"required name=search_term_string"}],"inLanguage":"es"},{"@type":"WebPage","@id":"https:\/\/www.grupoxcaret.com\/es\/mapa-de-sitio\/#webpage","url":"https:\/\/www.grupoxcaret.com\/es\/mapa-de-sitio\/","name":"Mapa de Sitio - Grupo Xcaret Sitio Corporativo","isPartOf":{"@id":"https:\/\/www.grupoxcaret.com\/es\/#website"},"datePublished":"2014-12-16T19:16:06+00:00","dateModified":"2020-05-08T17:58:15+00:00","breadcrumb":{"@id":"https:\/\/www.grupoxcaret.com\/es\/mapa-de-sitio\/#breadcrumb"},"inLanguage":"es","potentialAction":[{"@type":"ReadAction","target":["https:\/\/www.grupoxcaret.com\/es\/mapa-de-sitio\/"]}]},{"@type":"BreadcrumbList","@id":"https:\/\/www.grupoxcaret.com\/es\/mapa-de-sitio\/#breadcrumb","itemListElement":[{"@type":"ListItem","position":1,"name":"Inicio","item":"https:\/\/www.grupoxcaret.com\/es\/"},{"@type":"ListItem","position":2,"name":"Mapa de Sitio"}]}]}},"_links":{"self":[{"href":"https:\/\/www.grupoxcaret.com\/es\/wp-json\/wp\/v2\/pages\/320"}],"collection":[{"href":"https:\/\/www.grupoxcaret.com\/es\/wp-json\/wp\/v2\/pages"}],"about":[{"href":"https:\/\/www.grupoxcaret.com\/es\/wp-json\/wp\/v2\/types\/page"}],"author":[{"embeddable":true,"href":"https:\/\/www.grupoxcaret.com\/es\/wp-json\/wp\/v2\/users\/1"}],"replies":[{"embeddable":true,"href":"https:\/\/www.grupoxcaret.com\/es\/wp-json\/wp\/v2\/comments?post=320"}],"version-history":[{"count":1,"href":"https:\/\/www.grupoxcaret.com\/es\/wp-json\/wp\/v2\/pages\/320\/revisions"}],"predecessor-version":[{"id":3407,"href":"https:\/\/www.grupoxcaret.com\/es\/wp-json\/wp\/v2\/pages\/320\/revisions\/3407"}],"wp:attachment":[{"href":"https:\/\/www.grupoxcaret.com\/es\/wp-json\/wp\/v2\/media?parent=320"}],"curies":[{"name":"wp","href":"https:\/\/api.w.org\/{rel}","templated":true}]}}