{"id":318,"date":"2014-12-16T19:15:43","date_gmt":"2014-12-16T19:15:43","guid":{"rendered":"http:\/\/experienciasxcaret.mx\/corporativo\/?page_id=318"},"modified":"2023-10-10T22:15:05","modified_gmt":"2023-10-10T22:15:05","slug":"aviso-de-privacidad","status":"publish","type":"page","link":"https:\/\/www.grupoxcaret.com\/es\/aviso-de-privacidad\/","title":{"rendered":"Aviso de Privacidad"},"content":{"rendered":"<div id=\"td_uid_1_69f567543d51b\" class=\"tdc-zone\"><div class=\"tdc_zone td_uid_1_69f567543d528_rand  wpb_row td-pb-row\"  >\n<style scoped>\n\n\/* custom css *\/\n.td_uid_1_69f567543d528_rand {\r\n                    min-height: 0;\r\n                }\n<\/style><div id=\"td_uid_2_69f567543f151\" class=\"tdc-row\"><div class=\"vc_row td_uid_2_69f567543f15a_rand  wpb_row td-pb-row\" >\n<style scoped>\n\n\/* custom css *\/\n.td_uid_2_69f567543f15a_rand {\r\n                    min-height: 0;\r\n                }\n<\/style><div class=\"vc_column td_uid_3_69f567543f435_rand  wpb_column vc_column_container tdc-column td-pb-span12\">\n<style scoped>\n\n\/* custom css *\/\n.td_uid_3_69f567543f435_rand {\r\n                    vertical-align: baseline;\r\n                }\n<\/style><div class=\"wpb_wrapper\"><div class=\"wpb_wrapper td_block_wrap vc_raw_html td_uid_4_69f567543f5ab_rand \"><div class=\"td-fix-index\">\n\n<div class=\"container mx-auto px-8\"><h1 class=\"text-blue-900 text-3xl font-extrabold\">Aviso de Privacidad<\/h1>\n\n<div class=\"\">\n<\/div><h2 class=\"text-blue-800 text-2xl font-light py-3\">Grupo Xcaret<\/h2>\n\n<div class=\"\">\n\n<p>Si est\u00e1s leyendo esto, significa que eres un usuario responsable que cuida sus datos personales. <\/p>\n<br>\n\n<p>En este aviso de privacidad vamos a explicarte para qu\u00e9 solicitamos tus datos, bajo qu\u00e9 circunstancias y c\u00f3mo los cuidamos.<\/p>\n<\/div><h2 class=\"text-blue-800 text-2xl font-light py-3\">Sobre el responsable<\/h2>\n\n<div class=\"\">\n\n<p>La primera obligaci\u00f3n que tenemos contigo, es informarte la identidad del responsable de este sitio: <\/p> \n<br> \n\n<p> <strong>Raz\u00f3n Social<\/strong>: Experiencias Xcaret Web S.A.P.I.  de C.V. (en adelante Grupo Xcaret). <\/p> \n<br> \n\n<p> <strong>Domicilio social<\/strong>: Avenida Tulum, Numero 290 Manzana 3, Lote 2, Colonia SM 8, Canc\u00fan, Benito Juarez, Quintana Roo, C.P. 77500. <\/p> \n<br> \n\n<p> <strong>Nuestra actividad<\/strong>: Somos un grupo empresarial que cuenta con parques culturales, naturales, ecol\u00f3gicos, de aventura con hoteles \u00fanicos, que ofrece a nuestros Visitantes y Hu\u00e9spedes diferentes experiencias ecol\u00f3gicas, culturales y de diversi\u00f3n. <\/p> \n<br> \n\n<p> <strong>Nuestro tel\u00e9fono<\/strong>: +52 (998) 884-9422 Ext. 11469. <\/p> \n<br> \n\n<p> <strong>Responsable de la protecci\u00f3n de tus datos<\/strong>: El <strong>Departamento de Protecci\u00f3n de la Informaci\u00f3n<\/strong> se encarga de velar por la seguridad de tu informaci\u00f3n. <\/p>\n<br>\n\n<p><strong>Correo electr\u00f3nico del responsable<\/strong>: privacidad@xcaret.com <\/p> \n<br> \n\n<p> Adem\u00e1s de lo anterior es importante que sepas que este aviso forma parte de los siguientes sitios: <\/p> \n<br> \n<ul> \n<li>http:\/\/www.hotelxcaret.com<\/li> \n<li>http:\/\/www.lacasadelaplaya.com<\/li> \n<li>http:\/\/www.xcaret.com.mx<\/li> \n<li>http:\/\/www.xcaret.com<\/li> \n<li>http:\/\/www.parquexcaret.com.br<\/li> \n<li>http:\/\/www.xelha.com<\/li> \n<li>http:\/\/www.xelha.fr<\/li> \n<li>http:\/\/www.xplor.travel<\/li> \n<li>http:\/\/www.xichen.com.mx<\/li> \n<li>http:\/\/www.xichen.fr<\/li> \n<li>http:\/\/www.xenotes.com<\/li> \n<li>http:\/\/www.xenotes.com.mx<\/li> \n<li>http:\/\/www.xoximilco.com<\/li> \n<li>http:\/\/www.xoximilco.com.mx<\/li> \n<li>http:\/\/www.parquexenses.com<\/li> \n<li>http:\/\/www.xensespark.com<\/li> \n<li>https:\/\/www.xavage.com\/es\/<\/li> \n<li>https:\/\/www.xavage.com\/en\/<\/li> \n<li>http:\/\/www.experienciasxcaret.net\/aol\/<\/li> \n<li>http:\/\/www.repsclub.com <\/li> \n<li>http:\/\/www.triatlonxelha.com<\/li> \n<li>http:\/\/www.festivaldevidaymuerte.com<\/li> \n<li>http:\/\/www.xplorbravestrace.com<\/li> \n<li>http:\/\/www.bodasxcaret.com<\/li> \n<li>http:\/\/www.tuexperiencia.travel<\/li> \n<li>http:\/\/www.yourexperience.travel<\/li> \n<li>http:\/\/www.xcaretsalesnetwork.com<\/li> \n<li>https:\/\/www.aolxcaret.com<\/li> \n<li>http:\/\/www.grupoexperienciasxcaret.com<\/li> \n<li>http:\/\/www.loyaltyreps.com<\/li> \n<li>http:\/\/www.xcaretgrupos.com<\/li> \n<li>https:\/\/www.xperienciasxcaret.mx<\/li> \n<li>http:\/\/www.vivemexico.travel\/<\/li> \n<li>http:\/\/www.cancunvisitor.com<\/li> \n<li>https:\/\/www.xibalba.travel\/<\/li> \n<li>https:\/\/www.hotelxcaretarte.com\/<\/li> \n<li>https:\/\/www.xailing.com\/<\/li> \n<li>https:\/\/www.hotelxcaretmexico.com<\/li> \n<li>www.xcaret.photos<\/li> \n<li>Quioscos digitales y Quioscos en las Plazas.<\/li> \n<li>Facturacion.<\/li> \n<\/ul>\n<\/div><h2 class=\"text-blue-800 text-2xl font-light py-3\">La informaci\u00f3n que te solicitamos y en qu\u00e9 momento<\/h2>\n\n<div class=\"\">\n\n<p> Ahora te describiremos las diferentes situaciones en donde se pueden requerir tus datos en este sitio: <\/p> \n<br> \n<ul> \n<li>Cuando nos consultes algo por chat, te pediremos tu correo electr\u00f3nico y tu nombre.<\/li> \n<li>Cuando quieras suscribirte para recibir promociones, te solicitaremos tu nombre, apellidos, correo electr\u00f3nico y pa\u00eds de origen.<\/li> \n<li>Cuando cotices para comprar con nosotros alguno de nuestros productos, servicios o actividades, te pediremos tu correo electr\u00f3nico.<\/li> \n<li>Cuando hagas una compra y tengas cuenta con nosotros, solicitaremos tu correo electr\u00f3nico y contrase\u00f1a.<\/li> \n<li>Cuando hagas una compra y no tengas cuenta con nosotros, solicitaremos tu nombre, apellidos, correo electr\u00f3nico, tel\u00e9fono, estado, pa\u00eds de origen y hotel en el que te hospedas, adem\u00e1s pediremos tus datos bancarios y direcci\u00f3n para poder realizar la compra. Si quieres tener una cuenta, solo faltar\u00e1 agregar una contrase\u00f1a. <\/li> \n<li>Cuando solicites informes para Grupos y Convenciones, te pediremos tu nombre, apellidos, tel\u00e9fono, correo electr\u00f3nico y pa\u00eds de origen.<\/li> \n<li>Cuando pidas informes para tu boda, solicitaremos tu nombre, apellidos, tel\u00e9fono, correo electr\u00f3nico, pa\u00eds de origen, estado y ciudad.<\/li> \n<li>Cuando tengas alguna duda o sugerencia por medio de nuestro Cont\u00e1ctanos, te solicitaremos tu nombre, tel\u00e9fono y correo electr\u00f3nico.<\/li> \n<li>Cuando firmes una responsiva por alguna de las actividades extraordinarias que ofrecemos en nuestros parques.<\/li> \n<li>Cuando nos compartes tu opini\u00f3n sobre la experiencia, solicitaremos tu nombre y correo electr\u00f3nico.<\/li> \n<li>Cuando solicitas facturaci\u00f3n de tus visitas, solicitaremos RFC, direcci\u00f3n fiscal y correo electr\u00f3nico. <\/li> \n<\/ul>\n<\/div><h2 class=\"text-blue-800 text-2xl font-light py-3\">\u00a1Important\u00edsimo!<\/h2>\n\n<div class=\"\">\n<ul> \n<li><strong>Nunca solicitamos datos personales sensibles en ninguno de nuestros sitios.<\/strong><\/li> \n<li><strong>Tampoco te solicitaremos tu usuario y contrase\u00f1a por tel\u00e9fono o correo electr\u00f3nico.<\/strong><\/li> \n<li><strong>Nunca solicitamos datos de tarjeta de cr\u00e9dito o d\u00e9bito, salvo que est\u00e9s efectuando una compra.<\/strong><\/li> \n<\/ul>\n<\/div><h2 class=\"text-blue-800 text-2xl font-light py-3\">Finalidades del tratamiento<\/h2>\n\n<div class=\"\">\n\n<p>Otra de nuestras responsabilidades es explicarte para qu\u00e9 usamos, almacenamos y tratamos tus datos personales:<\/p> \n<br> \n\n<p>Cuando te conectas a este sitio, para consultar por chat, suscribirte, cotizar, comprar o pedir informaci\u00f3n, nos est\u00e1s facilitando informaci\u00f3n de car\u00e1cter personal y <strong>est\u00e1s dando tu consentimiento<\/strong> para que tu informaci\u00f3n sea recopilada, utilizada, gestionada y almacenada por nosotros, s\u00f3lo como se describe en este aviso.<\/p> \n<br> \n\n<p> Las finalidades dependen del formulario en donde hayas ingresado tus datos personales y son las siguientes: <\/p> \n<br> \n<ul> \n<li><strong>Formularios de Chat, Cotizaci\u00f3n, Informes de Grupos y Convenciones, Informes de Bodas <\/strong><\/li> \n<\/ul> \n<br> \n\n<p> Brindarte a trav\u00e9s de alg\u00fan medio de contacto la informaci\u00f3n que nos hayas solicitado. <\/p> \n<br> \n<ul> \n<li><strong>Formulario de Suscripci\u00f3n<\/strong><\/li> \n<\/ul> \n<br> \n\n<p> Enviarte comunicaciones promocionales relacionadas con cualquier producto o servicio disponible en nuestros sitios. <\/p> \n<br> \n\n<p>En cada bolet\u00edn informativo y correo de marketing que se te env\u00ede, deber\u00e1 incluirse un v\u00ednculo para darte baja de manera autom\u00e1tica.<\/p> \n<br> \n<ul> \n<li><strong>Formulario Compra con o sin cuenta de usuario<\/strong><\/li> \n<\/ul> \n<br> \n\n<p> Perfeccionar, efectuar y controlar el correcto cumplimiento del contrato y cumplir con las obligaciones legales de Grupo Xcaret. <\/p> \n<br> \n<ul> \n<li><strong>Formulario Cont\u00e1ctanos<\/strong><\/li> \n<\/ul> \n<br> \n\n<p> Darte respuesta a las solicitudes, sugerencias o dudas por medio de nuestro Departamento de Servicio al Cliente. <\/p> \n<br> \n<ul> \n<li><strong>Formato de Responsiva de Actividades Extraordinarias<\/strong><\/li> \n<\/ul> \n<br> \n\n<p>Otorgarte el servicio a actividades extraordinarias dentro de nuestros parques.<\/p> \n<br> \n\n<p>Adem\u00e1s de las anteriores, existen otras finalidades:<\/p> \n<ul> \n<li>Proveer los servicios y productos que has comprado.<\/li> \n<li>Para realizar estudios internos sobre datos demogr\u00e1ficos y estad\u00edsticos.<\/li> \n<li>Para conocer los intereses de nuestros usuarios.<\/li> \n<li>Para apoyar y mejorar los servicios que ofrecen nuestros sitios, de tal manera que podamos proporcionarte una experiencia m\u00e1s satisfactoria.<\/li> \n<li>Informar a nuestros usuarios sobre nuevos productos o servicios que est\u00e9n relacionados con el contratado.<\/li> \n<li>Evaluar la calidad en el servicio.<\/li> \n<li>Informar sobre cambios de nuestros productos o servicios y proporcionar un mejor servicio al usuario.<\/li> \n<\/ul> \n<br> \n\n<p>Los tratamientos anteriores est\u00e1n sujetos a tu consentimiento, <strong>NUNCA<\/strong> ser\u00e1n utilizados tus datos para un fin diferente a lo mencionado en este aviso y <strong>NUNCA<\/strong> venderemos tu informaci\u00f3n.<\/p>\n<\/div><h2 class=\"text-blue-800 text-2xl font-light py-3\">Acerca del uso de cookies<\/h2>\n\n<div class=\"\">\n\n<p>Las cookies son archivos de texto que son descargados autom\u00e1ticamente y almacenados en el disco duro del equipo de c\u00f3mputo del usuario al navegar en una p\u00e1gina de Internet espec\u00edfica, que permiten recordar al servidor de Internet algunos datos sobre este usuario, entre ellos, sus preferencias para la visualizaci\u00f3n de las p\u00e1ginas en ese servidor, nombre y contrase\u00f1a. En algunas secciones de nuestro sitio requerimos que el cliente tenga habilitados las cookies ya que algunas de las funcionalidades requieren de \u00e9stas para trabajar. <\/p> \n<br> \n\n<p> En el caso de empleo de cookies, el bot\u00f3n de 'ayuda' que se encuentra en la barra de herramientas de la mayor\u00eda de los navegadores, te dir\u00e1 c\u00f3mo evitar aceptar nuevas cookies, c\u00f3mo hacer que el navegador te notifique cuando recibe una nueva cookie o c\u00f3mo deshabilitar todas las cookies. <\/p>\n<\/div><h2 class=\"text-blue-800 text-2xl font-light py-3\">Notificaciones Push<\/h2>\n\n<div class=\"\">\n\n<p>Al ingresar a nuestro sitio se ofrecer\u00e1 la posibilidad de aceptar o denegar el que se muestren notificaciones push, con la \u00fanica finalidad de compartirte informaci\u00f3n acerca de promociones y ofertas de nuestros productos, estas se pueden mostrar tanto en dispositivos de escritorio como m\u00f3viles. Las notificaciones pueden funcionar incluso si tu navegador se encuentra cerrado como notificaciones del sistema. Estas siempre podr\u00e1n desactivarse cuando tu as\u00ed lo decidas, desde las opciones de tu navegador en el apartado de notificaciones.<\/p>\n<\/div><h2 class=\"text-blue-800 text-2xl font-light py-3\">Limitaci\u00f3n de uso y divulgaci\u00f3n de informaci\u00f3n<\/h2>\n\n<div class=\"\">\n\n<p> La informaci\u00f3n proporcionada por el usuario est\u00e1 asegurada por un n\u00famero de identificaci\u00f3n personal al cual s\u00f3lo el usuario podr\u00e1 acceder y de la cual s\u00f3lo \u00e9l tiene conocimiento. Te recomendamos que no compartas o reveles tu contrase\u00f1a a nadie. En este tema, el equipo de Grupo Xcaret ha enfocado sus esfuerzos para ofrecer la tecnolog\u00eda m\u00e1s moderna y actualizada a fin de ofrecerte la mayor seguridad posible. Puedes dejar de recibir mensajes promocionales por tel\u00e9fono fijo o celular, dejar de recibir correos electr\u00f3nicos o publicidad a trav\u00e9s de correo postal, solicitando su baja al tel\u00e9fono +52 (998) 884-9422 Ext. 11469 y a trav\u00e9s del correo electr\u00f3nico: privacidad@xcaret.com. <\/p> \n<br> \n\n<p> Si participas en el servicio de promociones v\u00eda correo electr\u00f3nico podr\u00e1s en cualquier momento desactivar el servicio (Opt-out) en relaci\u00f3n con las comunicaciones promocionales correo electr\u00f3nico, le informaremos en cada una de las mismas, c\u00f3mo darte de baja de una forma sencilla y sin ning\u00fan costo. <\/p>\n<\/div><h2 class=\"text-blue-800 text-2xl font-light py-3\">Los derechos que tienes al proporcionarnos tus datos<\/h2>\n\n<div class=\"\">\n<ul> \n<li>Solicitar el acceso a tus datos personales.<\/li> \n<li>Solicitar su rectificaci\u00f3n.<\/li> \n<li>Solicitar su cancelaci\u00f3n.<\/li> \n<li>Solicitar la limitaci\u00f3n de su tratamiento (su uso y divulgaci\u00f3n).<\/li> \n<li>Y oponerse al tratamiento que le estamos dando.<\/li> \n<li>La portabilidad de tus datos.<\/li> \n<li>Revocaci\u00f3n del consentimiento al tratamiento de los datos.<\/li> \n<\/ul> \n<br> \n\n<p>El ejercicio de estos derechos es personal, lo que significa que el interesado debe solicitarlo al responsable de la protecci\u00f3n de sus datos, es decir, al <strong>Departamento de Protecci\u00f3n de la Informaci\u00f3n.<\/strong> <\/p> \n<br> \n\n<p> Para ejercer cualquier derecho de los anteriores, puedes descargar y llenar el siguiente <a href=\"https:\/\/comercial-production-gx-cms-content-bucket.s3.amazonaws.com\/global\/arco\/SOLICITUD_DE_DERECHOS_ARCO.pdf\"><strong><u>formato<\/u><\/strong><\/a> y enviarlo junto con la copia de tu identificaci\u00f3n, a trav\u00e9s de: <\/p> \n<br> \n\n<p> <strong>Correo electr\u00f3nico del responsable<\/strong>: privacidad@xcaret.com <\/p> \n<br> \n\n<p> <strong>Nuestro tel\u00e9fono<\/strong>: +52 (998) 884-9422 Ext. 11469. <\/p> \n<br> \n\n<p> <strong>Con atenci\u00f3n<\/strong>: De lunes a viernes en horario de 9:00 a 19:00 horas. <\/p> \n<br> \n\n<p> Te atenderemos r\u00e1pidamente, en un plazo no mayor a 15 d\u00edas h\u00e1biles. Te aconsejamos que mantengas actualizados tus datos para que podamos brindarte un servicio m\u00e1s personalizado. <\/p>\n<\/div><h2 class=\"text-blue-800 text-2xl font-light py-3\">Tiempo de conservaci\u00f3n de tus datos<\/h2>\n\n<div class=\"\">\n\n<p>Conservaremos tus datos hasta que nos pidas que los eliminemos.<\/p>\n<\/div><h2 class=\"text-blue-800 text-2xl font-light py-3\">Transferencia de datos<\/h2>\n\n<div class=\"\">\n\n<p>Es importante notificar que, para fines de comercializaci\u00f3n, compartimos tu informaci\u00f3n con nuestras empresas filiales: Experiencias Xcaret Loyalty S.A.P.I de C.V., Experiencias Xcaret Hoteles, S.A.P.I de C.V, Naturama Tours Adventures S.A. de C.V. and Naturaprehisp\u00e1nica Ventura S.L. para ofrecerte las mejores ofertas de nuestros Hoteles y Club Vacacional en caso de que hayas realizado la suscripci\u00f3n con nosotros para recibir esta informaci\u00f3n.<\/p> \n<br> \n\n<p>Tambi\u00e9n realizamos env\u00edos de informaci\u00f3n para dar cumplimiento a los usos antes mencionados y dar cumplimiento a las obligaciones contra\u00eddas con ustedes, nuestros clientes.<\/p> \n<\/div><h2 class=\"text-blue-800 text-2xl font-light py-3\">La protecci\u00f3n de tu informaci\u00f3n<\/h2>\n\n<div class=\"\">\n\n<p> Hemos implementado medidas de seguridad para cuidar tus datos: <\/p> \n<br> \n<ul> \n<li>Uso de certificados SSL (Secure Socket Layer) en nuestros sitios.<\/li> \n<li>Procedimientos de seguridad en nuestro personal.<\/li> \n<li>Limitaci\u00f3n de acceso a las bases de datos donde se guardan los datos.<\/li> \n<li>Implementaci\u00f3n de mejores pr\u00e1cticas en servidores para mantener segura tu informaci\u00f3n.<\/li> \n<li>Implementaci\u00f3n de controles para cumplir con la <strong>LFPDPPP<\/strong> y el <strong>RGPD<\/strong>.<\/li> \n<\/ul>\n<\/div><h2 class=\"text-blue-800 text-2xl font-light py-3\">Uso de im\u00e1genes y sonido recabados por medio de nuestros sistemas internos de videovigilancia <\/h2>\n\n<div class=\"\">\n\n<p>Preocupados por la seguridad de nuestros visitantes, hu\u00e9spedes y colaboradores, as\u00ed como de nuestras instalaciones administrativas, hoteles, club vacacional y parques, es necesario comunicarte que contamos con sistemas y circuitos internos de videograbaci\u00f3n, los cuales pueden captar im\u00e1genes y en algunos casos sonidos considerados datos personales, mismos que ser\u00e1n tratados y protegidos en los t\u00e9rminos previstos en este aviso de privacidad.<\/p>\n<\/div><h2 class=\"text-blue-800 text-2xl font-light py-3\">Leyes que incorpora este aviso de privacidad <\/h2>\n\n<div class=\"\">\n<ul> \n<li>La <strong>LFPDPPP<\/strong><a href=\"http:\/\/www.diputados.gob.mx\/LeyesBiblio\/regley\/Reg_LFPDPPP.pdf\"><strong> <u>(Reglamento de la Ley Federal de Protecci\u00f3n de Datos Personales en Posesi\u00f3n de los Particulares)<\/u><\/strong><\/a> que es la ley que se encarga de proteger los datos personales en M\u00e9xico.<\/li> \n<li>El <strong>RGPD<\/strong> <a href=\"https:\/\/www.boe.es\/doue\/2016\/119\/L00001-00088.pdf\"><strong><u>(Reglamento (UE) 2016\/679 del Parlamento Europeo y del Consejo de 27 de abril de 2016 relativo a la protecci\u00f3n de las personas f\u00edsicas)<\/u><\/strong><\/a> que es la nueva normativa de la Uni\u00f3n Europea para la regulaci\u00f3n del tratamiento de los datos personales.<\/li> \n<\/ul>\n<\/div><h2 class=\"text-blue-800 text-2xl font-light py-3\">Autoridad<\/h2>\n\n<div class=\"\">\n\n<p>Si consideras que la protecci\u00f3n de tus datos personales ha sido vulnerada, tienes la libertad de acudir al INAI (Instituto Nacional de Transparencia, Acceso a la Informaci\u00f3n y Protecci\u00f3n de Datos Personales).<\/p>\n<\/div><h2 class=\"text-blue-800 text-2xl font-light py-3\">Aceptaci\u00f3n de t\u00e9rminos<\/h2>\n\n<div class=\"\">\n\n<p> Cuando nos facilitas tu informaci\u00f3n y <strong>marcas la casilla de consentimiento<\/strong>, significa que est\u00e1s de acuerdo para que tu informaci\u00f3n sea tratada en los t\u00e9rminos antes mencionados.<\/p>\n<\/div><h2 class=\"text-blue-800 text-2xl font-light py-3\">Modificaciones en nuestro aviso de privacidad<\/h2>\n\n<div class=\"\">\n\n<p>Te recomendamos que consultes este AVISO DE PRIVACIDAD peri\u00f3dicamente, ya que realizamos actualizaciones y modificaciones para adecuarlo a las leyes que aplican en cuesti\u00f3n de protecci\u00f3n de datos personales y a pol\u00edticas internas. <\/p> \n<br> \n\n<p>En caso de ingresar tus datos personales en alguno de nuestros formularios de compra y al marcar el checkbox de aceptaci\u00f3n, se te notificar\u00e1 sobre la actualizaci\u00f3n.<\/p> \n<br> \n\n<p> <strong>\u00daltima actualizaci\u00f3n el 01\/08\/2022 (primero de agosto de 2022).<\/strong> <\/p>\n<\/div>\n<\/div><\/div><\/div><\/div><\/div><\/div><\/div><\/div><\/div>","protected":false},"excerpt":{"rendered":"","protected":false},"author":1,"featured_media":0,"parent":0,"menu_order":0,"comment_status":"open","ping_status":"open","template":"page-aviso.php","meta":[],"yoast_head":"<!-- This site is optimized with the Yoast SEO plugin v17.6 - https:\/\/yoast.com\/wordpress\/plugins\/seo\/ -->\n<meta name=\"robots\" content=\"noindex, nofollow\" \/>\n<meta property=\"og:locale\" content=\"es_ES\" \/>\n<meta property=\"og:type\" content=\"article\" \/>\n<meta property=\"og:title\" content=\"Aviso de Privacidad - Grupo Xcaret Sitio Corporativo\" \/>\n<meta property=\"og:url\" content=\"https:\/\/www.grupoxcaret.com\/es\/aviso-de-privacidad\/\" \/>\n<meta property=\"og:site_name\" content=\"Grupo Xcaret Sitio Corporativo\" \/>\n<meta property=\"article:modified_time\" content=\"2023-10-10T22:15:05+00:00\" \/>\n<meta name=\"twitter:card\" content=\"summary_large_image\" \/>\n<meta name=\"twitter:label1\" content=\"Tiempo de lectura\" \/>\n\t<meta name=\"twitter:data1\" content=\"9 minutos\" \/>\n<script type=\"application\/ld+json\" class=\"yoast-schema-graph\">{\"@context\":\"https:\/\/schema.org\",\"@graph\":[{\"@type\":\"Organization\",\"@id\":\"https:\/\/www.grupoxcaret.com\/es\/#organization\",\"name\":\"Grupo Xcaret\",\"url\":\"https:\/\/www.grupoxcaret.com\/es\/\",\"sameAs\":[],\"logo\":{\"@type\":\"ImageObject\",\"@id\":\"https:\/\/www.grupoxcaret.com\/es\/#logo\",\"inLanguage\":\"es\",\"url\":\"https:\/\/www.grupoxcaret.com\/es\/wp-content\/uploads\/2015\/04\/exx.png\",\"contentUrl\":\"https:\/\/www.grupoxcaret.com\/es\/wp-content\/uploads\/2015\/04\/exx.png\",\"width\":400,\"height\":136,\"caption\":\"Grupo Xcaret\"},\"image\":{\"@id\":\"https:\/\/www.grupoxcaret.com\/es\/#logo\"}},{\"@type\":\"WebSite\",\"@id\":\"https:\/\/www.grupoxcaret.com\/es\/#website\",\"url\":\"https:\/\/www.grupoxcaret.com\/es\/\",\"name\":\"Grupo Xcaret Sitio Corporativo\",\"description\":\"Conoce el sitio corporativo de Grupo Xcaret. Encuentra informaci\\u00f3n relevante acerca de nuestra historia, marcas, filosof\\u00eda empresarial, pol\\u00edtica de sostenibilidad y mucho m\\u00e1s.\",\"publisher\":{\"@id\":\"https:\/\/www.grupoxcaret.com\/es\/#organization\"},\"potentialAction\":[{\"@type\":\"SearchAction\",\"target\":{\"@type\":\"EntryPoint\",\"urlTemplate\":\"https:\/\/www.grupoxcaret.com\/es\/?s={search_term_string}\"},\"query-input\":\"required name=search_term_string\"}],\"inLanguage\":\"es\"},{\"@type\":\"WebPage\",\"@id\":\"https:\/\/www.grupoxcaret.com\/es\/aviso-de-privacidad\/#webpage\",\"url\":\"https:\/\/www.grupoxcaret.com\/es\/aviso-de-privacidad\/\",\"name\":\"Aviso de Privacidad - Grupo Xcaret Sitio Corporativo\",\"isPartOf\":{\"@id\":\"https:\/\/www.grupoxcaret.com\/es\/#website\"},\"datePublished\":\"2014-12-16T19:15:43+00:00\",\"dateModified\":\"2023-10-10T22:15:05+00:00\",\"breadcrumb\":{\"@id\":\"https:\/\/www.grupoxcaret.com\/es\/aviso-de-privacidad\/#breadcrumb\"},\"inLanguage\":\"es\",\"potentialAction\":[{\"@type\":\"ReadAction\",\"target\":[\"https:\/\/www.grupoxcaret.com\/es\/aviso-de-privacidad\/\"]}]},{\"@type\":\"BreadcrumbList\",\"@id\":\"https:\/\/www.grupoxcaret.com\/es\/aviso-de-privacidad\/#breadcrumb\",\"itemListElement\":[{\"@type\":\"ListItem\",\"position\":1,\"name\":\"Inicio\",\"item\":\"https:\/\/www.grupoxcaret.com\/es\/\"},{\"@type\":\"ListItem\",\"position\":2,\"name\":\"Aviso de Privacidad\"}]}]}<\/script>\n<!-- \/ Yoast SEO plugin. -->","yoast_head_json":{"robots":{"index":"noindex","follow":"nofollow"},"og_locale":"es_ES","og_type":"article","og_title":"Aviso de Privacidad - Grupo Xcaret Sitio Corporativo","og_url":"https:\/\/www.grupoxcaret.com\/es\/aviso-de-privacidad\/","og_site_name":"Grupo Xcaret Sitio Corporativo","article_modified_time":"2023-10-10T22:15:05+00:00","twitter_card":"summary_large_image","twitter_misc":{"Tiempo de lectura":"9 minutos"},"schema":{"@context":"https:\/\/schema.org","@graph":[{"@type":"Organization","@id":"https:\/\/www.grupoxcaret.com\/es\/#organization","name":"Grupo Xcaret","url":"https:\/\/www.grupoxcaret.com\/es\/","sameAs":[],"logo":{"@type":"ImageObject","@id":"https:\/\/www.grupoxcaret.com\/es\/#logo","inLanguage":"es","url":"https:\/\/www.grupoxcaret.com\/es\/wp-content\/uploads\/2015\/04\/exx.png","contentUrl":"https:\/\/www.grupoxcaret.com\/es\/wp-content\/uploads\/2015\/04\/exx.png","width":400,"height":136,"caption":"Grupo Xcaret"},"image":{"@id":"https:\/\/www.grupoxcaret.com\/es\/#logo"}},{"@type":"WebSite","@id":"https:\/\/www.grupoxcaret.com\/es\/#website","url":"https:\/\/www.grupoxcaret.com\/es\/","name":"Grupo Xcaret Sitio Corporativo","description":"Conoce el sitio corporativo de Grupo Xcaret. Encuentra informaci\u00f3n relevante acerca de nuestra historia, marcas, filosof\u00eda empresarial, pol\u00edtica de sostenibilidad y mucho m\u00e1s.","publisher":{"@id":"https:\/\/www.grupoxcaret.com\/es\/#organization"},"potentialAction":[{"@type":"SearchAction","target":{"@type":"EntryPoint","urlTemplate":"https:\/\/www.grupoxcaret.com\/es\/?s={search_term_string}"},"query-input":"required name=search_term_string"}],"inLanguage":"es"},{"@type":"WebPage","@id":"https:\/\/www.grupoxcaret.com\/es\/aviso-de-privacidad\/#webpage","url":"https:\/\/www.grupoxcaret.com\/es\/aviso-de-privacidad\/","name":"Aviso de Privacidad - Grupo Xcaret Sitio Corporativo","isPartOf":{"@id":"https:\/\/www.grupoxcaret.com\/es\/#website"},"datePublished":"2014-12-16T19:15:43+00:00","dateModified":"2023-10-10T22:15:05+00:00","breadcrumb":{"@id":"https:\/\/www.grupoxcaret.com\/es\/aviso-de-privacidad\/#breadcrumb"},"inLanguage":"es","potentialAction":[{"@type":"ReadAction","target":["https:\/\/www.grupoxcaret.com\/es\/aviso-de-privacidad\/"]}]},{"@type":"BreadcrumbList","@id":"https:\/\/www.grupoxcaret.com\/es\/aviso-de-privacidad\/#breadcrumb","itemListElement":[{"@type":"ListItem","position":1,"name":"Inicio","item":"https:\/\/www.grupoxcaret.com\/es\/"},{"@type":"ListItem","position":2,"name":"Aviso de Privacidad"}]}]}},"_links":{"self":[{"href":"https:\/\/www.grupoxcaret.com\/es\/wp-json\/wp\/v2\/pages\/318"}],"collection":[{"href":"https:\/\/www.grupoxcaret.com\/es\/wp-json\/wp\/v2\/pages"}],"about":[{"href":"https:\/\/www.grupoxcaret.com\/es\/wp-json\/wp\/v2\/types\/page"}],"author":[{"embeddable":true,"href":"https:\/\/www.grupoxcaret.com\/es\/wp-json\/wp\/v2\/users\/1"}],"replies":[{"embeddable":true,"href":"https:\/\/www.grupoxcaret.com\/es\/wp-json\/wp\/v2\/comments?post=318"}],"version-history":[{"count":6,"href":"https:\/\/www.grupoxcaret.com\/es\/wp-json\/wp\/v2\/pages\/318\/revisions"}],"predecessor-version":[{"id":5519,"href":"https:\/\/www.grupoxcaret.com\/es\/wp-json\/wp\/v2\/pages\/318\/revisions\/5519"}],"wp:attachment":[{"href":"https:\/\/www.grupoxcaret.com\/es\/wp-json\/wp\/v2\/media?parent=318"}],"curies":[{"name":"wp","href":"https:\/\/api.w.org\/{rel}","templated":true}]}}