{"id":312,"date":"2014-12-16T19:12:58","date_gmt":"2014-12-16T19:12:58","guid":{"rendered":"http:\/\/experienciasxcaret.mx\/corporativo\/?page_id=312"},"modified":"2023-03-06T21:29:40","modified_gmt":"2023-03-06T21:29:40","slug":"blogs-y-redes-sociales","status":"publish","type":"page","link":"https:\/\/www.grupoxcaret.com\/es\/blogs-y-redes-sociales\/","title":{"rendered":"Blogs y Redes Sociales"},"content":{"rendered":"<div class=\"panel panel-default\">\n<div class=\"panel-heading\">\n<h3 class=\"panel-title\">Blogs Experiencias Xcaret:<\/h3>\n<\/div>\n<div class=\"panel-body\">\n<ul>\n<li><strong>Blog Xcaret<\/strong><br \/>\n<a title=\"Blog Xcaret\" href=\"https:\/\/blog.xcaret.com\/es\/\" target=\"_blank\" rel=\"noopener noreferrer\">Espa\u00f1ol<\/a> | <a title=\"Blog Xcaret in english\" href=\"https:\/\/blog.xcaret.com\/en\/\" target=\"_blank\" rel=\"noopener noreferrer\">English<\/a><\/li>\n<\/ul>\n<\/div>\n<\/div>\n<div class=\"panel panel-default\">\n<div class=\"panel-heading\">\n<h3 class=\"panel-title\">Presencia en Facebook Experiencias Xcaret:<\/h3>\n<\/div>\n<div class=\"panel-body\">\n<ul>\n<li><a title=\"Xcaret Fan Site\" href=\"https:\/\/www.facebook.com\/XcaretPark\" target=\"_blank\" rel=\"noopener noreferrer\"><strong>Xcaret<\/strong><\/a><\/li>\n<li><a title=\"Fan Site Xel-H\u00e1\" href=\"https:\/\/www.facebook.com\/XelHaPark\" target=\"_blank\" rel=\"noopener noreferrer\"><strong>Xel-H\u00e1<\/strong><\/a><\/li>\n<li><a title=\"Fan Site Xplor\" href=\"https:\/\/www.facebook.com\/XplorPark\" target=\"_blank\" rel=\"noopener noreferrer\"><strong>Xplor<\/strong><\/a><\/li>\n<li><a title=\"Xich\u00e9n Fan Site\" href=\"https:\/\/www.facebook.com\/XichenTours\" target=\"_blank\" rel=\"noopener noreferrer\"><strong>Xich\u00e9n<\/strong><\/a><\/li>\n<li><a title=\"Xenotes Fan Site\" href=\"https:\/\/www.facebook.com\/xenotes\" target=\"_blank\" rel=\"noopener noreferrer\"><strong>Xenotes<\/strong><\/a><\/li>\n<li><a title=\"Xoximilco Fan Site\" href=\"https:\/\/www.facebook.com\/xoximilcocancun\" target=\"_blank\" rel=\"noopener noreferrer\"><strong>Xoximilco<\/strong><\/a><\/li>\n<li><a title=\"Fan Site Xplor Bravest Race\" href=\"https:\/\/www.facebook.com\/XplorBravestRace\" target=\"_blank\" rel=\"noopener noreferrer\"><strong>Xplor Bravest Race<\/strong><\/a><\/li>\n<li><a href=\"https:\/\/www.facebook.com\/xensespark\/\"><strong>Xenses<\/strong><\/a><\/li>\n<li><a href=\"https:\/\/www.facebook.com\/XavagePark\/\"><strong>Xavage<\/strong><\/a><\/li>\n<li><a href=\"https:\/\/www.facebook.com\/XcaretXailing\"><strong>Xcaret Xailing<\/strong><\/a><\/li>\n<li><a href=\"https:\/\/www.facebook.com\/YalKuPark\"><strong>Yal-Ku<\/strong><\/a><\/li>\n<li><a href=\"https:\/\/www.facebook.com\/xibalbareserva\/\"><strong>Xibalba Reserva<\/strong><\/a><\/li>\n<li><a href=\"https:\/\/www.facebook.com\/hotelxcaretmexico\"><strong>Hotel Xcaret Mexico<\/strong><\/a><\/li>\n<li><a href=\"https:\/\/www.facebook.com\/HotelXcaretArte\/\"><strong>Hotel Xcaret Arte<\/strong><\/a><\/li>\n<li><a href=\"https:\/\/www.facebook.com\/LaCasaDeLaPlayabyXcaret\"><strong>La Casa de la Playa<\/strong><\/a><\/li>\n<li><a href=\"https:\/\/www.facebook.com\/bodasxcaret\"><strong>Bodas Xcaret<\/strong><\/a><\/li>\n<li><a href=\"https:\/\/www.facebook.com\/restauranteha\/\"><strong>H\u00e1<\/strong><\/a><\/li>\n<li><a href=\"https:\/\/www.facebook.com\/xaakrestaurante\"><strong>Xaak<\/strong><\/a><\/li>\n<li><a href=\"https:\/\/www.facebook.com\/xaakrestaurante\"><strong>Estero<\/strong><\/a><\/li>\n<li><a href=\"https:\/\/www.facebook.com\/profile.php?id=100086561515846\"><strong>Tuch de Luna<\/strong><\/a><\/li>\n<li><a href=\"https:\/\/www.facebook.com\/MulukSpa\"><strong>Muluk Spa<\/strong><\/a><\/li>\n<\/ul>\n<\/div>\n<\/div>\n<div class=\"panel panel-default\">\n<div class=\"panel-heading\">\n<h3 class=\"panel-title\">Presencia en Twitter\u00a0Experiencias Xcaret:<\/h3>\n<\/div>\n<div class=\"panel-body\">\n<ul>\n<li><a title=\"Twitter Xcaret\" href=\"https:\/\/twitter.com\/xcaretpark\" target=\"_blank\" rel=\"noopener noreferrer\"><strong>Xcaret<\/strong><\/a><\/li>\n<li><a title=\"Twitter Xel-H\u00e1\" href=\"https:\/\/twitter.com\/XelHaPark\" target=\"_blank\" rel=\"noopener noreferrer\"><strong>Xel-H\u00e1<\/strong><\/a><\/li>\n<li><a title=\"Twitter Xplor\" href=\"https:\/\/twitter.com\/XplorPark\" target=\"_blank\" rel=\"noopener noreferrer\"><strong>Xplor<\/strong><\/a><\/li>\n<li><a title=\"Twitter Xich\u00e9n\" href=\"https:\/\/twitter.com\/Xichentours\/\" target=\"_blank\" rel=\"noopener noreferrer\"><strong>Xich\u00e9n<\/strong><\/a><\/li>\n<li><a title=\"Twitter Xenotes\" href=\"https:\/\/twitter.com\/Xenotes\" target=\"_blank\" rel=\"noopener noreferrer\"><strong>Xenotes<\/strong><\/a><\/li>\n<li><a title=\"Twitter Xoximilco\" href=\"https:\/\/twitter.com\/XoximilcoCancun\" target=\"_blank\" rel=\"noopener noreferrer\"><strong>Xoximilco<\/strong><\/a><\/li>\n<li><a title=\"Twitter Bravest Race\" href=\"https:\/\/twitter.com\/BravestRace\" target=\"_blank\" rel=\"noopener noreferrer\"><strong>Xplor Bravest Race<\/strong><\/a><\/li>\n<li><a title=\"Twitter RP Experiencias Xcaret\" href=\"https:\/\/twitter.com\/ComunicacionEX\" target=\"_blank\" rel=\"noopener noreferrer\"><strong>Relaciones P\u00fablicas<\/strong><\/a><\/li>\n<li><strong><a href=\"https:\/\/twitter.com\/xensespark\">Xenses<\/a><\/strong><\/li>\n<li><strong><a href=\"https:\/\/twitter.com\/xavagepark\">Xavage<\/a><\/strong><\/li>\n<li><strong><a href=\"https:\/\/twitter.com\/XcaretXailing\">Xcaret Xailing<\/a><\/strong><\/li>\n<li><strong><a href=\"https:\/\/twitter.com\/YalKuPark\">Yal-Ku<\/a><\/strong><\/li>\n<li><strong><a href=\"https:\/\/twitter.com\/xibalbareserva\">Xibalba Reserva<\/a><\/strong><\/li>\n<\/ul>\n<\/div>\n<\/div>\n<div class=\"panel panel-default\">\n<div class=\"panel-heading\">\n<h3 class=\"panel-title\">Presencia en YouTube\u00a0Experiencias Xcaret:<\/h3>\n<\/div>\n<div class=\"panel-body\">\n<ul>\n<li><a title=\"Youtube Xcaret\" href=\"https:\/\/www.youtube.com\/xcaretpark\" target=\"_blank\" rel=\"noopener noreferrer\"><strong>Xcaret<\/strong><\/a><\/li>\n<li><a title=\"Youtube Xel-H\u00e1\" href=\"https:\/\/www.youtube.com\/xelhapark\" target=\"_blank\" rel=\"noopener noreferrer\"><strong>Xel-H\u00e1<\/strong><\/a><\/li>\n<li><a title=\"Youtube Xplor\" href=\"https:\/\/www.youtube.com\/xplorpark\" target=\"_blank\" rel=\"noopener noreferrer\"><strong>Xplor<\/strong><\/a><\/li>\n<li><a title=\"Youtube Xich\u00e9n\" href=\"https:\/\/www.youtube.com\/xichentours\" target=\"_blank\" rel=\"noopener noreferrer\"><strong>Xich\u00e9n<\/strong><\/a><\/li>\n<li><a title=\"Youtube Xenotes\" href=\"https:\/\/www.youtube.com\/xenotestour\" target=\"_blank\" rel=\"noopener noreferrer\"><strong>Xenotes<\/strong><\/a><\/li>\n<li><a title=\"Youtube Xoximilco\" href=\"https:\/\/www.youtube.com\/xoximilcopark\" target=\"_blank\" rel=\"noopener noreferrer\"><strong>Xoximilco<\/strong><\/a><\/li>\n<li><a title=\"Youtube Xplor Bravest Race\" href=\"https:\/\/www.youtube.com\/bravestrace\" target=\"_blank\" rel=\"noopener noreferrer\"><strong>Xplor Bravest Race<\/strong><\/a><\/li>\n<li><a title=\"Youtube Experiencias Xcaret\" href=\"https:\/\/www.youtube.com\/user\/xcaretexperiencias\" target=\"_blank\" rel=\"noopener noreferrer\"><strong>Experiencias Xcaret<\/strong><\/a><\/li>\n<li><strong><a href=\"https:\/\/www.youtube.com\/c\/XensesPark\/\">Xenses<\/a><\/strong><\/li>\n<li><strong><a href=\"https:\/\/www.youtube.com\/c\/XavagePark\/\">Xavage<\/a><\/strong><\/li>\n<li><strong><a href=\"https:\/\/www.youtube.com\/channel\/UCBmOjWCsi7VrkrtSsa27nIA\">Xcaret Xailing<\/a><\/strong><\/li>\n<li><strong><a href=\"https:\/\/www.youtube.com\/channel\/UCBafu71FVhdvOiEwSFpW8WQ\">Yal-Ku<\/a><\/strong><\/li>\n<li><strong><a href=\"https:\/\/www.youtube.com\/channel\/UCF1-_-JszJI3PBsDMXKoEtA\/\">Xibalba Reserva<\/a><\/strong><\/li>\n<li><strong><a href=\"https:\/\/www.youtube.com\/@HotelXcaretMexico\">Hotel Xcaret Mexico<\/a><\/strong><\/li>\n<li><strong><a href=\"https:\/\/www.youtube.com\/@hotelxcaretarte4104\">Hotel Xcaret Arte<\/a><\/strong><\/li>\n<li><strong><a href=\"https:\/\/www.youtube.com\/@lacasadelaplaya1356\">La Casa de la Playa<\/a><\/strong><\/li>\n<\/ul>\n<\/div>\n<\/div>\n<div class=\"panel panel-default\">\n<div class=\"panel-heading\">\n<h3 class=\"panel-title\">Presencia en Instagram\u00a0Experiencias Xcaret:<\/h3>\n<\/div>\n<div class=\"panel-body\">\n<ul>\n<li><a title=\"Instagram Xcaret\" href=\"http:\/\/instagram.com\/xcaretpark\" target=\"_blank\" rel=\"noopener noreferrer\"><strong>Xcaret<\/strong><\/a><\/li>\n<li><a title=\"Instagram Xel-H\u00e1\" href=\"http:\/\/instagram.com\/xelhapark\" target=\"_blank\" rel=\"noopener noreferrer\"><strong>Xel-H\u00e1<\/strong><\/a><\/li>\n<li><a title=\"Instagram Xplor\" href=\"http:\/\/instagram.com\/xplorpark\" target=\"_blank\" rel=\"noopener noreferrer\"><strong>Xplor<\/strong><\/a><\/li>\n<li><a title=\"Instagram Xich\u00e9n\" href=\"http:\/\/instagram.com\/xichentours\" target=\"_blank\" rel=\"noopener noreferrer\"><strong>Xich\u00e9n<\/strong><\/a><\/li>\n<li><a title=\"Instagram Xenotes\" href=\"http:\/\/instagram.com\/xenotes\" target=\"_blank\" rel=\"noopener noreferrer\"><strong>Xenotes<\/strong><\/a><\/li>\n<li><a title=\"Instagram Xoximilco \" href=\"http:\/\/instagram.com\/xoximilcocancun\" target=\"_blank\" rel=\"noopener noreferrer\"><strong>Xoximilco<\/strong><\/a><\/li>\n<li><a title=\"Instagram Xplor Bravest\" href=\"http:\/\/instagram.com\/bravestrace\" target=\"_blank\" rel=\"noopener noreferrer\"><strong>Xplor Bravest Race<\/strong><\/a><\/li>\n<li><a title=\"Youtube Experiencias Xcaret\" href=\"https:\/\/www.instagram.com\/xcaretexpeditions\/\" target=\"_blank\" rel=\"noopener noreferrer\"><strong>Experiencias Xcaret<\/strong><\/a><\/li>\n<li><strong><a href=\"https:\/\/www.instagram.com\/xensespark\/\">Xenses<\/a><\/strong><\/li>\n<li><strong><a href=\"https:\/\/www.instagram.com\/xavagepark\/\">Xavage<\/a><\/strong><\/li>\n<li><strong><a href=\"https:\/\/www.instagram.com\/xcaretxailing\/\">Xcaret Xailing<\/a><\/strong><\/li>\n<li><strong><a href=\"https:\/\/www.instagram.com\/yalkupark\/\">Yal-Ku<\/a><\/strong><\/li>\n<li><strong><a href=\"https:\/\/www.instagram.com\/xibalbareserva\/\">Xibalba Reserva<\/a><\/strong><\/li>\n<\/ul>\n<\/div>\n<\/div>\n<div class=\"panel panel-default\">\n<div class=\"panel-heading\">\n<h3 class=\"panel-title\">Presencia en Google+\u00a0Experiencias Xcaret:<\/h3>\n<\/div>\n<div class=\"panel-body\">\n<ul>\n<li><a title=\"Google+ Xcaret\" href=\"https:\/\/plus.google.com\/b\/116777767853830145593\/+xcaret\/posts\" target=\"_blank\" rel=\"noopener noreferrer\"><strong>Xcaret<\/strong><\/a><\/li>\n<li><a title=\"Google+ Xel-H\u00e1\" href=\"https:\/\/plus.google.com\/b\/100584609655024325360\/100584609655024325360\/posts\" target=\"_blank\" rel=\"noopener noreferrer\"><strong>Xel-H\u00e1<\/strong><\/a><\/li>\n<li><a title=\"Google+ Xplor\" href=\"https:\/\/plus.google.com\/b\/111209805428553637849\/+xplor\/posts\" target=\"_blank\" rel=\"noopener noreferrer\"><strong>Xplor<\/strong><\/a><\/li>\n<li><a title=\"Google+ Xich\u00e9n\" href=\"https:\/\/plus.google.com\/b\/114700380550834110085\/114700380550834110085\/posts\" target=\"_blank\" rel=\"noopener noreferrer\"><strong>Xich\u00e9n<\/strong><\/a><\/li>\n<li><a title=\"Google+ Xenotes\" href=\"https:\/\/plus.google.com\/b\/116926163213116885322\/116926163213116885322\/posts\" target=\"_blank\" rel=\"noopener noreferrer\"><strong>Xenotes<\/strong><\/a><\/li>\n<li><a title=\"Google+ Xoximilco\" href=\"https:\/\/plus.google.com\/b\/114138963275287352305\/114138963275287352305\/posts\" target=\"_blank\" rel=\"noopener noreferrer\"><strong>Xoximilco<\/strong><\/a><\/li>\n<\/ul>\n<div class=\"panel-heading\">\n<h3 class=\"panel-title\">Presencia en Pinterest\u00a0Experiencias Xcaret:<\/h3>\n<\/div>\n<div class=\"panel-body\">\n<ul>\n<li><a title=\"Pinterest Xcaret\" href=\"http:\/\/www.pinterest.com\/xcaretpark\" target=\"_blank\" rel=\"noopener noreferrer\"><strong>Xcaret<\/strong><\/a><\/li>\n<li><a title=\"Pinterest Xel-H\u00e1\" href=\"http:\/\/www.pinterest.com\/xelhapark\/\" target=\"_blank\" rel=\"noopener noreferrer\"><strong>Xel-H\u00e1<\/strong><\/a><\/li>\n<li><a title=\"Pinterest Xplor\" href=\"http:\/\/www.pinterest.com\/xplor\/\" target=\"_blank\" rel=\"noopener noreferrer\"><strong>Xplor<\/strong><\/a><\/li>\n<li><a title=\"Pinterest Xich\u00e9n\" href=\"http:\/\/www.pinterest.com\/xichentours\/\" target=\"_blank\" rel=\"noopener noreferrer\"><strong>Xich\u00e9n<\/strong><\/a><\/li>\n<li><a title=\"Pinterest Xenotes\" href=\"http:\/\/www.pinterest.com\/xenotes\/\" target=\"_blank\" rel=\"noopener noreferrer\"><strong>Xenotes<\/strong><\/a><\/li>\n<li><a title=\"Pinterest Xoximilco\" href=\"http:\/\/www.pinterest.com\/xoximilcocancun\/\" target=\"_blank\" rel=\"noopener noreferrer\"><strong>Xoximilco<\/strong><\/a><\/li>\n<li><a href=\"https:\/\/www.pinterest.com.mx\/xcaretexpeditions\/\"><strong>Experiencias Xcaret<\/strong><\/a><\/li>\n<li><strong><a href=\"https:\/\/www.pinterest.com.mx\/xavagepark\/\">Xavage<\/a><\/strong><\/li>\n<li><strong><a href=\"https:\/\/www.pinterest.com.mx\/xensespark\/\">Xenses<\/a><\/strong><\/li>\n<li><strong><a href=\"https:\/\/www.pinterest.mx\/yalkupark\/\">Yal-Ku<\/a><\/strong><\/li>\n<li><strong><a href=\"https:\/\/www.pinterest.com.mx\/xibalbareserva\/\">Xibalba Reserva<\/a><\/strong><\/li>\n<\/ul>\n<h3 class=\"panel-title\">Presencia en Tiktok Experiencias Xcaret:<\/h3>\n<ul>\n<li><strong><a href=\"https:\/\/www.tiktok.com\/@xcaretpark?is_from_webapp=1&amp;sender_device=pc\">Xcaret<\/a><\/strong><\/li>\n<li><strong><a href=\"https:\/\/www.tiktok.com\/@hotelxcaretmexico?is_from_webapp=1&amp;sender_device=pc\">Hotel Xcaret M\u00e9xico<\/a><\/strong><\/li>\n<\/ul>\n<\/div>\n<\/div>\n<\/div>\n","protected":false},"excerpt":{"rendered":"<p>Blogs Experiencias Xcaret: Blog Xcaret Espa\u00f1ol | English Presencia en Facebook Experiencias Xcaret: Xcaret Xel-H\u00e1 Xplor Xich\u00e9n Xenotes Xoximilco Xplor Bravest Race Xenses Xavage Xcaret Xailing Yal-Ku Xibalba Reserva Hotel Xcaret Mexico Hotel Xcaret Arte La Casa de la Playa Bodas Xcaret H\u00e1 Xaak Estero Tuch de Luna Muluk Spa Presencia en Twitter\u00a0Experiencias Xcaret: Xcaret [&hellip;]<\/p>\n","protected":false},"author":1,"featured_media":0,"parent":0,"menu_order":0,"comment_status":"open","ping_status":"open","template":"","meta":[],"yoast_head":"<!-- This site is optimized with the Yoast SEO plugin v17.6 - https:\/\/yoast.com\/wordpress\/plugins\/seo\/ -->\n<meta name=\"description\" content=\"Ac\u00e9rcate a Experiencias Xcaret por medio de nuestros espacios en Blogs y Redes Sociales, podr\u00e1s encontrar el listado completo en este espacio\" \/>\n<meta name=\"robots\" content=\"index, follow, max-snippet:-1, max-image-preview:large, max-video-preview:-1\" \/>\n<link rel=\"canonical\" href=\"https:\/\/www.grupoxcaret.com\/es\/blogs-y-redes-sociales\/\" \/>\n<meta property=\"og:locale\" content=\"es_ES\" \/>\n<meta property=\"og:type\" content=\"article\" \/>\n<meta property=\"og:title\" content=\"Blogs y Redes Sociales Experiencias Xcaret\" \/>\n<meta property=\"og:description\" content=\"Ac\u00e9rcate a Experiencias Xcaret por medio de nuestros espacios en Blogs y Redes Sociales, podr\u00e1s encontrar el listado completo en este espacio\" \/>\n<meta property=\"og:url\" content=\"https:\/\/www.grupoxcaret.com\/es\/blogs-y-redes-sociales\/\" \/>\n<meta property=\"og:site_name\" content=\"Grupo Xcaret Sitio Corporativo\" \/>\n<meta property=\"article:modified_time\" content=\"2023-03-06T21:29:40+00:00\" \/>\n<meta name=\"twitter:card\" content=\"summary_large_image\" \/>\n<meta name=\"twitter:label1\" content=\"Tiempo de lectura\" \/>\n\t<meta name=\"twitter:data1\" content=\"1 minuto\" \/>\n<script type=\"application\/ld+json\" class=\"yoast-schema-graph\">{\"@context\":\"https:\/\/schema.org\",\"@graph\":[{\"@type\":\"Organization\",\"@id\":\"https:\/\/www.grupoxcaret.com\/es\/#organization\",\"name\":\"Grupo Xcaret\",\"url\":\"https:\/\/www.grupoxcaret.com\/es\/\",\"sameAs\":[],\"logo\":{\"@type\":\"ImageObject\",\"@id\":\"https:\/\/www.grupoxcaret.com\/es\/#logo\",\"inLanguage\":\"es\",\"url\":\"https:\/\/www.grupoxcaret.com\/es\/wp-content\/uploads\/2015\/04\/exx.png\",\"contentUrl\":\"https:\/\/www.grupoxcaret.com\/es\/wp-content\/uploads\/2015\/04\/exx.png\",\"width\":400,\"height\":136,\"caption\":\"Grupo Xcaret\"},\"image\":{\"@id\":\"https:\/\/www.grupoxcaret.com\/es\/#logo\"}},{\"@type\":\"WebSite\",\"@id\":\"https:\/\/www.grupoxcaret.com\/es\/#website\",\"url\":\"https:\/\/www.grupoxcaret.com\/es\/\",\"name\":\"Grupo Xcaret Sitio Corporativo\",\"description\":\"Conoce el sitio corporativo de Grupo Xcaret. Encuentra informaci\\u00f3n relevante acerca de nuestra historia, marcas, filosof\\u00eda empresarial, pol\\u00edtica de sostenibilidad y mucho m\\u00e1s.\",\"publisher\":{\"@id\":\"https:\/\/www.grupoxcaret.com\/es\/#organization\"},\"potentialAction\":[{\"@type\":\"SearchAction\",\"target\":{\"@type\":\"EntryPoint\",\"urlTemplate\":\"https:\/\/www.grupoxcaret.com\/es\/?s={search_term_string}\"},\"query-input\":\"required name=search_term_string\"}],\"inLanguage\":\"es\"},{\"@type\":\"WebPage\",\"@id\":\"https:\/\/www.grupoxcaret.com\/es\/blogs-y-redes-sociales\/#webpage\",\"url\":\"https:\/\/www.grupoxcaret.com\/es\/blogs-y-redes-sociales\/\",\"name\":\"Blogs y Redes Sociales Experiencias Xcaret\",\"isPartOf\":{\"@id\":\"https:\/\/www.grupoxcaret.com\/es\/#website\"},\"datePublished\":\"2014-12-16T19:12:58+00:00\",\"dateModified\":\"2023-03-06T21:29:40+00:00\",\"description\":\"Ac\\u00e9rcate a Experiencias Xcaret por medio de nuestros espacios en Blogs y Redes Sociales, podr\\u00e1s encontrar el listado completo en este espacio\",\"breadcrumb\":{\"@id\":\"https:\/\/www.grupoxcaret.com\/es\/blogs-y-redes-sociales\/#breadcrumb\"},\"inLanguage\":\"es\",\"potentialAction\":[{\"@type\":\"ReadAction\",\"target\":[\"https:\/\/www.grupoxcaret.com\/es\/blogs-y-redes-sociales\/\"]}]},{\"@type\":\"BreadcrumbList\",\"@id\":\"https:\/\/www.grupoxcaret.com\/es\/blogs-y-redes-sociales\/#breadcrumb\",\"itemListElement\":[{\"@type\":\"ListItem\",\"position\":1,\"name\":\"Inicio\",\"item\":\"https:\/\/www.grupoxcaret.com\/es\/\"},{\"@type\":\"ListItem\",\"position\":2,\"name\":\"Blogs y Redes Sociales\"}]}]}<\/script>\n<!-- \/ Yoast SEO plugin. -->","yoast_head_json":{"description":"Ac\u00e9rcate a Experiencias Xcaret por medio de nuestros espacios en Blogs y Redes Sociales, podr\u00e1s encontrar el listado completo en este espacio","robots":{"index":"index","follow":"follow","max-snippet":"max-snippet:-1","max-image-preview":"max-image-preview:large","max-video-preview":"max-video-preview:-1"},"canonical":"https:\/\/www.grupoxcaret.com\/es\/blogs-y-redes-sociales\/","og_locale":"es_ES","og_type":"article","og_title":"Blogs y Redes Sociales Experiencias Xcaret","og_description":"Ac\u00e9rcate a Experiencias Xcaret por medio de nuestros espacios en Blogs y Redes Sociales, podr\u00e1s encontrar el listado completo en este espacio","og_url":"https:\/\/www.grupoxcaret.com\/es\/blogs-y-redes-sociales\/","og_site_name":"Grupo Xcaret Sitio Corporativo","article_modified_time":"2023-03-06T21:29:40+00:00","twitter_card":"summary_large_image","twitter_misc":{"Tiempo de lectura":"1 minuto"},"schema":{"@context":"https:\/\/schema.org","@graph":[{"@type":"Organization","@id":"https:\/\/www.grupoxcaret.com\/es\/#organization","name":"Grupo Xcaret","url":"https:\/\/www.grupoxcaret.com\/es\/","sameAs":[],"logo":{"@type":"ImageObject","@id":"https:\/\/www.grupoxcaret.com\/es\/#logo","inLanguage":"es","url":"https:\/\/www.grupoxcaret.com\/es\/wp-content\/uploads\/2015\/04\/exx.png","contentUrl":"https:\/\/www.grupoxcaret.com\/es\/wp-content\/uploads\/2015\/04\/exx.png","width":400,"height":136,"caption":"Grupo Xcaret"},"image":{"@id":"https:\/\/www.grupoxcaret.com\/es\/#logo"}},{"@type":"WebSite","@id":"https:\/\/www.grupoxcaret.com\/es\/#website","url":"https:\/\/www.grupoxcaret.com\/es\/","name":"Grupo Xcaret Sitio Corporativo","description":"Conoce el sitio corporativo de Grupo Xcaret. Encuentra informaci\u00f3n relevante acerca de nuestra historia, marcas, filosof\u00eda empresarial, pol\u00edtica de sostenibilidad y mucho m\u00e1s.","publisher":{"@id":"https:\/\/www.grupoxcaret.com\/es\/#organization"},"potentialAction":[{"@type":"SearchAction","target":{"@type":"EntryPoint","urlTemplate":"https:\/\/www.grupoxcaret.com\/es\/?s={search_term_string}"},"query-input":"required name=search_term_string"}],"inLanguage":"es"},{"@type":"WebPage","@id":"https:\/\/www.grupoxcaret.com\/es\/blogs-y-redes-sociales\/#webpage","url":"https:\/\/www.grupoxcaret.com\/es\/blogs-y-redes-sociales\/","name":"Blogs y Redes Sociales Experiencias Xcaret","isPartOf":{"@id":"https:\/\/www.grupoxcaret.com\/es\/#website"},"datePublished":"2014-12-16T19:12:58+00:00","dateModified":"2023-03-06T21:29:40+00:00","description":"Ac\u00e9rcate a Experiencias Xcaret por medio de nuestros espacios en Blogs y Redes Sociales, podr\u00e1s encontrar el listado completo en este espacio","breadcrumb":{"@id":"https:\/\/www.grupoxcaret.com\/es\/blogs-y-redes-sociales\/#breadcrumb"},"inLanguage":"es","potentialAction":[{"@type":"ReadAction","target":["https:\/\/www.grupoxcaret.com\/es\/blogs-y-redes-sociales\/"]}]},{"@type":"BreadcrumbList","@id":"https:\/\/www.grupoxcaret.com\/es\/blogs-y-redes-sociales\/#breadcrumb","itemListElement":[{"@type":"ListItem","position":1,"name":"Inicio","item":"https:\/\/www.grupoxcaret.com\/es\/"},{"@type":"ListItem","position":2,"name":"Blogs y Redes Sociales"}]}]}},"_links":{"self":[{"href":"https:\/\/www.grupoxcaret.com\/es\/wp-json\/wp\/v2\/pages\/312"}],"collection":[{"href":"https:\/\/www.grupoxcaret.com\/es\/wp-json\/wp\/v2\/pages"}],"about":[{"href":"https:\/\/www.grupoxcaret.com\/es\/wp-json\/wp\/v2\/types\/page"}],"author":[{"embeddable":true,"href":"https:\/\/www.grupoxcaret.com\/es\/wp-json\/wp\/v2\/users\/1"}],"replies":[{"embeddable":true,"href":"https:\/\/www.grupoxcaret.com\/es\/wp-json\/wp\/v2\/comments?post=312"}],"version-history":[{"count":7,"href":"https:\/\/www.grupoxcaret.com\/es\/wp-json\/wp\/v2\/pages\/312\/revisions"}],"predecessor-version":[{"id":5405,"href":"https:\/\/www.grupoxcaret.com\/es\/wp-json\/wp\/v2\/pages\/312\/revisions\/5405"}],"wp:attachment":[{"href":"https:\/\/www.grupoxcaret.com\/es\/wp-json\/wp\/v2\/media?parent=312"}],"curies":[{"name":"wp","href":"https:\/\/api.w.org\/{rel}","templated":true}]}}