{"id":3052,"date":"2019-05-04T15:46:47","date_gmt":"2019-05-04T15:46:47","guid":{"rendered":"https:\/\/www.grupoxcaret.com\/es\/?page_id=3052"},"modified":"2021-07-06T15:14:48","modified_gmt":"2021-07-06T15:14:48","slug":"hotel-xcaret-mexico","status":"publish","type":"page","link":"https:\/\/www.grupoxcaret.com\/es\/hotel-xcaret-mexico\/","title":{"rendered":"Hotel Xcaret M\u00e9xico"},"content":{"rendered":"<div id=\"td_uid_1_69f5b49c1de5f\" class=\"tdc-zone\"><div class=\"tdc_zone td_uid_1_69f5b49c1de6b_rand  wpb_row td-pb-row\"  >\n<style scoped>\n\n\/* custom css *\/\n.td_uid_1_69f5b49c1de6b_rand {\r\n                    min-height: 0;\r\n                }\n<\/style><div id=\"td_uid_2_69f5b49c1f321\" class=\"tdc-row\"><div class=\"vc_row td_uid_2_69f5b49c1f32a_rand  wpb_row td-pb-row\" >\n<style scoped>\n\n\/* custom css *\/\n.td_uid_2_69f5b49c1f32a_rand {\r\n                    min-height: 0;\r\n                }\n<\/style><div class=\"vc_column td_uid_3_69f5b49c1f622_rand  wpb_column vc_column_container tdc-column td-pb-span12\">\n<style scoped>\n\n\/* custom css *\/\n.td_uid_3_69f5b49c1f622_rand {\r\n                    vertical-align: baseline;\r\n                }\n<\/style><div class=\"wpb_wrapper\"><div class=\"tdm_block td_block_wrap tdm_block_text_image td_uid_4_69f5b49c22dc1_rand tdm-layout-12-12 tdm-content-horiz-left tdm-content-vert-center td-pb-border-top td_block_template_1\"  data-td-block-uid=\"td_uid_4_69f5b49c22dc1\" ><div class=\"td-block-width tdm-fix-full\"><div class=\"td-block-row tdm-row\"><div class=\"td-block-span6 tdm-col\"><div class=\"tdm-text-wrap tdm-text-padding\">\n<style>\n\n<\/style><div class=\"tds-title tds-title1 td-fix-index td_uid_5_69f5b49c63e52\"><h1 class=\"tdm-title tdm-title-md\">Acerca de Hotel Xcaret M\u00e9xico<\/h1><\/div><p class=\"tdm-descr td-fix-index\">Entre la selva de la Riviera Maya y el turquesa del Caribe, surge Hotel Xcaret M\u00e9xico, un excepcional destino rico en historia, naturaleza y entretenimiento.\n\nDe marcada esencia mexicana, el dise\u00f1o de Hotel Xcaret M\u00e9xico integra modernismo, naturaleza y tradici\u00f3n con una visi\u00f3n arquitect\u00f3nica en la que desde cualquier punto de la habitaci\u00f3n podr\u00e1s admirar vistas espectaculares al mar turquesa, los r\u00edos, la piscina o la selva. Las vibrantes experiencias de nuestros parques, la riqueza natural, la presencia viva de la cultura y la interacci\u00f3n con nuestra gente, transformar\u00e1n para siempre el concepto de tus vacaciones.\n\nQueremos que te lleves a M\u00e9xico en la piel.<\/p>\n<style>\n.td_uid_6_69f5b49c674dc i:last-child {\r\n\t\t\t\t\tmargin-left: 14px;\r\n\t\t\t\t}\n<\/style><div class=\"tds-button td-fix-index\"><a \r\n                href=\"https:\/\/www.hotelxcaret.com\" \r\n                class=\"tds-button1 tdm-btn tdm-btn-lg td_uid_6_69f5b49c674dc\"  target=\"_blank\" ><span class=\"tdm-btn-text\">Aprender m\u00e1s<\/span><i class=\"tdc-font-fa tdc-font-fa-chevron-right\"><\/i><\/a><\/div><\/div><\/div><div class=\"td-block-span6 tdm-col tdm-col-img\"><img class=\"tdm-image td-fix-index\" src=\"https:\/\/www.grupoxcaret.com\/es\/wp-content\/uploads\/2017\/12\/Caletas-HXM-15.jpg\" alt=\"\"><\/div><\/div><\/div><\/div><div class=\"tdm_block td_block_wrap tdm_block_text_image td_uid_7_69f5b49c67d62_rand tdm-layout-12-12 tdm-content-horiz-left tdm-content-vert-center td-pb-border-top td_block_template_1\"  data-td-block-uid=\"td_uid_7_69f5b49c67d62\" ><div class=\"td-block-width tdm-fix-full\"><div class=\"td-block-row tdm-row\"><div class=\"td-block-span6 tdm-col\"><div class=\"tdm-text-wrap tdm-text-padding\">\n<style>\n\n<\/style><div class=\"tds-title tds-title1 td-fix-index td_uid_8_69f5b49c6924b\"><h1 class=\"tdm-title tdm-title-md\">Acerca de La Casa de la Playa<\/h1><\/div><p class=\"tdm-descr td-fix-index\">Hay un lugar donde el mar canta, donde el cielo se ilumina, la selva se revela y la tierra esconde secretos. Un lugar con alma alegre y colorida, donde todo es como debe ser. <br>\n\nTodas nuestras suites fueron dise\u00f1adas para relajarte con sus fascinantes vistas panor\u00e1micas. Est\u00e1n decoradas con obras de arte y artesan\u00edas hechas por talento mexicano, logrando una atm\u00f3sfera c\u00e1lida que hace de lo natural, un hogar. <br><br>\n\n\u2022 Curadur\u00eda de experiencias dise\u00f1adas de la mano de nuestros mayordomos<br>\n\n\u2022 Suites con detalles de dise\u00f1o interior elaborados por grandes artesanos mexicanos <br>\n\n\u2022 Celebrity chefs mexicanos y experiencias culinarias premium <br>\n\n\u2022  Transportaci\u00f3n aeropuerto-hotelaeropuerto y hotel-parques-hotel <br>\n\n\u2022 Acceso ilimitado a nuestros ic\u00f3nicos parques con transportaci\u00f3n privada<\/p>\n<style>\n.td_uid_9_69f5b49c696ad i:last-child {\r\n\t\t\t\t\tmargin-left: 14px;\r\n\t\t\t\t}\n<\/style><div class=\"tds-button td-fix-index\"><a \r\n                href=\"https:\/\/www.lacasadelaplaya.com\/es\/\" \r\n                class=\"tds-button1 tdm-btn tdm-btn-lg td_uid_9_69f5b49c696ad\"  target=\"_blank\" ><span class=\"tdm-btn-text\">Aprender m\u00e1s<\/span><i class=\"tdc-font-fa tdc-font-fa-chevron-right\"><\/i><\/a><\/div><\/div><\/div><div class=\"td-block-span6 tdm-col tdm-col-img\"><img class=\"tdm-image td-fix-index\" src=\"https:\/\/www.grupoxcaret.com\/es\/wp-content\/uploads\/2017\/12\/Caletas-HXM-15.jpg\" alt=\"\"><\/div><\/div><\/div><\/div><div class=\"vc_row_inner td_uid_10_69f5b49c69bad_rand  vc_row vc_inner wpb_row td-pb-row\" >\n<style scoped>\n\n\/* custom css *\/\n.td_uid_10_69f5b49c69bad_rand {\r\n                    position: relative !important;\r\n                    top: 0;\r\n                    transform: none;\r\n                    -webkit-transform: none;\r\n                }\n<\/style><div class=\"vc_column_inner td_uid_11_69f5b49c69d2e_rand  wpb_column vc_column_container tdc-inner-column td-pb-span12\">\n<style scoped>\n\n\/* custom css *\/\n.td_uid_11_69f5b49c69d2e_rand {\r\n                    vertical-align: baseline;\r\n                }\n<\/style><div class=\"vc_column-inner\"><div class=\"wpb_wrapper\"><\/div><\/div><\/div><\/div><div class=\"tdm_block td_block_wrap tdm_block_column_title td_uid_12_69f5b49c6b436_rand tdm-content-horiz-left td-pb-border-top td_block_template_1\"  data-td-block-uid=\"td_uid_12_69f5b49c6b436\" ><div class=\"td-block-row\"><div class=\"td-block-span12 tdm-col\">\n<style>\n\n<\/style><div class=\"tds-title tds-title1 td-fix-index td_uid_13_69f5b49c6c272\"><h3 class=\"tdm-title tdm-title-md\">Sostenibilidad<\/h3><\/div><\/div><\/div><\/div><div class=\"tdm_block td_block_wrap tdm_block_inline_text td_uid_14_69f5b49c6e2d3_rand tdm-inline-block tdm-content-horiz-left td-pb-border-top td_block_template_1\"  data-td-block-uid=\"td_uid_14_69f5b49c6e2d3\" ><p class=\"tdm-descr\">Para el Hotel Xcaret M\u00e9xico, y todo el Grupo Xcaret, la sostenibilidad es el camino para continuar brindando experiencias \u00fanicas inspiradas en el respeto por la naturaleza, la cultura y la vida. Realizamos diversas acciones en materia ambiental que nos\npermiten desarrollar programas de conservaci\u00f3n, rescate,\ngesti\u00f3n y compensaci\u00f3n de la biodiversidad del lugar<\/p><\/div><\/div><\/div><\/div><\/div><div id=\"td_uid_6_69f5b49c6fb60\" class=\"tdc-row\"><div class=\"vc_row td_uid_15_69f5b49c6fb6c_rand  wpb_row td-pb-row\" >\n<style scoped>\n\n\/* custom css *\/\n.td_uid_15_69f5b49c6fb6c_rand {\r\n                    min-height: 0;\r\n                }\n<\/style><div class=\"vc_column td_uid_16_69f5b49c6fe57_rand  wpb_column vc_column_container tdc-column td-pb-span12\">\n<style scoped>\n\n\/* custom css *\/\n.td_uid_16_69f5b49c6fe57_rand {\r\n                    vertical-align: baseline;\r\n                }\n<\/style><div class=\"wpb_wrapper\"><div class=\"vc_row_inner td_uid_17_69f5b49c7038d_rand  vc_row vc_inner wpb_row td-pb-row\" >\n<style scoped>\n\n\/* custom css *\/\n.td_uid_17_69f5b49c7038d_rand {\r\n                    position: relative !important;\r\n                    top: 0;\r\n                    transform: none;\r\n                    -webkit-transform: none;\r\n                }\n<\/style><div class=\"vc_column_inner td_uid_18_69f5b49c70644_rand  wpb_column vc_column_container tdc-inner-column td-pb-span12\">\n<style scoped>\n\n\/* custom css *\/\n.td_uid_18_69f5b49c70644_rand {\r\n                    vertical-align: baseline;\r\n                }\n<\/style><div class=\"vc_column-inner\"><div class=\"wpb_wrapper\"><div class=\"wpb_wrapper td_block_empty_space td_block_wrap vc_empty_space td_uid_19_69f5b49c70717_rand \"  style=\"height: 32px\"><\/div><\/div><\/div><\/div><\/div><\/div><\/div><\/div><\/div><div id=\"td_uid_11_69f5b49c70788\" class=\"tdc-row\"><div class=\"vc_row td_uid_20_69f5b49c7078e_rand  wpb_row td-pb-row\" >\n<style scoped>\n\n\/* custom css *\/\n.td_uid_20_69f5b49c7078e_rand {\r\n                    min-height: 0;\r\n                }\n<\/style><div class=\"vc_column td_uid_21_69f5b49c709af_rand  wpb_column vc_column_container tdc-column td-pb-span12\">\n<style scoped>\n\n\/* custom css *\/\n.td_uid_21_69f5b49c709af_rand {\r\n                    vertical-align: baseline;\r\n                }\n<\/style><div class=\"wpb_wrapper\"><div class=\"vc_row_inner td_uid_22_69f5b49c70ab9_rand  vc_row vc_inner wpb_row td-pb-row\" >\n<style scoped>\n\n\/* custom css *\/\n.td_uid_22_69f5b49c70ab9_rand {\r\n                    position: relative !important;\r\n                    top: 0;\r\n                    transform: none;\r\n                    -webkit-transform: none;\r\n                }\n<\/style><div class=\"vc_column_inner td_uid_23_69f5b49c70c2c_rand  wpb_column vc_column_container tdc-inner-column td-pb-span12\">\n<style scoped>\n\n\/* custom css *\/\n.td_uid_23_69f5b49c70c2c_rand {\r\n                    vertical-align: baseline;\r\n                }\n<\/style><div class=\"vc_column-inner\"><div class=\"wpb_wrapper\"><div class=\"tdm_block td_block_wrap tdm_block_list td_uid_24_69f5b49c738f2_rand tdm-content-horiz-left td-pb-border-top td_block_template_1 tdm-list-with-icons\"  data-td-block-uid=\"td_uid_24_69f5b49c738f2\" >\n<style>\n\/* custom css *\/\n.td_uid_24_69f5b49c738f2_rand .tdm-list-item i {\r\n\t\t\t\t    margin-right: 11px;\r\n\t\t\t\t}\n<\/style><div class=\"tdm-col td-fix-index\"><ul class=\"tdm-list-items\"><li class=\"tdm-list-item\"><i class=\"tdc-font-fa tdc-font-fa-star\"><\/i><span class=\"tdm-list-text\">Programa de supervisi\u00f3n y gesti\u00f3n ambiental<\/span><\/li><li class=\"tdm-list-item\"><i class=\"tdc-font-fa tdc-font-fa-star\"><\/i><span class=\"tdm-list-text\">Programa de uso eficiente de los recursos<\/span><\/li><li class=\"tdm-list-item\"><i class=\"tdc-font-fa tdc-font-fa-star\"><\/i><span class=\"tdm-list-text\">Programa de monitoreo del agua<\/span><\/li><li class=\"tdm-list-item\"><i class=\"tdc-font-fa tdc-font-fa-star\"><\/i><span class=\"tdm-list-text\">Programa de manejo integral de residuos<\/span><\/li><li class=\"tdm-list-item\"><i class=\"tdc-font-fa tdc-font-fa-star\"><\/i><span class=\"tdm-list-text\">Programa de manejo integral de energ\u00eda<\/span><\/li><li class=\"tdm-list-item\"><i class=\"tdc-font-fa tdc-font-fa-star\"><\/i><span class=\"tdm-list-text\">Programa de manejo de gesti\u00f3n de Emisiones<\/span><\/li><li class=\"tdm-list-item\"><i class=\"tdc-font-fa tdc-font-fa-star\"><\/i><span class=\"tdm-list-text\">de Gases de Efecto Invernadero<\/span><\/li><li class=\"tdm-list-item\"><i class=\"tdc-font-fa tdc-font-fa-star\"><\/i><span class=\"tdm-list-text\">Programa de manejo integral de flora<\/span><\/li><li class=\"tdm-list-item\"><i class=\"tdc-font-fa tdc-font-fa-star\"><\/i><span class=\"tdm-list-text\">Programa de manejo integral de fauna<\/span><\/li><li class=\"tdm-list-item\"><i class=\"tdc-font-fa tdc-font-fa-star\"><\/i><span class=\"tdm-list-text\">Programa de educaci\u00f3n ambiental:<\/span><\/li><\/ul><\/div><\/div><\/div><\/div><\/div><\/div><div class=\"tdm_block td_block_wrap tdm_block_column_title td_uid_25_69f5b49c7491e_rand tdm-content-horiz-left td-pb-border-top td_block_template_1\"  data-td-block-uid=\"td_uid_25_69f5b49c7491e\" ><div class=\"td-block-row\"><div class=\"td-block-span12 tdm-col\">\n<style>\n\n<\/style><div class=\"tds-title tds-title1 td-fix-index td_uid_26_69f5b49c75437\"><h3 class=\"tdm-title tdm-title-md\">EarthCheck<\/h3><\/div><\/div><\/div><\/div><div class=\"tdm_block td_block_wrap tdm_block_inline_text td_uid_27_69f5b49c75746_rand tdm-inline-block tdm-content-horiz-left td-pb-border-top td_block_template_1\"  data-td-block-uid=\"td_uid_27_69f5b49c75746\" ><p class=\"tdm-descr\">Los est\u00e1ndares de dise\u00f1o de EarthCheck, que proporcionan un enfoque integral para la entrega de proyectos, desde su planificaci\u00f3n, dise\u00f1o, construcci\u00f3n y gesti\u00f3n operativa, nos permiti\u00f3 apegarnos a criterios internacionales de sostenibilidad y, al mismo tiempo, posicionarnos como l\u00edderes operadores de turismo. El Hotel Xcaret M\u00e9xico ha sido reconocido como el Primer Proyecto de EarthCheck en la categor\u00eda de Planeaci\u00f3n y Dise\u00f1o de M\u00e9xico y el Primer Proyecto EarthCheck Design del Continente Americano.<\/p><\/div><div class=\"wpb_wrapper td_block_empty_space td_block_wrap vc_empty_space td_uid_28_69f5b49c766e7_rand \"  style=\"height: 32px\"><\/div><\/div><\/div><\/div><\/div><\/div><\/div>","protected":false},"excerpt":{"rendered":"","protected":false},"author":1,"featured_media":0,"parent":0,"menu_order":0,"comment_status":"closed","ping_status":"closed","template":"","meta":[],"yoast_head":"<!-- This site is optimized with the Yoast SEO plugin v17.6 - https:\/\/yoast.com\/wordpress\/plugins\/seo\/ -->\n<meta name=\"robots\" content=\"index, follow, max-snippet:-1, max-image-preview:large, max-video-preview:-1\" \/>\n<link rel=\"canonical\" href=\"https:\/\/www.grupoxcaret.com\/es\/hotel-xcaret-mexico\/\" \/>\n<meta property=\"og:locale\" content=\"es_ES\" \/>\n<meta property=\"og:type\" content=\"article\" \/>\n<meta property=\"og:title\" content=\"Hotel Xcaret M\u00e9xico - Grupo Xcaret Sitio Corporativo\" \/>\n<meta property=\"og:url\" content=\"https:\/\/www.grupoxcaret.com\/es\/hotel-xcaret-mexico\/\" \/>\n<meta property=\"og:site_name\" content=\"Grupo Xcaret Sitio Corporativo\" \/>\n<meta property=\"article:modified_time\" content=\"2021-07-06T15:14:48+00:00\" \/>\n<meta name=\"twitter:card\" content=\"summary_large_image\" \/>\n<meta name=\"twitter:label1\" content=\"Tiempo de lectura\" \/>\n\t<meta name=\"twitter:data1\" content=\"3 minutos\" \/>\n<script type=\"application\/ld+json\" class=\"yoast-schema-graph\">{\"@context\":\"https:\/\/schema.org\",\"@graph\":[{\"@type\":\"Organization\",\"@id\":\"https:\/\/www.grupoxcaret.com\/es\/#organization\",\"name\":\"Grupo Xcaret\",\"url\":\"https:\/\/www.grupoxcaret.com\/es\/\",\"sameAs\":[],\"logo\":{\"@type\":\"ImageObject\",\"@id\":\"https:\/\/www.grupoxcaret.com\/es\/#logo\",\"inLanguage\":\"es\",\"url\":\"https:\/\/www.grupoxcaret.com\/es\/wp-content\/uploads\/2015\/04\/exx.png\",\"contentUrl\":\"https:\/\/www.grupoxcaret.com\/es\/wp-content\/uploads\/2015\/04\/exx.png\",\"width\":400,\"height\":136,\"caption\":\"Grupo Xcaret\"},\"image\":{\"@id\":\"https:\/\/www.grupoxcaret.com\/es\/#logo\"}},{\"@type\":\"WebSite\",\"@id\":\"https:\/\/www.grupoxcaret.com\/es\/#website\",\"url\":\"https:\/\/www.grupoxcaret.com\/es\/\",\"name\":\"Grupo Xcaret Sitio Corporativo\",\"description\":\"Conoce el sitio corporativo de Grupo Xcaret. Encuentra informaci\\u00f3n relevante acerca de nuestra historia, marcas, filosof\\u00eda empresarial, pol\\u00edtica de sostenibilidad y mucho m\\u00e1s.\",\"publisher\":{\"@id\":\"https:\/\/www.grupoxcaret.com\/es\/#organization\"},\"potentialAction\":[{\"@type\":\"SearchAction\",\"target\":{\"@type\":\"EntryPoint\",\"urlTemplate\":\"https:\/\/www.grupoxcaret.com\/es\/?s={search_term_string}\"},\"query-input\":\"required name=search_term_string\"}],\"inLanguage\":\"es\"},{\"@type\":\"WebPage\",\"@id\":\"https:\/\/www.grupoxcaret.com\/es\/hotel-xcaret-mexico\/#webpage\",\"url\":\"https:\/\/www.grupoxcaret.com\/es\/hotel-xcaret-mexico\/\",\"name\":\"Hotel Xcaret M\\u00e9xico - Grupo Xcaret Sitio Corporativo\",\"isPartOf\":{\"@id\":\"https:\/\/www.grupoxcaret.com\/es\/#website\"},\"datePublished\":\"2019-05-04T15:46:47+00:00\",\"dateModified\":\"2021-07-06T15:14:48+00:00\",\"breadcrumb\":{\"@id\":\"https:\/\/www.grupoxcaret.com\/es\/hotel-xcaret-mexico\/#breadcrumb\"},\"inLanguage\":\"es\",\"potentialAction\":[{\"@type\":\"ReadAction\",\"target\":[\"https:\/\/www.grupoxcaret.com\/es\/hotel-xcaret-mexico\/\"]}]},{\"@type\":\"BreadcrumbList\",\"@id\":\"https:\/\/www.grupoxcaret.com\/es\/hotel-xcaret-mexico\/#breadcrumb\",\"itemListElement\":[{\"@type\":\"ListItem\",\"position\":1,\"name\":\"Inicio\",\"item\":\"https:\/\/www.grupoxcaret.com\/es\/\"},{\"@type\":\"ListItem\",\"position\":2,\"name\":\"Hotel Xcaret M\\u00e9xico\"}]}]}<\/script>\n<!-- \/ Yoast SEO plugin. -->","yoast_head_json":{"robots":{"index":"index","follow":"follow","max-snippet":"max-snippet:-1","max-image-preview":"max-image-preview:large","max-video-preview":"max-video-preview:-1"},"canonical":"https:\/\/www.grupoxcaret.com\/es\/hotel-xcaret-mexico\/","og_locale":"es_ES","og_type":"article","og_title":"Hotel Xcaret M\u00e9xico - Grupo Xcaret Sitio Corporativo","og_url":"https:\/\/www.grupoxcaret.com\/es\/hotel-xcaret-mexico\/","og_site_name":"Grupo Xcaret Sitio Corporativo","article_modified_time":"2021-07-06T15:14:48+00:00","twitter_card":"summary_large_image","twitter_misc":{"Tiempo de lectura":"3 minutos"},"schema":{"@context":"https:\/\/schema.org","@graph":[{"@type":"Organization","@id":"https:\/\/www.grupoxcaret.com\/es\/#organization","name":"Grupo Xcaret","url":"https:\/\/www.grupoxcaret.com\/es\/","sameAs":[],"logo":{"@type":"ImageObject","@id":"https:\/\/www.grupoxcaret.com\/es\/#logo","inLanguage":"es","url":"https:\/\/www.grupoxcaret.com\/es\/wp-content\/uploads\/2015\/04\/exx.png","contentUrl":"https:\/\/www.grupoxcaret.com\/es\/wp-content\/uploads\/2015\/04\/exx.png","width":400,"height":136,"caption":"Grupo Xcaret"},"image":{"@id":"https:\/\/www.grupoxcaret.com\/es\/#logo"}},{"@type":"WebSite","@id":"https:\/\/www.grupoxcaret.com\/es\/#website","url":"https:\/\/www.grupoxcaret.com\/es\/","name":"Grupo Xcaret Sitio Corporativo","description":"Conoce el sitio corporativo de Grupo Xcaret. Encuentra informaci\u00f3n relevante acerca de nuestra historia, marcas, filosof\u00eda empresarial, pol\u00edtica de sostenibilidad y mucho m\u00e1s.","publisher":{"@id":"https:\/\/www.grupoxcaret.com\/es\/#organization"},"potentialAction":[{"@type":"SearchAction","target":{"@type":"EntryPoint","urlTemplate":"https:\/\/www.grupoxcaret.com\/es\/?s={search_term_string}"},"query-input":"required name=search_term_string"}],"inLanguage":"es"},{"@type":"WebPage","@id":"https:\/\/www.grupoxcaret.com\/es\/hotel-xcaret-mexico\/#webpage","url":"https:\/\/www.grupoxcaret.com\/es\/hotel-xcaret-mexico\/","name":"Hotel Xcaret M\u00e9xico - Grupo Xcaret Sitio Corporativo","isPartOf":{"@id":"https:\/\/www.grupoxcaret.com\/es\/#website"},"datePublished":"2019-05-04T15:46:47+00:00","dateModified":"2021-07-06T15:14:48+00:00","breadcrumb":{"@id":"https:\/\/www.grupoxcaret.com\/es\/hotel-xcaret-mexico\/#breadcrumb"},"inLanguage":"es","potentialAction":[{"@type":"ReadAction","target":["https:\/\/www.grupoxcaret.com\/es\/hotel-xcaret-mexico\/"]}]},{"@type":"BreadcrumbList","@id":"https:\/\/www.grupoxcaret.com\/es\/hotel-xcaret-mexico\/#breadcrumb","itemListElement":[{"@type":"ListItem","position":1,"name":"Inicio","item":"https:\/\/www.grupoxcaret.com\/es\/"},{"@type":"ListItem","position":2,"name":"Hotel Xcaret M\u00e9xico"}]}]}},"_links":{"self":[{"href":"https:\/\/www.grupoxcaret.com\/es\/wp-json\/wp\/v2\/pages\/3052"}],"collection":[{"href":"https:\/\/www.grupoxcaret.com\/es\/wp-json\/wp\/v2\/pages"}],"about":[{"href":"https:\/\/www.grupoxcaret.com\/es\/wp-json\/wp\/v2\/types\/page"}],"author":[{"embeddable":true,"href":"https:\/\/www.grupoxcaret.com\/es\/wp-json\/wp\/v2\/users\/1"}],"replies":[{"embeddable":true,"href":"https:\/\/www.grupoxcaret.com\/es\/wp-json\/wp\/v2\/comments?post=3052"}],"version-history":[{"count":4,"href":"https:\/\/www.grupoxcaret.com\/es\/wp-json\/wp\/v2\/pages\/3052\/revisions"}],"predecessor-version":[{"id":4459,"href":"https:\/\/www.grupoxcaret.com\/es\/wp-json\/wp\/v2\/pages\/3052\/revisions\/4459"}],"wp:attachment":[{"href":"https:\/\/www.grupoxcaret.com\/es\/wp-json\/wp\/v2\/media?parent=3052"}],"curies":[{"name":"wp","href":"https:\/\/api.w.org\/{rel}","templated":true}]}}