{"id":2975,"date":"2019-04-26T22:01:35","date_gmt":"2019-04-26T22:01:35","guid":{"rendered":"https:\/\/www.grupoxcaret.com\/es\/?page_id=2975"},"modified":"2025-10-10T21:03:29","modified_gmt":"2025-10-10T21:03:29","slug":"memorias-de-sostenibilidad","status":"publish","type":"page","link":"https:\/\/www.grupoxcaret.com\/es\/memorias-de-sostenibilidad\/","title":{"rendered":"Memorias de sostenibilidad"},"content":{"rendered":"\n<p> <\/p>\n\n\n\n<div class=\"wp-block-media-text alignwide is-stacked-on-mobile is-vertically-aligned-center\" style=\"grid-template-columns:19% auto\"><figure class=\"wp-block-media-text__media\"><img loading=\"lazy\" width=\"803\" height=\"1024\" src=\"https:\/\/www.grupoxcaret.com\/es\/wp-content\/uploads\/2025\/10\/Captura-de-pantalla-2025-10-10-a-las-3.38.34\u202fp.m.-803x1024.png\" alt=\"\" class=\"wp-image-6123 size-full\" srcset=\"https:\/\/www.grupoxcaret.com\/es\/wp-content\/uploads\/2025\/10\/Captura-de-pantalla-2025-10-10-a-las-3.38.34\u202fp.m.-803x1024.png 803w, https:\/\/www.grupoxcaret.com\/es\/wp-content\/uploads\/2025\/10\/Captura-de-pantalla-2025-10-10-a-las-3.38.34\u202fp.m.-235x300.png 235w, https:\/\/www.grupoxcaret.com\/es\/wp-content\/uploads\/2025\/10\/Captura-de-pantalla-2025-10-10-a-las-3.38.34\u202fp.m.-768x980.png 768w, https:\/\/www.grupoxcaret.com\/es\/wp-content\/uploads\/2025\/10\/Captura-de-pantalla-2025-10-10-a-las-3.38.34\u202fp.m.-1204x1536.png 1204w, https:\/\/www.grupoxcaret.com\/es\/wp-content\/uploads\/2025\/10\/Captura-de-pantalla-2025-10-10-a-las-3.38.34\u202fp.m.-696x888.png 696w, https:\/\/www.grupoxcaret.com\/es\/wp-content\/uploads\/2025\/10\/Captura-de-pantalla-2025-10-10-a-las-3.38.34\u202fp.m.-1068x1363.png 1068w, https:\/\/www.grupoxcaret.com\/es\/wp-content\/uploads\/2025\/10\/Captura-de-pantalla-2025-10-10-a-las-3.38.34\u202fp.m.-329x420.png 329w, https:\/\/www.grupoxcaret.com\/es\/wp-content\/uploads\/2025\/10\/Captura-de-pantalla-2025-10-10-a-las-3.38.34\u202fp.m..png 1428w\" sizes=\"(max-width: 803px) 100vw, 803px\" \/><\/figure><div class=\"wp-block-media-text__content\">\n<p style=\"font-size:20px\">Lectura: <a href=\"https:\/\/www.grupoxcaret.com\/es\/3d-flip-book\/memoria-de-xostenibilidad-2024\/\">Revista Digital 2024<\/a><\/p>\n\n\n\n<p style=\"font-size:20px\">Descarga: <a href=\"https:\/\/www.grupoxcaret.com\/es\/wp-content\/uploads\/2025\/10\/Memoria-de-Xostenibilidad-GX-2024-1.pdf\" target=\"_blank\" rel=\"noreferrer noopener\">Memoria 2024 &#8211; Espa\u00f1ol<\/a><\/p>\n<\/div><\/div>\n\n\n\n<div class=\"wp-block-media-text alignwide is-stacked-on-mobile is-vertically-aligned-center\" style=\"grid-template-columns:28% auto\"><figure class=\"wp-block-media-text__media\"><img loading=\"lazy\" width=\"1024\" height=\"586\" src=\"https:\/\/www.grupoxcaret.com\/es\/wp-content\/uploads\/2024\/08\/Portadamemoria2024-1024x586.jpg\" alt=\"\" class=\"wp-image-5868 size-full\" srcset=\"https:\/\/www.grupoxcaret.com\/es\/wp-content\/uploads\/2024\/08\/Portadamemoria2024-1024x586.jpg 1024w, https:\/\/www.grupoxcaret.com\/es\/wp-content\/uploads\/2024\/08\/Portadamemoria2024-300x172.jpg 300w, https:\/\/www.grupoxcaret.com\/es\/wp-content\/uploads\/2024\/08\/Portadamemoria2024-768x439.jpg 768w, https:\/\/www.grupoxcaret.com\/es\/wp-content\/uploads\/2024\/08\/Portadamemoria2024-1536x879.jpg 1536w, https:\/\/www.grupoxcaret.com\/es\/wp-content\/uploads\/2024\/08\/Portadamemoria2024-2048x1171.jpg 2048w, https:\/\/www.grupoxcaret.com\/es\/wp-content\/uploads\/2024\/08\/Portadamemoria2024-696x398.jpg 696w, https:\/\/www.grupoxcaret.com\/es\/wp-content\/uploads\/2024\/08\/Portadamemoria2024-1068x611.jpg 1068w, https:\/\/www.grupoxcaret.com\/es\/wp-content\/uploads\/2024\/08\/Portadamemoria2024-734x420.jpg 734w\" sizes=\"(max-width: 1024px) 100vw, 1024px\" \/><\/figure><div class=\"wp-block-media-text__content\">\n<p style=\"font-size:20px\">Lectura: <a href=\"https:\/\/www.grupoxcaret.com\/es\/3d-flip-book\/memoria-de-xostenibilidad-2023\/\">Revista Digital 2023<\/a><\/p>\n\n\n\n<p style=\"font-size:20px\">Descarga: <a href=\"https:\/\/www.grupoxcaret.com\/es\/wp-content\/uploads\/2024\/08\/Memoria-de-sostenibilidad-2023-1.pdf\" target=\"_blank\" rel=\"noreferrer noopener\">Memoria 2023 &#8211; Espa\u00f1ol<\/a><\/p>\n<\/div><\/div>\n\n\n\n<div class=\"wp-block-media-text alignwide is-stacked-on-mobile\" style=\"grid-template-columns:17% auto\"><figure class=\"wp-block-media-text__media\"><img loading=\"lazy\" width=\"627\" height=\"1024\" src=\"https:\/\/www.grupoxcaret.com\/es\/wp-content\/uploads\/2023\/11\/Portada-Memoria-2022-627x1024.png\" alt=\"\" class=\"wp-image-5548 size-full\" srcset=\"https:\/\/www.grupoxcaret.com\/es\/wp-content\/uploads\/2023\/11\/Portada-Memoria-2022-627x1024.png 627w, https:\/\/www.grupoxcaret.com\/es\/wp-content\/uploads\/2023\/11\/Portada-Memoria-2022-184x300.png 184w, https:\/\/www.grupoxcaret.com\/es\/wp-content\/uploads\/2023\/11\/Portada-Memoria-2022-768x1254.png 768w, https:\/\/www.grupoxcaret.com\/es\/wp-content\/uploads\/2023\/11\/Portada-Memoria-2022-696x1137.png 696w, https:\/\/www.grupoxcaret.com\/es\/wp-content\/uploads\/2023\/11\/Portada-Memoria-2022-257x420.png 257w, https:\/\/www.grupoxcaret.com\/es\/wp-content\/uploads\/2023\/11\/Portada-Memoria-2022.png 812w\" sizes=\"(max-width: 627px) 100vw, 627px\" \/><\/figure><div class=\"wp-block-media-text__content\">\n<p style=\"font-size:20px\">Lectura: <a href=\"https:\/\/www.grupoxcaret.com\/es\/3d-flip-book\/memoria-de-xostenibilidad-2022\/\">Revista Digital 2022<\/a><\/p>\n\n\n\n<p style=\"font-size:20px\">Descarga: <a href=\"https:\/\/www.grupoxcaret.com\/es\/wp-content\/uploads\/2023\/12\/Memoria-de-Sostenibilidad-Grupo-Xcaret-2022.pdf\" target=\"_blank\" rel=\"noreferrer noopener\">Memoria 2022 &#8211; Espa\u00f1ol<\/a><\/p>\n<\/div><\/div>\n\n\n\n<div class=\"wp-block-media-text alignwide is-stacked-on-mobile\" style=\"grid-template-columns:17% auto\"><figure class=\"wp-block-media-text__media\"><img loading=\"lazy\" width=\"689\" height=\"1024\" src=\"https:\/\/www.grupoxcaret.com\/es\/wp-content\/uploads\/2023\/11\/Portada-Memoria-2021-689x1024.jpg\" alt=\"\" class=\"wp-image-5557 size-full\" srcset=\"https:\/\/www.grupoxcaret.com\/es\/wp-content\/uploads\/2023\/11\/Portada-Memoria-2021-689x1024.jpg 689w, https:\/\/www.grupoxcaret.com\/es\/wp-content\/uploads\/2023\/11\/Portada-Memoria-2021-202x300.jpg 202w, https:\/\/www.grupoxcaret.com\/es\/wp-content\/uploads\/2023\/11\/Portada-Memoria-2021-768x1141.jpg 768w, https:\/\/www.grupoxcaret.com\/es\/wp-content\/uploads\/2023\/11\/Portada-Memoria-2021-696x1034.jpg 696w, https:\/\/www.grupoxcaret.com\/es\/wp-content\/uploads\/2023\/11\/Portada-Memoria-2021-283x420.jpg 283w, https:\/\/www.grupoxcaret.com\/es\/wp-content\/uploads\/2023\/11\/Portada-Memoria-2021.jpg 942w\" sizes=\"(max-width: 689px) 100vw, 689px\" \/><\/figure><div class=\"wp-block-media-text__content\">\n<p style=\"font-size:20px\">Lectura: <a href=\"https:\/\/www.grupoxcaret.com\/es\/3d-flip-book\/memoria-de-xostenibilidad-2021\/\">Revista Digital 2021<\/a><\/p>\n\n\n\n<p style=\"font-size:20px\">Descarga: <a href=\"https:\/\/www.grupoxcaret.com\/es\/wp-content\/uploads\/2022\/09\/Memoria-de-Sostenibilidad-Grupo-Xcaret-2021_a.pdf\" target=\"_blank\" rel=\"noreferrer noopener\">Memoria 2021 &#8211; Espa\u00f1ol<\/a><\/p>\n<\/div><\/div>\n\n\n\n<div class=\"wp-block-media-text alignwide is-stacked-on-mobile\" style=\"grid-template-columns:17% auto\"><figure class=\"wp-block-media-text__media\"><img loading=\"lazy\" width=\"890\" height=\"884\" src=\"https:\/\/www.grupoxcaret.com\/es\/wp-content\/uploads\/2021\/09\/Portada2020.png\" alt=\"\" class=\"wp-image-4525 size-full\" srcset=\"https:\/\/www.grupoxcaret.com\/es\/wp-content\/uploads\/2021\/09\/Portada2020.png 890w, https:\/\/www.grupoxcaret.com\/es\/wp-content\/uploads\/2021\/09\/Portada2020-300x298.png 300w, https:\/\/www.grupoxcaret.com\/es\/wp-content\/uploads\/2021\/09\/Portada2020-768x763.png 768w, https:\/\/www.grupoxcaret.com\/es\/wp-content\/uploads\/2021\/09\/Portada2020-696x691.png 696w, https:\/\/www.grupoxcaret.com\/es\/wp-content\/uploads\/2021\/09\/Portada2020-423x420.png 423w\" sizes=\"(max-width: 890px) 100vw, 890px\" \/><\/figure><div class=\"wp-block-media-text__content\">\n<p style=\"font-size:20px\">Lectura: <a href=\"https:\/\/www.grupoxcaret.com\/es\/3d-flip-book\/memoria-2020\/\">Revista Digital 2020<\/a><\/p>\n\n\n\n<p style=\"font-size:20px\">Descarga: <a rel=\"noreferrer noopener\" href=\"https:\/\/www.grupoxcaret.com\/es\/wp-content\/uploads\/2021\/09\/Memoria-de-Sostenibilidad-GX-2020..pdf\" target=\"_blank\">Memoria 2020 &#8211; Espa\u00f1ol<\/a><\/p>\n<\/div><\/div>\n\n\n\n<div class=\"wp-block-media-text alignwide is-stacked-on-mobile\" style=\"grid-template-columns:17% auto\"><figure class=\"wp-block-media-text__media\"><img loading=\"lazy\" width=\"800\" height=\"800\" src=\"https:\/\/www.grupoxcaret.com\/es\/wp-content\/uploads\/2020\/10\/Memoria-GX-2019-portada.jpg\" alt=\"\" class=\"wp-image-3870 size-full\" srcset=\"https:\/\/www.grupoxcaret.com\/es\/wp-content\/uploads\/2020\/10\/Memoria-GX-2019-portada.jpg 800w, https:\/\/www.grupoxcaret.com\/es\/wp-content\/uploads\/2020\/10\/Memoria-GX-2019-portada-300x300.jpg 300w, https:\/\/www.grupoxcaret.com\/es\/wp-content\/uploads\/2020\/10\/Memoria-GX-2019-portada-768x768.jpg 768w, https:\/\/www.grupoxcaret.com\/es\/wp-content\/uploads\/2020\/10\/Memoria-GX-2019-portada-696x696.jpg 696w, https:\/\/www.grupoxcaret.com\/es\/wp-content\/uploads\/2020\/10\/Memoria-GX-2019-portada-420x420.jpg 420w\" sizes=\"(max-width: 800px) 100vw, 800px\" \/><\/figure><div class=\"wp-block-media-text__content\">\n<p style=\"font-size:20px\">Lectura: <a href=\"https:\/\/www.grupoxcaret.com\/es\/3d-flip-book\/memoria-de-xostenibilidad-2019\/\" target=\"_blank\" rel=\"noreferrer noopener\">Revista Digital 2019<\/a><\/p>\n\n\n\n<p style=\"font-size:20px\">Descarga: <a href=\"https:\/\/www.grupoxcaret.com\/es\/wp-content\/uploads\/2020\/12\/Memoria-GX-2019-espan\u0303ol-final_compressed-1.pdf\" target=\"_blank\" rel=\"noreferrer noopener\">Memoria 2019 &#8211; Espa\u00f1ol<\/a><\/p>\n<\/div><\/div>\n\n\n\n<div class=\"wp-block-media-text alignwide is-stacked-on-mobile\" style=\"grid-template-columns:17% auto\"><figure class=\"wp-block-media-text__media\"><img loading=\"lazy\" width=\"400\" height=\"401\" src=\"https:\/\/www.grupoxcaret.com\/es\/wp-content\/uploads\/2020\/08\/Memoria2018.jpg\" alt=\"\" class=\"wp-image-3699 size-full\" srcset=\"https:\/\/www.grupoxcaret.com\/es\/wp-content\/uploads\/2020\/08\/Memoria2018.jpg 400w, https:\/\/www.grupoxcaret.com\/es\/wp-content\/uploads\/2020\/08\/Memoria2018-300x300.jpg 300w\" sizes=\"(max-width: 400px) 100vw, 400px\" \/><\/figure><div class=\"wp-block-media-text__content\">\n<p style=\"font-size:20px\">Lectura: <a href=\"https:\/\/www.grupoxcaret.com\/es\/3d-flip-book\/memoria-de-xostenibilidad-2018\/\" target=\"_blank\" rel=\"noreferrer noopener\">Revista Digital 2018<\/a><\/p>\n\n\n\n<p style=\"font-size:20px\">Descarga: <a href=\"https:\/\/experienciasxcaret-my.sharepoint.com\/:b:\/g\/personal\/dmendozav_xcaret_com\/Ec8iRzMySrxJoFwH3Ruvi78BShPPMKFjqveBpP4TcWkLpw\">Memoria 2018 &#8211; Espa\u00f1ol<\/a><\/p>\n<\/div><\/div>\n\n\n\n<div class=\"wp-block-media-text alignwide is-stacked-on-mobile\" style=\"grid-template-columns:17% auto\"><figure class=\"wp-block-media-text__media\"><img loading=\"lazy\" width=\"400\" height=\"400\" src=\"https:\/\/www.grupoxcaret.com\/es\/wp-content\/uploads\/2020\/08\/Memoria2017.jpg\" alt=\"\" class=\"wp-image-3701 size-full\" srcset=\"https:\/\/www.grupoxcaret.com\/es\/wp-content\/uploads\/2020\/08\/Memoria2017.jpg 400w, https:\/\/www.grupoxcaret.com\/es\/wp-content\/uploads\/2020\/08\/Memoria2017-300x300.jpg 300w\" sizes=\"(max-width: 400px) 100vw, 400px\" \/><\/figure><div class=\"wp-block-media-text__content\">\n<p style=\"font-size:20px\">Lectura: <a href=\"https:\/\/www.grupoxcaret.com\/es\/3d-flip-book\/memoria-de-xostenibilidad-2017\/\">Revista Digital 2017<\/a><\/p>\n\n\n\n<p style=\"font-size:20px\">Descarga: <a href=\"https:\/\/experienciasxcaret-my.sharepoint.com\/:b:\/g\/personal\/dmendozav_xcaret_com\/Ef2-SXujDPZCu8aBb8NVCyIBdHJO8PkIvgvoiMVsR-zDXw?e=PN4xpL\">Memoria 2017 &#8211; Espa\u00f1ol<\/a><\/p>\n<\/div><\/div>\n\n\n\n<div class=\"wp-block-media-text alignwide is-stacked-on-mobile\" style=\"grid-template-columns:17% auto\"><figure class=\"wp-block-media-text__media\"><img loading=\"lazy\" width=\"400\" height=\"401\" src=\"https:\/\/www.grupoxcaret.com\/es\/wp-content\/uploads\/2020\/08\/Memoria2016.jpg\" alt=\"\" class=\"wp-image-3706 size-full\" srcset=\"https:\/\/www.grupoxcaret.com\/es\/wp-content\/uploads\/2020\/08\/Memoria2016.jpg 400w, https:\/\/www.grupoxcaret.com\/es\/wp-content\/uploads\/2020\/08\/Memoria2016-300x300.jpg 300w\" sizes=\"(max-width: 400px) 100vw, 400px\" \/><\/figure><div class=\"wp-block-media-text__content\">\n<p style=\"font-size:20px\"><a href=\"https:\/\/experienciasxcaret-my.sharepoint.com\/:b:\/g\/personal\/dmendozav_xcaret_com\/EV0AQuz8Ni5IpwW3_0aSkhQBbrQmv5EVu-o-AJUECSXtUw?e=qA1E5M\">Memoria 2016 &#8211; Espa\u00f1ol<\/a><\/p>\n<\/div><\/div>\n\n\n\n<p><\/p>\n","protected":false},"excerpt":{"rendered":"<p>Lectura: Revista Digital 2024 Descarga: Memoria 2024 &#8211; Espa\u00f1ol Lectura: Revista Digital 2023 Descarga: Memoria 2023 &#8211; Espa\u00f1ol Lectura: Revista Digital 2022 Descarga: Memoria 2022 &#8211; Espa\u00f1ol Lectura: Revista Digital 2021 Descarga: Memoria 2021 &#8211; Espa\u00f1ol Lectura: Revista Digital 2020 Descarga: Memoria 2020 &#8211; Espa\u00f1ol Lectura: Revista Digital 2019 Descarga: Memoria 2019 &#8211; Espa\u00f1ol Lectura: [&hellip;]<\/p>\n","protected":false},"author":1,"featured_media":0,"parent":0,"menu_order":0,"comment_status":"closed","ping_status":"closed","template":"","meta":[],"yoast_head":"<!-- This site is optimized with the Yoast SEO plugin v17.6 - https:\/\/yoast.com\/wordpress\/plugins\/seo\/ -->\n<meta name=\"description\" content=\"Entra aqu\u00ed para acceder al historial de memorias de sostenibilidad de Grupo Xcaret. En este documento encontrar\u00e1s las acciones de todo un a\u00f1o del grupo.\" \/>\n<meta name=\"robots\" content=\"index, follow, max-snippet:-1, max-image-preview:large, max-video-preview:-1\" \/>\n<link rel=\"canonical\" href=\"https:\/\/www.grupoxcaret.com\/es\/memorias-de-sostenibilidad\/\" \/>\n<meta property=\"og:locale\" content=\"es_ES\" \/>\n<meta property=\"og:type\" content=\"article\" \/>\n<meta property=\"og:title\" content=\"Memorias de Sostenibilidad | Grupo Xcaret Sitio Corporativo\" \/>\n<meta property=\"og:description\" content=\"Entra aqu\u00ed para acceder al historial de memorias de sostenibilidad de Grupo Xcaret. En este documento encontrar\u00e1s las acciones de todo un a\u00f1o del grupo.\" \/>\n<meta property=\"og:url\" content=\"https:\/\/www.grupoxcaret.com\/es\/memorias-de-sostenibilidad\/\" \/>\n<meta property=\"og:site_name\" content=\"Grupo Xcaret Sitio Corporativo\" \/>\n<meta property=\"article:modified_time\" content=\"2025-10-10T21:03:29+00:00\" \/>\n<meta property=\"og:image\" content=\"https:\/\/www.grupoxcaret.com\/es\/wp-content\/uploads\/2025\/10\/Captura-de-pantalla-2025-10-10-a-las-3.38.34\u202fp.m.-803x1024.png\" \/>\n<meta name=\"twitter:card\" content=\"summary_large_image\" \/>\n<meta name=\"twitter:label1\" content=\"Tiempo de lectura\" \/>\n\t<meta name=\"twitter:data1\" content=\"3 minutos\" \/>\n<script type=\"application\/ld+json\" class=\"yoast-schema-graph\">{\"@context\":\"https:\/\/schema.org\",\"@graph\":[{\"@type\":\"Organization\",\"@id\":\"https:\/\/www.grupoxcaret.com\/es\/#organization\",\"name\":\"Grupo Xcaret\",\"url\":\"https:\/\/www.grupoxcaret.com\/es\/\",\"sameAs\":[],\"logo\":{\"@type\":\"ImageObject\",\"@id\":\"https:\/\/www.grupoxcaret.com\/es\/#logo\",\"inLanguage\":\"es\",\"url\":\"https:\/\/www.grupoxcaret.com\/es\/wp-content\/uploads\/2015\/04\/exx.png\",\"contentUrl\":\"https:\/\/www.grupoxcaret.com\/es\/wp-content\/uploads\/2015\/04\/exx.png\",\"width\":400,\"height\":136,\"caption\":\"Grupo Xcaret\"},\"image\":{\"@id\":\"https:\/\/www.grupoxcaret.com\/es\/#logo\"}},{\"@type\":\"WebSite\",\"@id\":\"https:\/\/www.grupoxcaret.com\/es\/#website\",\"url\":\"https:\/\/www.grupoxcaret.com\/es\/\",\"name\":\"Grupo Xcaret Sitio Corporativo\",\"description\":\"Conoce el sitio corporativo de Grupo Xcaret. Encuentra informaci\\u00f3n relevante acerca de nuestra historia, marcas, filosof\\u00eda empresarial, pol\\u00edtica de sostenibilidad y mucho m\\u00e1s.\",\"publisher\":{\"@id\":\"https:\/\/www.grupoxcaret.com\/es\/#organization\"},\"potentialAction\":[{\"@type\":\"SearchAction\",\"target\":{\"@type\":\"EntryPoint\",\"urlTemplate\":\"https:\/\/www.grupoxcaret.com\/es\/?s={search_term_string}\"},\"query-input\":\"required name=search_term_string\"}],\"inLanguage\":\"es\"},{\"@type\":\"ImageObject\",\"@id\":\"https:\/\/www.grupoxcaret.com\/es\/memorias-de-sostenibilidad\/#primaryimage\",\"inLanguage\":\"es\",\"url\":\"https:\/\/www.grupoxcaret.com\/es\/wp-content\/uploads\/2025\/10\/Captura-de-pantalla-2025-10-10-a-las-3.38.34\\u202fp.m..png\",\"contentUrl\":\"https:\/\/www.grupoxcaret.com\/es\/wp-content\/uploads\/2025\/10\/Captura-de-pantalla-2025-10-10-a-las-3.38.34\\u202fp.m..png\",\"width\":1428,\"height\":1822},{\"@type\":\"WebPage\",\"@id\":\"https:\/\/www.grupoxcaret.com\/es\/memorias-de-sostenibilidad\/#webpage\",\"url\":\"https:\/\/www.grupoxcaret.com\/es\/memorias-de-sostenibilidad\/\",\"name\":\"Memorias de Sostenibilidad | Grupo Xcaret Sitio Corporativo\",\"isPartOf\":{\"@id\":\"https:\/\/www.grupoxcaret.com\/es\/#website\"},\"primaryImageOfPage\":{\"@id\":\"https:\/\/www.grupoxcaret.com\/es\/memorias-de-sostenibilidad\/#primaryimage\"},\"datePublished\":\"2019-04-26T22:01:35+00:00\",\"dateModified\":\"2025-10-10T21:03:29+00:00\",\"description\":\"Entra aqu\\u00ed para acceder al historial de memorias de sostenibilidad de Grupo Xcaret. En este documento encontrar\\u00e1s las acciones de todo un a\\u00f1o del grupo.\",\"breadcrumb\":{\"@id\":\"https:\/\/www.grupoxcaret.com\/es\/memorias-de-sostenibilidad\/#breadcrumb\"},\"inLanguage\":\"es\",\"potentialAction\":[{\"@type\":\"ReadAction\",\"target\":[\"https:\/\/www.grupoxcaret.com\/es\/memorias-de-sostenibilidad\/\"]}]},{\"@type\":\"BreadcrumbList\",\"@id\":\"https:\/\/www.grupoxcaret.com\/es\/memorias-de-sostenibilidad\/#breadcrumb\",\"itemListElement\":[{\"@type\":\"ListItem\",\"position\":1,\"name\":\"Inicio\",\"item\":\"https:\/\/www.grupoxcaret.com\/es\/\"},{\"@type\":\"ListItem\",\"position\":2,\"name\":\"Memorias de sostenibilidad\"}]}]}<\/script>\n<!-- \/ Yoast SEO plugin. -->","yoast_head_json":{"description":"Entra aqu\u00ed para acceder al historial de memorias de sostenibilidad de Grupo Xcaret. En este documento encontrar\u00e1s las acciones de todo un a\u00f1o del grupo.","robots":{"index":"index","follow":"follow","max-snippet":"max-snippet:-1","max-image-preview":"max-image-preview:large","max-video-preview":"max-video-preview:-1"},"canonical":"https:\/\/www.grupoxcaret.com\/es\/memorias-de-sostenibilidad\/","og_locale":"es_ES","og_type":"article","og_title":"Memorias de Sostenibilidad | Grupo Xcaret Sitio Corporativo","og_description":"Entra aqu\u00ed para acceder al historial de memorias de sostenibilidad de Grupo Xcaret. En este documento encontrar\u00e1s las acciones de todo un a\u00f1o del grupo.","og_url":"https:\/\/www.grupoxcaret.com\/es\/memorias-de-sostenibilidad\/","og_site_name":"Grupo Xcaret Sitio Corporativo","article_modified_time":"2025-10-10T21:03:29+00:00","og_image":[{"url":"https:\/\/www.grupoxcaret.com\/es\/wp-content\/uploads\/2025\/10\/Captura-de-pantalla-2025-10-10-a-las-3.38.34\u202fp.m.-803x1024.png"}],"twitter_card":"summary_large_image","twitter_misc":{"Tiempo de lectura":"3 minutos"},"schema":{"@context":"https:\/\/schema.org","@graph":[{"@type":"Organization","@id":"https:\/\/www.grupoxcaret.com\/es\/#organization","name":"Grupo Xcaret","url":"https:\/\/www.grupoxcaret.com\/es\/","sameAs":[],"logo":{"@type":"ImageObject","@id":"https:\/\/www.grupoxcaret.com\/es\/#logo","inLanguage":"es","url":"https:\/\/www.grupoxcaret.com\/es\/wp-content\/uploads\/2015\/04\/exx.png","contentUrl":"https:\/\/www.grupoxcaret.com\/es\/wp-content\/uploads\/2015\/04\/exx.png","width":400,"height":136,"caption":"Grupo Xcaret"},"image":{"@id":"https:\/\/www.grupoxcaret.com\/es\/#logo"}},{"@type":"WebSite","@id":"https:\/\/www.grupoxcaret.com\/es\/#website","url":"https:\/\/www.grupoxcaret.com\/es\/","name":"Grupo Xcaret Sitio Corporativo","description":"Conoce el sitio corporativo de Grupo Xcaret. Encuentra informaci\u00f3n relevante acerca de nuestra historia, marcas, filosof\u00eda empresarial, pol\u00edtica de sostenibilidad y mucho m\u00e1s.","publisher":{"@id":"https:\/\/www.grupoxcaret.com\/es\/#organization"},"potentialAction":[{"@type":"SearchAction","target":{"@type":"EntryPoint","urlTemplate":"https:\/\/www.grupoxcaret.com\/es\/?s={search_term_string}"},"query-input":"required name=search_term_string"}],"inLanguage":"es"},{"@type":"ImageObject","@id":"https:\/\/www.grupoxcaret.com\/es\/memorias-de-sostenibilidad\/#primaryimage","inLanguage":"es","url":"https:\/\/www.grupoxcaret.com\/es\/wp-content\/uploads\/2025\/10\/Captura-de-pantalla-2025-10-10-a-las-3.38.34\u202fp.m..png","contentUrl":"https:\/\/www.grupoxcaret.com\/es\/wp-content\/uploads\/2025\/10\/Captura-de-pantalla-2025-10-10-a-las-3.38.34\u202fp.m..png","width":1428,"height":1822},{"@type":"WebPage","@id":"https:\/\/www.grupoxcaret.com\/es\/memorias-de-sostenibilidad\/#webpage","url":"https:\/\/www.grupoxcaret.com\/es\/memorias-de-sostenibilidad\/","name":"Memorias de Sostenibilidad | Grupo Xcaret Sitio Corporativo","isPartOf":{"@id":"https:\/\/www.grupoxcaret.com\/es\/#website"},"primaryImageOfPage":{"@id":"https:\/\/www.grupoxcaret.com\/es\/memorias-de-sostenibilidad\/#primaryimage"},"datePublished":"2019-04-26T22:01:35+00:00","dateModified":"2025-10-10T21:03:29+00:00","description":"Entra aqu\u00ed para acceder al historial de memorias de sostenibilidad de Grupo Xcaret. En este documento encontrar\u00e1s las acciones de todo un a\u00f1o del grupo.","breadcrumb":{"@id":"https:\/\/www.grupoxcaret.com\/es\/memorias-de-sostenibilidad\/#breadcrumb"},"inLanguage":"es","potentialAction":[{"@type":"ReadAction","target":["https:\/\/www.grupoxcaret.com\/es\/memorias-de-sostenibilidad\/"]}]},{"@type":"BreadcrumbList","@id":"https:\/\/www.grupoxcaret.com\/es\/memorias-de-sostenibilidad\/#breadcrumb","itemListElement":[{"@type":"ListItem","position":1,"name":"Inicio","item":"https:\/\/www.grupoxcaret.com\/es\/"},{"@type":"ListItem","position":2,"name":"Memorias de sostenibilidad"}]}]}},"_links":{"self":[{"href":"https:\/\/www.grupoxcaret.com\/es\/wp-json\/wp\/v2\/pages\/2975"}],"collection":[{"href":"https:\/\/www.grupoxcaret.com\/es\/wp-json\/wp\/v2\/pages"}],"about":[{"href":"https:\/\/www.grupoxcaret.com\/es\/wp-json\/wp\/v2\/types\/page"}],"author":[{"embeddable":true,"href":"https:\/\/www.grupoxcaret.com\/es\/wp-json\/wp\/v2\/users\/1"}],"replies":[{"embeddable":true,"href":"https:\/\/www.grupoxcaret.com\/es\/wp-json\/wp\/v2\/comments?post=2975"}],"version-history":[{"count":29,"href":"https:\/\/www.grupoxcaret.com\/es\/wp-json\/wp\/v2\/pages\/2975\/revisions"}],"predecessor-version":[{"id":6128,"href":"https:\/\/www.grupoxcaret.com\/es\/wp-json\/wp\/v2\/pages\/2975\/revisions\/6128"}],"wp:attachment":[{"href":"https:\/\/www.grupoxcaret.com\/es\/wp-json\/wp\/v2\/media?parent=2975"}],"curies":[{"name":"wp","href":"https:\/\/api.w.org\/{rel}","templated":true}]}}