{"id":2970,"date":"2019-04-26T22:00:26","date_gmt":"2019-04-26T22:00:26","guid":{"rendered":"https:\/\/www.grupoxcaret.com\/es\/?page_id=2970"},"modified":"2021-04-27T16:26:57","modified_gmt":"2021-04-27T16:26:57","slug":"prosperidad","status":"publish","type":"page","link":"https:\/\/www.grupoxcaret.com\/es\/prosperidad\/","title":{"rendered":"Prosperidad"},"content":{"rendered":"\n<p>Este pilar contempla los temas de gobierno corporativo, conducta \u00e9tica, desempe\u00f1o econ\u00f3mico, desarrollo de la cadena de valor e impulso a la econom\u00eda mexicana, los cuales rigen las acciones encaminadas a la b\u00fasqueda del crecimiento del negocio que genere bienestar econ\u00f3mico a nivel local, regional y nacional.&nbsp;<\/p>\n\n\n\n<figure class=\"wp-block-image size-large is-resized\"><img loading=\"lazy\" src=\"https:\/\/www.grupoxcaret.com\/es\/wp-content\/uploads\/2021\/04\/2020MXGX-Gobierno-corporativo-1006x1024.png\" alt=\"\" class=\"wp-image-4236\" width=\"209\" height=\"232\"\/><\/figure>\n\n\n\n<p>El gobierno corporativo es la estructura de la organizaci\u00f3n que se encarga de&nbsp;definir el rumbo de la organizaci\u00f3n, por lo que establece<strong>&nbsp;objetivos<\/strong><strong>&nbsp;estrat\u00e9gicos<\/strong>, los medios para su alcance, velar por el uso eficiente de los recursos, as\u00ed como medir los riesgos y oportunidades para el Grupo. Para ello&nbsp;define pol\u00edticas, procesos y procedimientos.&nbsp;&nbsp;<\/p>\n\n\n\n<p>Gracias al gobierno corporativo, las decisiones del Grupo se&nbsp;toman manera&nbsp;equilibrada y arm\u00f3nica, ofreciendo estabilidad empresarial, fortaleciendo la identidad corporativa y enfatizando el compromiso que tiene el Grupo con nuestras comunidades&nbsp;&nbsp;<\/p>\n\n\n\n<figure class=\"wp-block-image size-large is-resized\"><img loading=\"lazy\" src=\"https:\/\/www.grupoxcaret.com\/es\/wp-content\/uploads\/2021\/04\/2020MXGX-Conducta-e\u0301tica-1005x1024.png\" alt=\"\" class=\"wp-image-4233\" width=\"207\" height=\"230\"\/><\/figure>\n\n\n\n<p>La conducta \u00e9tica es la distinci\u00f3n entre lo correcto y lo incorrecto, lo cual gu\u00eda nuestra forma de actuar y las decisiones que tomamos&nbsp;ante diversas situaciones. Nuestra conducta \u00e9tica est\u00e1&nbsp;basada&nbsp;en nuestra filosof\u00eda organizacional.&nbsp;<\/p>\n\n\n\n<p>Hacer lo correcto siempre nos hace m\u00e1s felices. En Grupo Xcaret, la \u00e9tica representa nuestra identidad, creencias y aspiraciones. Somos una empresa \u00e9tica construida por personas \u00edntegras en su d\u00eda a d\u00eda que act\u00faan y toman decisiones con base en lo que es correcto, bajo el marco la ley, respetando la integridad y la dignidad humana.\u202f&nbsp;<\/p>\n\n\n\n<figure class=\"wp-block-image size-large is-resized\"><img loading=\"lazy\" src=\"https:\/\/www.grupoxcaret.com\/es\/wp-content\/uploads\/2021\/04\/2020MXGX-Desempen\u0303o-econo\u0301mico-1006x1024.png\" alt=\"\" class=\"wp-image-4235\" width=\"207\" height=\"231\"\/><\/figure>\n\n\n\n<p>Es el conjunto de estrategias que\u202fbuscan\u202fimpulsar\u202fla prosperidad\u202fy garantizar la salud financiera\u202fde la\u202fempresa,\u202fbeneficiando a su vez, a nuestros grupos de inter\u00e9s y a las comunidades en donde tenemos presencia; generando inversi\u00f3n\u202fpara reducir\u202fel&nbsp;<strong>impacto ambiental<\/strong>&nbsp;que pudiera causar nuestro negocio.\u202f&nbsp;<\/p>\n\n\n\n<p>En Grupo Xcaret buscamos&nbsp;ser un negocio exitoso y rentable, cuidando los recursos con los que contamos y creando valor junto con nuestros grupos de inter\u00e9s.&nbsp;<\/p>\n\n\n\n<figure class=\"wp-block-image size-large is-resized\"><img loading=\"lazy\" src=\"https:\/\/www.grupoxcaret.com\/es\/wp-content\/uploads\/2021\/04\/2020MXGX-Desarrollo-de-la-cadena-de-valor-1005x1024.png\" alt=\"\" class=\"wp-image-4234\" width=\"208\" height=\"231\"\/><\/figure>\n\n\n\n<p>La cadena de valor comprende las interacciones y actividades necesarias para que el Grupo pueda entregar una experiencia \u00fanica a los viajeros.&nbsp;Incluye&nbsp;a los&nbsp;proveedores de productos y servicios, comunidad y gobierno. En la cadena de valor, como su nombre lo indica, los grupos&nbsp;relacionados agregan valor en cada una de las diferentes etapas de la cadena lo que eleva el valor final del servicio.&nbsp;&nbsp;<\/p>\n\n\n\n<p>En el desarrollo de la cadena de valor se analiza cada paso, desde la incorporaci\u00f3n de materias primas hasta el servicio entregado al cliente \u00faltimo, teniendo en cuenta tambi\u00e9n el tratamiento final de los residuos generados.&nbsp;&nbsp;&nbsp;<\/p>\n\n\n\n<p>Como Grupo estamos comprometidos con el desarrollo de una cultura de sostenibilidad compartida con nuestra cadena de valor.\u202f\u202f&nbsp;<\/p>\n\n\n\n<figure class=\"wp-block-image size-large is-resized\"><img loading=\"lazy\" src=\"https:\/\/www.grupoxcaret.com\/es\/wp-content\/uploads\/2021\/04\/2020MXGX-Impulso-a-la-economi\u0301a-mexicana-1006x1024.png\" alt=\"\" class=\"wp-image-4237\" width=\"207\" height=\"230\"\/><\/figure>\n\n\n\n<p>Involucra la generaci\u00f3n de condiciones econ\u00f3micas favorables para nuestras comunidades, regi\u00f3n y pa\u00eds; a trav\u00e9s de nuestra cadena de valor, la generaci\u00f3n de empleos dignos y alianzas&nbsp;con otras&nbsp;organizaciones&nbsp;que nos permitan crecer de manera conjunta.&nbsp;<\/p>\n\n\n\n<p>En Grupo Xcaret, estamos&nbsp;comprometidos con impulsar la econom\u00eda mexicana por lo que establecemos acciones, programas, pol\u00edticas y procesos destinados a elevar la econom\u00eda de nuestra regi\u00f3n y pa\u00eds.&nbsp;&nbsp;<\/p>\n","protected":false},"excerpt":{"rendered":"<p>Este pilar contempla los temas de gobierno corporativo, conducta \u00e9tica, desempe\u00f1o econ\u00f3mico, desarrollo de la cadena de valor e impulso a la econom\u00eda mexicana, los cuales rigen las acciones encaminadas a la b\u00fasqueda del crecimiento del negocio que genere bienestar econ\u00f3mico a nivel local, regional y nacional.&nbsp; El gobierno corporativo es la estructura de la [&hellip;]<\/p>\n","protected":false},"author":1,"featured_media":0,"parent":0,"menu_order":0,"comment_status":"closed","ping_status":"closed","template":"","meta":[],"yoast_head":"<!-- This site is optimized with the Yoast SEO plugin v17.6 - https:\/\/yoast.com\/wordpress\/plugins\/seo\/ -->\n<meta name=\"robots\" content=\"index, follow, max-snippet:-1, max-image-preview:large, max-video-preview:-1\" \/>\n<link rel=\"canonical\" href=\"https:\/\/www.grupoxcaret.com\/es\/prosperidad\/\" \/>\n<meta property=\"og:locale\" content=\"es_ES\" \/>\n<meta property=\"og:type\" content=\"article\" \/>\n<meta property=\"og:title\" content=\"Prosperidad - Grupo Xcaret Sitio Corporativo\" \/>\n<meta property=\"og:description\" content=\"Este pilar contempla los temas de gobierno corporativo, conducta \u00e9tica, desempe\u00f1o econ\u00f3mico, desarrollo de la cadena de valor e impulso a la econom\u00eda mexicana, los cuales rigen las acciones encaminadas a la b\u00fasqueda del crecimiento del negocio que genere bienestar econ\u00f3mico a nivel local, regional y nacional.&nbsp; El gobierno corporativo es la estructura de la [&hellip;]\" \/>\n<meta property=\"og:url\" content=\"https:\/\/www.grupoxcaret.com\/es\/prosperidad\/\" \/>\n<meta property=\"og:site_name\" content=\"Grupo Xcaret Sitio Corporativo\" \/>\n<meta property=\"article:modified_time\" content=\"2021-04-27T16:26:57+00:00\" \/>\n<meta property=\"og:image\" content=\"https:\/\/www.grupoxcaret.com\/es\/wp-content\/uploads\/2021\/04\/2020MXGX-Gobierno-corporativo-1006x1024.png\" \/>\n<meta name=\"twitter:card\" content=\"summary_large_image\" \/>\n<meta name=\"twitter:label1\" content=\"Tiempo de lectura\" \/>\n\t<meta name=\"twitter:data1\" content=\"3 minutos\" \/>\n<script type=\"application\/ld+json\" class=\"yoast-schema-graph\">{\"@context\":\"https:\/\/schema.org\",\"@graph\":[{\"@type\":\"Organization\",\"@id\":\"https:\/\/www.grupoxcaret.com\/es\/#organization\",\"name\":\"Grupo Xcaret\",\"url\":\"https:\/\/www.grupoxcaret.com\/es\/\",\"sameAs\":[],\"logo\":{\"@type\":\"ImageObject\",\"@id\":\"https:\/\/www.grupoxcaret.com\/es\/#logo\",\"inLanguage\":\"es\",\"url\":\"https:\/\/www.grupoxcaret.com\/es\/wp-content\/uploads\/2015\/04\/exx.png\",\"contentUrl\":\"https:\/\/www.grupoxcaret.com\/es\/wp-content\/uploads\/2015\/04\/exx.png\",\"width\":400,\"height\":136,\"caption\":\"Grupo Xcaret\"},\"image\":{\"@id\":\"https:\/\/www.grupoxcaret.com\/es\/#logo\"}},{\"@type\":\"WebSite\",\"@id\":\"https:\/\/www.grupoxcaret.com\/es\/#website\",\"url\":\"https:\/\/www.grupoxcaret.com\/es\/\",\"name\":\"Grupo Xcaret Sitio Corporativo\",\"description\":\"Conoce el sitio corporativo de Grupo Xcaret. Encuentra informaci\\u00f3n relevante acerca de nuestra historia, marcas, filosof\\u00eda empresarial, pol\\u00edtica de sostenibilidad y mucho m\\u00e1s.\",\"publisher\":{\"@id\":\"https:\/\/www.grupoxcaret.com\/es\/#organization\"},\"potentialAction\":[{\"@type\":\"SearchAction\",\"target\":{\"@type\":\"EntryPoint\",\"urlTemplate\":\"https:\/\/www.grupoxcaret.com\/es\/?s={search_term_string}\"},\"query-input\":\"required name=search_term_string\"}],\"inLanguage\":\"es\"},{\"@type\":\"ImageObject\",\"@id\":\"https:\/\/www.grupoxcaret.com\/es\/prosperidad\/#primaryimage\",\"inLanguage\":\"es\",\"url\":\"https:\/\/www.grupoxcaret.com\/es\/wp-content\/uploads\/2021\/04\/2020MXGX-Gobierno-corporativo.png\",\"contentUrl\":\"https:\/\/www.grupoxcaret.com\/es\/wp-content\/uploads\/2021\/04\/2020MXGX-Gobierno-corporativo.png\",\"width\":1336,\"height\":1360},{\"@type\":\"WebPage\",\"@id\":\"https:\/\/www.grupoxcaret.com\/es\/prosperidad\/#webpage\",\"url\":\"https:\/\/www.grupoxcaret.com\/es\/prosperidad\/\",\"name\":\"Prosperidad - Grupo Xcaret Sitio Corporativo\",\"isPartOf\":{\"@id\":\"https:\/\/www.grupoxcaret.com\/es\/#website\"},\"primaryImageOfPage\":{\"@id\":\"https:\/\/www.grupoxcaret.com\/es\/prosperidad\/#primaryimage\"},\"datePublished\":\"2019-04-26T22:00:26+00:00\",\"dateModified\":\"2021-04-27T16:26:57+00:00\",\"breadcrumb\":{\"@id\":\"https:\/\/www.grupoxcaret.com\/es\/prosperidad\/#breadcrumb\"},\"inLanguage\":\"es\",\"potentialAction\":[{\"@type\":\"ReadAction\",\"target\":[\"https:\/\/www.grupoxcaret.com\/es\/prosperidad\/\"]}]},{\"@type\":\"BreadcrumbList\",\"@id\":\"https:\/\/www.grupoxcaret.com\/es\/prosperidad\/#breadcrumb\",\"itemListElement\":[{\"@type\":\"ListItem\",\"position\":1,\"name\":\"Inicio\",\"item\":\"https:\/\/www.grupoxcaret.com\/es\/\"},{\"@type\":\"ListItem\",\"position\":2,\"name\":\"Prosperidad\"}]}]}<\/script>\n<!-- \/ Yoast SEO plugin. -->","yoast_head_json":{"robots":{"index":"index","follow":"follow","max-snippet":"max-snippet:-1","max-image-preview":"max-image-preview:large","max-video-preview":"max-video-preview:-1"},"canonical":"https:\/\/www.grupoxcaret.com\/es\/prosperidad\/","og_locale":"es_ES","og_type":"article","og_title":"Prosperidad - Grupo Xcaret Sitio Corporativo","og_description":"Este pilar contempla los temas de gobierno corporativo, conducta \u00e9tica, desempe\u00f1o econ\u00f3mico, desarrollo de la cadena de valor e impulso a la econom\u00eda mexicana, los cuales rigen las acciones encaminadas a la b\u00fasqueda del crecimiento del negocio que genere bienestar econ\u00f3mico a nivel local, regional y nacional.&nbsp; El gobierno corporativo es la estructura de la [&hellip;]","og_url":"https:\/\/www.grupoxcaret.com\/es\/prosperidad\/","og_site_name":"Grupo Xcaret Sitio Corporativo","article_modified_time":"2021-04-27T16:26:57+00:00","og_image":[{"url":"https:\/\/www.grupoxcaret.com\/es\/wp-content\/uploads\/2021\/04\/2020MXGX-Gobierno-corporativo-1006x1024.png"}],"twitter_card":"summary_large_image","twitter_misc":{"Tiempo de lectura":"3 minutos"},"schema":{"@context":"https:\/\/schema.org","@graph":[{"@type":"Organization","@id":"https:\/\/www.grupoxcaret.com\/es\/#organization","name":"Grupo Xcaret","url":"https:\/\/www.grupoxcaret.com\/es\/","sameAs":[],"logo":{"@type":"ImageObject","@id":"https:\/\/www.grupoxcaret.com\/es\/#logo","inLanguage":"es","url":"https:\/\/www.grupoxcaret.com\/es\/wp-content\/uploads\/2015\/04\/exx.png","contentUrl":"https:\/\/www.grupoxcaret.com\/es\/wp-content\/uploads\/2015\/04\/exx.png","width":400,"height":136,"caption":"Grupo Xcaret"},"image":{"@id":"https:\/\/www.grupoxcaret.com\/es\/#logo"}},{"@type":"WebSite","@id":"https:\/\/www.grupoxcaret.com\/es\/#website","url":"https:\/\/www.grupoxcaret.com\/es\/","name":"Grupo Xcaret Sitio Corporativo","description":"Conoce el sitio corporativo de Grupo Xcaret. Encuentra informaci\u00f3n relevante acerca de nuestra historia, marcas, filosof\u00eda empresarial, pol\u00edtica de sostenibilidad y mucho m\u00e1s.","publisher":{"@id":"https:\/\/www.grupoxcaret.com\/es\/#organization"},"potentialAction":[{"@type":"SearchAction","target":{"@type":"EntryPoint","urlTemplate":"https:\/\/www.grupoxcaret.com\/es\/?s={search_term_string}"},"query-input":"required name=search_term_string"}],"inLanguage":"es"},{"@type":"ImageObject","@id":"https:\/\/www.grupoxcaret.com\/es\/prosperidad\/#primaryimage","inLanguage":"es","url":"https:\/\/www.grupoxcaret.com\/es\/wp-content\/uploads\/2021\/04\/2020MXGX-Gobierno-corporativo.png","contentUrl":"https:\/\/www.grupoxcaret.com\/es\/wp-content\/uploads\/2021\/04\/2020MXGX-Gobierno-corporativo.png","width":1336,"height":1360},{"@type":"WebPage","@id":"https:\/\/www.grupoxcaret.com\/es\/prosperidad\/#webpage","url":"https:\/\/www.grupoxcaret.com\/es\/prosperidad\/","name":"Prosperidad - Grupo Xcaret Sitio Corporativo","isPartOf":{"@id":"https:\/\/www.grupoxcaret.com\/es\/#website"},"primaryImageOfPage":{"@id":"https:\/\/www.grupoxcaret.com\/es\/prosperidad\/#primaryimage"},"datePublished":"2019-04-26T22:00:26+00:00","dateModified":"2021-04-27T16:26:57+00:00","breadcrumb":{"@id":"https:\/\/www.grupoxcaret.com\/es\/prosperidad\/#breadcrumb"},"inLanguage":"es","potentialAction":[{"@type":"ReadAction","target":["https:\/\/www.grupoxcaret.com\/es\/prosperidad\/"]}]},{"@type":"BreadcrumbList","@id":"https:\/\/www.grupoxcaret.com\/es\/prosperidad\/#breadcrumb","itemListElement":[{"@type":"ListItem","position":1,"name":"Inicio","item":"https:\/\/www.grupoxcaret.com\/es\/"},{"@type":"ListItem","position":2,"name":"Prosperidad"}]}]}},"_links":{"self":[{"href":"https:\/\/www.grupoxcaret.com\/es\/wp-json\/wp\/v2\/pages\/2970"}],"collection":[{"href":"https:\/\/www.grupoxcaret.com\/es\/wp-json\/wp\/v2\/pages"}],"about":[{"href":"https:\/\/www.grupoxcaret.com\/es\/wp-json\/wp\/v2\/types\/page"}],"author":[{"embeddable":true,"href":"https:\/\/www.grupoxcaret.com\/es\/wp-json\/wp\/v2\/users\/1"}],"replies":[{"embeddable":true,"href":"https:\/\/www.grupoxcaret.com\/es\/wp-json\/wp\/v2\/comments?post=2970"}],"version-history":[{"count":3,"href":"https:\/\/www.grupoxcaret.com\/es\/wp-json\/wp\/v2\/pages\/2970\/revisions"}],"predecessor-version":[{"id":4241,"href":"https:\/\/www.grupoxcaret.com\/es\/wp-json\/wp\/v2\/pages\/2970\/revisions\/4241"}],"wp:attachment":[{"href":"https:\/\/www.grupoxcaret.com\/es\/wp-json\/wp\/v2\/media?parent=2970"}],"curies":[{"name":"wp","href":"https:\/\/api.w.org\/{rel}","templated":true}]}}