{"id":2968,"date":"2019-04-26T21:59:51","date_gmt":"2019-04-26T21:59:51","guid":{"rendered":"https:\/\/www.grupoxcaret.com\/es\/?page_id=2968"},"modified":"2021-04-27T16:14:11","modified_gmt":"2021-04-27T16:14:11","slug":"personas","status":"publish","type":"page","link":"https:\/\/www.grupoxcaret.com\/es\/personas\/","title":{"rendered":"Personas"},"content":{"rendered":"\n<p>Este pilar contempla los&nbsp;temas&nbsp;de: viajeros felices, bienestar de colaboradores, bienestar de la comunidad, patrimonio cultural y educaci\u00f3n para el desarrollo sostenible, los cuales rigen las acciones encaminadas a elevar el bienestar de las personas y las comunidades con un enfoque centrado en el respeto por la dignidad humana.&nbsp;<\/p>\n\n\n\n<p><\/p>\n\n\n\n<figure class=\"wp-block-image size-large is-resized\"><img loading=\"lazy\" src=\"https:\/\/www.grupoxcaret.com\/es\/wp-content\/uploads\/2021\/04\/2020MXGX-Viajeros-felices-1007x1024.png\" alt=\"\" class=\"wp-image-4227\" width=\"209\" height=\"198\"\/><\/figure>\n\n\n\n<p>Un viajero es toda persona que se desplaza entre dos lugares geogr\u00e1ficos distintos por cualquier motivo y duraci\u00f3n&nbsp;y que puede convertirse en un cliente&nbsp;para Grupo Xcaret (visitantes, hu\u00e9spedes y socios de Club Vacacional).&nbsp;<br>Los viajeros son nuestra raz\u00f3n de ser,&nbsp;con&nbsp;quienes compartimos nuestro gran amor por M\u00e9xico.&nbsp;<\/p>\n\n\n\n<figure class=\"wp-block-image size-large is-resized\"><img loading=\"lazy\" src=\"https:\/\/www.grupoxcaret.com\/es\/wp-content\/uploads\/2021\/04\/2020MXGX-Bienestar-de-colaboradores-1006x1024.png\" alt=\"\" class=\"wp-image-4223\" width=\"203\" height=\"206\" srcset=\"https:\/\/www.grupoxcaret.com\/es\/wp-content\/uploads\/2021\/04\/2020MXGX-Bienestar-de-colaboradores-1006x1024.png 1006w, https:\/\/www.grupoxcaret.com\/es\/wp-content\/uploads\/2021\/04\/2020MXGX-Bienestar-de-colaboradores-295x300.png 295w, https:\/\/www.grupoxcaret.com\/es\/wp-content\/uploads\/2021\/04\/2020MXGX-Bienestar-de-colaboradores-768x782.png 768w, https:\/\/www.grupoxcaret.com\/es\/wp-content\/uploads\/2021\/04\/2020MXGX-Bienestar-de-colaboradores-696x709.png 696w, https:\/\/www.grupoxcaret.com\/es\/wp-content\/uploads\/2021\/04\/2020MXGX-Bienestar-de-colaboradores-1068x1087.png 1068w, https:\/\/www.grupoxcaret.com\/es\/wp-content\/uploads\/2021\/04\/2020MXGX-Bienestar-de-colaboradores-413x420.png 413w, https:\/\/www.grupoxcaret.com\/es\/wp-content\/uploads\/2021\/04\/2020MXGX-Bienestar-de-colaboradores.png 1336w\" sizes=\"(max-width: 203px) 100vw, 203px\" \/><\/figure>\n\n\n\n<p>&nbsp;<br>El bienestar es la satisfacci\u00f3n plena de todas las necesidades, poder contar con expectativas alentadoras en un proyecto de vida. Incluye factores como la alimentaci\u00f3n, salud, educaci\u00f3n entre otros, que elevan la calidad de vida y dan lugar a la tranquilidad y a la satisfacci\u00f3n humana.&nbsp;<br>&nbsp;<br>Sabemos que las personas son lo m\u00e1s importante, por ello, el cuidar de nuestros colaboradores y sus familias es pieza fundamental de nuestro ADN. Desarrollamos e implementamos acciones para proteger y promover su bienestar integral por medio de programas que contribuyan a mejorar su calidad de&nbsp;vida.\u202f<\/p>\n\n\n\n<figure class=\"wp-block-image size-large is-resized\"><img loading=\"lazy\" src=\"https:\/\/www.grupoxcaret.com\/es\/wp-content\/uploads\/2021\/04\/2020MXGX-Bienestar-de-la-comunidad-1005x1024.png\" alt=\"\" class=\"wp-image-4224\" width=\"208\" height=\"227\"\/><\/figure>\n\n\n\n<p>Incluye todas aquellas acciones que\u202frealizamos\u202fen las localidades donde tenemos presencia y donde radica la mayor\u00eda de nuestros colaboradores. Dichas acciones est\u00e1n encaminadas a elevar la calidad de vida y\u202fa generar\u202fmejores condiciones para las generaciones\u202ffuturas.&nbsp;<br>\u202f\u202f&nbsp;<br>De este modo&nbsp;contribuimos&nbsp;a que\u202ftodas las personas sin importar g\u00e9nero, edad, raza o nacionalidad que habitamos este planeta, vivamos en un medio ambiente sano y en condiciones de paz, seguridad, protecci\u00f3n y respeto de los derechos humanos nacionales e internacionales.\u202f&nbsp;<\/p>\n\n\n\n<figure class=\"wp-block-image size-large is-resized\"><img loading=\"lazy\" src=\"https:\/\/www.grupoxcaret.com\/es\/wp-content\/uploads\/2021\/04\/2020MXGX-Patrimonio-Cultural-1007x1024.png\" alt=\"\" class=\"wp-image-4226\" width=\"207\" height=\"226\"\/><\/figure>\n\n\n\n<p>Es todo aquello que nos representa como Naci\u00f3n, son&nbsp;<strong>bienes&nbsp;tangibles&nbsp;e intangibles<\/strong>&nbsp;que hemos heredado de nuestros antepasados, es el testimonio de sus vidas, su forma de ver el mundo, sus tradiciones, su relaci\u00f3n con el medio ambiente, su alimentaci\u00f3n, sus costumbres, etc.&nbsp;&nbsp;<br>&nbsp;<br>Como Grupo\u202fnos\u202fcomprometemos\u202fa\u202fcuidar de nuestro patrimonio cultural en cada una de nuestras acciones, actividades, talleres y productos que ofrecemos, para as\u00ed asegurar su trascendencia a lo largo del tiempo.\u202f&nbsp;<\/p>\n\n\n\n<figure class=\"wp-block-image size-large is-resized\"><img loading=\"lazy\" src=\"https:\/\/www.grupoxcaret.com\/es\/wp-content\/uploads\/2021\/04\/2020MXGX-Educacio\u0301n-para-el-desarrollo-sostenible-1005x1024.png\" alt=\"\" class=\"wp-image-4225\" width=\"206\" height=\"216\"\/><\/figure>\n\n\n\n<p>&nbsp;La educaci\u00f3n es un proceso por medio del cual las personas desarrollan conocimientos, habilidades, valores y h\u00e1bitos; y la&nbsp;Educaci\u00f3n para el Desarrollo Sostenible&nbsp;tiene como finalidad empoderar a las personas para entender lo que pasa actualmente a nivel mundial y adoptar medidas de participaci\u00f3n y que nos ayuden a promover mejor\u00eda en el aspecto social, econ\u00f3mico y ambiental.&nbsp;<br>&nbsp;<br>La Educaci\u00f3n para el desarrollo sostenible&nbsp;en Grupo Xcaret&nbsp;comprende&nbsp;los programas generados para contribuir a que nuestros grupos de inter\u00e9s puedan ampliar su capacidad para cambiar la manera de relacionarse con el entorno y dirigir sus acciones hacia un enfoque de sostenibilidad.&nbsp;&nbsp;<\/p>\n","protected":false},"excerpt":{"rendered":"<p>Este pilar contempla los&nbsp;temas&nbsp;de: viajeros felices, bienestar de colaboradores, bienestar de la comunidad, patrimonio cultural y educaci\u00f3n para el desarrollo sostenible, los cuales rigen las acciones encaminadas a elevar el bienestar de las personas y las comunidades con un enfoque centrado en el respeto por la dignidad humana.&nbsp; Un viajero es toda persona que se [&hellip;]<\/p>\n","protected":false},"author":1,"featured_media":0,"parent":0,"menu_order":0,"comment_status":"closed","ping_status":"closed","template":"","meta":[],"yoast_head":"<!-- This site is optimized with the Yoast SEO plugin v17.6 - https:\/\/yoast.com\/wordpress\/plugins\/seo\/ -->\n<meta name=\"robots\" content=\"index, follow, max-snippet:-1, max-image-preview:large, max-video-preview:-1\" \/>\n<link rel=\"canonical\" href=\"https:\/\/www.grupoxcaret.com\/es\/personas\/\" \/>\n<meta property=\"og:locale\" content=\"es_ES\" \/>\n<meta property=\"og:type\" content=\"article\" \/>\n<meta property=\"og:title\" content=\"Personas - Grupo Xcaret Sitio Corporativo\" \/>\n<meta property=\"og:description\" content=\"Este pilar contempla los&nbsp;temas&nbsp;de: viajeros felices, bienestar de colaboradores, bienestar de la comunidad, patrimonio cultural y educaci\u00f3n para el desarrollo sostenible, los cuales rigen las acciones encaminadas a elevar el bienestar de las personas y las comunidades con un enfoque centrado en el respeto por la dignidad humana.&nbsp; Un viajero es toda persona que se [&hellip;]\" \/>\n<meta property=\"og:url\" content=\"https:\/\/www.grupoxcaret.com\/es\/personas\/\" \/>\n<meta property=\"og:site_name\" content=\"Grupo Xcaret Sitio Corporativo\" \/>\n<meta property=\"article:modified_time\" content=\"2021-04-27T16:14:11+00:00\" \/>\n<meta property=\"og:image\" content=\"https:\/\/www.grupoxcaret.com\/es\/wp-content\/uploads\/2021\/04\/2020MXGX-Viajeros-felices-1007x1024.png\" \/>\n<meta name=\"twitter:card\" content=\"summary_large_image\" \/>\n<meta name=\"twitter:label1\" content=\"Tiempo de lectura\" \/>\n\t<meta name=\"twitter:data1\" content=\"3 minutos\" \/>\n<script type=\"application\/ld+json\" class=\"yoast-schema-graph\">{\"@context\":\"https:\/\/schema.org\",\"@graph\":[{\"@type\":\"Organization\",\"@id\":\"https:\/\/www.grupoxcaret.com\/es\/#organization\",\"name\":\"Grupo Xcaret\",\"url\":\"https:\/\/www.grupoxcaret.com\/es\/\",\"sameAs\":[],\"logo\":{\"@type\":\"ImageObject\",\"@id\":\"https:\/\/www.grupoxcaret.com\/es\/#logo\",\"inLanguage\":\"es\",\"url\":\"https:\/\/www.grupoxcaret.com\/es\/wp-content\/uploads\/2015\/04\/exx.png\",\"contentUrl\":\"https:\/\/www.grupoxcaret.com\/es\/wp-content\/uploads\/2015\/04\/exx.png\",\"width\":400,\"height\":136,\"caption\":\"Grupo Xcaret\"},\"image\":{\"@id\":\"https:\/\/www.grupoxcaret.com\/es\/#logo\"}},{\"@type\":\"WebSite\",\"@id\":\"https:\/\/www.grupoxcaret.com\/es\/#website\",\"url\":\"https:\/\/www.grupoxcaret.com\/es\/\",\"name\":\"Grupo Xcaret Sitio Corporativo\",\"description\":\"Conoce el sitio corporativo de Grupo Xcaret. Encuentra informaci\\u00f3n relevante acerca de nuestra historia, marcas, filosof\\u00eda empresarial, pol\\u00edtica de sostenibilidad y mucho m\\u00e1s.\",\"publisher\":{\"@id\":\"https:\/\/www.grupoxcaret.com\/es\/#organization\"},\"potentialAction\":[{\"@type\":\"SearchAction\",\"target\":{\"@type\":\"EntryPoint\",\"urlTemplate\":\"https:\/\/www.grupoxcaret.com\/es\/?s={search_term_string}\"},\"query-input\":\"required name=search_term_string\"}],\"inLanguage\":\"es\"},{\"@type\":\"ImageObject\",\"@id\":\"https:\/\/www.grupoxcaret.com\/es\/personas\/#primaryimage\",\"inLanguage\":\"es\",\"url\":\"https:\/\/www.grupoxcaret.com\/es\/wp-content\/uploads\/2021\/04\/2020MXGX-Viajeros-felices.png\",\"contentUrl\":\"https:\/\/www.grupoxcaret.com\/es\/wp-content\/uploads\/2021\/04\/2020MXGX-Viajeros-felices.png\",\"width\":1337,\"height\":1360},{\"@type\":\"WebPage\",\"@id\":\"https:\/\/www.grupoxcaret.com\/es\/personas\/#webpage\",\"url\":\"https:\/\/www.grupoxcaret.com\/es\/personas\/\",\"name\":\"Personas - Grupo Xcaret Sitio Corporativo\",\"isPartOf\":{\"@id\":\"https:\/\/www.grupoxcaret.com\/es\/#website\"},\"primaryImageOfPage\":{\"@id\":\"https:\/\/www.grupoxcaret.com\/es\/personas\/#primaryimage\"},\"datePublished\":\"2019-04-26T21:59:51+00:00\",\"dateModified\":\"2021-04-27T16:14:11+00:00\",\"breadcrumb\":{\"@id\":\"https:\/\/www.grupoxcaret.com\/es\/personas\/#breadcrumb\"},\"inLanguage\":\"es\",\"potentialAction\":[{\"@type\":\"ReadAction\",\"target\":[\"https:\/\/www.grupoxcaret.com\/es\/personas\/\"]}]},{\"@type\":\"BreadcrumbList\",\"@id\":\"https:\/\/www.grupoxcaret.com\/es\/personas\/#breadcrumb\",\"itemListElement\":[{\"@type\":\"ListItem\",\"position\":1,\"name\":\"Inicio\",\"item\":\"https:\/\/www.grupoxcaret.com\/es\/\"},{\"@type\":\"ListItem\",\"position\":2,\"name\":\"Personas\"}]}]}<\/script>\n<!-- \/ Yoast SEO plugin. -->","yoast_head_json":{"robots":{"index":"index","follow":"follow","max-snippet":"max-snippet:-1","max-image-preview":"max-image-preview:large","max-video-preview":"max-video-preview:-1"},"canonical":"https:\/\/www.grupoxcaret.com\/es\/personas\/","og_locale":"es_ES","og_type":"article","og_title":"Personas - Grupo Xcaret Sitio Corporativo","og_description":"Este pilar contempla los&nbsp;temas&nbsp;de: viajeros felices, bienestar de colaboradores, bienestar de la comunidad, patrimonio cultural y educaci\u00f3n para el desarrollo sostenible, los cuales rigen las acciones encaminadas a elevar el bienestar de las personas y las comunidades con un enfoque centrado en el respeto por la dignidad humana.&nbsp; Un viajero es toda persona que se [&hellip;]","og_url":"https:\/\/www.grupoxcaret.com\/es\/personas\/","og_site_name":"Grupo Xcaret Sitio Corporativo","article_modified_time":"2021-04-27T16:14:11+00:00","og_image":[{"url":"https:\/\/www.grupoxcaret.com\/es\/wp-content\/uploads\/2021\/04\/2020MXGX-Viajeros-felices-1007x1024.png"}],"twitter_card":"summary_large_image","twitter_misc":{"Tiempo de lectura":"3 minutos"},"schema":{"@context":"https:\/\/schema.org","@graph":[{"@type":"Organization","@id":"https:\/\/www.grupoxcaret.com\/es\/#organization","name":"Grupo Xcaret","url":"https:\/\/www.grupoxcaret.com\/es\/","sameAs":[],"logo":{"@type":"ImageObject","@id":"https:\/\/www.grupoxcaret.com\/es\/#logo","inLanguage":"es","url":"https:\/\/www.grupoxcaret.com\/es\/wp-content\/uploads\/2015\/04\/exx.png","contentUrl":"https:\/\/www.grupoxcaret.com\/es\/wp-content\/uploads\/2015\/04\/exx.png","width":400,"height":136,"caption":"Grupo Xcaret"},"image":{"@id":"https:\/\/www.grupoxcaret.com\/es\/#logo"}},{"@type":"WebSite","@id":"https:\/\/www.grupoxcaret.com\/es\/#website","url":"https:\/\/www.grupoxcaret.com\/es\/","name":"Grupo Xcaret Sitio Corporativo","description":"Conoce el sitio corporativo de Grupo Xcaret. Encuentra informaci\u00f3n relevante acerca de nuestra historia, marcas, filosof\u00eda empresarial, pol\u00edtica de sostenibilidad y mucho m\u00e1s.","publisher":{"@id":"https:\/\/www.grupoxcaret.com\/es\/#organization"},"potentialAction":[{"@type":"SearchAction","target":{"@type":"EntryPoint","urlTemplate":"https:\/\/www.grupoxcaret.com\/es\/?s={search_term_string}"},"query-input":"required name=search_term_string"}],"inLanguage":"es"},{"@type":"ImageObject","@id":"https:\/\/www.grupoxcaret.com\/es\/personas\/#primaryimage","inLanguage":"es","url":"https:\/\/www.grupoxcaret.com\/es\/wp-content\/uploads\/2021\/04\/2020MXGX-Viajeros-felices.png","contentUrl":"https:\/\/www.grupoxcaret.com\/es\/wp-content\/uploads\/2021\/04\/2020MXGX-Viajeros-felices.png","width":1337,"height":1360},{"@type":"WebPage","@id":"https:\/\/www.grupoxcaret.com\/es\/personas\/#webpage","url":"https:\/\/www.grupoxcaret.com\/es\/personas\/","name":"Personas - Grupo Xcaret Sitio Corporativo","isPartOf":{"@id":"https:\/\/www.grupoxcaret.com\/es\/#website"},"primaryImageOfPage":{"@id":"https:\/\/www.grupoxcaret.com\/es\/personas\/#primaryimage"},"datePublished":"2019-04-26T21:59:51+00:00","dateModified":"2021-04-27T16:14:11+00:00","breadcrumb":{"@id":"https:\/\/www.grupoxcaret.com\/es\/personas\/#breadcrumb"},"inLanguage":"es","potentialAction":[{"@type":"ReadAction","target":["https:\/\/www.grupoxcaret.com\/es\/personas\/"]}]},{"@type":"BreadcrumbList","@id":"https:\/\/www.grupoxcaret.com\/es\/personas\/#breadcrumb","itemListElement":[{"@type":"ListItem","position":1,"name":"Inicio","item":"https:\/\/www.grupoxcaret.com\/es\/"},{"@type":"ListItem","position":2,"name":"Personas"}]}]}},"_links":{"self":[{"href":"https:\/\/www.grupoxcaret.com\/es\/wp-json\/wp\/v2\/pages\/2968"}],"collection":[{"href":"https:\/\/www.grupoxcaret.com\/es\/wp-json\/wp\/v2\/pages"}],"about":[{"href":"https:\/\/www.grupoxcaret.com\/es\/wp-json\/wp\/v2\/types\/page"}],"author":[{"embeddable":true,"href":"https:\/\/www.grupoxcaret.com\/es\/wp-json\/wp\/v2\/users\/1"}],"replies":[{"embeddable":true,"href":"https:\/\/www.grupoxcaret.com\/es\/wp-json\/wp\/v2\/comments?post=2968"}],"version-history":[{"count":7,"href":"https:\/\/www.grupoxcaret.com\/es\/wp-json\/wp\/v2\/pages\/2968\/revisions"}],"predecessor-version":[{"id":4238,"href":"https:\/\/www.grupoxcaret.com\/es\/wp-json\/wp\/v2\/pages\/2968\/revisions\/4238"}],"wp:attachment":[{"href":"https:\/\/www.grupoxcaret.com\/es\/wp-json\/wp\/v2\/media?parent=2968"}],"curies":[{"name":"wp","href":"https:\/\/api.w.org\/{rel}","templated":true}]}}