{"id":2897,"date":"2019-03-26T17:14:43","date_gmt":"2019-03-26T17:14:43","guid":{"rendered":"https:\/\/www.grupoxcaret.com\/es\/?page_id=2897"},"modified":"2023-08-17T17:30:10","modified_gmt":"2023-08-17T17:30:10","slug":"nuestras-marcas","status":"publish","type":"page","link":"https:\/\/www.grupoxcaret.com\/es\/nuestras-marcas\/","title":{"rendered":"Nuestras Marcas &#8211; plantilla"},"content":{"rendered":"<div id=\"td_uid_1_69f0a06ca9fb6\" class=\"tdc-zone\"><div class=\"tdc_zone td_uid_1_69f0a06ca9fc4_rand  wpb_row td-pb-row\"  >\n<style scoped>\n\n\/* custom css *\/\n.td_uid_1_69f0a06ca9fc4_rand {\r\n                    min-height: 0;\r\n                }\n<\/style><div id=\"td_uid_2_69f0a06cabbf3\" class=\"tdc-row\"><div class=\"vc_row td_uid_2_69f0a06cabbfc_rand  wpb_row td-pb-row\" >\n<style scoped>\n\n\/* custom css *\/\n.td_uid_2_69f0a06cabbfc_rand {\r\n                    min-height: 0;\r\n                }\n<\/style><div class=\"vc_column td_uid_3_69f0a06cabf37_rand  wpb_column vc_column_container tdc-column td-pb-span12\">\n<style scoped>\n\n\/* custom css *\/\n.td_uid_3_69f0a06cabf37_rand {\r\n                    vertical-align: baseline;\r\n                }\n<\/style><div class=\"wpb_wrapper\"><div class=\"wpb_wrapper td_block_wrap vc_raw_html td_uid_4_69f0a06cac07e_rand \"><div class=\"td-fix-index\"><h3>Nuestros Parques<\/h3>\n<div class=\"flex-container-marcas\">\n<div class=\"flex-item-marcas xcaret\"><a href=\"https:\/\/www.grupoxcaret.com\/es\/xcaret\/\"><img class=\"aligncenter size-full wp-image-2904\" src=\"https:\/\/www.grupoxcaret.com\/es\/wp-content\/uploads\/2019\/03\/xcaret-c.png\" alt=\"\" width=\"359\" height=\"116\"><\/a><\/div>\n  \n<div class=\"flex-item-marcas xelha\"><a href=\"https:\/\/www.grupoxcaret.com\/es\/xel-ha\/\"><img class=\"aligncenter size-full wp-image-2905\" src=\"https:\/\/www.grupoxcaret.com\/es\/wp-content\/uploads\/2020\/07\/xelha-1.png\" alt=\"\" width=\"374\" height=\"181\"><\/a><\/div>\n  \n<div class=\"flex-item-marcas xplor\"><a href=\"https:\/\/www.grupoxcaret.com\/es\/xplor\/\"><img class=\"aligncenter size-full wp-image-2906\" src=\"https:\/\/www.grupoxcaret.com\/es\/wp-content\/uploads\/2019\/03\/xplor-c.png\" alt=\"\" width=\"345\" height=\"100\"><\/a><\/div>\n  \n<div class=\"flex-item-marcas xplor-fuego\"><a href=\"https:\/\/www.grupoxcaret.com\/es\/xplor-fuego\/\"><img class=\"aligncenter size-full wp-image-2907\" src=\"https:\/\/www.grupoxcaret.com\/es\/wp-content\/uploads\/2020\/07\/xplor_fuego-1.png\" alt=\"Parque Xplor Fuego\" width=\"381\" height=\"151\"><\/a><\/div>\n\n<div class=\"flex-item-marcas xoxi\"><a href=\"https:\/\/www.grupoxcaret.com\/es\/xoximilco\/\"><img class=\"aligncenter size-full wp-image-2913\" src=\"https:\/\/www.grupoxcaret.com\/es\/wp-content\/uploads\/2020\/07\/xoximilco-1.png\" alt=\"\" width=\"345\" height=\"80\"><\/a><\/div>\n\n<div class=\"flex-item-marcas xenses\"><a href=\"https:\/\/www.grupoxcaret.com\/es\/xenses\/\"><img class=\"aligncenter size-full wp-image-2911\" src=\"https:\/\/www.grupoxcaret.com\/es\/wp-content\/uploads\/2020\/07\/xenses-1.png\" alt=\"\" width=\"428\" height=\"127\"><\/a><\/div>\n  \n\n  \n<div class=\"flex-item-marcas xavage\"><a href=\"https:\/\/www.grupoxcaret.com\/es\/xavage\/\"><img class=\"aligncenter size-full wp-image-2910\" src=\"https:\/\/www.grupoxcaret.com\/es\/wp-content\/uploads\/2020\/07\/xavage-1.png\" alt=\"\" width=\"270\" height=\"140\"><\/a><\/div>\n\n\n  \n<\/div>\n\n<h3>Nuestros Hoteles<\/h3>\n\n<div class=\"flex-container-marcas\">\n\n\t<div class=\"flex-item-marcas cdlp\">\n\t\t<a href=\"https:\/\/www.hotelxcaretmexico.com\/es\/?langRedirect=1\" target=\"_blank\">\n\t\t\t<img class=\"aligncenter size-full wp-image-2909\" src=\"https:\/\/www.grupoxcaret.com\/es\/wp-content\/uploads\/2021\/06\/Captura-de-Pantalla-2021-06-08-a-las-16.58.21.png\" alt=\"\" width=\"110\" height=\"auto\">\n\t\t<\/a>\n\t<\/div>\n\t\t\n\t<div class=\"flex-item-marcas cdlp\"><a href=\"https:\/\/www.lacasadelaplaya.com\/es\/\" target=\"_blank\"><img class=\"aligncenter size-full wp-image-2909\" src=\"https:\/\/www.grupoxcaret.com\/es\/wp-content\/uploads\/2021\/06\/Captura-de-Pantalla-2021-06-08-a-las-16.58.43.png\" alt=\"\" width=\"103\" height=\"auto\"><\/a><\/div>\n\t\n\n\t<div class=\"flex-item-marcas cdlp\"><a href=\"https:\/\/www.hotelxcaret.com\/es\/hotel-xcaret-arte\/\" target=\"_blank\"><img class=\"aligncenter size-full wp-image-2909\" src=\"https:\/\/www.grupoxcaret.com\/es\/wp-content\/uploads\/2021\/06\/Captura-de-Pantalla-2021-06-08-a-las-16.58.52.png\" alt=\"\" width=\"90\" height=\"auto\"><\/a><\/div>\n  \n  \n\n<\/div>\n\n<h3>Nuestros Tours<\/h3>\n\n<div class=\"flex-container-marcas\">\n<div class=\"flex-item-marcas xenotes\"><a href=\"https:\/\/www.grupoxcaret.com\/es\/xenotes\/\"><img class=\"aligncenter size-full wp-image-2912\" src=\"https:\/\/www.grupoxcaret.com\/es\/wp-content\/uploads\/2023\/01\/xenotes.png\" alt=\"\" width=\"345\" height=\"\"><\/a><\/div>\n\n<div class=\"flex-item-marcas expeditions\"><a href=\"https:\/\/www.grupoxcaret.com\/es\/xcaret-expeditions\/\"><img class=\"aligncenter size-full wp-image-2912\" src=\"https:\/\/www.grupoxcaret.com\/es\/wp-content\/uploads\/2021\/06\/2031378d-859b-48ab-84af-e68ba4b2e713-e1623385942542.jpg\" alt=\"\" width=\"745\" height=\"auto\" style=\"margin-bottom:25px\"><\/a><\/div>\n\n<div class=\"flex-item-marcas xichen\"><a href=\"https:\/\/www.grupoxcaret.com\/es\/xcaret-expeditions\/\"><img class=\"aligncenter size-full wp-image-2912\" src=\"https:\/\/www.grupoxcaret.com\/es\/wp-content\/uploads\/2020\/07\/xichen-1.png\" alt=\"\" width=\"345\" height=\"91\" style=\"margin-bottom:25px\"><\/a><\/div>\n\n  \n  \n  <div class=\"flex-item-marcas coba\"><a href=\"https:\/\/www.grupoxcaret.com\/es\/xcaret-expeditions\/\"><img class=\"size-medium wp-image-3450 aligncenter\" src=\"https:\/\/www.grupoxcaret.com\/es\/wp-content\/uploads\/2020\/07\/logo-coba-1.png\" alt=\"\" width=\"300\" height=\"118\"><\/a><\/div>\n  \n  <div class=\"flex-item-marcas tulum\"><a href=\"https:\/\/www.grupoxcaret.com\/es\/xcaret-expeditions\/\"><img class=\"size-medium wp-image-3450 aligncenter\" src=\"https:\/\/www.grupoxcaret.com\/es\/wp-content\/uploads\/2020\/07\/logo-tulum.png\" alt=\"\" width=\"300\" height=\"118\"><\/a><\/div>\n\n\n\n<\/div>\n<h3>Xcaret Xailing<\/h3>\n\n<div class=\"flex-container-marcas\">\n\n\t<div class=\"flex-item-marcas cdlp\">\n\t\t<a href=\"https:\/\/www.xailing.com\/es\/ferry-isla-mujeres\/?langRedirect=1\" target=\"_blank\">\n\t\t\t<img class=\"aligncenter size-full wp-image-2909\" src=\"https:\/\/www.grupoxcaret.com\/es\/wp-content\/uploads\/2022\/12\/ferry.png\" alt=\"\" width=\"400\" height=\"auto\">\n\t\t<\/a>\n\t<\/div>\n\t\t\n\t<div class=\"flex-item-marcas cdlp\"><a href=\"https:\/\/www.xailing.com\/es\/tour-catamaran-round-trip\/?langRedirect=1\"\" target=\"_blank\"><img class=\"aligncenter size-full wp-image-2909\" src=\"https:\/\/www.grupoxcaret.com\/es\/wp-content\/uploads\/2022\/12\/catamaran.png\" alt=\"\" width=\"400\" height=\"auto\"><\/a><\/div>\n\n<\/div><\/div><\/div><\/div><\/div><\/div><\/div><\/div><\/div>","protected":false},"excerpt":{"rendered":"","protected":false},"author":1,"featured_media":0,"parent":0,"menu_order":0,"comment_status":"closed","ping_status":"closed","template":"","meta":[],"yoast_head":"<!-- This site is optimized with the Yoast SEO plugin v17.6 - https:\/\/yoast.com\/wordpress\/plugins\/seo\/ -->\n<meta name=\"robots\" content=\"noindex, nofollow\" \/>\n<meta property=\"og:locale\" content=\"es_ES\" \/>\n<meta property=\"og:type\" content=\"article\" \/>\n<meta property=\"og:title\" content=\"Nuestras Marcas - plantilla - Grupo Xcaret Sitio Corporativo\" \/>\n<meta property=\"og:url\" content=\"https:\/\/www.grupoxcaret.com\/es\/nuestras-marcas\/\" \/>\n<meta property=\"og:site_name\" content=\"Grupo Xcaret Sitio Corporativo\" \/>\n<meta property=\"article:modified_time\" content=\"2023-08-17T17:30:10+00:00\" \/>\n<meta name=\"twitter:card\" content=\"summary_large_image\" \/>\n<meta name=\"twitter:label1\" content=\"Tiempo de lectura\" \/>\n\t<meta name=\"twitter:data1\" content=\"4 minutos\" \/>\n<script type=\"application\/ld+json\" class=\"yoast-schema-graph\">{\"@context\":\"https:\/\/schema.org\",\"@graph\":[{\"@type\":\"Organization\",\"@id\":\"https:\/\/www.grupoxcaret.com\/es\/#organization\",\"name\":\"Grupo Xcaret\",\"url\":\"https:\/\/www.grupoxcaret.com\/es\/\",\"sameAs\":[],\"logo\":{\"@type\":\"ImageObject\",\"@id\":\"https:\/\/www.grupoxcaret.com\/es\/#logo\",\"inLanguage\":\"es\",\"url\":\"https:\/\/www.grupoxcaret.com\/es\/wp-content\/uploads\/2015\/04\/exx.png\",\"contentUrl\":\"https:\/\/www.grupoxcaret.com\/es\/wp-content\/uploads\/2015\/04\/exx.png\",\"width\":400,\"height\":136,\"caption\":\"Grupo Xcaret\"},\"image\":{\"@id\":\"https:\/\/www.grupoxcaret.com\/es\/#logo\"}},{\"@type\":\"WebSite\",\"@id\":\"https:\/\/www.grupoxcaret.com\/es\/#website\",\"url\":\"https:\/\/www.grupoxcaret.com\/es\/\",\"name\":\"Grupo Xcaret Sitio Corporativo\",\"description\":\"Conoce el sitio corporativo de Grupo Xcaret. Encuentra informaci\\u00f3n relevante acerca de nuestra historia, marcas, filosof\\u00eda empresarial, pol\\u00edtica de sostenibilidad y mucho m\\u00e1s.\",\"publisher\":{\"@id\":\"https:\/\/www.grupoxcaret.com\/es\/#organization\"},\"potentialAction\":[{\"@type\":\"SearchAction\",\"target\":{\"@type\":\"EntryPoint\",\"urlTemplate\":\"https:\/\/www.grupoxcaret.com\/es\/?s={search_term_string}\"},\"query-input\":\"required name=search_term_string\"}],\"inLanguage\":\"es\"},{\"@type\":\"WebPage\",\"@id\":\"https:\/\/www.grupoxcaret.com\/es\/nuestras-marcas\/#webpage\",\"url\":\"https:\/\/www.grupoxcaret.com\/es\/nuestras-marcas\/\",\"name\":\"Nuestras Marcas - plantilla - Grupo Xcaret Sitio Corporativo\",\"isPartOf\":{\"@id\":\"https:\/\/www.grupoxcaret.com\/es\/#website\"},\"datePublished\":\"2019-03-26T17:14:43+00:00\",\"dateModified\":\"2023-08-17T17:30:10+00:00\",\"breadcrumb\":{\"@id\":\"https:\/\/www.grupoxcaret.com\/es\/nuestras-marcas\/#breadcrumb\"},\"inLanguage\":\"es\",\"potentialAction\":[{\"@type\":\"ReadAction\",\"target\":[\"https:\/\/www.grupoxcaret.com\/es\/nuestras-marcas\/\"]}]},{\"@type\":\"BreadcrumbList\",\"@id\":\"https:\/\/www.grupoxcaret.com\/es\/nuestras-marcas\/#breadcrumb\",\"itemListElement\":[{\"@type\":\"ListItem\",\"position\":1,\"name\":\"Inicio\",\"item\":\"https:\/\/www.grupoxcaret.com\/es\/\"},{\"@type\":\"ListItem\",\"position\":2,\"name\":\"Nuestras Marcas &#8211; plantilla\"}]}]}<\/script>\n<!-- \/ Yoast SEO plugin. -->","yoast_head_json":{"robots":{"index":"noindex","follow":"nofollow"},"og_locale":"es_ES","og_type":"article","og_title":"Nuestras Marcas - plantilla - Grupo Xcaret Sitio Corporativo","og_url":"https:\/\/www.grupoxcaret.com\/es\/nuestras-marcas\/","og_site_name":"Grupo Xcaret Sitio Corporativo","article_modified_time":"2023-08-17T17:30:10+00:00","twitter_card":"summary_large_image","twitter_misc":{"Tiempo de lectura":"4 minutos"},"schema":{"@context":"https:\/\/schema.org","@graph":[{"@type":"Organization","@id":"https:\/\/www.grupoxcaret.com\/es\/#organization","name":"Grupo Xcaret","url":"https:\/\/www.grupoxcaret.com\/es\/","sameAs":[],"logo":{"@type":"ImageObject","@id":"https:\/\/www.grupoxcaret.com\/es\/#logo","inLanguage":"es","url":"https:\/\/www.grupoxcaret.com\/es\/wp-content\/uploads\/2015\/04\/exx.png","contentUrl":"https:\/\/www.grupoxcaret.com\/es\/wp-content\/uploads\/2015\/04\/exx.png","width":400,"height":136,"caption":"Grupo Xcaret"},"image":{"@id":"https:\/\/www.grupoxcaret.com\/es\/#logo"}},{"@type":"WebSite","@id":"https:\/\/www.grupoxcaret.com\/es\/#website","url":"https:\/\/www.grupoxcaret.com\/es\/","name":"Grupo Xcaret Sitio Corporativo","description":"Conoce el sitio corporativo de Grupo Xcaret. Encuentra informaci\u00f3n relevante acerca de nuestra historia, marcas, filosof\u00eda empresarial, pol\u00edtica de sostenibilidad y mucho m\u00e1s.","publisher":{"@id":"https:\/\/www.grupoxcaret.com\/es\/#organization"},"potentialAction":[{"@type":"SearchAction","target":{"@type":"EntryPoint","urlTemplate":"https:\/\/www.grupoxcaret.com\/es\/?s={search_term_string}"},"query-input":"required name=search_term_string"}],"inLanguage":"es"},{"@type":"WebPage","@id":"https:\/\/www.grupoxcaret.com\/es\/nuestras-marcas\/#webpage","url":"https:\/\/www.grupoxcaret.com\/es\/nuestras-marcas\/","name":"Nuestras Marcas - plantilla - Grupo Xcaret Sitio Corporativo","isPartOf":{"@id":"https:\/\/www.grupoxcaret.com\/es\/#website"},"datePublished":"2019-03-26T17:14:43+00:00","dateModified":"2023-08-17T17:30:10+00:00","breadcrumb":{"@id":"https:\/\/www.grupoxcaret.com\/es\/nuestras-marcas\/#breadcrumb"},"inLanguage":"es","potentialAction":[{"@type":"ReadAction","target":["https:\/\/www.grupoxcaret.com\/es\/nuestras-marcas\/"]}]},{"@type":"BreadcrumbList","@id":"https:\/\/www.grupoxcaret.com\/es\/nuestras-marcas\/#breadcrumb","itemListElement":[{"@type":"ListItem","position":1,"name":"Inicio","item":"https:\/\/www.grupoxcaret.com\/es\/"},{"@type":"ListItem","position":2,"name":"Nuestras Marcas &#8211; plantilla"}]}]}},"_links":{"self":[{"href":"https:\/\/www.grupoxcaret.com\/es\/wp-json\/wp\/v2\/pages\/2897"}],"collection":[{"href":"https:\/\/www.grupoxcaret.com\/es\/wp-json\/wp\/v2\/pages"}],"about":[{"href":"https:\/\/www.grupoxcaret.com\/es\/wp-json\/wp\/v2\/types\/page"}],"author":[{"embeddable":true,"href":"https:\/\/www.grupoxcaret.com\/es\/wp-json\/wp\/v2\/users\/1"}],"replies":[{"embeddable":true,"href":"https:\/\/www.grupoxcaret.com\/es\/wp-json\/wp\/v2\/comments?post=2897"}],"version-history":[{"count":51,"href":"https:\/\/www.grupoxcaret.com\/es\/wp-json\/wp\/v2\/pages\/2897\/revisions"}],"predecessor-version":[{"id":5498,"href":"https:\/\/www.grupoxcaret.com\/es\/wp-json\/wp\/v2\/pages\/2897\/revisions\/5498"}],"wp:attachment":[{"href":"https:\/\/www.grupoxcaret.com\/es\/wp-json\/wp\/v2\/media?parent=2897"}],"curies":[{"name":"wp","href":"https:\/\/api.w.org\/{rel}","templated":true}]}}