{"id":1575,"date":"2016-02-22T17:48:54","date_gmt":"2016-02-22T17:48:54","guid":{"rendered":"https:\/\/www.grupoxcaret.com\/es\/?page_id=1575"},"modified":"2020-04-24T19:00:51","modified_gmt":"2020-04-24T19:00:51","slug":"xenses","status":"publish","type":"page","link":"https:\/\/www.grupoxcaret.com\/es\/xenses\/","title":{"rendered":"Parque Xenses"},"content":{"rendered":"<p><b>DONDE NADA ES LO QUE PARECE.<\/b><\/p>\n<p><span style=\"font-weight: 400;\">El Rehilete te da la bienvenida al mundo fant\u00e1stico de Xenses, <\/span><span style=\"font-weight: 400;\">un parque fuera de lo ordinario en donde la imaginaci\u00f3n no tiene l\u00edmites. Vivir\u00e1s todo tipo de sensaciones y te sorprender\u00e1s al darte cuenta c\u00f3mo en cuesti\u00f3n de minutos pasas de estar en un caluroso desierto a sentir la fresca lluvia del bosque. Un lugar \u00fanico en el que podr\u00e1s volar libremente como un ave, sumergirte en lodo, refrescarte con las aguas de una cascada y flotar en un r\u00edo de sal. Redescubre tus emociones y sentidos en un parque en donde el ingenio, el entretenimiento y la sorpresa no tienen fronteras. \u00a0<\/span><\/p>\n<div class=\"panel panel-default\">\n<div class=\"panel-heading\">\n<h3 class=\"panel-title\">Xenses en n\u00fameros:<\/h3>\n<\/div>\n<div class=\"panel-body\">\n<p><strong>Apertura: <\/strong>Verano\u00a02016<\/p>\n<p><strong>Extensi\u00f3n:<\/strong> 23 hect\u00e1reas<\/p>\n<p><strong>Capacidad:<\/strong> 4000 visitantes diariamente en dos horarios (2000 visitantes en cada uno)<\/p>\n<p><strong>Significado de la Palabra \u00abXenses\u00bb:<\/strong> Mundo fant\u00e1stico en donde tu percepci\u00f3n ser\u00e1 desafiada.<\/p>\n<p><strong>Distancia de Canc\u00fan:<\/strong> 60 Km<\/p>\n<p><strong>Empleos directos:<\/strong> 129<\/p>\n<p><strong>Empleos indirectos:<\/strong> 516<\/p>\n<p><strong>Sitio Web:<\/strong> <a title=\"Parque Xenses\" href=\"http:\/\/www.parquexenses.com\/\" target=\"_blank\" rel=\"noopener noreferrer\">www.parquexenses.com<\/a><\/p>\n<p><strong>Actividades:<\/strong> M\u00e1s de 17 diferentes actividades que retan el poder de los sentidos y la mente.<\/p>\n<p><strong>Ubicaci\u00f3n:<\/strong> En el km 282 Carr. Chetumal \u2013 Puerto Ju\u00e1rez en la Riviera Maya, a 74 km al sur de Canc\u00fan.<\/p>\n<\/div>\n<\/div>\n<p>Aqu\u00ed t\u00fa y tus sentidos ser\u00e1n los protagonistas al vivir una experiencia en donde diferentes escenarios rodear\u00e1n tus sentidos y te llevar\u00e1n a un mundo fant\u00e1stico en donde tu percepci\u00f3n ser\u00e1 desafiada.<\/p>\n<p><b>Rehilete<\/b><\/p>\n<p><span style=\"font-weight: 400;\">El Rehilete te da la bienvenida al mundo fant\u00e1stico de Xenses. Aqu\u00ed encontrar\u00e1s divertidos lugares en donde podr\u00e1s obtener fotograf\u00edas \u00fanicas y originales. Desde aqu\u00ed, podr\u00e1s dirigirte hacia el \u00e1rea de snacks y a la entrada de los distintos circuitos de atractivos y actividades. \u00a1El punto de partida hacia un d\u00eda fant\u00e1stico!<\/span><\/p>\n<p><b>Camino de Enanos y Gigantes<\/b><\/p>\n<p><span style=\"font-weight: 400;\">Sorprende a tu sentido de la l\u00f3gica con una divertida perspectiva a lo largo de un camino en donde, dependiendo de donde te coloques, podr\u00e1s verte muy alto o muy peque\u00f1o\u2026 todo depender\u00e1 del ojo con el que lo mires.<\/span><\/p>\n<p><b>Xensatorium<\/b><\/p>\n<p><span style=\"font-weight: 400;\">Un recorrido en completa oscuridad en el cual a <\/span><span style=\"font-weight: 400;\">trav\u00e9s de percepciones, aromas, sensaciones y sonidos <\/span><span style=\"font-weight: 400;\">podr\u00e1s reconocer y sentir siete diferentes ecosistemas. D\u00e9jate guiar por tu instinto y todos tus sentidos \u00a0mientras disfrutas este inusual trayecto. <\/span><\/p>\n<p><span style=\"font-weight: 400;\">Especificaciones:<\/span><\/p>\n<p><span style=\"font-weight: 400;\">Ocho carriles.<\/span><\/p>\n<p><span style=\"font-weight: 400;\">130 m de recorrido.<\/span><\/p>\n<p><span style=\"font-weight: 400;\">Personal de apoyo. <\/span><\/p>\n<p><b>Laberinto de Arterias Subterr\u00e1neas <\/b><\/p>\n<p><span style=\"font-weight: 400;\">Al salir del Xensatorium atravesar\u00e1s grutas y cavernas con impresionantes formaciones rocosas. <\/span><\/p>\n<p><b>El Ed\u00e9n <\/b><\/p>\n<p><span style=\"font-weight: 400;\">Un espacio de contemplaci\u00f3n en el que apreciar\u00e1s la verdadera magia de la naturaleza. Un escenario natural con una vista espectacular que te har\u00e1 sentir en completa armon\u00eda contigo y tu alrededor. <\/span><\/p>\n<p><b>Jard\u00edn X\u00edtrico<\/b><\/p>\n<p><span style=\"font-weight: 400;\">\u00a1Si la vida te da limones\u2026 disfruta de una deliciosa limonada! Descubre los beneficios de la naturaleza de una manera inesperada.<\/span><\/p>\n<p><b>El Latido<\/b><\/p>\n<p><span style=\"font-weight: 400;\">Comparte un momento divertido y armonioso en este espacio que te har\u00e1 sentir \u00fanico.<\/span><\/p>\n<p><b>Pueblo<\/b><\/p>\n<p><span style=\"font-weight: 400;\">Divi\u00e9rtete recorriendo un Pueblo en el que no sabr\u00e1s si subes o bajas. Intenta mantener el equilibrio mientras descubres la magia al interior de una casa patas pa\u2019 arriba o de una vecindad. Aqu\u00ed lo \u00fanico que tienes que hacer es dejarte llevar porque lo que diga tu raz\u00f3n puede no tener ning\u00fan sentido. Pero eso s\u00ed, las risas y la diversi\u00f3n no podr\u00e1n faltar.<\/span><\/p>\n<p>Especificaciones:<\/p>\n<p><span style=\"font-weight: 400;\">Tres casas disponibles para visita.<\/span><\/p>\n<p><span style=\"font-weight: 400;\">165 m de recorrido.<\/span><\/p>\n<p><b>La Rec\u00e1mara<\/b><\/p>\n<p><span style=\"font-weight: 400;\">Descubre incre\u00edbles escenarios \u00fanicos en los que podr\u00e1s obtener divertidas fotograf\u00edas.<\/span><\/p>\n<p><b>El Respiro<\/b><\/p>\n<p><span style=\"font-weight: 400;\">Si de tomar un descanso de trata, no hay mejor lugar que el Respiro, un espacio en donde relajar cuerpo y sentidos mientras contemplas la naturaleza. Acu\u00e9state en una hamaca y date un respiro. <\/span><\/p>\n<p><b>Tobog\u00e1n<\/b><\/p>\n<p><span style=\"font-weight: 400;\">Desl\u00edzate a toda velocidad en un emocionante tobog\u00e1n que te llevar\u00e1 en un refrescante descenso a un inesperado final. <\/span><\/p>\n<p>Especificaciones:<\/p>\n<p><span style=\"font-weight: 400;\">Cuatro toboganes (dos descubiertos, dos t\u00faneles cerrados)<\/span><\/p>\n<p><span style=\"font-weight: 400;\">90 m de recorrido<\/span><\/p>\n<p><b>Vuelo de P\u00e1jaro<\/b><\/p>\n<p><span style=\"font-weight: 400;\">Conoce una sensaci\u00f3n de total libertad mientras disfrutas de un vuelo horizontal en una tirolesa \u00fanica y diferente<\/span><b>. <\/b><span style=\"font-weight: 400;\">\u00a1Lib\u00e9rate, siente la brisa del viento y goza del viaje!<\/span><\/p>\n<p>Especificaciones:<\/p>\n<p><span style=\"font-weight: 400;\">220 m de distancia volando a 24 k\/h y a cuatro metros sobre el suelo. \u00a0<\/span><\/p>\n<p><span style=\"font-weight: 400;\">Cuatro carriles.<\/span><\/p>\n<p><span style=\"font-weight: 400;\">Certificado de Seguridad.<\/span><\/p>\n<p><span style=\"font-weight: 400;\">Personal capacitado. <\/span><\/p>\n<p>&nbsp;<\/p>\n<p><b>Xp\u00e1 Natural<\/b><\/p>\n<p>&nbsp;<\/p>\n<p><b>Riolajante<\/b><\/p>\n<p><span style=\"font-weight: 400;\">Desaf\u00eda la gravedad y d\u00e9jate llevar en este r\u00edo de sales especiales que har\u00e1n que flotes y te relajes mientras te conectas con tu interior. <\/span><\/p>\n<p>Especificaciones:<\/p>\n<p><span style=\"font-weight: 400;\">Sales de Epsom<\/span><\/p>\n<p><b>Lodorama<\/b><\/p>\n<p><span style=\"font-weight: 400;\">Consiente a tu piel y disfruta al m\u00e1ximo de tu sentido del tacto mientras recorres un r\u00edo de lodo que te cubrir\u00e1 de pies a cabeza. \u00a1Una fiesta para tus sentidos! <\/span><\/p>\n<p>Especificaciones:<\/p>\n<p><span style=\"font-weight: 400;\">43 m de recorrido.<\/span><\/p>\n<p><span style=\"font-weight: 400;\">Tres carriles.<\/span><\/p>\n<p><span style=\"font-weight: 400;\">Mezcla especial de arcillas. <\/span><\/p>\n<p><b>Lluvia<\/b><\/p>\n<p><span style=\"font-weight: 400;\">\u00a1Divertidos chorros de agua que te revitalizar\u00e1n y te har\u00e1n sentir como nuevo!<\/span><\/p>\n<p><b>Canic\u00f3dromo<\/b><\/p>\n<p><span style=\"font-weight: 400;\">Marav\u00edllate con un incre\u00edble circuito en donde podr\u00e1s observar miles de canicas pasar a tu alrededor en todas direcciones en un curioso sistema que te dejar\u00e1 boquiabierto y te entretendr\u00e1 durante horas.<\/span><\/p>\n<p><b>Xnack<\/b><\/p>\n<p><span style=\"font-weight: 400;\">Dicen por ah\u00ed que \u201cest\u00f3mago hambriento no tiene o\u00eddos\u201d&#8230; as\u00ed que t\u00f3mate una pausa para escuchar lo que tu cuerpo necesita y satisface tu antojo en nuestro <\/span><i><span style=\"font-weight: 400;\">Xnack<\/span><\/i><span style=\"font-weight: 400;\">, donde no solamente encontrar\u00e1s deliciosos refrigerios que calmar\u00e1n tu hambre, sino un lugar divertido y creativo que te dejar\u00e1 con el ojo cuadrado.<\/span><\/p>\n<p><b>Obsequiario<\/b><\/p>\n<p><span style=\"font-weight: 400;\">Adem\u00e1s de guardar los recuerdos en tu memoria, siempre es grato llevar algo a casa para revivir tu experiencia\u2026 en el Obsequiario encontrar\u00e1s todo tipo de objetos que te divertir\u00e1n y estimular\u00e1n tu creatividad y tu imaginaci\u00f3n; y no solo eso, tambi\u00e9n encontrar\u00e1s algo para todas las personas especiales con las que querr\u00e1s compartir esta inolvidable vivencia.<\/span><\/p>\n","protected":false},"excerpt":{"rendered":"<p>DONDE NADA ES LO QUE PARECE. El Rehilete te da la bienvenida al mundo fant\u00e1stico de Xenses, un parque fuera de lo ordinario en donde la imaginaci\u00f3n no tiene l\u00edmites. Vivir\u00e1s todo tipo de sensaciones y te sorprender\u00e1s al darte cuenta c\u00f3mo en cuesti\u00f3n de minutos pasas de estar en un caluroso desierto a sentir [&hellip;]<\/p>\n","protected":false},"author":1,"featured_media":1602,"parent":0,"menu_order":0,"comment_status":"closed","ping_status":"closed","template":"","meta":[],"yoast_head":"<!-- This site is optimized with the Yoast SEO plugin v17.6 - https:\/\/yoast.com\/wordpress\/plugins\/seo\/ -->\n<meta name=\"description\" content=\"Xenses es el parque m\u00e1s fuera de lo com\u00fan de todo Xcaret. Conoce todo lo que lo hace tan m\u00e1gico y especial, desde sus actividades hasta informaci\u00f3n que no sab\u00edas era tan divertida.\" \/>\n<meta name=\"robots\" content=\"index, follow, max-snippet:-1, max-image-preview:large, max-video-preview:-1\" \/>\n<link rel=\"canonical\" href=\"https:\/\/www.grupoxcaret.com\/es\/xenses\/\" \/>\n<meta property=\"og:locale\" content=\"es_ES\" \/>\n<meta property=\"og:type\" content=\"article\" \/>\n<meta property=\"og:title\" content=\"Parque Xenses | Grupo Xcaret Sitio Corporativo\" \/>\n<meta property=\"og:description\" content=\"Xenses es el parque m\u00e1s fuera de lo com\u00fan de todo Xcaret. Conoce todo lo que lo hace tan m\u00e1gico y especial, desde sus actividades hasta informaci\u00f3n que no sab\u00edas era tan divertida.\" \/>\n<meta property=\"og:url\" content=\"https:\/\/www.grupoxcaret.com\/es\/xenses\/\" \/>\n<meta property=\"og:site_name\" content=\"Grupo Xcaret Sitio Corporativo\" \/>\n<meta property=\"article:modified_time\" content=\"2020-04-24T19:00:51+00:00\" \/>\n<meta property=\"og:image\" content=\"https:\/\/www.grupoxcaret.com\/es\/wp-content\/uploads\/2016\/02\/3140.15-Ads-precampan--a-XS-fase-coming-AV-09-e1456177898501.jpg\" \/>\n\t<meta property=\"og:image:width\" content=\"611\" \/>\n\t<meta property=\"og:image:height\" content=\"386\" \/>\n<meta name=\"twitter:card\" content=\"summary_large_image\" \/>\n<meta name=\"twitter:label1\" content=\"Tiempo de lectura\" \/>\n\t<meta name=\"twitter:data1\" content=\"5 minutos\" \/>\n<script type=\"application\/ld+json\" class=\"yoast-schema-graph\">{\"@context\":\"https:\/\/schema.org\",\"@graph\":[{\"@type\":\"Organization\",\"@id\":\"https:\/\/www.grupoxcaret.com\/es\/#organization\",\"name\":\"Grupo Xcaret\",\"url\":\"https:\/\/www.grupoxcaret.com\/es\/\",\"sameAs\":[],\"logo\":{\"@type\":\"ImageObject\",\"@id\":\"https:\/\/www.grupoxcaret.com\/es\/#logo\",\"inLanguage\":\"es\",\"url\":\"https:\/\/www.grupoxcaret.com\/es\/wp-content\/uploads\/2015\/04\/exx.png\",\"contentUrl\":\"https:\/\/www.grupoxcaret.com\/es\/wp-content\/uploads\/2015\/04\/exx.png\",\"width\":400,\"height\":136,\"caption\":\"Grupo Xcaret\"},\"image\":{\"@id\":\"https:\/\/www.grupoxcaret.com\/es\/#logo\"}},{\"@type\":\"WebSite\",\"@id\":\"https:\/\/www.grupoxcaret.com\/es\/#website\",\"url\":\"https:\/\/www.grupoxcaret.com\/es\/\",\"name\":\"Grupo Xcaret Sitio Corporativo\",\"description\":\"Conoce el sitio corporativo de Grupo Xcaret. Encuentra informaci\\u00f3n relevante acerca de nuestra historia, marcas, filosof\\u00eda empresarial, pol\\u00edtica de sostenibilidad y mucho m\\u00e1s.\",\"publisher\":{\"@id\":\"https:\/\/www.grupoxcaret.com\/es\/#organization\"},\"potentialAction\":[{\"@type\":\"SearchAction\",\"target\":{\"@type\":\"EntryPoint\",\"urlTemplate\":\"https:\/\/www.grupoxcaret.com\/es\/?s={search_term_string}\"},\"query-input\":\"required name=search_term_string\"}],\"inLanguage\":\"es\"},{\"@type\":\"ImageObject\",\"@id\":\"https:\/\/www.grupoxcaret.com\/es\/xenses\/#primaryimage\",\"inLanguage\":\"es\",\"url\":\"https:\/\/www.grupoxcaret.com\/es\/wp-content\/uploads\/2016\/02\/3140.15-Ads-precampan--a-XS-fase-coming-AV-09-e1456177898501.jpg\",\"contentUrl\":\"https:\/\/www.grupoxcaret.com\/es\/wp-content\/uploads\/2016\/02\/3140.15-Ads-precampan--a-XS-fase-coming-AV-09-e1456177898501.jpg\",\"width\":611,\"height\":386},{\"@type\":\"WebPage\",\"@id\":\"https:\/\/www.grupoxcaret.com\/es\/xenses\/#webpage\",\"url\":\"https:\/\/www.grupoxcaret.com\/es\/xenses\/\",\"name\":\"Parque Xenses | Grupo Xcaret Sitio Corporativo\",\"isPartOf\":{\"@id\":\"https:\/\/www.grupoxcaret.com\/es\/#website\"},\"primaryImageOfPage\":{\"@id\":\"https:\/\/www.grupoxcaret.com\/es\/xenses\/#primaryimage\"},\"datePublished\":\"2016-02-22T17:48:54+00:00\",\"dateModified\":\"2020-04-24T19:00:51+00:00\",\"description\":\"Xenses es el parque m\\u00e1s fuera de lo com\\u00fan de todo Xcaret. Conoce todo lo que lo hace tan m\\u00e1gico y especial, desde sus actividades hasta informaci\\u00f3n que no sab\\u00edas era tan divertida.\",\"breadcrumb\":{\"@id\":\"https:\/\/www.grupoxcaret.com\/es\/xenses\/#breadcrumb\"},\"inLanguage\":\"es\",\"potentialAction\":[{\"@type\":\"ReadAction\",\"target\":[\"https:\/\/www.grupoxcaret.com\/es\/xenses\/\"]}]},{\"@type\":\"BreadcrumbList\",\"@id\":\"https:\/\/www.grupoxcaret.com\/es\/xenses\/#breadcrumb\",\"itemListElement\":[{\"@type\":\"ListItem\",\"position\":1,\"name\":\"Inicio\",\"item\":\"https:\/\/www.grupoxcaret.com\/es\/\"},{\"@type\":\"ListItem\",\"position\":2,\"name\":\"Parque Xenses\"}]}]}<\/script>\n<!-- \/ Yoast SEO plugin. -->","yoast_head_json":{"description":"Xenses es el parque m\u00e1s fuera de lo com\u00fan de todo Xcaret. Conoce todo lo que lo hace tan m\u00e1gico y especial, desde sus actividades hasta informaci\u00f3n que no sab\u00edas era tan divertida.","robots":{"index":"index","follow":"follow","max-snippet":"max-snippet:-1","max-image-preview":"max-image-preview:large","max-video-preview":"max-video-preview:-1"},"canonical":"https:\/\/www.grupoxcaret.com\/es\/xenses\/","og_locale":"es_ES","og_type":"article","og_title":"Parque Xenses | Grupo Xcaret Sitio Corporativo","og_description":"Xenses es el parque m\u00e1s fuera de lo com\u00fan de todo Xcaret. Conoce todo lo que lo hace tan m\u00e1gico y especial, desde sus actividades hasta informaci\u00f3n que no sab\u00edas era tan divertida.","og_url":"https:\/\/www.grupoxcaret.com\/es\/xenses\/","og_site_name":"Grupo Xcaret Sitio Corporativo","article_modified_time":"2020-04-24T19:00:51+00:00","og_image":[{"width":611,"height":386,"url":"https:\/\/www.grupoxcaret.com\/es\/wp-content\/uploads\/2016\/02\/3140.15-Ads-precampan--a-XS-fase-coming-AV-09-e1456177898501.jpg","type":"image\/jpeg"}],"twitter_card":"summary_large_image","twitter_misc":{"Tiempo de lectura":"5 minutos"},"schema":{"@context":"https:\/\/schema.org","@graph":[{"@type":"Organization","@id":"https:\/\/www.grupoxcaret.com\/es\/#organization","name":"Grupo Xcaret","url":"https:\/\/www.grupoxcaret.com\/es\/","sameAs":[],"logo":{"@type":"ImageObject","@id":"https:\/\/www.grupoxcaret.com\/es\/#logo","inLanguage":"es","url":"https:\/\/www.grupoxcaret.com\/es\/wp-content\/uploads\/2015\/04\/exx.png","contentUrl":"https:\/\/www.grupoxcaret.com\/es\/wp-content\/uploads\/2015\/04\/exx.png","width":400,"height":136,"caption":"Grupo Xcaret"},"image":{"@id":"https:\/\/www.grupoxcaret.com\/es\/#logo"}},{"@type":"WebSite","@id":"https:\/\/www.grupoxcaret.com\/es\/#website","url":"https:\/\/www.grupoxcaret.com\/es\/","name":"Grupo Xcaret Sitio Corporativo","description":"Conoce el sitio corporativo de Grupo Xcaret. Encuentra informaci\u00f3n relevante acerca de nuestra historia, marcas, filosof\u00eda empresarial, pol\u00edtica de sostenibilidad y mucho m\u00e1s.","publisher":{"@id":"https:\/\/www.grupoxcaret.com\/es\/#organization"},"potentialAction":[{"@type":"SearchAction","target":{"@type":"EntryPoint","urlTemplate":"https:\/\/www.grupoxcaret.com\/es\/?s={search_term_string}"},"query-input":"required name=search_term_string"}],"inLanguage":"es"},{"@type":"ImageObject","@id":"https:\/\/www.grupoxcaret.com\/es\/xenses\/#primaryimage","inLanguage":"es","url":"https:\/\/www.grupoxcaret.com\/es\/wp-content\/uploads\/2016\/02\/3140.15-Ads-precampan--a-XS-fase-coming-AV-09-e1456177898501.jpg","contentUrl":"https:\/\/www.grupoxcaret.com\/es\/wp-content\/uploads\/2016\/02\/3140.15-Ads-precampan--a-XS-fase-coming-AV-09-e1456177898501.jpg","width":611,"height":386},{"@type":"WebPage","@id":"https:\/\/www.grupoxcaret.com\/es\/xenses\/#webpage","url":"https:\/\/www.grupoxcaret.com\/es\/xenses\/","name":"Parque Xenses | Grupo Xcaret Sitio Corporativo","isPartOf":{"@id":"https:\/\/www.grupoxcaret.com\/es\/#website"},"primaryImageOfPage":{"@id":"https:\/\/www.grupoxcaret.com\/es\/xenses\/#primaryimage"},"datePublished":"2016-02-22T17:48:54+00:00","dateModified":"2020-04-24T19:00:51+00:00","description":"Xenses es el parque m\u00e1s fuera de lo com\u00fan de todo Xcaret. Conoce todo lo que lo hace tan m\u00e1gico y especial, desde sus actividades hasta informaci\u00f3n que no sab\u00edas era tan divertida.","breadcrumb":{"@id":"https:\/\/www.grupoxcaret.com\/es\/xenses\/#breadcrumb"},"inLanguage":"es","potentialAction":[{"@type":"ReadAction","target":["https:\/\/www.grupoxcaret.com\/es\/xenses\/"]}]},{"@type":"BreadcrumbList","@id":"https:\/\/www.grupoxcaret.com\/es\/xenses\/#breadcrumb","itemListElement":[{"@type":"ListItem","position":1,"name":"Inicio","item":"https:\/\/www.grupoxcaret.com\/es\/"},{"@type":"ListItem","position":2,"name":"Parque Xenses"}]}]}},"_links":{"self":[{"href":"https:\/\/www.grupoxcaret.com\/es\/wp-json\/wp\/v2\/pages\/1575"}],"collection":[{"href":"https:\/\/www.grupoxcaret.com\/es\/wp-json\/wp\/v2\/pages"}],"about":[{"href":"https:\/\/www.grupoxcaret.com\/es\/wp-json\/wp\/v2\/types\/page"}],"author":[{"embeddable":true,"href":"https:\/\/www.grupoxcaret.com\/es\/wp-json\/wp\/v2\/users\/1"}],"replies":[{"embeddable":true,"href":"https:\/\/www.grupoxcaret.com\/es\/wp-json\/wp\/v2\/comments?post=1575"}],"version-history":[{"count":2,"href":"https:\/\/www.grupoxcaret.com\/es\/wp-json\/wp\/v2\/pages\/1575\/revisions"}],"predecessor-version":[{"id":3368,"href":"https:\/\/www.grupoxcaret.com\/es\/wp-json\/wp\/v2\/pages\/1575\/revisions\/3368"}],"wp:featuredmedia":[{"embeddable":true,"href":"https:\/\/www.grupoxcaret.com\/es\/wp-json\/wp\/v2\/media\/1602"}],"wp:attachment":[{"href":"https:\/\/www.grupoxcaret.com\/es\/wp-json\/wp\/v2\/media?parent=1575"}],"curies":[{"name":"wp","href":"https:\/\/api.w.org\/{rel}","templated":true}]}}