{"id":9,"date":"2014-08-26T20:51:04","date_gmt":"2014-08-26T20:51:04","guid":{"rendered":"http:\/\/experienciasxcaret.mx\/corporativo\/?page_id=9"},"modified":"2023-01-25T16:48:12","modified_gmt":"2023-01-25T16:48:12","slug":"history","status":"publish","type":"page","link":"https:\/\/www.grupoxcaret.com\/en\/history\/","title":{"rendered":"Our History"},"content":{"rendered":"<p>Our history is based on hard work, the commitment to doing things well, and a deep love for Mexico.<\/p>\n<p>In 1984, architect Miguel Quintana Pali bought five hectares in Riviera Maya, Quintana Roo, to build his house. As the cleaning of the terrain goes further, he discovered several cenotes and underground rivers. Then, he decided to create a park where visitors can admire the regional natural beauties. Along with the Constandse brothers, Oscar, Marcos, and Carlos, Quintana Pali created a park baptized as Xcaret. Since its opening in December 1990, Xcaret Park is one of the most notable attractions in Cancun-Riviera Maya and a place where Mexican nature and culture can be fully appreciated.<\/p>\n<p><img loading=\"lazy\" class=\"alignnone size-full wp-image-1537\" src=\"https:\/\/www.grupoxcaret.com\/en\/wp-content\/uploads\/2016\/01\/Scan-1.jpeg\" alt=\"\" width=\"1379\" height=\"1003\" srcset=\"https:\/\/www.grupoxcaret.com\/en\/wp-content\/uploads\/2016\/01\/Scan-1.jpeg 1379w, https:\/\/www.grupoxcaret.com\/en\/wp-content\/uploads\/2016\/01\/Scan-1-768x559.jpeg 768w, https:\/\/www.grupoxcaret.com\/en\/wp-content\/uploads\/2016\/01\/Scan-1-324x235.jpeg 324w, https:\/\/www.grupoxcaret.com\/en\/wp-content\/uploads\/2016\/01\/Scan-1-696x506.jpeg 696w, https:\/\/www.grupoxcaret.com\/en\/wp-content\/uploads\/2016\/01\/Scan-1-1068x777.jpeg 1068w, https:\/\/www.grupoxcaret.com\/en\/wp-content\/uploads\/2016\/01\/Scan-1-577x420.jpeg 577w, https:\/\/www.grupoxcaret.com\/en\/wp-content\/uploads\/2016\/01\/Scan-1-300x218.jpeg 300w, https:\/\/www.grupoxcaret.com\/en\/wp-content\/uploads\/2016\/01\/Scan-1-1024x745.jpeg 1024w\" sizes=\"(max-width: 1379px) 100vw, 1379px\" \/><\/p>\n<p>In 1995, the government of the Mexican state of Quintana Roo granted to Xcaret Park partners, a permit to operate the Natural Wonder of Xel-H\u00e1 as a tourist attraction while taking care of its natural attributes.<\/p>\n<p>In 2009, we opened our third park named Xplor, a well-received innovative tourist product that was well-received among visitors with an adventurer spirit.<\/p>\n<p>In 2010, we started to operate tours to the archaeological zones in the Yucatan Peninsula. Xich\u00e9n Tour includes a visit to Chich\u00e9n Itz\u00e1 and the Magical Town of Valladolid in Yucatan.<\/p>\n<p>To provide more options, we opened a business unit that includes tours to Tulum and Cob\u00e1, and different combinations with our Xel-H\u00e1 park. In the same year, we join the parks\u2019 missions to create unique experiences Xcaret-style, combining all our parks and tours in one company: Grupo Xcaret.<\/p>\n<p>In 2013, we successfully opened Xplor Fuego and Xoximilco Cancun Parks, plus Xenotes Tour at the Cenotes Route in Puerto Morelos.<\/p>\n<p>In 2016, we invited you to experience unimaginable things and stimulate all your senses at our new park, Xenses. And at the end of 2017, we step in into a natural development of the company by opening Hotel Xcaret M\u00e9xico All-Fun Inclusive\u00ae featuring a unique concept.<\/p>\n<p><img loading=\"lazy\" class=\"alignnone size-full wp-image-2826\" src=\"https:\/\/www.grupoxcaret.com\/en\/wp-content\/uploads\/2018\/11\/Miguel-Quintana-Pali-Presidente-de-Experiencias-Xcaret-recibe-el-Liseberg-Applause-Award-dedicado-a-Xcaret-como-Mejor-Parque-Mundial.-1.jpg\" alt=\"\" width=\"1800\" height=\"1200\" srcset=\"https:\/\/www.grupoxcaret.com\/en\/wp-content\/uploads\/2018\/11\/Miguel-Quintana-Pali-Presidente-de-Experiencias-Xcaret-recibe-el-Liseberg-Applause-Award-dedicado-a-Xcaret-como-Mejor-Parque-Mundial.-1.jpg 1800w, https:\/\/www.grupoxcaret.com\/en\/wp-content\/uploads\/2018\/11\/Miguel-Quintana-Pali-Presidente-de-Experiencias-Xcaret-recibe-el-Liseberg-Applause-Award-dedicado-a-Xcaret-como-Mejor-Parque-Mundial.-1-300x200.jpg 300w, https:\/\/www.grupoxcaret.com\/en\/wp-content\/uploads\/2018\/11\/Miguel-Quintana-Pali-Presidente-de-Experiencias-Xcaret-recibe-el-Liseberg-Applause-Award-dedicado-a-Xcaret-como-Mejor-Parque-Mundial.-1-768x512.jpg 768w, https:\/\/www.grupoxcaret.com\/en\/wp-content\/uploads\/2018\/11\/Miguel-Quintana-Pali-Presidente-de-Experiencias-Xcaret-recibe-el-Liseberg-Applause-Award-dedicado-a-Xcaret-como-Mejor-Parque-Mundial.-1-1024x683.jpg 1024w, https:\/\/www.grupoxcaret.com\/en\/wp-content\/uploads\/2018\/11\/Miguel-Quintana-Pali-Presidente-de-Experiencias-Xcaret-recibe-el-Liseberg-Applause-Award-dedicado-a-Xcaret-como-Mejor-Parque-Mundial.-1-696x464.jpg 696w, https:\/\/www.grupoxcaret.com\/en\/wp-content\/uploads\/2018\/11\/Miguel-Quintana-Pali-Presidente-de-Experiencias-Xcaret-recibe-el-Liseberg-Applause-Award-dedicado-a-Xcaret-como-Mejor-Parque-Mundial.-1-1068x712.jpg 1068w, https:\/\/www.grupoxcaret.com\/en\/wp-content\/uploads\/2018\/11\/Miguel-Quintana-Pali-Presidente-de-Experiencias-Xcaret-recibe-el-Liseberg-Applause-Award-dedicado-a-Xcaret-como-Mejor-Parque-Mundial.-1-630x420.jpg 630w\" sizes=\"(max-width: 1800px) 100vw, 1800px\" \/><\/p>\n<p>During 2018, Xcaret earned the \u201cLiseberg Applause Award\u201d as the Best Park in the World, which crowned almost three decades of originality and giving an excellent service.<\/p>\n<p>In 2019, the company decided to change its name to Grupo Xcaret, to cover up everything that the group is nowadays, and in the years to come. This year, we challenge the paradigms with the opening of Xavage park.<\/p>\n<p>Each achievement has helped us to balance world-class experiences based on Mexican culture and nature, and thanks to the supporting of our partners, guests, and visitors.<\/p>\n<p>https:\/\/vimeo.com\/315576408<\/p>\n","protected":false},"excerpt":{"rendered":"<p>Our history is based on hard work, the commitment to doing things well, and a deep love for Mexico. In 1984, architect Miguel Quintana Pali bought five hectares in Riviera Maya, Quintana Roo, to build his house. As the cleaning of the terrain goes further, he discovered several cenotes and underground rivers. Then, he decided [&hellip;]<\/p>\n","protected":false},"author":1,"featured_media":1050,"parent":0,"menu_order":0,"comment_status":"open","ping_status":"closed","template":"","meta":[],"yoast_head":"<!-- This site is optimized with the Yoast SEO plugin v15.2.1 - https:\/\/yoast.com\/wordpress\/plugins\/seo\/ -->\n<meta name=\"description\" content=\"Historia del Grupo Corporativo Experiencias Xcaret, compa\u00f1\u00eda l\u00edder en recreaci\u00f3n tur\u00edstica sustentable y socialmente responsable\" \/>\n<meta name=\"robots\" content=\"index, follow, max-snippet:-1, max-image-preview:large, max-video-preview:-1\" \/>\n<link rel=\"canonical\" href=\"https:\/\/www.grupoxcaret.com\/en\/history\/\" \/>\n<meta property=\"og:locale\" content=\"en_US\" \/>\n<meta property=\"og:type\" content=\"article\" \/>\n<meta property=\"og:title\" content=\"Corporativo Experiencias Xcaret: Nuestra Historia\" \/>\n<meta property=\"og:description\" content=\"Historia del Grupo Corporativo Experiencias Xcaret, compa\u00f1\u00eda l\u00edder en recreaci\u00f3n tur\u00edstica sustentable y socialmente responsable\" \/>\n<meta property=\"og:url\" content=\"https:\/\/www.grupoxcaret.com\/en\/history\/\" \/>\n<meta property=\"og:site_name\" content=\"Grupo Xcaret\" \/>\n<meta property=\"article:modified_time\" content=\"2023-01-25T16:48:12+00:00\" \/>\n<meta property=\"og:image\" content=\"https:\/\/www.grupoxcaret.com\/en\/wp-content\/uploads\/2015\/01\/historia-xcaret.jpg\" \/>\n\t<meta property=\"og:image:width\" content=\"768\" \/>\n\t<meta property=\"og:image:height\" content=\"512\" \/>\n<meta name=\"twitter:card\" content=\"summary_large_image\" \/>\n<meta name=\"twitter:label1\" content=\"Written by\">\n\t<meta name=\"twitter:data1\" content=\"ederduran\">\n\t<meta name=\"twitter:label2\" content=\"Est. reading time\">\n\t<meta name=\"twitter:data2\" content=\"2 minutes\">\n<script type=\"application\/ld+json\" class=\"yoast-schema-graph\">{\"@context\":\"https:\/\/schema.org\",\"@graph\":[{\"@type\":\"Organization\",\"@id\":\"https:\/\/www.grupoxcaret.com\/en\/#organization\",\"name\":\"Grupo Xcaret\",\"url\":\"https:\/\/www.grupoxcaret.com\/en\/\",\"sameAs\":[],\"logo\":{\"@type\":\"ImageObject\",\"@id\":\"https:\/\/www.grupoxcaret.com\/en\/#logo\",\"inLanguage\":\"en-US\",\"url\":\"https:\/\/www.grupoxcaret.com\/en\/wp-content\/uploads\/2015\/04\/exx.png\",\"width\":400,\"height\":136,\"caption\":\"Grupo Xcaret\"},\"image\":{\"@id\":\"https:\/\/www.grupoxcaret.com\/en\/#logo\"}},{\"@type\":\"WebSite\",\"@id\":\"https:\/\/www.grupoxcaret.com\/en\/#website\",\"url\":\"https:\/\/www.grupoxcaret.com\/en\/\",\"name\":\"Grupo Xcaret\",\"description\":\"Sitio Oficial\",\"publisher\":{\"@id\":\"https:\/\/www.grupoxcaret.com\/en\/#organization\"},\"potentialAction\":[{\"@type\":\"SearchAction\",\"target\":\"https:\/\/www.grupoxcaret.com\/en\/?s={search_term_string}\",\"query-input\":\"required name=search_term_string\"}],\"inLanguage\":\"en-US\"},{\"@type\":\"ImageObject\",\"@id\":\"https:\/\/www.grupoxcaret.com\/en\/history\/#primaryimage\",\"inLanguage\":\"en-US\",\"url\":\"https:\/\/www.grupoxcaret.com\/en\/wp-content\/uploads\/2015\/01\/historia-xcaret.jpg\",\"width\":768,\"height\":512},{\"@type\":\"WebPage\",\"@id\":\"https:\/\/www.grupoxcaret.com\/en\/history\/#webpage\",\"url\":\"https:\/\/www.grupoxcaret.com\/en\/history\/\",\"name\":\"Corporativo Experiencias Xcaret: Nuestra Historia\",\"isPartOf\":{\"@id\":\"https:\/\/www.grupoxcaret.com\/en\/#website\"},\"primaryImageOfPage\":{\"@id\":\"https:\/\/www.grupoxcaret.com\/en\/history\/#primaryimage\"},\"datePublished\":\"2014-08-26T20:51:04+00:00\",\"dateModified\":\"2023-01-25T16:48:12+00:00\",\"description\":\"Historia del Grupo Corporativo Experiencias Xcaret, compa\\u00f1\\u00eda l\\u00edder en recreaci\\u00f3n tur\\u00edstica sustentable y socialmente responsable\",\"breadcrumb\":{\"@id\":\"https:\/\/www.grupoxcaret.com\/en\/history\/#breadcrumb\"},\"inLanguage\":\"en-US\",\"potentialAction\":[{\"@type\":\"ReadAction\",\"target\":[\"https:\/\/www.grupoxcaret.com\/en\/history\/\"]}]},{\"@type\":\"BreadcrumbList\",\"@id\":\"https:\/\/www.grupoxcaret.com\/en\/history\/#breadcrumb\",\"itemListElement\":[{\"@type\":\"ListItem\",\"position\":1,\"item\":{\"@type\":\"WebPage\",\"@id\":\"https:\/\/www.grupoxcaret.com\/en\/\",\"url\":\"https:\/\/www.grupoxcaret.com\/en\/\",\"name\":\"Inicio\"}},{\"@type\":\"ListItem\",\"position\":2,\"item\":{\"@type\":\"WebPage\",\"@id\":\"https:\/\/www.grupoxcaret.com\/en\/history\/\",\"url\":\"https:\/\/www.grupoxcaret.com\/en\/history\/\",\"name\":\"Our History\"}}]}]}<\/script>\n<!-- \/ Yoast SEO plugin. -->","_links":{"self":[{"href":"https:\/\/www.grupoxcaret.com\/en\/wp-json\/wp\/v2\/pages\/9"}],"collection":[{"href":"https:\/\/www.grupoxcaret.com\/en\/wp-json\/wp\/v2\/pages"}],"about":[{"href":"https:\/\/www.grupoxcaret.com\/en\/wp-json\/wp\/v2\/types\/page"}],"author":[{"embeddable":true,"href":"https:\/\/www.grupoxcaret.com\/en\/wp-json\/wp\/v2\/users\/1"}],"replies":[{"embeddable":true,"href":"https:\/\/www.grupoxcaret.com\/en\/wp-json\/wp\/v2\/comments?post=9"}],"version-history":[{"count":3,"href":"https:\/\/www.grupoxcaret.com\/en\/wp-json\/wp\/v2\/pages\/9\/revisions"}],"predecessor-version":[{"id":3919,"href":"https:\/\/www.grupoxcaret.com\/en\/wp-json\/wp\/v2\/pages\/9\/revisions\/3919"}],"wp:featuredmedia":[{"embeddable":true,"href":"https:\/\/www.grupoxcaret.com\/en\/wp-json\/wp\/v2\/media\/1050"}],"wp:attachment":[{"href":"https:\/\/www.grupoxcaret.com\/en\/wp-json\/wp\/v2\/media?parent=9"}],"curies":[{"name":"wp","href":"https:\/\/api.w.org\/{rel}","templated":true}]}}