{"id":61,"date":"2014-08-28T15:20:55","date_gmt":"2014-08-28T15:20:55","guid":{"rendered":"http:\/\/experienciasxcaret.mx\/corporativo\/?page_id=61"},"modified":"2015-02-04T21:59:38","modified_gmt":"2015-02-04T21:59:38","slug":"practicas-profesionales","status":"publish","type":"page","link":"https:\/\/www.grupoxcaret.com\/en\/practicas-profesionales\/","title":{"rendered":"Pr\u00e1cticas Profesionales"},"content":{"rendered":"<p>Gracias al v\u00ednculo que se ha establecido con las mejores Instituciones Educativas del pa\u00eds y del extranjero, contamos con el programa de Pr\u00e1cticas Profesionales, el cual integra a m\u00e1s de 900 estudiantes al a\u00f1o en un ambiente laboral excepcional, permiti\u00e9ndonos descubrir y desarrollar el talento de las nuevas generaciones<\/p>\n<div class=\"success\">Identificamos tu talento otorg\u00e1ndote una oportunidad laboral, fomentando con ello el programa del primer empleo.<\/div>\n<p>Nuestros practicantes son un elemento importante para transmitir la calidez y el amor por M\u00e9xico a cada uno de los visitantes, la mejor forma de corresponder a esa actitud de servicio y entrega permanente es integr\u00e1ndolos a programas que contribuyen a su desarrollo intelectual, emocional y \u00e9tico, brindando un ambiente laboral digno que les permita una formaci\u00f3n integral.<\/p>\n<p>A lo largo del a\u00f1o se realizan un sin n\u00famero de actividades, que fortalecen las habilidades, el conocimiento y el sentido de pertenencia, tambi\u00e9n contamos con un programa de tutor\u00edas el cual permite desarrollar Proyectos Integradores dentro del Grupo Experiencias Xcaret fomentando as\u00ed tu actitud emprendedora.<br \/>\n<a class=\"btn-cta\" href=\"https:\/\/www.evaluatest.com\/Core\/Evaluate\/IUEvaluacion\/Anuncio.asp?idPublicacion=12113&amp;idEmpresa=48251&amp;idRequisicion=196442&amp;IdCorporativo=7554&amp;codigoEval=expracprof\" target=\"_blank\">\u00a1Registra tus pr\u00e1cticas aqu\u00ed!<\/a><\/p>\n<div class=\"panel panel-default\">\n<div class=\"panel-heading\">\n<h3 class=\"panel-title\">Ademas te ofrecemos<\/h3>\n<\/div>\n<div class=\"panel-body\">\n<ul>\n<li>Comida tipo bufet<\/li>\n<li>Transporte (playa del Carmen &#8211; Parques)<\/li>\n<li>Uniforme<\/li>\n<li>Actividades culturales y deportivas<\/li>\n<li>Servicio de biblioteca con acceso a internet<\/li>\n<li>Descuento en todas las tiendas de los Parques<\/li>\n<li>Dos pases de cortesia a uno de los Parques<\/li>\n<\/ul>\n<p>[thumbnail src=&#8221;http:\/\/experienciasxcaret.mx\/corporativo\/wp-content\/uploads\/2014\/08\/diagrama.png&#8221;]<\/p>\n<div class=\"clear25\"><\/div>\n<p><strong>Descargar los pasos del proceso de Pr\u00e1cticas Profesionales<\/strong><br \/>\n<a class=\"btn-contacto\" href=\"http:\/\/experienciasxcaret.mx\/corporativo\/wp-content\/uploads\/2014\/08\/proceso-vinculacion.pdf\" target=\"_blank\">Descargar<\/a><\/div>\n<\/div>\n<h2 style=\"text-align: center;\">\u00c1reas de Inter\u00e9s<\/h2>\n<p>[popovernew title=&#8221;&#8221; class=&#8221;btn-infos&#8221; button_text=&#8221;Actividades Recreativas&#8221; trigger=&#8221;hover&#8221; style=&#8221;auto&#8221;]Si te gusta el contacto con la naturaleza y la actividad f\u00edsica aqu\u00ed podr\u00e1s interactuar en las diversas opciones de recreaci\u00f3n que ofrecemos a los visitantes como r\u00edos, balsas, tirolesas, veh\u00edculos anfibios, zip bike, cavernas adem\u00e1s de participar en las actividades administrativas del \u00e1rea.[\/popovernew]<\/p>\n<p>[popovernew class=&#8221;btn-infos&#8221; title=&#8221;&#8221; button_text=&#8221;Alimentos y Bebidas&#8221; trigger=&#8221;hover&#8221; style=&#8221;auto&#8221;]Intervenci\u00f3n desde las \u00e1reas de cocina, restaurantes, procesos administrativos y operativos del \u00e1rea; tambi\u00e9n participar\u00e1s en el desarrollo de eventos, atenci\u00f3n de grupos y convenciones.[\/popovernew]<\/p>\n<p>[popovernew class=&#8221;btn-infos&#8221; title=&#8221;&#8221; button_text=&#8221;Arte y Cultura&#8221; trigger=&#8221;hover&#8221; style=&#8221;auto&#8221;]Te sorprender\u00e1s con el colorido, folklor, danzas y cultura de M\u00e9xico, interactuar\u00e1s en las \u00e1reas de vestuario, escenograf\u00eda, sistemas de audio e iluminaci\u00f3n, coordinaci\u00f3n y promoci\u00f3n cultural, log\u00edstica de eventos como: Festival Tradicional de Vida y Muerte, Ma\u00f1anitas de Flor y Canto y Traves\u00eda Sagrada Maya.[\/popovernew]<\/p>\n<p>[popovernew class=&#8221;btn-infos&#8221; title=&#8221;&#8221; button_text=&#8221;Atenci\u00f3n al Visitante&#8221; trigger=&#8221;hover&#8221; style=&#8221;auto&#8221;]Vive la experiencia de crear inolvidables recuerdos brindando atenci\u00f3n personalizada a nuestros visitantes informando sobre los servicios de nuestros Parques y Tours; as\u00ed como operaciones administrativas, de log\u00edstica y de acceso.[\/popovernew]<\/p>\n<p>[popovernew class=&#8221;btn-infos&#8221; \u00a0title=&#8221;&#8221; button_text=&#8221;Proyectos y Construcci\u00f3n&#8221; trigger=&#8221;hover&#8221; style=&#8221;auto&#8221;]Intervendr\u00e1s en los nuevos proyectos ejecutando el dise\u00f1o y lectura de planos as\u00ed como aquellos procesos de construcci\u00f3n y nueva imagen de nuestros Parques.[\/popovernew]<\/p>\n<p>[popovernew class=&#8221;btn-infos&#8221; \u00a0title=&#8221;&#8221; button_text=&#8221;Fauna Silvestre&#8221; trigger=&#8221;hover&#8221; style=&#8221;auto&#8221;]Interact\u00faa con la fauna marina y terrestre end\u00e9mica, desarrollando programas de protecci\u00f3n, conservaci\u00f3n y reproducci\u00f3n de especies.[\/popovernew]<\/p>\n<p>[popovernew class=&#8221;btn-infos&#8221; \u00a0title=&#8221;&#8221; button_text=&#8221;Flora Fauna y Cultura de M\u00e9xico&#8221; trigger=&#8221;hover&#8221; style=&#8221;auto&#8221;]Apoyo y participaci\u00f3n en los programas de conservaci\u00f3n, protecci\u00f3n, rescate e investigaci\u00f3n de nuestros ecosistemas, especies amenazadas y en peligro de extinci\u00f3n as\u00ed como en programas para fomentar y difundir nuestra tradici\u00f3n art\u00edstica y cultural.[\/popovernew]<\/p>\n<p>[popovernew class=&#8221;btn-infos&#8221; title=&#8221;&#8221; button_text=&#8221;Fotograf\u00eda&#8221; trigger=&#8221;hover&#8221; style=&#8221;auto&#8221;]Participaci\u00f3n operativa, administrativa y t\u00e9cnica dentro del \u00e1rea, la cual captura experiencias \u00fanicas e inolvidables de nuestros visitantes, otorgando siempre un servicio de calidad.[\/popovernew]<\/p>\n<p>[popovernew class=&#8221;btn-infos&#8221; title=&#8221;&#8221; button_text=&#8221;Tiendas&#8221; trigger=&#8221;hover&#8221; style=&#8221;auto&#8221;]Experimentar\u00e1s el proceso de dise\u00f1o, log\u00edstica, administraci\u00f3n, mercadotecnia, inventarios y almacenaje en cada centro de recuerdos de nuestros Parques.[\/popovernew]<\/p>\n<p>[popovernew class=&#8221;btn-infos&#8221; title=&#8221;&#8221; button_text=&#8221;Comercial y Ventas&#8221; trigger=&#8221;hover&#8221; style=&#8221;auto&#8221;]Participar\u00e1s en las relaciones comerciales, promoci\u00f3n, mercadotecnia, dise\u00f1o, procesos de marca, administrativos y de an\u00e1lisis en \u00e1reas como E-Commerce, E-Business, Dise\u00f1o Web, ventas y promotor\u00eda.[\/popovernew]<\/p>\n<p>[popovernew class=&#8221;btn-infos&#8221; title=&#8221;&#8221; button_text=&#8221;Legal y Jur\u00eddico&#8221; trigger=&#8221;hover&#8221; style=&#8221;auto&#8221;]Aprender\u00e1s del seguimiento y administraci\u00f3n de la informaci\u00f3n y documentaci\u00f3n jur\u00eddica y legal del Grupo.[\/popovernew]<\/p>\n<p>[popovernew class=&#8221;btn-infos&#8221; title=&#8221;&#8221; button_text=&#8221;Capital Humano&#8221; trigger=&#8221;hover&#8221; style=&#8221;auto&#8221;]Participaras en las \u00e1reas de Atracci\u00f3n y Retenci\u00f3n de Talento, Formaci\u00f3n y Desarrollo, Atenci\u00f3n al Colaborador, Compensaciones y Administraci\u00f3n de Personal; tambi\u00e9n podr\u00e1s participar en los eventos deportivos, culturales, sociales y de salud, as\u00ed como en los procesos de comunicaci\u00f3n organizacional y beneficios al colaborador.[\/popovernew]<\/p>\n<p>[popovernew \u00a0class=&#8221;btn-infos&#8221; title=&#8221;&#8221; button_text=&#8221;Finanzas y Control&#8221; trigger=&#8221;hover&#8221; style=&#8221;auto&#8221;]Participar\u00e1s en los procesos del \u00e1rea contable como cuentas por cobrar, cuentas por pagar, finanzas, etc., as\u00ed como en el desarrollo de proyectos de control fiscal y contable.[\/popovernew]<\/p>\n<p>[popovernew class=&#8221;btn-infos&#8221; title=&#8221;&#8221; button_text=&#8221;Abastecimiento&#8221; trigger=&#8221;hover&#8221; style=&#8221;auto&#8221;]Vivir\u00e1s los procesos de log\u00edstica y adquisici\u00f3n de insumos, documentaci\u00f3n, an\u00e1lisis, cotizaciones y todas aquellas actividades de control y servicios del \u00e1rea.[\/popovernew]<\/p>\n<p>[popovernew class=&#8221;btn-infos&#8221; title=&#8221;&#8221; button_text=&#8221;Sistemas&#8221; trigger=&#8221;hover&#8221; style=&#8221;auto&#8221;]Intervendr\u00e1s en el \u00e1rea de sistemas y telecomunicaciones, as\u00ed como en el dise\u00f1o y desarrollo de nuevos programas que faciliten la comunicaci\u00f3n y la tecnolog\u00eda dentro del Grupo.[\/popovernew]<\/p>\n<p>[popovernew class=&#8221;btn-infos&#8221; title=&#8221;&#8221; button_text=&#8221;Optimizaci\u00f3n de Procesos&#8221; trigger=&#8221;hover&#8221; style=&#8221;auto&#8221;]Participar\u00e1s en la reingenier\u00eda y documentaci\u00f3n de procesos buscando siempre la optimizaci\u00f3n de tiempos y mejora continua.[\/popovernew]<\/p>\n<p>[popovernew class=&#8221;btn-infos&#8221; title=&#8221;&#8221; button_text=&#8221;Responsabilidad Social&#8221; trigger=&#8221;hover&#8221; style=&#8221;auto&#8221;]Participar\u00e1s en la elaboraci\u00f3n de pre-auditorias, base de datos estad\u00edsticos, procesos administrativos y de sustentabilidad, an\u00e1lisis de investigaci\u00f3n de certificaci\u00f3n empresarial y tendencias sociales como Earth Check, ESR, distintivo H, entre otros.[\/popovernew]<\/p>\n<p>[popovernew class=&#8221;btn-infos&#8221; title=&#8221;&#8221; button_text=&#8221;Desarrollo Sustentable&#8221; trigger=&#8221;hover&#8221; style=&#8221;auto&#8221;]Esta es un \u00e1rea perfecta para realizar actividades de investigaci\u00f3n en \u00e1reas biol\u00f3gicas, flora y fauna as\u00ed como procesos de certificaci\u00f3n de sustentabilidad buscando siempre el cuidado y conservaci\u00f3n del ambiente.[\/popovernew]<\/p>\n<p>[popovernew class=&#8221;btn-infos&#8221; title=&#8221;&#8221; button_text=&#8221;Servicios Generales&#8221; trigger=&#8221;hover&#8221; style=&#8221;auto&#8221;]Participar\u00e1s en el cuidado y monitoreo del mantenimiento de todas las instalaciones de los Parques; desarroll\u00e1ndote en el \u00e1rea administrativa, servicio m\u00e9dico, dise\u00f1o de jardiner\u00eda, mantenimiento de infraestructura, etc.[\/popovernew]<\/p>\n","protected":false},"excerpt":{"rendered":"<p>Gracias al v\u00ednculo que se ha establecido con las mejores Instituciones Educativas del pa\u00eds y del extranjero, contamos con el programa de Pr\u00e1cticas Profesionales, el cual integra a m\u00e1s de 900 estudiantes al a\u00f1o en un ambiente laboral excepcional, permiti\u00e9ndonos descubrir y desarrollar el talento de las nuevas generaciones Identificamos tu talento otorg\u00e1ndote una oportunidad [&hellip;]<\/p>\n","protected":false},"author":1,"featured_media":1035,"parent":0,"menu_order":0,"comment_status":"open","ping_status":"open","template":"page-id-bolsa.php","meta":[],"yoast_head":"<!-- This site is optimized with the Yoast SEO plugin v15.2.1 - https:\/\/yoast.com\/wordpress\/plugins\/seo\/ -->\n<meta name=\"description\" content=\"Gracias al v\u00ednculo con las mejores Instituciones Educativas del pa\u00eds contamos con el programa de Pr\u00e1cticas Profesionales para desarrollo de nuevos talentos\" \/>\n<meta name=\"robots\" content=\"index, follow, max-snippet:-1, max-image-preview:large, max-video-preview:-1\" \/>\n<link rel=\"canonical\" href=\"https:\/\/www.grupoxcaret.com\/en\/practicas-profesionales\/\" \/>\n<meta property=\"og:locale\" content=\"en_US\" \/>\n<meta property=\"og:type\" content=\"article\" \/>\n<meta property=\"og:title\" content=\"Pr\u00e1cticas Profesionales en Experiencias Xcaret\" \/>\n<meta property=\"og:description\" content=\"Gracias al v\u00ednculo con las mejores Instituciones Educativas del pa\u00eds contamos con el programa de Pr\u00e1cticas Profesionales para desarrollo de nuevos talentos\" \/>\n<meta property=\"og:url\" content=\"https:\/\/www.grupoxcaret.com\/en\/practicas-profesionales\/\" \/>\n<meta property=\"og:site_name\" content=\"Grupo Xcaret\" \/>\n<meta property=\"article:modified_time\" content=\"2015-02-04T21:59:38+00:00\" \/>\n<meta property=\"og:image\" content=\"https:\/\/www.grupoxcaret.com\/en\/wp-content\/uploads\/2015\/01\/mision-vision.jpg\" \/>\n\t<meta property=\"og:image:width\" content=\"768\" \/>\n\t<meta property=\"og:image:height\" content=\"512\" \/>\n<meta name=\"twitter:card\" content=\"summary_large_image\" \/>\n<meta name=\"twitter:label1\" content=\"Written by\">\n\t<meta name=\"twitter:data1\" content=\"ederduran\">\n\t<meta name=\"twitter:label2\" content=\"Est. reading time\">\n\t<meta name=\"twitter:data2\" content=\"5 minutes\">\n<script type=\"application\/ld+json\" class=\"yoast-schema-graph\">{\"@context\":\"https:\/\/schema.org\",\"@graph\":[{\"@type\":\"Organization\",\"@id\":\"https:\/\/www.grupoxcaret.com\/en\/#organization\",\"name\":\"Grupo Xcaret\",\"url\":\"https:\/\/www.grupoxcaret.com\/en\/\",\"sameAs\":[],\"logo\":{\"@type\":\"ImageObject\",\"@id\":\"https:\/\/www.grupoxcaret.com\/en\/#logo\",\"inLanguage\":\"en-US\",\"url\":\"https:\/\/www.grupoxcaret.com\/en\/wp-content\/uploads\/2015\/04\/exx.png\",\"width\":400,\"height\":136,\"caption\":\"Grupo Xcaret\"},\"image\":{\"@id\":\"https:\/\/www.grupoxcaret.com\/en\/#logo\"}},{\"@type\":\"WebSite\",\"@id\":\"https:\/\/www.grupoxcaret.com\/en\/#website\",\"url\":\"https:\/\/www.grupoxcaret.com\/en\/\",\"name\":\"Grupo Xcaret\",\"description\":\"Sitio Oficial\",\"publisher\":{\"@id\":\"https:\/\/www.grupoxcaret.com\/en\/#organization\"},\"potentialAction\":[{\"@type\":\"SearchAction\",\"target\":\"https:\/\/www.grupoxcaret.com\/en\/?s={search_term_string}\",\"query-input\":\"required name=search_term_string\"}],\"inLanguage\":\"en-US\"},{\"@type\":\"ImageObject\",\"@id\":\"https:\/\/www.grupoxcaret.com\/en\/practicas-profesionales\/#primaryimage\",\"inLanguage\":\"en-US\",\"url\":\"https:\/\/www.grupoxcaret.com\/en\/wp-content\/uploads\/2015\/01\/mision-vision.jpg\",\"width\":768,\"height\":512},{\"@type\":\"WebPage\",\"@id\":\"https:\/\/www.grupoxcaret.com\/en\/practicas-profesionales\/#webpage\",\"url\":\"https:\/\/www.grupoxcaret.com\/en\/practicas-profesionales\/\",\"name\":\"Pr\\u00e1cticas Profesionales en Experiencias Xcaret\",\"isPartOf\":{\"@id\":\"https:\/\/www.grupoxcaret.com\/en\/#website\"},\"primaryImageOfPage\":{\"@id\":\"https:\/\/www.grupoxcaret.com\/en\/practicas-profesionales\/#primaryimage\"},\"datePublished\":\"2014-08-28T15:20:55+00:00\",\"dateModified\":\"2015-02-04T21:59:38+00:00\",\"description\":\"Gracias al v\\u00ednculo con las mejores Instituciones Educativas del pa\\u00eds contamos con el programa de Pr\\u00e1cticas Profesionales para desarrollo de nuevos talentos\",\"breadcrumb\":{\"@id\":\"https:\/\/www.grupoxcaret.com\/en\/practicas-profesionales\/#breadcrumb\"},\"inLanguage\":\"en-US\",\"potentialAction\":[{\"@type\":\"ReadAction\",\"target\":[\"https:\/\/www.grupoxcaret.com\/en\/practicas-profesionales\/\"]}]},{\"@type\":\"BreadcrumbList\",\"@id\":\"https:\/\/www.grupoxcaret.com\/en\/practicas-profesionales\/#breadcrumb\",\"itemListElement\":[{\"@type\":\"ListItem\",\"position\":1,\"item\":{\"@type\":\"WebPage\",\"@id\":\"https:\/\/www.grupoxcaret.com\/en\/\",\"url\":\"https:\/\/www.grupoxcaret.com\/en\/\",\"name\":\"Inicio\"}},{\"@type\":\"ListItem\",\"position\":2,\"item\":{\"@type\":\"WebPage\",\"@id\":\"https:\/\/www.grupoxcaret.com\/en\/practicas-profesionales\/\",\"url\":\"https:\/\/www.grupoxcaret.com\/en\/practicas-profesionales\/\",\"name\":\"Pr\\u00e1cticas Profesionales\"}}]}]}<\/script>\n<!-- \/ Yoast SEO plugin. -->","_links":{"self":[{"href":"https:\/\/www.grupoxcaret.com\/en\/wp-json\/wp\/v2\/pages\/61"}],"collection":[{"href":"https:\/\/www.grupoxcaret.com\/en\/wp-json\/wp\/v2\/pages"}],"about":[{"href":"https:\/\/www.grupoxcaret.com\/en\/wp-json\/wp\/v2\/types\/page"}],"author":[{"embeddable":true,"href":"https:\/\/www.grupoxcaret.com\/en\/wp-json\/wp\/v2\/users\/1"}],"replies":[{"embeddable":true,"href":"https:\/\/www.grupoxcaret.com\/en\/wp-json\/wp\/v2\/comments?post=61"}],"version-history":[{"count":0,"href":"https:\/\/www.grupoxcaret.com\/en\/wp-json\/wp\/v2\/pages\/61\/revisions"}],"wp:featuredmedia":[{"embeddable":true,"href":"https:\/\/www.grupoxcaret.com\/en\/wp-json\/wp\/v2\/media\/1035"}],"wp:attachment":[{"href":"https:\/\/www.grupoxcaret.com\/en\/wp-json\/wp\/v2\/media?parent=61"}],"curies":[{"name":"wp","href":"https:\/\/api.w.org\/{rel}","templated":true}]}}