{"id":57,"date":"2014-08-28T15:20:26","date_gmt":"2014-08-28T15:20:26","guid":{"rendered":"http:\/\/experienciasxcaret.mx\/corporativo\/?page_id=57"},"modified":"2020-01-10T16:35:14","modified_gmt":"2020-01-10T16:35:14","slug":"talento-experiencias-xcaret","status":"publish","type":"page","link":"https:\/\/www.grupoxcaret.com\/en\/talento-experiencias-xcaret\/","title":{"rendered":"Talento Grupo Xcaret"},"content":{"rendered":"<blockquote><p>Gracias al talento de cada uno de sus colaboradores, Grupo Xcaret se ha destacado en el \u00e1mbito nacional e internacional por ser una de las <b>mejores empresas para trabajar<\/b> en M\u00e9xico y un Grupo Socialmente Responsable, donde se brinda igualdad de oportunidades sin distinci\u00f3n de raza, g\u00e9nero, edad, religi\u00f3n, orientaci\u00f3n sexual o capacidades diferentes.<\/p><\/blockquote>\n<p>Por ello, te invitamos a unirte a \u00e9sta gran familia y desarrollarte con nosotros, para juntos seguir distingui\u00e9ndonos como una empresa con un alto nivel de servicio y producto \u00fanico, diferenciado y especializado.<\/p>\n<blockquote><p>Con tu sonrisa y actitud emprendedora estamos seguros que reforzaremos el esp\u00edritu de servicio y el amor por M\u00e9xico.<\/p><\/blockquote>\n<p>Nuestros programas de desarrollo est\u00e1n enfocados a proporcionar todas las herramientas para un mejor desempe\u00f1o en las funciones, as\u00ed como al desarrollo de colaboradores felices.<\/p>\n<h3 style=\"text-align: center;\">\u00a1Estamos orgullosos de que seas parte de este gran equipo!<\/h3>\n<p>\u00bfA\u00fan no lo eres?, da clic en \u201cConsultar Vacantes\u201d y da el primer paso para<\/p>\n<h3 style=\"text-align: center;\">\u00a1Crea y Vive Experiencias M\u00e1gicas con Nosotros!<\/h3>\n<blockquote><p><b>Nuestro amor por M\u00e9xico y convicci\u00f3n de Responsabilidad Social Empresarial nos comprometen con la excelencia, calidad, respeto por la naturaleza, nuestros colaboradores, proveedores y la sociedad en general.<\/b><\/p><\/blockquote>\n<h2>Valores<\/h2>\n<p>Creatividad: Creemos que lo que nos hace \u00fanicos en nuestro medio es la capacidad para encantar a nuestros visitantes, innovando y proporcion\u00e1ndoles experiencias inolvidables.<\/p>\n<p>Rentabilidad: Creemos que incrementar el valor de la inversi\u00f3n de nuestros socios es la v\u00eda para asegurar nuestra continuidad efectiva.[\/popovernew]<\/p>\n<p>Integridad: Creemos en el cumplimiento a toda costa de los compromisos que asumimos y las promesas que hacemos, y esperamos lo mismo de los dem\u00e1s.<\/p>\n<p>Congruencia: Creemos en hacer siempre lo que decimos.<\/p>\n<p>Honestidad: Creemos en la verdad y la transparencia ante todo.<\/p>\n<p>Esp\u00edritu de servicio: Creemos que nuestros visitantes son la raz\u00f3n de nuestra existencia y nos debemos a ellos.<\/p>\n<p>Compromiso: Creemos que nuestros colaboradores son el motor que nos impulsa a lograr nuestros prop\u00f3sitos y que su compromiso y desarrollo son vitales para el \u00e9xito.<\/p>\n<p>Equidad: Creemos en la b\u00fasqueda permanente de una relaci\u00f3n ganar-ganar con todos nuestros integrantes.<\/p>\n<p>Responsabilidad social: Creemos en ser un buen ciudadano empresarial que va m\u00e1s all\u00e1 del cumplimiento de sus obligaciones para incidir de forma positiva en el desarrollo de su comunidad y de M\u00e9xico.<\/p>\n<div class=\"clear25\"><\/div>\n<h2>\u00bfTe identificas?&#8230; Entonces eres Grupo Xcaret.<\/h2>\n","protected":false},"excerpt":{"rendered":"<p>Gracias al talento de cada uno de sus colaboradores, Grupo Xcaret se ha destacado en el \u00e1mbito nacional e internacional por ser una de las mejores empresas para trabajar en M\u00e9xico y un Grupo Socialmente Responsable, donde se brinda igualdad de oportunidades sin distinci\u00f3n de raza, g\u00e9nero, edad, religi\u00f3n, orientaci\u00f3n sexual o capacidades diferentes. Por [&hellip;]<\/p>\n","protected":false},"author":1,"featured_media":1022,"parent":0,"menu_order":0,"comment_status":"open","ping_status":"open","template":"","meta":[],"yoast_head":"<!-- This site is optimized with the Yoast SEO plugin v15.2.1 - https:\/\/yoast.com\/wordpress\/plugins\/seo\/ -->\n<meta name=\"description\" content=\"Gracias al Talento de cada uno de sus colaboradores, el Grupo Experiencias Xcaret se ha destacado en el \u00e1mbito nacional e internacional\" \/>\n<meta name=\"robots\" content=\"index, follow, max-snippet:-1, max-image-preview:large, max-video-preview:-1\" \/>\n<link rel=\"canonical\" href=\"https:\/\/www.grupoxcaret.com\/en\/talento-experiencias-xcaret\/\" \/>\n<meta property=\"og:locale\" content=\"en_US\" \/>\n<meta property=\"og:type\" content=\"article\" \/>\n<meta property=\"og:title\" content=\"Talento\" \/>\n<meta property=\"og:description\" content=\"Gracias al Talento de cada uno de sus colaboradores, el Grupo Experiencias Xcaret se ha destacado en el \u00e1mbito nacional e internacional\" \/>\n<meta property=\"og:url\" content=\"https:\/\/www.grupoxcaret.com\/en\/talento-experiencias-xcaret\/\" \/>\n<meta property=\"og:site_name\" content=\"Grupo Xcaret\" \/>\n<meta property=\"article:modified_time\" content=\"2020-01-10T16:35:14+00:00\" \/>\n<meta property=\"og:image\" content=\"https:\/\/www.grupoxcaret.com\/en\/wp-content\/uploads\/2015\/01\/acerca-de-experiencias.jpg\" \/>\n\t<meta property=\"og:image:width\" content=\"768\" \/>\n\t<meta property=\"og:image:height\" content=\"512\" \/>\n<meta name=\"twitter:card\" content=\"summary_large_image\" \/>\n<meta name=\"twitter:label1\" content=\"Written by\">\n\t<meta name=\"twitter:data1\" content=\"ederduran\">\n\t<meta name=\"twitter:label2\" content=\"Est. reading time\">\n\t<meta name=\"twitter:data2\" content=\"2 minutes\">\n<script type=\"application\/ld+json\" class=\"yoast-schema-graph\">{\"@context\":\"https:\/\/schema.org\",\"@graph\":[{\"@type\":\"Organization\",\"@id\":\"https:\/\/www.grupoxcaret.com\/en\/#organization\",\"name\":\"Grupo Xcaret\",\"url\":\"https:\/\/www.grupoxcaret.com\/en\/\",\"sameAs\":[],\"logo\":{\"@type\":\"ImageObject\",\"@id\":\"https:\/\/www.grupoxcaret.com\/en\/#logo\",\"inLanguage\":\"en-US\",\"url\":\"https:\/\/www.grupoxcaret.com\/en\/wp-content\/uploads\/2015\/04\/exx.png\",\"width\":400,\"height\":136,\"caption\":\"Grupo Xcaret\"},\"image\":{\"@id\":\"https:\/\/www.grupoxcaret.com\/en\/#logo\"}},{\"@type\":\"WebSite\",\"@id\":\"https:\/\/www.grupoxcaret.com\/en\/#website\",\"url\":\"https:\/\/www.grupoxcaret.com\/en\/\",\"name\":\"Grupo Xcaret\",\"description\":\"Sitio Oficial\",\"publisher\":{\"@id\":\"https:\/\/www.grupoxcaret.com\/en\/#organization\"},\"potentialAction\":[{\"@type\":\"SearchAction\",\"target\":\"https:\/\/www.grupoxcaret.com\/en\/?s={search_term_string}\",\"query-input\":\"required name=search_term_string\"}],\"inLanguage\":\"en-US\"},{\"@type\":\"ImageObject\",\"@id\":\"https:\/\/www.grupoxcaret.com\/en\/talento-experiencias-xcaret\/#primaryimage\",\"inLanguage\":\"en-US\",\"url\":\"https:\/\/www.grupoxcaret.com\/en\/wp-content\/uploads\/2015\/01\/acerca-de-experiencias.jpg\",\"width\":768,\"height\":512},{\"@type\":\"WebPage\",\"@id\":\"https:\/\/www.grupoxcaret.com\/en\/talento-experiencias-xcaret\/#webpage\",\"url\":\"https:\/\/www.grupoxcaret.com\/en\/talento-experiencias-xcaret\/\",\"name\":\"Talento\",\"isPartOf\":{\"@id\":\"https:\/\/www.grupoxcaret.com\/en\/#website\"},\"primaryImageOfPage\":{\"@id\":\"https:\/\/www.grupoxcaret.com\/en\/talento-experiencias-xcaret\/#primaryimage\"},\"datePublished\":\"2014-08-28T15:20:26+00:00\",\"dateModified\":\"2020-01-10T16:35:14+00:00\",\"description\":\"Gracias al Talento de cada uno de sus colaboradores, el Grupo Experiencias Xcaret se ha destacado en el \\u00e1mbito nacional e internacional\",\"breadcrumb\":{\"@id\":\"https:\/\/www.grupoxcaret.com\/en\/talento-experiencias-xcaret\/#breadcrumb\"},\"inLanguage\":\"en-US\",\"potentialAction\":[{\"@type\":\"ReadAction\",\"target\":[\"https:\/\/www.grupoxcaret.com\/en\/talento-experiencias-xcaret\/\"]}]},{\"@type\":\"BreadcrumbList\",\"@id\":\"https:\/\/www.grupoxcaret.com\/en\/talento-experiencias-xcaret\/#breadcrumb\",\"itemListElement\":[{\"@type\":\"ListItem\",\"position\":1,\"item\":{\"@type\":\"WebPage\",\"@id\":\"https:\/\/www.grupoxcaret.com\/en\/\",\"url\":\"https:\/\/www.grupoxcaret.com\/en\/\",\"name\":\"Inicio\"}},{\"@type\":\"ListItem\",\"position\":2,\"item\":{\"@type\":\"WebPage\",\"@id\":\"https:\/\/www.grupoxcaret.com\/en\/talento-experiencias-xcaret\/\",\"url\":\"https:\/\/www.grupoxcaret.com\/en\/talento-experiencias-xcaret\/\",\"name\":\"Talento Grupo Xcaret\"}}]}]}<\/script>\n<!-- \/ Yoast SEO plugin. -->","_links":{"self":[{"href":"https:\/\/www.grupoxcaret.com\/en\/wp-json\/wp\/v2\/pages\/57"}],"collection":[{"href":"https:\/\/www.grupoxcaret.com\/en\/wp-json\/wp\/v2\/pages"}],"about":[{"href":"https:\/\/www.grupoxcaret.com\/en\/wp-json\/wp\/v2\/types\/page"}],"author":[{"embeddable":true,"href":"https:\/\/www.grupoxcaret.com\/en\/wp-json\/wp\/v2\/users\/1"}],"replies":[{"embeddable":true,"href":"https:\/\/www.grupoxcaret.com\/en\/wp-json\/wp\/v2\/comments?post=57"}],"version-history":[{"count":0,"href":"https:\/\/www.grupoxcaret.com\/en\/wp-json\/wp\/v2\/pages\/57\/revisions"}],"wp:featuredmedia":[{"embeddable":true,"href":"https:\/\/www.grupoxcaret.com\/en\/wp-json\/wp\/v2\/media\/1022"}],"wp:attachment":[{"href":"https:\/\/www.grupoxcaret.com\/en\/wp-json\/wp\/v2\/media?parent=57"}],"curies":[{"name":"wp","href":"https:\/\/api.w.org\/{rel}","templated":true}]}}