{"id":3096,"date":"2019-05-09T16:47:37","date_gmt":"2019-05-09T16:47:37","guid":{"rendered":"https:\/\/www.grupoxcaret.com\/en\/?page_id=3096"},"modified":"2019-06-11T18:36:03","modified_gmt":"2019-06-11T18:36:03","slug":"partners","status":"publish","type":"page","link":"https:\/\/www.grupoxcaret.com\/en\/partners\/","title":{"rendered":"Afiliados"},"content":{"rendered":"\n<figure class=\"wp-block-image alignwide\"><img src=\"https:\/\/www.xcaretexperiencias.com\/img\/logo-gpo-xcaret.jpg\" alt=\"\"\/><\/figure>\n\n\n\n<h2>\u00a1Monetiza tu sitio de internet!&nbsp;<br>\u00danete a nuestro programa de afiliados&nbsp;<br><em>Grupo Xcaret<\/em><\/h2>\n\n\n\n<p>Haz equipo con las&nbsp;<strong>atracciones n\u00famero 1 en Canc\u00fan &amp; Riviera Maya<\/strong>&nbsp;para ganar un ingreso adicional. Aprovecha la marca&nbsp;<strong>Grupo Xcaret<\/strong>con enlaces en tu sitio direccionados a nuestros productos, promociones e inventario.<\/p>\n\n\n\n<p>M\u00e1s de 9.7 millones de turistas visitan el Caribe mexicano cada a\u00f1o, de los cuales nuestros parques y tours reciben alrededor de 3.5 millones de viajeros de todo el mundo y t\u00fa puedes recibir atractivas comisiones por promover nuestras experiencias.<\/p>\n\n\n\n<h2>C\u00f3mo funciona:<\/h2>\n\n\n\n<p>Grupo Xcaret se ha asociado con&nbsp;<strong><a href=\"https:\/\/www.shareasale.com\/shareasale.cfm?merchantID=32794\" target=\"_blank\" rel=\"noreferrer noopener\">ShareASale<\/a>,&nbsp;<a href=\"https:\/\/ascend.pepperjam.com\/affiliate\/registration.php?refid=136892&amp;sA=623946865142019060413\" target=\"_blank\" rel=\"noreferrer noopener\">Pepperjam<\/a>&nbsp;y&nbsp;<a href=\"http:\/\/www.webgains.es\/front\/publisher\/program\/view\/programID\/5376?sA=623946865142019060413\" target=\"_blank\" rel=\"noreferrer noopener\">Webgains<\/a><\/strong>&nbsp;para formar un programa de afiliados de los mejores en su clase.<\/p>\n\n\n\n<p>Comenzar tu negocio es muy f\u00e1cil, \u00fanicamente tienes que llenar tu solicitud de afiliaci\u00f3n en l\u00ednea, puede ser ShareASale, Webgains o Pepperjam, escoge la que m\u00e1s te convenga. Una vez que tu solicitud haya sido aprobada, en la p\u00e1gina de la red puedes descargar enlaces, para colocar en tu sitio, redes sociales o blogs, con contenido de Grupo Xcaret. Ofrecemos un gran inventario de banners, logotipos, enlaces de textos, ofertas y cat\u00e1logos de productos. Genera tr\u00e1fico a nuestros sitios para incrementar tu oportunidad de vender y generar comisiones.<\/p>\n\n\n\n<p>Solo coloca los materiales de marketing que elijas en tu sitio y nosotros nos encargamos de las reservas, los pagos y el servicio al cliente. Gana atractivas comisiones cada vez que un visitante haga clic en tus enlaces y&nbsp;<strong>compre en nuestra web.<\/strong><\/p>\n\n\n\n<h2>Los productos elegibles incluyen:<\/h2>\n\n\n\n<ul><li><a href=\"https:\/\/www.xcaret.com\/es\/\" target=\"_blank\" rel=\"noreferrer noopener\">Xcaret<\/a><\/li><li><a href=\"https:\/\/es.xelha.com\/\" target=\"_blank\" rel=\"noreferrer noopener\">Xel-H\u00e1<\/a><\/li><li><a href=\"https:\/\/www.xplor.travel\/es\/\" target=\"_blank\" rel=\"noreferrer noopener\">Xplor<\/a><\/li><li><a href=\"https:\/\/www.xplor.travel\/es\/entrada-xplor-fuego\/\" target=\"_blank\" rel=\"noreferrer noopener\">Xplor Fuego<\/a><\/li><li><a href=\"https:\/\/www.xichen.com.mx\/es\/\" target=\"_blank\" rel=\"noreferrer noopener\">Xich\u00e9n Tours<\/a><\/li><li><a href=\"https:\/\/www.xenotes.com\/es\/\" target=\"_blank\" rel=\"noreferrer noopener\">Tour Xenotes<\/a><\/li><li><a href=\"https:\/\/www.xoximilco.com\/es\/\" target=\"_blank\" rel=\"noreferrer noopener\">Xoximilco Mexican Floating Fiesta Canc\u00fan<\/a><\/li><li><a href=\"https:\/\/www.xavage.com\/es\" target=\"_blank\" rel=\"noreferrer noopener\">Xavage<\/a><\/li><li><a href=\"https:\/\/www.xcaret.com\/es\/tours-en-cancun-y-riviera-maya\/\" target=\"_blank\" rel=\"noreferrer noopener\">Paquetes<\/a><\/li><li><a href=\"https:\/\/www.xcaret.com\/es\/parques-y-tours\/\" target=\"_blank\" rel=\"noreferrer noopener\">Actividades opcionales en los parques<\/a><\/li><\/ul>\n\n\n\n<h2><a href=\"https:\/\/www.xcaret.com\/es\/parques-y-tours\/\" target=\"_blank\" rel=\"noreferrer noopener\">Comisiones:<\/a><\/h2>\n\n\n\n<p><a href=\"https:\/\/www.xcaret.com\/es\/parques-y-tours\/\" target=\"_blank\" rel=\"noreferrer noopener\"><strong>La comisi\u00f3n base es del 6% de la venta total.<\/strong>&nbsp;Los paquetes de parques y Actividades Opcionales compradas en l\u00ednea tambi\u00e9n cuentan.<\/a><\/p>\n\n\n\n<p><a href=\"https:\/\/www.xcaret.com\/es\/parques-y-tours\/\" target=\"_blank\" rel=\"noreferrer noopener\">Cada vez que un visitante en tu sitio haga clic en nuestros banners, su computadora va a guardar una cookie de seguimiento durante 90 d\u00edas, as\u00ed las visitas y compras que se realicen en este per\u00edodo, van a estar registradas en los reportes. El seguimiento se realiza en l\u00ednea para que lo puedas consultar; toda la informaci\u00f3n estar\u00e1 disponible las 24 horas los siete d\u00edas de la semana.<\/a><\/p>\n\n\n\n<h2><a href=\"https:\/\/www.xcaret.com\/es\/parques-y-tours\/\" target=\"_blank\" rel=\"noreferrer noopener\">Ventajas y beneficios:<\/a><\/h2>\n\n\n\n<ul><li><a href=\"https:\/\/www.xcaret.com\/es\/parques-y-tours\/\" target=\"_blank\" rel=\"noreferrer noopener\">Es gratis y f\u00e1cil.<\/a><\/li><li><a href=\"https:\/\/www.xcaret.com\/es\/parques-y-tours\/\" target=\"_blank\" rel=\"noreferrer noopener\">Nuestro experimentado equipo de afiliados se dedica a proporcionar soluciones para la integraci\u00f3n y la promoci\u00f3n de viajes en sitios como el tuyo.<\/a><\/li><li><a href=\"https:\/\/www.xcaret.com\/es\/parques-y-tours\/\" target=\"_blank\" rel=\"noreferrer noopener\">Las atracciones de Grupo Xcaret son las m\u00e1s buscadas en Canc\u00fan y la Riviera Maya.<\/a><\/li><li><a href=\"https:\/\/www.xcaret.com\/es\/parques-y-tours\/\" target=\"_blank\" rel=\"noreferrer noopener\">Gana dinero r\u00e1pido y f\u00e1cil; cada transacci\u00f3n hecha a trav\u00e9s de tus enlaces recibe ingresos.<\/a><\/li><li><a href=\"https:\/\/www.xcaret.com\/es\/parques-y-tours\/\" target=\"_blank\" rel=\"noreferrer noopener\">Genera una nueva forma \u00fanica de ingresos con tours y actividades.<\/a><\/li><li><a href=\"https:\/\/www.xcaret.com\/es\/parques-y-tours\/\" target=\"_blank\" rel=\"noreferrer noopener\">Es una soluci\u00f3n de comercio totalmente en l\u00ednea.<\/a><\/li><li><a href=\"https:\/\/www.xcaret.com\/es\/parques-y-tours\/\" target=\"_blank\" rel=\"noreferrer noopener\">Contamos con la mejor clase de informes, seguimiento y pago a trav\u00e9s de las redes de afiliados.<\/a><\/li><li><a href=\"https:\/\/www.xcaret.com\/es\/parques-y-tours\/\" target=\"_blank\" rel=\"noreferrer noopener\">Es una soluci\u00f3n de comercio totalmente en l\u00ednea.<\/a><\/li><li><a href=\"https:\/\/www.xcaret.com\/es\/parques-y-tours\/\" target=\"_blank\" rel=\"noreferrer noopener\">Tenemos herramientas, fuente de datos, planificaci\u00f3n estrat\u00e9gica y creatividades disponibles a solicitud.<\/a><\/li><li><a href=\"https:\/\/www.xcaret.com\/es\/parques-y-tours\/\" target=\"_blank\" rel=\"noreferrer noopener\">Enviamos un bolet\u00edn mensual con informaci\u00f3n relevante para todos nuestros afiliados.<\/a><\/li><li><a href=\"https:\/\/www.xcaret.com\/es\/parques-y-tours\/\" target=\"_blank\" rel=\"noreferrer noopener\">Redes sociales dedicadas exclusivamente para t\u00ed, donde puedes consultar contenido \u00fanico sobre nuestros parques y atenci\u00f3n personalizada.<\/a><\/li><\/ul>\n\n\n\n<h2><a href=\"https:\/\/www.xcaret.com\/es\/parques-y-tours\/\" target=\"_blank\" rel=\"noreferrer noopener\">Grupo Xcaret tambi\u00e9n cuenta con sitios e informaci\u00f3n en los siguientes idiomas:<\/a><\/h2>\n\n\n\n<ul><li><a href=\"https:\/\/www.xcaret.com\/es\/parques-y-tours\/\" target=\"_blank\" rel=\"noreferrer noopener\">Espa\u00f1ol<\/a><\/li><li><a href=\"https:\/\/www.xcaret.com\/es\/parques-y-tours\/\" target=\"_blank\" rel=\"noreferrer noopener\">Ingl\u00e9s<\/a><\/li><li><a href=\"https:\/\/www.xcaret.com\/es\/parques-y-tours\/\" target=\"_blank\" rel=\"noreferrer noopener\">Alem\u00e1n<\/a><\/li><li><a href=\"https:\/\/www.xcaret.com\/es\/parques-y-tours\/\" target=\"_blank\" rel=\"noreferrer noopener\">Franc\u00e9s<\/a><\/li><li><a href=\"https:\/\/www.xcaret.com\/es\/parques-y-tours\/\" target=\"_blank\" rel=\"noreferrer noopener\">Portugu\u00e9s<\/a><\/li><li><a href=\"https:\/\/www.xcaret.com\/es\/parques-y-tours\/\" target=\"_blank\" rel=\"noreferrer noopener\">Ruso<\/a><\/li><li><a href=\"https:\/\/www.xcaret.com\/es\/parques-y-tours\/\" target=\"_blank\" rel=\"noreferrer noopener\">Italiano<\/a><\/li><\/ul>\n\n\n\n<h2><a href=\"https:\/\/www.xcaret.com\/es\/parques-y-tours\/\" target=\"_blank\" rel=\"noreferrer noopener\">\u00danete a nuestro programa de afiliados.&nbsp;<br>Es f\u00e1cil y solamente toma unos minutos.<\/a><\/h2>\n\n\n\n<figure class=\"wp-block-image\"><a href=\"http:\/\/www.shareasale.com\/shareasale.cfm?merchantID=32794&amp;sA=623946865142019060413\"><img src=\"https:\/\/www.xcaretexperiencias.com\/img\/shareasale_logo.png\" alt=\"\"\/><\/a><\/figure>\n\n\n\n<figure class=\"wp-block-image\"><a href=\"http:\/\/www.webgains.es\/signup.html?programid=5376&amp;action=stepzero&amp;sA=623946865142019060413\"><img src=\"https:\/\/www.xcaretexperiencias.com\/img\/webgainslogo.jpg\" alt=\"\"\/><\/a><\/figure>\n\n\n\n<figure class=\"wp-block-image\"><a href=\"https:\/\/www.pepperjamnetwork.com\/affiliate\/registration.php?refid=136892&amp;sA=623946865142019060413\"><img src=\"https:\/\/www.xcaretexperiencias.com\/img\/pepperjam.png\" alt=\"\"\/><\/a><\/figure>\n\n\n\n<figure class=\"wp-block-image\"><a href=\"mailto:affiliates@experienciasxcaret.com\"><img src=\"https:\/\/www.xcaretexperiencias.com\/img\/affiliates.png\" alt=\"\"\/><\/a><\/figure>\n","protected":false},"excerpt":{"rendered":"<p>\u00a1Monetiza tu sitio de internet!&nbsp;\u00danete a nuestro programa de afiliados&nbsp;Grupo Xcaret Haz equipo con las&nbsp;atracciones n\u00famero 1 en Canc\u00fan &amp; Riviera Maya&nbsp;para ganar un ingreso adicional. Aprovecha la marca&nbsp;Grupo Xcaretcon enlaces en tu sitio direccionados a nuestros productos, promociones e inventario. M\u00e1s de 9.7 millones de turistas visitan el Caribe mexicano cada a\u00f1o, de los [&hellip;]<\/p>\n","protected":false},"author":1,"featured_media":0,"parent":0,"menu_order":0,"comment_status":"closed","ping_status":"closed","template":"","meta":[],"yoast_head":"<!-- This site is optimized with the Yoast SEO plugin v15.2.1 - https:\/\/yoast.com\/wordpress\/plugins\/seo\/ -->\n<meta name=\"robots\" content=\"index, follow, max-snippet:-1, max-image-preview:large, max-video-preview:-1\" \/>\n<link rel=\"canonical\" href=\"https:\/\/www.grupoxcaret.com\/en\/partners\/\" \/>\n<meta property=\"og:locale\" content=\"en_US\" \/>\n<meta property=\"og:type\" content=\"article\" \/>\n<meta property=\"og:title\" content=\"Afiliados - Grupo Xcaret\" \/>\n<meta property=\"og:description\" content=\"\u00a1Monetiza tu sitio de internet!&nbsp;\u00danete a nuestro programa de afiliados&nbsp;Grupo Xcaret Haz equipo con las&nbsp;atracciones n\u00famero 1 en Canc\u00fan &amp; Riviera Maya&nbsp;para ganar un ingreso adicional. Aprovecha la marca&nbsp;Grupo Xcaretcon enlaces en tu sitio direccionados a nuestros productos, promociones e inventario. M\u00e1s de 9.7 millones de turistas visitan el Caribe mexicano cada a\u00f1o, de los [&hellip;]\" \/>\n<meta property=\"og:url\" content=\"https:\/\/www.grupoxcaret.com\/en\/partners\/\" \/>\n<meta property=\"og:site_name\" content=\"Grupo Xcaret\" \/>\n<meta property=\"article:modified_time\" content=\"2019-06-11T18:36:03+00:00\" \/>\n<meta property=\"og:image\" content=\"https:\/\/www.xcaretexperiencias.com\/img\/logo-gpo-xcaret.jpg\" \/>\n<meta name=\"twitter:card\" content=\"summary_large_image\" \/>\n<meta name=\"twitter:label1\" content=\"Written by\">\n\t<meta name=\"twitter:data1\" content=\"ederduran\">\n\t<meta name=\"twitter:label2\" content=\"Est. reading time\">\n\t<meta name=\"twitter:data2\" content=\"2 minutes\">\n<script type=\"application\/ld+json\" class=\"yoast-schema-graph\">{\"@context\":\"https:\/\/schema.org\",\"@graph\":[{\"@type\":\"Organization\",\"@id\":\"https:\/\/www.grupoxcaret.com\/en\/#organization\",\"name\":\"Grupo Xcaret\",\"url\":\"https:\/\/www.grupoxcaret.com\/en\/\",\"sameAs\":[],\"logo\":{\"@type\":\"ImageObject\",\"@id\":\"https:\/\/www.grupoxcaret.com\/en\/#logo\",\"inLanguage\":\"en-US\",\"url\":\"https:\/\/www.grupoxcaret.com\/en\/wp-content\/uploads\/2015\/04\/exx.png\",\"width\":400,\"height\":136,\"caption\":\"Grupo Xcaret\"},\"image\":{\"@id\":\"https:\/\/www.grupoxcaret.com\/en\/#logo\"}},{\"@type\":\"WebSite\",\"@id\":\"https:\/\/www.grupoxcaret.com\/en\/#website\",\"url\":\"https:\/\/www.grupoxcaret.com\/en\/\",\"name\":\"Grupo Xcaret\",\"description\":\"Sitio Oficial\",\"publisher\":{\"@id\":\"https:\/\/www.grupoxcaret.com\/en\/#organization\"},\"potentialAction\":[{\"@type\":\"SearchAction\",\"target\":\"https:\/\/www.grupoxcaret.com\/en\/?s={search_term_string}\",\"query-input\":\"required name=search_term_string\"}],\"inLanguage\":\"en-US\"},{\"@type\":\"ImageObject\",\"@id\":\"https:\/\/www.grupoxcaret.com\/en\/partners\/#primaryimage\",\"inLanguage\":\"en-US\",\"url\":\"https:\/\/www.xcaretexperiencias.com\/img\/logo-gpo-xcaret.jpg\"},{\"@type\":\"WebPage\",\"@id\":\"https:\/\/www.grupoxcaret.com\/en\/partners\/#webpage\",\"url\":\"https:\/\/www.grupoxcaret.com\/en\/partners\/\",\"name\":\"Afiliados - Grupo Xcaret\",\"isPartOf\":{\"@id\":\"https:\/\/www.grupoxcaret.com\/en\/#website\"},\"primaryImageOfPage\":{\"@id\":\"https:\/\/www.grupoxcaret.com\/en\/partners\/#primaryimage\"},\"datePublished\":\"2019-05-09T16:47:37+00:00\",\"dateModified\":\"2019-06-11T18:36:03+00:00\",\"breadcrumb\":{\"@id\":\"https:\/\/www.grupoxcaret.com\/en\/partners\/#breadcrumb\"},\"inLanguage\":\"en-US\",\"potentialAction\":[{\"@type\":\"ReadAction\",\"target\":[\"https:\/\/www.grupoxcaret.com\/en\/partners\/\"]}]},{\"@type\":\"BreadcrumbList\",\"@id\":\"https:\/\/www.grupoxcaret.com\/en\/partners\/#breadcrumb\",\"itemListElement\":[{\"@type\":\"ListItem\",\"position\":1,\"item\":{\"@type\":\"WebPage\",\"@id\":\"https:\/\/www.grupoxcaret.com\/en\/\",\"url\":\"https:\/\/www.grupoxcaret.com\/en\/\",\"name\":\"Inicio\"}},{\"@type\":\"ListItem\",\"position\":2,\"item\":{\"@type\":\"WebPage\",\"@id\":\"https:\/\/www.grupoxcaret.com\/en\/partners\/\",\"url\":\"https:\/\/www.grupoxcaret.com\/en\/partners\/\",\"name\":\"Afiliados\"}}]}]}<\/script>\n<!-- \/ Yoast SEO plugin. -->","_links":{"self":[{"href":"https:\/\/www.grupoxcaret.com\/en\/wp-json\/wp\/v2\/pages\/3096"}],"collection":[{"href":"https:\/\/www.grupoxcaret.com\/en\/wp-json\/wp\/v2\/pages"}],"about":[{"href":"https:\/\/www.grupoxcaret.com\/en\/wp-json\/wp\/v2\/types\/page"}],"author":[{"embeddable":true,"href":"https:\/\/www.grupoxcaret.com\/en\/wp-json\/wp\/v2\/users\/1"}],"replies":[{"embeddable":true,"href":"https:\/\/www.grupoxcaret.com\/en\/wp-json\/wp\/v2\/comments?post=3096"}],"version-history":[{"count":0,"href":"https:\/\/www.grupoxcaret.com\/en\/wp-json\/wp\/v2\/pages\/3096\/revisions"}],"wp:attachment":[{"href":"https:\/\/www.grupoxcaret.com\/en\/wp-json\/wp\/v2\/media?parent=3096"}],"curies":[{"name":"wp","href":"https:\/\/api.w.org\/{rel}","templated":true}]}}